{"id":1805,"date":"2020-12-20T14:37:08","date_gmt":"2020-12-20T16:37:08","guid":{"rendered":"http:\/\/sites.usp.br\/maxplanck\/?page_id=1805"},"modified":"2021-01-20T19:12:32","modified_gmt":"2021-01-20T21:12:32","slug":"virtualizacao-de-acervos-arqueologicos","status":"publish","type":"page","link":"https:\/\/sites.usp.br\/laaae\/es\/acervo\/virtualizacao-de-acervos-arqueologicos\/","title":{"rendered":"Virtualiza\u00e7\u00e3o de Acervos arqueol\u00f3gicos"},"content":{"rendered":"\t\t<div data-elementor-type=\"wp-page\" data-elementor-id=\"1805\" class=\"elementor elementor-1805\" data-elementor-post-type=\"page\">\n\t\t\t\t\t\t<section class=\"elementor-section elementor-top-section elementor-element elementor-element-fa8f0e7 elementor-section-boxed elementor-section-height-default elementor-section-height-default\" data-id=\"fa8f0e7\" data-element_type=\"section\">\n\t\t\t\t\t\t<div class=\"elementor-container elementor-column-gap-default\">\n\t\t\t\t\t<div class=\"elementor-column elementor-col-100 elementor-top-column elementor-element elementor-element-8e7fb91\" data-id=\"8e7fb91\" data-element_type=\"column\">\n\t\t\t<div class=\"elementor-widget-wrap elementor-element-populated\">\n\t\t\t\t\t\t<div class=\"elementor-element elementor-element-c68e235 elementor-widget elementor-widget-image\" data-id=\"c68e235\" data-element_type=\"widget\" data-widget_type=\"image.default\">\n\t\t\t\t<div class=\"elementor-widget-container\">\n\t\t\t\t\t\t\t\t\t\t\t\t\t<img fetchpriority=\"high\" decoding=\"async\" width=\"1024\" height=\"576\" src=\"https:\/\/sites.usp.br\/laaae\/wp-content\/uploads\/sites\/746\/2020\/11\/VIRTUALIZAC\u0327A\u0303O-DE-ACERVOS-1024x576.png\" class=\"attachment-large size-large wp-image-661\" alt=\"\" srcset=\"https:\/\/sites.usp.br\/laaae\/wp-content\/uploads\/sites\/746\/2020\/11\/VIRTUALIZAC\u0327A\u0303O-DE-ACERVOS-1024x576.png 1024w, https:\/\/sites.usp.br\/laaae\/wp-content\/uploads\/sites\/746\/2020\/11\/VIRTUALIZAC\u0327A\u0303O-DE-ACERVOS-300x169.png 300w, https:\/\/sites.usp.br\/laaae\/wp-content\/uploads\/sites\/746\/2020\/11\/VIRTUALIZAC\u0327A\u0303O-DE-ACERVOS-768x432.png 768w, https:\/\/sites.usp.br\/laaae\/wp-content\/uploads\/sites\/746\/2020\/11\/VIRTUALIZAC\u0327A\u0303O-DE-ACERVOS-1536x864.png 1536w, https:\/\/sites.usp.br\/laaae\/wp-content\/uploads\/sites\/746\/2020\/11\/VIRTUALIZAC\u0327A\u0303O-DE-ACERVOS-310x174.png 310w, https:\/\/sites.usp.br\/laaae\/wp-content\/uploads\/sites\/746\/2020\/11\/VIRTUALIZAC\u0327A\u0303O-DE-ACERVOS-400x225.png 400w, https:\/\/sites.usp.br\/laaae\/wp-content\/uploads\/sites\/746\/2020\/11\/VIRTUALIZAC\u0327A\u0303O-DE-ACERVOS.png 1920w\" sizes=\"(max-width: 1024px) 100vw, 1024px\" \/>\t\t\t\t\t\t\t\t\t\t\t\t\t<\/div>\n\t\t\t\t<\/div>\n\t\t\t\t<div class=\"elementor-element elementor-element-9d0941d elementor-widget elementor-widget-heading\" data-id=\"9d0941d\" data-element_type=\"widget\" data-widget_type=\"heading.default\">\n\t\t\t\t<div class=\"elementor-widget-container\">\n\t\t\t<h2 class=\"elementor-heading-title elementor-size-xxl\">Virtualiza\u00e7\u00e3o de Acervos Arqueol\u00f3gicos<\/h2>\t\t<\/div>\n\t\t\t\t<\/div>\n\t\t\t\t\t<\/div>\n\t\t<\/div>\n\t\t\t\t\t<\/div>\n\t\t<\/section>\n\t\t\t\t<section class=\"elementor-section elementor-top-section elementor-element elementor-element-fc146c0 elementor-section-boxed elementor-section-height-default elementor-section-height-default\" data-id=\"fc146c0\" data-element_type=\"section\">\n\t\t\t\t\t\t<div class=\"elementor-container elementor-column-gap-default\">\n\t\t\t\t\t<div class=\"elementor-column elementor-col-100 elementor-top-column elementor-element elementor-element-91ee80b\" data-id=\"91ee80b\" data-element_type=\"column\">\n\t\t\t<div class=\"elementor-widget-wrap elementor-element-populated\">\n\t\t\t\t\t\t<div class=\"elementor-element elementor-element-b0fff3b elementor-widget-divider--view-line elementor-widget elementor-widget-divider\" data-id=\"b0fff3b\" data-element_type=\"widget\" data-widget_type=\"divider.default\">\n\t\t\t\t<div class=\"elementor-widget-container\">\n\t\t\t\t\t<div class=\"elementor-divider\">\n\t\t\t<span class=\"elementor-divider-separator\">\n\t\t\t\t\t\t<\/span>\n\t\t<\/div>\n\t\t\t\t<\/div>\n\t\t\t\t<\/div>\n\t\t\t\t\t<\/div>\n\t\t<\/div>\n\t\t\t\t\t<\/div>\n\t\t<\/section>\n\t\t\t\t<section class=\"elementor-section elementor-top-section elementor-element elementor-element-91e7063 elementor-section-boxed elementor-section-height-default elementor-section-height-default\" data-id=\"91e7063\" data-element_type=\"section\">\n\t\t\t\t\t\t<div class=\"elementor-container elementor-column-gap-default\">\n\t\t\t\t\t<div class=\"elementor-column elementor-col-100 elementor-top-column elementor-element elementor-element-e9b829a\" data-id=\"e9b829a\" data-element_type=\"column\">\n\t\t\t<div class=\"elementor-widget-wrap elementor-element-populated\">\n\t\t\t\t\t\t<div class=\"elementor-element elementor-element-436fe2a elementor-widget elementor-widget-text-editor\" data-id=\"436fe2a\" data-element_type=\"widget\" data-widget_type=\"text-editor.default\">\n\t\t\t\t<div class=\"elementor-widget-container\">\n\t\t\t\t\t\t\t<p style=\"text-align: justify;\">A equipe do Laborat\u00f3rio de Arqueologia e Antropologia Ambiental e Evolutiva (LAAAE) tem se dedicado \u00e0 virtualiza\u00e7\u00e3o de acervos, ou seja, \u00e0 pr\u00e1tica de garantir a tomografia de todo o material de nossos acervos com vistas \u00e0 preserva\u00e7\u00e3o, acesso remoto e an\u00e1lises espec\u00edficas.<\/p>\n<p style=\"text-align: justify;\"><span style=\"font-family: Montserrat, sans-serif; font-size: 14px; font-style: normal; font-variant-ligatures: normal; font-variant-caps: normal; font-weight: 400; text-align: start;\">Os tom\u00f3grafos que antigamente eram utilizados apenas para finalidades m\u00e9dicas passam a fazer parte da rotina acad\u00eamica nas \u00e1reas de antropologia e arqueologia virtual. As tomografias permitem que se trabalhe com modelos 3D que al\u00e9m de reconstru\u00edrem a face externa do objeto de interesse, permite o acesso de suas estruturas internas, o que \u00e9 importante por exemplo, para o estudo de por\u00e7\u00f5es anat\u00f4micas do esqueleto humano, de forma menos invasiva ou destrutiva. Ainda \u00e9 importante ressaltar seu potencial como ferramenta para gerenciamento de acervos, na medida em que geramos um backup virtual (pelo menos do ponto de vista da forma) das pe\u00e7as que o laborat\u00f3rio possui. Al\u00e9m de ser um tipo de resguardo em caso de acidentes, inc\u00eandios e outras situa\u00e7\u00f5es adversas, \u00e9 tamb\u00e9m importante para o cotidiano das Institui\u00e7\u00f5es, j\u00e1 que minimiza a necessidade de manuseio do acervo, o que naturalmente, gera um tipo de desgaste das pe\u00e7as.<\/span><\/p>\n<p style=\"text-align: justify;\"><span style=\"font-family: Montserrat, sans-serif; font-size: 14px; font-style: normal; font-variant-ligatures: normal; font-variant-caps: normal; font-weight: 400; text-align: start;\">Confira alguns exemplos:<\/span><span style=\"font-family: Montserrat, sans-serif; font-size: 14px; font-style: normal; font-variant-ligatures: normal; font-variant-caps: normal; font-weight: 400; text-align: start;\"><br><\/span><\/p>\t\t\t\t\t\t<\/div>\n\t\t\t\t<\/div>\n\t\t\t\t\t<\/div>\n\t\t<\/div>\n\t\t\t\t\t<\/div>\n\t\t<\/section>\n\t\t\t\t<section class=\"elementor-section elementor-top-section elementor-element elementor-element-6d6ab67 elementor-section-boxed elementor-section-height-default elementor-section-height-default\" data-id=\"6d6ab67\" data-element_type=\"section\">\n\t\t\t\t\t\t<div class=\"elementor-container elementor-column-gap-default\">\n\t\t\t\t\t<div class=\"elementor-column elementor-col-100 elementor-top-column elementor-element elementor-element-fbf1826\" data-id=\"fbf1826\" data-element_type=\"column\">\n\t\t\t<div class=\"elementor-widget-wrap elementor-element-populated\">\n\t\t\t\t\t\t<div class=\"elementor-element elementor-element-02e94b2 gallery-spacing-custom elementor-widget elementor-widget-image-gallery\" data-id=\"02e94b2\" data-element_type=\"widget\" data-widget_type=\"image-gallery.default\">\n\t\t\t\t<div class=\"elementor-widget-container\">\n\t\t\t\t\t<div class=\"elementor-image-gallery\">\n\t\t\t<div id='gallery-1' class='gallery galleryid-1805 gallery-columns-2 gallery-size-medium_large'><figure class='gallery-item'>\n\t\t\t<div class='gallery-icon landscape'>\n\t\t\t\t<a data-elementor-open-lightbox=\"yes\" data-elementor-lightbox-slideshow=\"02e94b2\" data-elementor-lightbox-title=\"Exemplo de modelos virtuais de alta resolu\u00e7\u00e3o gerados a partir das microtomografias.\" data-e-action-hash=\"#elementor-action%3Aaction%3Dlightbox%26settings%3DeyJpZCI6MTgwOSwidXJsIjoiaHR0cHM6XC9cL3NpdGVzLnVzcC5iclwvbGFhYWVcL3dwLWNvbnRlbnRcL3VwbG9hZHNcL3NpdGVzXC83NDZcLzIwMjBcLzEyXC9EZXNpZ24tc2VtLW5vbWUtMjcucG5nIiwic2xpZGVzaG93IjoiMDJlOTRiMiJ9\" href='https:\/\/sites.usp.br\/laaae\/wp-content\/uploads\/sites\/746\/2020\/12\/Design-sem-nome-27.png'><img decoding=\"async\" width=\"768\" height=\"512\" src=\"https:\/\/sites.usp.br\/laaae\/wp-content\/uploads\/sites\/746\/2020\/12\/Design-sem-nome-27-768x512.png\" class=\"attachment-medium_large size-medium_large\" alt=\"\" aria-describedby=\"gallery-1-1809\" srcset=\"https:\/\/sites.usp.br\/laaae\/wp-content\/uploads\/sites\/746\/2020\/12\/Design-sem-nome-27-768x512.png 768w, https:\/\/sites.usp.br\/laaae\/wp-content\/uploads\/sites\/746\/2020\/12\/Design-sem-nome-27-300x200.png 300w, https:\/\/sites.usp.br\/laaae\/wp-content\/uploads\/sites\/746\/2020\/12\/Design-sem-nome-27-1024x683.png 1024w, https:\/\/sites.usp.br\/laaae\/wp-content\/uploads\/sites\/746\/2020\/12\/Design-sem-nome-27-272x182.png 272w, https:\/\/sites.usp.br\/laaae\/wp-content\/uploads\/sites\/746\/2020\/12\/Design-sem-nome-27-400x267.png 400w, https:\/\/sites.usp.br\/laaae\/wp-content\/uploads\/sites\/746\/2020\/12\/Design-sem-nome-27.png 1516w\" sizes=\"(max-width: 768px) 100vw, 768px\" \/><\/a>\n\t\t\t<\/div>\n\t\t\t\t<figcaption class='wp-caption-text gallery-caption' id='gallery-1-1809'>\n\t\t\t\tExemplo de modelos virtuais de alta resolu\u00e7\u00e3o gerados a partir das microtomografias. \n\t\t\t\t<\/figcaption><\/figure><figure class='gallery-item'>\n\t\t\t<div class='gallery-icon landscape'>\n\t\t\t\t<a data-elementor-open-lightbox=\"yes\" data-elementor-lightbox-slideshow=\"02e94b2\" data-elementor-lightbox-title=\"Tom\u00f3grafo m\u00e9dico utilizado na virtualiza\u00e7\u00e3o sistem\u00e1tica do acervo da USP.\" data-e-action-hash=\"#elementor-action%3Aaction%3Dlightbox%26settings%3DeyJpZCI6MTgwNywidXJsIjoiaHR0cHM6XC9cL3NpdGVzLnVzcC5iclwvbGFhYWVcL3dwLWNvbnRlbnRcL3VwbG9hZHNcL3NpdGVzXC83NDZcLzIwMjBcLzEyXC9EZXNpZ24tc2VtLW5vbWUtMjItMS5wbmciLCJzbGlkZXNob3ciOiIwMmU5NGIyIn0%3D\" href='https:\/\/sites.usp.br\/laaae\/wp-content\/uploads\/sites\/746\/2020\/12\/Design-sem-nome-22-1.png'><img decoding=\"async\" width=\"768\" height=\"512\" src=\"https:\/\/sites.usp.br\/laaae\/wp-content\/uploads\/sites\/746\/2020\/12\/Design-sem-nome-22-1-768x512.png\" class=\"attachment-medium_large size-medium_large\" alt=\"\" aria-describedby=\"gallery-1-1807\" srcset=\"https:\/\/sites.usp.br\/laaae\/wp-content\/uploads\/sites\/746\/2020\/12\/Design-sem-nome-22-1-768x512.png 768w, https:\/\/sites.usp.br\/laaae\/wp-content\/uploads\/sites\/746\/2020\/12\/Design-sem-nome-22-1-300x200.png 300w, https:\/\/sites.usp.br\/laaae\/wp-content\/uploads\/sites\/746\/2020\/12\/Design-sem-nome-22-1-1024x683.png 1024w, https:\/\/sites.usp.br\/laaae\/wp-content\/uploads\/sites\/746\/2020\/12\/Design-sem-nome-22-1-272x182.png 272w, https:\/\/sites.usp.br\/laaae\/wp-content\/uploads\/sites\/746\/2020\/12\/Design-sem-nome-22-1-400x267.png 400w, https:\/\/sites.usp.br\/laaae\/wp-content\/uploads\/sites\/746\/2020\/12\/Design-sem-nome-22-1.png 1516w\" sizes=\"(max-width: 768px) 100vw, 768px\" \/><\/a>\n\t\t\t<\/div>\n\t\t\t\t<figcaption class='wp-caption-text gallery-caption' id='gallery-1-1807'>\n\t\t\t\tTom\u00f3grafo m\u00e9dico utilizado na virtualiza\u00e7\u00e3o sistem\u00e1tica do acervo da USP.  Foto: Maur\u00edcio de Paiva\n\t\t\t\t<\/figcaption><\/figure>\n\t\t<\/div>\n\t\t<\/div>\n\t\t\t\t<\/div>\n\t\t\t\t<\/div>\n\t\t\t\t<div class=\"elementor-element elementor-element-9a6aae7 elementor-widget elementor-widget-image-gallery\" data-id=\"9a6aae7\" data-element_type=\"widget\" data-widget_type=\"image-gallery.default\">\n\t\t\t\t<div class=\"elementor-widget-container\">\n\t\t\t\t\t<div class=\"elementor-image-gallery\">\n\t\t\t<div id='gallery-2' class='gallery galleryid-1805 gallery-columns-1 gallery-size-large'><figure class='gallery-item'>\n\t\t\t<div class='gallery-icon landscape'>\n\t\t\t\t<a data-elementor-open-lightbox=\"yes\" data-elementor-lightbox-slideshow=\"9a6aae7\" data-elementor-lightbox-title=\"Lagoa Santa - Tomografia de um cr\u00e2nio\" data-e-action-hash=\"#elementor-action%3Aaction%3Dlightbox%26settings%3DeyJpZCI6MTgxMCwidXJsIjoiaHR0cHM6XC9cL3NpdGVzLnVzcC5iclwvbGFhYWVcL3dwLWNvbnRlbnRcL3VwbG9hZHNcL3NpdGVzXC83NDZcLzIwMjBcLzEyXC9MYWdvYS1TYW50YS1jcmFuaWEuanBnIiwic2xpZGVzaG93IjoiOWE2YWFlNyJ9\" href='https:\/\/sites.usp.br\/laaae\/wp-content\/uploads\/sites\/746\/2020\/12\/Lagoa-Santa-crania.jpg'><img loading=\"lazy\" decoding=\"async\" width=\"1024\" height=\"244\" src=\"https:\/\/sites.usp.br\/laaae\/wp-content\/uploads\/sites\/746\/2020\/12\/Lagoa-Santa-crania-1024x244.jpg\" class=\"attachment-large size-large\" alt=\"\" aria-describedby=\"gallery-2-1810\" srcset=\"https:\/\/sites.usp.br\/laaae\/wp-content\/uploads\/sites\/746\/2020\/12\/Lagoa-Santa-crania-1024x244.jpg 1024w, https:\/\/sites.usp.br\/laaae\/wp-content\/uploads\/sites\/746\/2020\/12\/Lagoa-Santa-crania-300x71.jpg 300w, https:\/\/sites.usp.br\/laaae\/wp-content\/uploads\/sites\/746\/2020\/12\/Lagoa-Santa-crania-768x183.jpg 768w, https:\/\/sites.usp.br\/laaae\/wp-content\/uploads\/sites\/746\/2020\/12\/Lagoa-Santa-crania-1536x366.jpg 1536w, https:\/\/sites.usp.br\/laaae\/wp-content\/uploads\/sites\/746\/2020\/12\/Lagoa-Santa-crania-400x95.jpg 400w, https:\/\/sites.usp.br\/laaae\/wp-content\/uploads\/sites\/746\/2020\/12\/Lagoa-Santa-crania.jpg 1775w\" sizes=\"(max-width: 1024px) 100vw, 1024px\" \/><\/a>\n\t\t\t<\/div>\n\t\t\t\t<figcaption class='wp-caption-text gallery-caption' id='gallery-2-1810'>\n\t\t\t\tLagoa Santa &#8211; Tomografia de um cr\u00e2nio\n\t\t\t\t<\/figcaption><\/figure>\n\t\t<\/div>\n\t\t<\/div>\n\t\t\t\t<\/div>\n\t\t\t\t<\/div>\n\t\t\t\t<div class=\"elementor-element elementor-element-f3a37fa elementor-widget elementor-widget-image-gallery\" data-id=\"f3a37fa\" data-element_type=\"widget\" data-widget_type=\"image-gallery.default\">\n\t\t\t\t<div class=\"elementor-widget-container\">\n\t\t\t\t\t<div class=\"elementor-image-gallery\">\n\t\t\t<div id='gallery-3' class='gallery galleryid-1805 gallery-columns-1 gallery-size-large'><figure class='gallery-item'>\n\t\t\t<div class='gallery-icon landscape'>\n\t\t\t\t<a data-elementor-open-lightbox=\"yes\" data-elementor-lightbox-slideshow=\"f3a37fa\" data-elementor-lightbox-title=\"Virtualiza\u00e7\u00e3o Osso Petroso - Amostra para extra\u00e7\u00e3o de DNA\" data-e-action-hash=\"#elementor-action%3Aaction%3Dlightbox%26settings%3DeyJpZCI6MTgxMywidXJsIjoiaHR0cHM6XC9cL3NpdGVzLnVzcC5iclwvbGFhYWVcL3dwLWNvbnRlbnRcL3VwbG9hZHNcL3NpdGVzXC83NDZcLzIwMjBcLzEyXC9BbW9zdHJhLWRlLW9uZGUtRE5BLWZvaS1leHRyYWlkby5qcGciLCJzbGlkZXNob3ciOiJmM2EzN2ZhIn0%3D\" href='https:\/\/sites.usp.br\/laaae\/wp-content\/uploads\/sites\/746\/2020\/12\/Amostra-de-onde-DNA-foi-extraido.jpg'><img loading=\"lazy\" decoding=\"async\" width=\"1024\" height=\"382\" src=\"https:\/\/sites.usp.br\/laaae\/wp-content\/uploads\/sites\/746\/2020\/12\/Amostra-de-onde-DNA-foi-extraido-1024x382.jpg\" class=\"attachment-large size-large\" alt=\"\" aria-describedby=\"gallery-3-1813\" srcset=\"https:\/\/sites.usp.br\/laaae\/wp-content\/uploads\/sites\/746\/2020\/12\/Amostra-de-onde-DNA-foi-extraido-1024x382.jpg 1024w, https:\/\/sites.usp.br\/laaae\/wp-content\/uploads\/sites\/746\/2020\/12\/Amostra-de-onde-DNA-foi-extraido-300x112.jpg 300w, https:\/\/sites.usp.br\/laaae\/wp-content\/uploads\/sites\/746\/2020\/12\/Amostra-de-onde-DNA-foi-extraido-768x286.jpg 768w, https:\/\/sites.usp.br\/laaae\/wp-content\/uploads\/sites\/746\/2020\/12\/Amostra-de-onde-DNA-foi-extraido-1536x573.jpg 1536w, https:\/\/sites.usp.br\/laaae\/wp-content\/uploads\/sites\/746\/2020\/12\/Amostra-de-onde-DNA-foi-extraido-2048x763.jpg 2048w, https:\/\/sites.usp.br\/laaae\/wp-content\/uploads\/sites\/746\/2020\/12\/Amostra-de-onde-DNA-foi-extraido-400x149.jpg 400w\" sizes=\"(max-width: 1024px) 100vw, 1024px\" \/><\/a>\n\t\t\t<\/div>\n\t\t\t\t<figcaption class='wp-caption-text gallery-caption' id='gallery-3-1813'>\n\t\t\t\tVirtualiza\u00e7\u00e3o cr\u00e2nio e osso Petroso &#8211; Amostra para extra\u00e7\u00e3o de DNA \n\t\t\t\t<\/figcaption><\/figure>\n\t\t<\/div>\n\t\t<\/div>\n\t\t\t\t<\/div>\n\t\t\t\t<\/div>\n\t\t\t\t<div class=\"elementor-element elementor-element-d19ce53 elementor-widget elementor-widget-text-editor\" data-id=\"d19ce53\" data-element_type=\"widget\" data-widget_type=\"text-editor.default\">\n\t\t\t\t<div class=\"elementor-widget-container\">\n\t\t\t\t\t\t\t<p style=\"text-align: justify;\">\u00a0<\/p><p style=\"text-align: justify;\"><iframe style=\"font-size: 14px;\" src=\"https:\/\/www.youtube.com\/embed\/yh5wcGOogTY\" width=\"560\" height=\"315\" frameborder=\"0\" allowfullscreen=\"allowfullscreen\" data-mce-fragment=\"1\"><\/iframe><\/p><p style=\"text-align: justify;\"><iframe src=\"https:\/\/www.youtube.com\/embed\/B4jTC_TvPbo\" width=\"560\" height=\"315\" frameborder=\"0\" allowfullscreen=\"allowfullscreen\" data-mce-fragment=\"1\"><\/iframe><\/p><p style=\"text-align: justify;\"><iframe src=\"https:\/\/www.youtube.com\/embed\/-pHsPg9KOcY\" width=\"560\" height=\"315\" frameborder=\"0\" allowfullscreen=\"allowfullscreen\" data-mce-fragment=\"1\"><\/iframe><\/p><p style=\"text-align: justify;\">\u00a0<\/p><p style=\"text-align: justify;\"><iframe src=\"https:\/\/www.youtube.com\/embed\/bK-LXT-74A4\" width=\"560\" height=\"315\" frameborder=\"0\" allowfullscreen=\"allowfullscreen\" data-mce-fragment=\"1\"><\/iframe><\/p><p style=\"text-align: justify;\"><iframe src=\"https:\/\/www.youtube.com\/embed\/dFYMMWPoSfM\" width=\"560\" height=\"315\" frameborder=\"0\" allowfullscreen=\"allowfullscreen\" data-mce-fragment=\"1\"><\/iframe><\/p><p style=\"text-align: justify;\"><iframe src=\"https:\/\/www.youtube.com\/embed\/TFDjAEYkRIU\" width=\"560\" height=\"315\" frameborder=\"0\" allowfullscreen=\"allowfullscreen\" data-mce-fragment=\"1\"><\/iframe><\/p>\t\t\t\t\t\t<\/div>\n\t\t\t\t<\/div>\n\t\t\t\t\t<\/div>\n\t\t<\/div>\n\t\t\t\t\t<\/div>\n\t\t<\/section>\n\t\t\t\t<\/div>\n\t\t","protected":false},"excerpt":{"rendered":"<p>Virtualiza\u00e7\u00e3o de Acervos Arqueol\u00f3gicos A equipe do Laborat\u00f3rio de Arqueologia e Antropologia Ambiental e Evolutiva (LAAAE) tem se dedicado \u00e0 virtualiza\u00e7\u00e3o de acervos, ou seja, \u00e0 pr\u00e1tica de garantir a tomografia de todo o material de nossos acervos com vistas \u00e0 preserva\u00e7\u00e3o, acesso remoto e an\u00e1lises espec\u00edficas. Os tom\u00f3grafos que antigamente eram utilizados apenas para [&hellip;]<\/p>\n","protected":false},"author":22221,"featured_media":0,"parent":1038,"menu_order":0,"comment_status":"closed","ping_status":"closed","template":"","meta":{"_monsterinsights_skip_tracking":false,"_monsterinsights_sitenote_active":false,"_monsterinsights_sitenote_note":"","_monsterinsights_sitenote_category":0,"footnotes":"","_links_to":"","_links_to_target":""},"class_list":["post-1805","page","type-page","status-publish","hentry","entry"],"_links":{"self":[{"href":"https:\/\/sites.usp.br\/laaae\/es\/wp-json\/wp\/v2\/pages\/1805","targetHints":{"allow":["GET"]}}],"collection":[{"href":"https:\/\/sites.usp.br\/laaae\/es\/wp-json\/wp\/v2\/pages"}],"about":[{"href":"https:\/\/sites.usp.br\/laaae\/es\/wp-json\/wp\/v2\/types\/page"}],"author":[{"embeddable":true,"href":"https:\/\/sites.usp.br\/laaae\/es\/wp-json\/wp\/v2\/users\/22221"}],"replies":[{"embeddable":true,"href":"https:\/\/sites.usp.br\/laaae\/es\/wp-json\/wp\/v2\/comments?post=1805"}],"version-history":[{"count":4,"href":"https:\/\/sites.usp.br\/laaae\/es\/wp-json\/wp\/v2\/pages\/1805\/revisions"}],"predecessor-version":[{"id":2085,"href":"https:\/\/sites.usp.br\/laaae\/es\/wp-json\/wp\/v2\/pages\/1805\/revisions\/2085"}],"up":[{"embeddable":true,"href":"https:\/\/sites.usp.br\/laaae\/es\/wp-json\/wp\/v2\/pages\/1038"}],"wp:attachment":[{"href":"https:\/\/sites.usp.br\/laaae\/es\/wp-json\/wp\/v2\/media?parent=1805"}],"curies":[{"name":"wp","href":"https:\/\/api.w.org\/{rel}","templated":true}]}}