{"id":1038,"date":"2020-12-01T16:13:37","date_gmt":"2020-12-01T18:13:37","guid":{"rendered":"http:\/\/sites.usp.br\/maxplanck\/?page_id=1038"},"modified":"2020-12-23T01:19:42","modified_gmt":"2020-12-23T03:19:42","slug":"acervo","status":"publish","type":"page","link":"https:\/\/sites.usp.br\/laaae\/acervo\/","title":{"rendered":"Acervo"},"content":{"rendered":"\t\t<div data-elementor-type=\"wp-page\" data-elementor-id=\"1038\" class=\"elementor elementor-1038\" data-elementor-post-type=\"page\">\n\t\t\t\t\t\t<section class=\"elementor-section elementor-top-section elementor-element elementor-element-7a0b28b elementor-section-boxed elementor-section-height-default elementor-section-height-default\" data-id=\"7a0b28b\" data-element_type=\"section\">\n\t\t\t\t\t\t<div class=\"elementor-container elementor-column-gap-default\">\n\t\t\t\t\t<div class=\"elementor-column elementor-col-100 elementor-top-column elementor-element elementor-element-560d9c8\" data-id=\"560d9c8\" data-element_type=\"column\">\n\t\t\t<div class=\"elementor-widget-wrap elementor-element-populated\">\n\t\t\t\t\t\t<div class=\"elementor-element elementor-element-457946d elementor-widget elementor-widget-heading\" data-id=\"457946d\" data-element_type=\"widget\" data-widget_type=\"heading.default\">\n\t\t\t\t<div class=\"elementor-widget-container\">\n\t\t\t<h2 class=\"elementor-heading-title elementor-size-xxl\">Curadoria e Acervo<\/h2>\t\t<\/div>\n\t\t\t\t<\/div>\n\t\t\t\t\t<\/div>\n\t\t<\/div>\n\t\t\t\t\t<\/div>\n\t\t<\/section>\n\t\t\t\t<section class=\"elementor-section elementor-top-section elementor-element elementor-element-dd52617 elementor-section-boxed elementor-section-height-default elementor-section-height-default\" data-id=\"dd52617\" data-element_type=\"section\">\n\t\t\t\t\t\t<div class=\"elementor-container elementor-column-gap-default\">\n\t\t\t\t\t<div class=\"elementor-column elementor-col-100 elementor-top-column elementor-element elementor-element-60f69d0\" data-id=\"60f69d0\" data-element_type=\"column\">\n\t\t\t<div class=\"elementor-widget-wrap elementor-element-populated\">\n\t\t\t\t\t\t<div class=\"elementor-element elementor-element-edf78ff elementor-widget-divider--view-line elementor-widget elementor-widget-divider\" data-id=\"edf78ff\" data-element_type=\"widget\" data-widget_type=\"divider.default\">\n\t\t\t\t<div class=\"elementor-widget-container\">\n\t\t\t\t\t<div class=\"elementor-divider\">\n\t\t\t<span class=\"elementor-divider-separator\">\n\t\t\t\t\t\t<\/span>\n\t\t<\/div>\n\t\t\t\t<\/div>\n\t\t\t\t<\/div>\n\t\t\t\t<div class=\"elementor-element elementor-element-4b7735e elementor-widget elementor-widget-text-editor\" data-id=\"4b7735e\" data-element_type=\"widget\" data-widget_type=\"text-editor.default\">\n\t\t\t\t<div class=\"elementor-widget-container\">\n\t\t\t\t\t\t\t<p style=\"text-align: justify;\">O Laborat\u00f3rio de Arqueologia e Antropologia Ambiental e Evolutiva (LAAAE-USP) abriga um valioso acervo arqueol\u00f3gico.<\/p>\n<p style=\"text-align: justify;\">Todo o material arqueol\u00f3gico escavada do s\u00edtio Lapa do Santo desde 2011 encontra-se guardado no LAAAE. Este acervo conta com 16 sepultamentos humanos do Holoceno Inicial al\u00e9m de milhares de ossos de fauna, artefatos l\u00edticos, conchas, carv\u00e3o, sementes e amostras de sedimento. Esse material \u00e9 utilizado para fomentar a pesquisa do modo de vida nos primeiros brasileiros e gera anualmente in\u00fameros oportunidades projetos para alunos e mestrado e doutorado. Uma descri\u00e7\u00e3o detalhada deste acervo est\u00e1 dispon\u00edvel no site da Lapa do Santo bem como no respectivo verbete na Wikipedia.<\/p>\n<p style=\"text-align: justify;\">Outra cole\u00e7\u00e3o importante s\u00e3o os remanescentes esquel\u00e9ticos humanos do s\u00edtio arqueol\u00f3gico de Caixa d\u2019\u00c0gua em Buritizeiros.<\/p>\t\t\t\t\t\t<\/div>\n\t\t\t\t<\/div>\n\t\t\t\t\t<\/div>\n\t\t<\/div>\n\t\t\t\t\t<\/div>\n\t\t<\/section>\n\t\t\t\t<section class=\"elementor-section elementor-top-section elementor-element elementor-element-a05161f elementor-section-boxed elementor-section-height-default elementor-section-height-default\" data-id=\"a05161f\" data-element_type=\"section\">\n\t\t\t\t\t\t<div class=\"elementor-container elementor-column-gap-default\">\n\t\t\t\t\t<div class=\"elementor-column elementor-col-100 elementor-top-column elementor-element elementor-element-a556075\" data-id=\"a556075\" data-element_type=\"column\">\n\t\t\t<div class=\"elementor-widget-wrap elementor-element-populated\">\n\t\t\t\t\t\t<div class=\"elementor-element elementor-element-5f5218b elementor-widget elementor-widget-image\" data-id=\"5f5218b\" data-element_type=\"widget\" data-widget_type=\"image.default\">\n\t\t\t\t<div class=\"elementor-widget-container\">\n\t\t\t\t\t\t\t\t\t\t\t\t\t<img fetchpriority=\"high\" decoding=\"async\" width=\"300\" height=\"270\" src=\"https:\/\/sites.usp.br\/laaae\/wp-content\/uploads\/sites\/746\/2020\/12\/logo-quadrado-300x270.png\" class=\"attachment-medium size-medium wp-image-1995\" alt=\"\" srcset=\"https:\/\/sites.usp.br\/laaae\/wp-content\/uploads\/sites\/746\/2020\/12\/logo-quadrado-300x270.png 300w, https:\/\/sites.usp.br\/laaae\/wp-content\/uploads\/sites\/746\/2020\/12\/logo-quadrado-1024x922.png 1024w, https:\/\/sites.usp.br\/laaae\/wp-content\/uploads\/sites\/746\/2020\/12\/logo-quadrado-768x691.png 768w, https:\/\/sites.usp.br\/laaae\/wp-content\/uploads\/sites\/746\/2020\/12\/logo-quadrado-400x360.png 400w, https:\/\/sites.usp.br\/laaae\/wp-content\/uploads\/sites\/746\/2020\/12\/logo-quadrado.png 1133w\" sizes=\"(max-width: 300px) 100vw, 300px\" \/>\t\t\t\t\t\t\t\t\t\t\t\t\t<\/div>\n\t\t\t\t<\/div>\n\t\t\t\t\t<\/div>\n\t\t<\/div>\n\t\t\t\t\t<\/div>\n\t\t<\/section>\n\t\t\t\t<\/div>\n\t\t","protected":false},"excerpt":{"rendered":"<p>Curadoria e Acervo O Laborat\u00f3rio de Arqueologia e Antropologia Ambiental e Evolutiva (LAAAE-USP) abriga um valioso acervo arqueol\u00f3gico. Todo o material arqueol\u00f3gico escavada do s\u00edtio Lapa do Santo desde 2011 encontra-se guardado no LAAAE. Este acervo conta com 16 sepultamentos humanos do Holoceno Inicial al\u00e9m de milhares de ossos de fauna, artefatos l\u00edticos, conchas, carv\u00e3o, [&hellip;]<\/p>\n","protected":false},"author":22091,"featured_media":0,"parent":0,"menu_order":0,"comment_status":"closed","ping_status":"closed","template":"","meta":{"_monsterinsights_skip_tracking":false,"_monsterinsights_sitenote_active":false,"_monsterinsights_sitenote_note":"","_monsterinsights_sitenote_category":0,"footnotes":"","_links_to":"","_links_to_target":""},"class_list":["post-1038","page","type-page","status-publish","hentry","entry"],"_links":{"self":[{"href":"https:\/\/sites.usp.br\/laaae\/wp-json\/wp\/v2\/pages\/1038","targetHints":{"allow":["GET"]}}],"collection":[{"href":"https:\/\/sites.usp.br\/laaae\/wp-json\/wp\/v2\/pages"}],"about":[{"href":"https:\/\/sites.usp.br\/laaae\/wp-json\/wp\/v2\/types\/page"}],"author":[{"embeddable":true,"href":"https:\/\/sites.usp.br\/laaae\/wp-json\/wp\/v2\/users\/22091"}],"replies":[{"embeddable":true,"href":"https:\/\/sites.usp.br\/laaae\/wp-json\/wp\/v2\/comments?post=1038"}],"version-history":[{"count":4,"href":"https:\/\/sites.usp.br\/laaae\/wp-json\/wp\/v2\/pages\/1038\/revisions"}],"predecessor-version":[{"id":2108,"href":"https:\/\/sites.usp.br\/laaae\/wp-json\/wp\/v2\/pages\/1038\/revisions\/2108"}],"wp:attachment":[{"href":"https:\/\/sites.usp.br\/laaae\/wp-json\/wp\/v2\/media?parent=1038"}],"curies":[{"name":"wp","href":"https:\/\/api.w.org\/{rel}","templated":true}]}}