{"id":1080,"date":"2020-12-01T17:16:39","date_gmt":"2020-12-01T19:16:39","guid":{"rendered":"http:\/\/sites.usp.br\/maxplanck\/?page_id=1080"},"modified":"2021-01-29T15:53:31","modified_gmt":"2021-01-29T17:53:31","slug":"extensao","status":"publish","type":"page","link":"https:\/\/sites.usp.br\/laaae\/extensao\/","title":{"rendered":"Extens\u00e3o"},"content":{"rendered":"\t\t<div data-elementor-type=\"wp-page\" data-elementor-id=\"1080\" class=\"elementor elementor-1080\" data-elementor-post-type=\"page\">\n\t\t\t\t\t\t<section class=\"elementor-section elementor-top-section elementor-element elementor-element-8bd0902 elementor-section-boxed elementor-section-height-default elementor-section-height-default\" data-id=\"8bd0902\" data-element_type=\"section\">\n\t\t\t\t\t\t<div class=\"elementor-container elementor-column-gap-default\">\n\t\t\t\t\t<div class=\"elementor-column elementor-col-100 elementor-top-column elementor-element elementor-element-3c87dc3\" data-id=\"3c87dc3\" data-element_type=\"column\">\n\t\t\t<div class=\"elementor-widget-wrap elementor-element-populated\">\n\t\t\t\t\t\t<div class=\"elementor-element elementor-element-4ed023f elementor-widget elementor-widget-heading\" data-id=\"4ed023f\" data-element_type=\"widget\" data-widget_type=\"heading.default\">\n\t\t\t\t<div class=\"elementor-widget-container\">\n\t\t\t<h2 class=\"elementor-heading-title elementor-size-xxl\">Extens\u00e3o<\/h2>\t\t<\/div>\n\t\t\t\t<\/div>\n\t\t\t\t\t<\/div>\n\t\t<\/div>\n\t\t\t\t\t<\/div>\n\t\t<\/section>\n\t\t\t\t<section class=\"elementor-section elementor-top-section elementor-element elementor-element-38d9fb0 elementor-section-boxed elementor-section-height-default elementor-section-height-default\" data-id=\"38d9fb0\" data-element_type=\"section\">\n\t\t\t\t\t\t<div class=\"elementor-container elementor-column-gap-default\">\n\t\t\t\t\t<div class=\"elementor-column elementor-col-100 elementor-top-column elementor-element elementor-element-d8fe901\" data-id=\"d8fe901\" data-element_type=\"column\">\n\t\t\t<div class=\"elementor-widget-wrap elementor-element-populated\">\n\t\t\t\t\t\t<div class=\"elementor-element elementor-element-a77471a elementor-widget-divider--view-line elementor-widget elementor-widget-divider\" data-id=\"a77471a\" data-element_type=\"widget\" data-widget_type=\"divider.default\">\n\t\t\t\t<div class=\"elementor-widget-container\">\n\t\t\t\t\t<div class=\"elementor-divider\">\n\t\t\t<span class=\"elementor-divider-separator\">\n\t\t\t\t\t\t<\/span>\n\t\t<\/div>\n\t\t\t\t<\/div>\n\t\t\t\t<\/div>\n\t\t\t\t<div class=\"elementor-element elementor-element-9a46acf elementor-widget elementor-widget-text-editor\" data-id=\"9a46acf\" data-element_type=\"widget\" data-widget_type=\"text-editor.default\">\n\t\t\t\t<div class=\"elementor-widget-container\">\n\t\t\t\t\t\t\t<p>O Laborat\u00f3rio de Arqueologia e Antropologia Ambiental e Evolutiva (LAAAE-USP) considera as atividades de extens\u00e3o como uma das suas mais importante voca\u00e7\u00f5es.<\/p><p>Confira:<\/p>\t\t\t\t\t\t<\/div>\n\t\t\t\t<\/div>\n\t\t\t\t\t<\/div>\n\t\t<\/div>\n\t\t\t\t\t<\/div>\n\t\t<\/section>\n\t\t\t\t<section class=\"elementor-section elementor-top-section elementor-element elementor-element-96970cc elementor-section-boxed elementor-section-height-default elementor-section-height-default\" data-id=\"96970cc\" data-element_type=\"section\">\n\t\t\t\t\t\t<div class=\"elementor-container elementor-column-gap-default\">\n\t\t\t\t\t<div class=\"elementor-column elementor-col-100 elementor-top-column elementor-element elementor-element-781c2ae\" data-id=\"781c2ae\" data-element_type=\"column\">\n\t\t\t<div class=\"elementor-widget-wrap elementor-element-populated\">\n\t\t\t\t\t\t<section class=\"elementor-section elementor-inner-section elementor-element elementor-element-d1b4e87 elementor-section-boxed elementor-section-height-default elementor-section-height-default\" data-id=\"d1b4e87\" data-element_type=\"section\">\n\t\t\t\t\t\t<div class=\"elementor-container elementor-column-gap-default\">\n\t\t\t\t\t<div class=\"elementor-column elementor-col-50 elementor-inner-column elementor-element elementor-element-972ba47\" data-id=\"972ba47\" data-element_type=\"column\">\n\t\t\t<div class=\"elementor-widget-wrap elementor-element-populated\">\n\t\t\t\t\t\t<div class=\"elementor-element elementor-element-df31eab elementor-widget elementor-widget-image\" data-id=\"df31eab\" data-element_type=\"widget\" data-widget_type=\"image.default\">\n\t\t\t\t<div class=\"elementor-widget-container\">\n\t\t\t\t\t\t\t\t\t\t\t\t\t\t<a href=\"https:\/\/sites.usp.br\/laaae\/extensao\/imprensa\/\" target=\"_blank\">\n\t\t\t\t\t\t\t<img decoding=\"async\" src=\"https:\/\/sites.usp.br\/laaae\/wp-content\/uploads\/sites\/746\/elementor\/thumbs\/na-imprensa-p237c9nongr4m8i9q4iyh6wumm2ko8muoyb00rvkww.png\" title=\"na imprensa\" alt=\"na imprensa\" loading=\"lazy\" \/>\t\t\t\t\t\t\t\t<\/a>\n\t\t\t\t\t\t\t\t\t\t\t\t\t<\/div>\n\t\t\t\t<\/div>\n\t\t\t\t<div class=\"elementor-element elementor-element-d1c6be6 elementor-widget elementor-widget-heading\" data-id=\"d1c6be6\" data-element_type=\"widget\" data-widget_type=\"heading.default\">\n\t\t\t\t<div class=\"elementor-widget-container\">\n\t\t\t<h2 class=\"elementor-heading-title elementor-size-large\"><a href=\"https:\/\/sites.usp.br\/laaae\/extensao\/imprensa\/\" target=\"_blank\"><font face=\"Roboto, sans-serif\"><span style=\"font-weight: 100;letter-spacing: 0.6px\">Na imprensa<\/span><\/font><\/a><\/h2>\t\t<\/div>\n\t\t\t\t<\/div>\n\t\t\t\t\t<\/div>\n\t\t<\/div>\n\t\t\t\t<div class=\"elementor-column elementor-col-50 elementor-inner-column elementor-element elementor-element-10c8caa\" data-id=\"10c8caa\" data-element_type=\"column\">\n\t\t\t<div class=\"elementor-widget-wrap elementor-element-populated\">\n\t\t\t\t\t\t<div class=\"elementor-element elementor-element-f805549 elementor-widget elementor-widget-image\" data-id=\"f805549\" data-element_type=\"widget\" data-widget_type=\"image.default\">\n\t\t\t\t<div class=\"elementor-widget-container\">\n\t\t\t\t\t\t\t\t\t\t\t\t\t\t<a href=\"https:\/\/sites.usp.br\/laaae\/extensao\/documentarios-e-videos\/\" target=\"_blank\">\n\t\t\t\t\t\t\t<img decoding=\"async\" src=\"https:\/\/sites.usp.br\/laaae\/wp-content\/uploads\/sites\/746\/elementor\/thumbs\/doc-p237nc7957wpcwfd2wsruecahzi7bwl1jqwvi3gnmo.png\" title=\"doc\" alt=\"doc\" loading=\"lazy\" \/>\t\t\t\t\t\t\t\t<\/a>\n\t\t\t\t\t\t\t\t\t\t\t\t\t<\/div>\n\t\t\t\t<\/div>\n\t\t\t\t<div class=\"elementor-element elementor-element-3dc1055 elementor-widget elementor-widget-heading\" data-id=\"3dc1055\" data-element_type=\"widget\" data-widget_type=\"heading.default\">\n\t\t\t\t<div class=\"elementor-widget-container\">\n\t\t\t<h2 class=\"elementor-heading-title elementor-size-large\"><a href=\"https:\/\/sites.usp.br\/laaae\/extensao\/documentarios-e-videos\/\" target=\"_blank\"><font face=\"Roboto, sans-serif\"><span style=\"font-weight: 100;letter-spacing: 0.6px\">Document\u00e1rios e v\u00eddeos<\/span><\/font><\/a><\/h2>\t\t<\/div>\n\t\t\t\t<\/div>\n\t\t\t\t\t<\/div>\n\t\t<\/div>\n\t\t\t\t\t<\/div>\n\t\t<\/section>\n\t\t\t\t<div class=\"elementor-element elementor-element-f9f57ad elementor-widget elementor-widget-spacer\" data-id=\"f9f57ad\" data-element_type=\"widget\" data-widget_type=\"spacer.default\">\n\t\t\t\t<div class=\"elementor-widget-container\">\n\t\t\t\t\t<div class=\"elementor-spacer\">\n\t\t\t<div class=\"elementor-spacer-inner\"><\/div>\n\t\t<\/div>\n\t\t\t\t<\/div>\n\t\t\t\t<\/div>\n\t\t\t\t<section class=\"elementor-section elementor-inner-section elementor-element elementor-element-4a4948d elementor-section-boxed elementor-section-height-default elementor-section-height-default\" data-id=\"4a4948d\" data-element_type=\"section\">\n\t\t\t\t\t\t<div class=\"elementor-container elementor-column-gap-default\">\n\t\t\t\t\t<div class=\"elementor-column elementor-col-50 elementor-inner-column elementor-element elementor-element-050eb55\" data-id=\"050eb55\" data-element_type=\"column\">\n\t\t\t<div class=\"elementor-widget-wrap elementor-element-populated\">\n\t\t\t\t\t\t<div class=\"elementor-element elementor-element-d1c2913 elementor-widget elementor-widget-image\" data-id=\"d1c2913\" data-element_type=\"widget\" data-widget_type=\"image.default\">\n\t\t\t\t<div class=\"elementor-widget-container\">\n\t\t\t\t\t\t\t\t\t\t\t\t\t\t<a href=\"https:\/\/sites.usp.br\/laaae\/extensao\/laaae-no-wikipedia\/\" target=\"_blank\">\n\t\t\t\t\t\t\t<img fetchpriority=\"high\" decoding=\"async\" width=\"400\" height=\"267\" src=\"https:\/\/sites.usp.br\/laaae\/wp-content\/uploads\/sites\/746\/2020\/12\/wikipedia-logo-400x267.jpg\" class=\"attachment-fpw_big size-fpw_big wp-image-1718\" alt=\"\" srcset=\"https:\/\/sites.usp.br\/laaae\/wp-content\/uploads\/sites\/746\/2020\/12\/wikipedia-logo-400x267.jpg 400w, https:\/\/sites.usp.br\/laaae\/wp-content\/uploads\/sites\/746\/2020\/12\/wikipedia-logo-300x200.jpg 300w, https:\/\/sites.usp.br\/laaae\/wp-content\/uploads\/sites\/746\/2020\/12\/wikipedia-logo-272x182.jpg 272w, https:\/\/sites.usp.br\/laaae\/wp-content\/uploads\/sites\/746\/2020\/12\/wikipedia-logo.jpg 450w\" sizes=\"(max-width: 400px) 100vw, 400px\" \/>\t\t\t\t\t\t\t\t<\/a>\n\t\t\t\t\t\t\t\t\t\t\t\t\t<\/div>\n\t\t\t\t<\/div>\n\t\t\t\t<div class=\"elementor-element elementor-element-45695d7 elementor-widget elementor-widget-heading\" data-id=\"45695d7\" data-element_type=\"widget\" data-widget_type=\"heading.default\">\n\t\t\t\t<div class=\"elementor-widget-container\">\n\t\t\t<h2 class=\"elementor-heading-title elementor-size-large\"><a href=\"https:\/\/sites.usp.br\/laaae\/extensao\/laaae-no-wikipedia\/\" target=\"_blank\"><font face=\"Roboto, sans-serif\"><span style=\"font-weight: 100;letter-spacing: 0.6px\">LAAAE no Wikip\u00e9dia<\/span><\/font><\/a><\/h2>\t\t<\/div>\n\t\t\t\t<\/div>\n\t\t\t\t\t<\/div>\n\t\t<\/div>\n\t\t\t\t<div class=\"elementor-column elementor-col-50 elementor-inner-column elementor-element elementor-element-2fef6c0\" data-id=\"2fef6c0\" data-element_type=\"column\">\n\t\t\t<div class=\"elementor-widget-wrap elementor-element-populated\">\n\t\t\t\t\t\t<div class=\"elementor-element elementor-element-b65076c elementor-widget elementor-widget-image\" data-id=\"b65076c\" data-element_type=\"widget\" data-widget_type=\"image.default\">\n\t\t\t\t<div class=\"elementor-widget-container\">\n\t\t\t\t\t\t\t\t\t\t\t\t\t\t<a href=\"https:\/\/sites.usp.br\/laaae\/extensao\/evolucao-para-todes\/\" target=\"_blank\">\n\t\t\t\t\t\t\t<img decoding=\"async\" width=\"1024\" height=\"478\" src=\"https:\/\/sites.usp.br\/laaae\/wp-content\/uploads\/sites\/746\/2020\/11\/Cartaz-e-logos-dos-cre\u0301ditos-Animac\u0327a\u0303o-Evoluc\u0327a\u0303o-Para-Todes-e1606344627940-1024x478.png\" class=\"attachment-large size-large wp-image-929\" alt=\"\" srcset=\"https:\/\/sites.usp.br\/laaae\/wp-content\/uploads\/sites\/746\/2020\/11\/Cartaz-e-logos-dos-cre\u0301ditos-Animac\u0327a\u0303o-Evoluc\u0327a\u0303o-Para-Todes-e1606344627940-1024x478.png 1024w, https:\/\/sites.usp.br\/laaae\/wp-content\/uploads\/sites\/746\/2020\/11\/Cartaz-e-logos-dos-cre\u0301ditos-Animac\u0327a\u0303o-Evoluc\u0327a\u0303o-Para-Todes-e1606344627940-300x140.png 300w, https:\/\/sites.usp.br\/laaae\/wp-content\/uploads\/sites\/746\/2020\/11\/Cartaz-e-logos-dos-cre\u0301ditos-Animac\u0327a\u0303o-Evoluc\u0327a\u0303o-Para-Todes-e1606344627940-768x358.png 768w, https:\/\/sites.usp.br\/laaae\/wp-content\/uploads\/sites\/746\/2020\/11\/Cartaz-e-logos-dos-cre\u0301ditos-Animac\u0327a\u0303o-Evoluc\u0327a\u0303o-Para-Todes-e1606344627940-400x187.png 400w, https:\/\/sites.usp.br\/laaae\/wp-content\/uploads\/sites\/746\/2020\/11\/Cartaz-e-logos-dos-cre\u0301ditos-Animac\u0327a\u0303o-Evoluc\u0327a\u0303o-Para-Todes-e1606344627940.png 1243w\" sizes=\"(max-width: 1024px) 100vw, 1024px\" \/>\t\t\t\t\t\t\t\t<\/a>\n\t\t\t\t\t\t\t\t\t\t\t\t\t<\/div>\n\t\t\t\t<\/div>\n\t\t\t\t<div class=\"elementor-element elementor-element-243e4f7 elementor-widget elementor-widget-heading\" data-id=\"243e4f7\" data-element_type=\"widget\" data-widget_type=\"heading.default\">\n\t\t\t\t<div class=\"elementor-widget-container\">\n\t\t\t<h2 class=\"elementor-heading-title elementor-size-large\"><a href=\"https:\/\/sites.usp.br\/laaae\/extensao\/evolucao-para-todes\/\" target=\"_blank\"><font face=\"Roboto, sans-serif\"><span style=\"font-weight: 100;letter-spacing: 0.6px\">Evolu\u00e7\u00e3o para Todes<\/span><\/font><\/a><\/h2>\t\t<\/div>\n\t\t\t\t<\/div>\n\t\t\t\t\t<\/div>\n\t\t<\/div>\n\t\t\t\t\t<\/div>\n\t\t<\/section>\n\t\t\t\t<div class=\"elementor-element elementor-element-56ed773 elementor-widget elementor-widget-spacer\" data-id=\"56ed773\" data-element_type=\"widget\" data-widget_type=\"spacer.default\">\n\t\t\t\t<div class=\"elementor-widget-container\">\n\t\t\t\t\t<div class=\"elementor-spacer\">\n\t\t\t<div class=\"elementor-spacer-inner\"><\/div>\n\t\t<\/div>\n\t\t\t\t<\/div>\n\t\t\t\t<\/div>\n\t\t\t\t<section class=\"elementor-section elementor-inner-section elementor-element elementor-element-b413657 elementor-section-boxed elementor-section-height-default elementor-section-height-default\" data-id=\"b413657\" data-element_type=\"section\">\n\t\t\t\t\t\t<div class=\"elementor-container elementor-column-gap-default\">\n\t\t\t\t\t<div class=\"elementor-column elementor-col-50 elementor-inner-column elementor-element elementor-element-3167271\" data-id=\"3167271\" data-element_type=\"column\">\n\t\t\t<div class=\"elementor-widget-wrap elementor-element-populated\">\n\t\t\t\t\t\t<div class=\"elementor-element elementor-element-8ba1b21 elementor-widget elementor-widget-image\" data-id=\"8ba1b21\" data-element_type=\"widget\" data-widget_type=\"image.default\">\n\t\t\t\t<div class=\"elementor-widget-container\">\n\t\t\t\t\t\t\t\t\t\t\t\t\t\t<a href=\"https:\/\/sites.usp.br\/laaae\/extensao\/exposicao-arqueologica-morte-e-vida-na-lapa-do-santo\/\" target=\"_blank\">\n\t\t\t\t\t\t\t<img decoding=\"async\" src=\"https:\/\/sites.usp.br\/laaae\/wp-content\/uploads\/sites\/746\/elementor\/thumbs\/Exposicao-Lapa-do-Santo-Maquete-1-p0576bdl17riw50jkc0j2kirwyqppqw5p6jqe05fog.jpg\" title=\"Exposicao-Lapa-do-Santo-Maquete-1\" alt=\"Maquete 1\" loading=\"lazy\" \/>\t\t\t\t\t\t\t\t<\/a>\n\t\t\t\t\t\t\t\t\t\t\t\t\t<\/div>\n\t\t\t\t<\/div>\n\t\t\t\t<div class=\"elementor-element elementor-element-f86af7a elementor-widget elementor-widget-heading\" data-id=\"f86af7a\" data-element_type=\"widget\" data-widget_type=\"heading.default\">\n\t\t\t\t<div class=\"elementor-widget-container\">\n\t\t\t<h2 class=\"elementor-heading-title elementor-size-large\"><a href=\"https:\/\/sites.usp.br\/laaae\/extensao\/exposicao-arqueologica-morte-e-vida-na-lapa-do-santo\/\" target=\"_blank\"><font face=\"Roboto, sans-serif\"><span style=\"font-weight: 100;letter-spacing: 0.6px\">Exposi\u00e7\u00e3o Arqueol\u00f3gica - Morte e Vida na Lapa do Santo<\/span><\/font><\/a><\/h2>\t\t<\/div>\n\t\t\t\t<\/div>\n\t\t\t\t\t<\/div>\n\t\t<\/div>\n\t\t\t\t<div class=\"elementor-column elementor-col-50 elementor-inner-column elementor-element elementor-element-ec1b616\" data-id=\"ec1b616\" data-element_type=\"column\">\n\t\t\t<div class=\"elementor-widget-wrap elementor-element-populated\">\n\t\t\t\t\t\t<div class=\"elementor-element elementor-element-c4aedac elementor-widget elementor-widget-image\" data-id=\"c4aedac\" data-element_type=\"widget\" data-widget_type=\"image.default\">\n\t\t\t\t<div class=\"elementor-widget-container\">\n\t\t\t\t\t\t\t\t\t\t\t\t\t\t<a href=\"https:\/\/sites.usp.br\/laaae\/extensao\/exposicao-do-macaco-ao-homem-no-catavento-cultural\/\" target=\"_blank\">\n\t\t\t\t\t\t\t<img decoding=\"async\" width=\"1024\" height=\"576\" src=\"https:\/\/sites.usp.br\/laaae\/wp-content\/uploads\/sites\/746\/2020\/12\/Design-sem-nome-20-1024x576.png\" class=\"attachment-large size-large wp-image-1699\" alt=\"\" srcset=\"https:\/\/sites.usp.br\/laaae\/wp-content\/uploads\/sites\/746\/2020\/12\/Design-sem-nome-20-1024x576.png 1024w, https:\/\/sites.usp.br\/laaae\/wp-content\/uploads\/sites\/746\/2020\/12\/Design-sem-nome-20-300x169.png 300w, https:\/\/sites.usp.br\/laaae\/wp-content\/uploads\/sites\/746\/2020\/12\/Design-sem-nome-20-768x432.png 768w, https:\/\/sites.usp.br\/laaae\/wp-content\/uploads\/sites\/746\/2020\/12\/Design-sem-nome-20-1536x864.png 1536w, https:\/\/sites.usp.br\/laaae\/wp-content\/uploads\/sites\/746\/2020\/12\/Design-sem-nome-20-310x174.png 310w, https:\/\/sites.usp.br\/laaae\/wp-content\/uploads\/sites\/746\/2020\/12\/Design-sem-nome-20-400x225.png 400w, https:\/\/sites.usp.br\/laaae\/wp-content\/uploads\/sites\/746\/2020\/12\/Design-sem-nome-20.png 1920w\" sizes=\"(max-width: 1024px) 100vw, 1024px\" \/>\t\t\t\t\t\t\t\t<\/a>\n\t\t\t\t\t\t\t\t\t\t\t\t\t<\/div>\n\t\t\t\t<\/div>\n\t\t\t\t<div class=\"elementor-element elementor-element-22bf219 elementor-widget elementor-widget-heading\" data-id=\"22bf219\" data-element_type=\"widget\" data-widget_type=\"heading.default\">\n\t\t\t\t<div class=\"elementor-widget-container\">\n\t\t\t<h2 class=\"elementor-heading-title elementor-size-large\"><a href=\"https:\/\/sites.usp.br\/laaae\/extensao\/exposicao-do-macaco-ao-homem-no-catavento-cultural\/\" target=\"_blank\"><font face=\"Roboto, sans-serif\"><span style=\"font-weight: 100;letter-spacing: 0.6px\">Exposi\u00e7\u00e3o \"Do Macaco ao Homem\" no Catavento Cultural<\/span><\/font><\/a><\/h2>\t\t<\/div>\n\t\t\t\t<\/div>\n\t\t\t\t\t<\/div>\n\t\t<\/div>\n\t\t\t\t\t<\/div>\n\t\t<\/section>\n\t\t\t\t\t<\/div>\n\t\t<\/div>\n\t\t\t\t\t<\/div>\n\t\t<\/section>\n\t\t\t\t<\/div>\n\t\t","protected":false},"excerpt":{"rendered":"<p>Extens\u00e3o O Laborat\u00f3rio de Arqueologia e Antropologia Ambiental e Evolutiva (LAAAE-USP) considera as atividades de extens\u00e3o como uma das suas mais importante voca\u00e7\u00f5es. Confira: Na imprensa Document\u00e1rios e v\u00eddeos LAAAE no Wikip\u00e9dia Evolu\u00e7\u00e3o para Todes Exposi\u00e7\u00e3o Arqueol\u00f3gica &#8211; Morte e Vida na Lapa do Santo Exposi\u00e7\u00e3o &#8220;Do Macaco ao Homem&#8221; no Catavento Cultural<\/p>\n","protected":false},"author":22091,"featured_media":0,"parent":0,"menu_order":0,"comment_status":"closed","ping_status":"closed","template":"","meta":{"_monsterinsights_skip_tracking":false,"_monsterinsights_sitenote_active":false,"_monsterinsights_sitenote_note":"","_monsterinsights_sitenote_category":0,"footnotes":"","_links_to":"","_links_to_target":""},"class_list":["post-1080","page","type-page","status-publish","hentry","entry"],"_links":{"self":[{"href":"https:\/\/sites.usp.br\/laaae\/wp-json\/wp\/v2\/pages\/1080","targetHints":{"allow":["GET"]}}],"collection":[{"href":"https:\/\/sites.usp.br\/laaae\/wp-json\/wp\/v2\/pages"}],"about":[{"href":"https:\/\/sites.usp.br\/laaae\/wp-json\/wp\/v2\/types\/page"}],"author":[{"embeddable":true,"href":"https:\/\/sites.usp.br\/laaae\/wp-json\/wp\/v2\/users\/22091"}],"replies":[{"embeddable":true,"href":"https:\/\/sites.usp.br\/laaae\/wp-json\/wp\/v2\/comments?post=1080"}],"version-history":[{"count":4,"href":"https:\/\/sites.usp.br\/laaae\/wp-json\/wp\/v2\/pages\/1080\/revisions"}],"predecessor-version":[{"id":2579,"href":"https:\/\/sites.usp.br\/laaae\/wp-json\/wp\/v2\/pages\/1080\/revisions\/2579"}],"wp:attachment":[{"href":"https:\/\/sites.usp.br\/laaae\/wp-json\/wp\/v2\/media?parent=1080"}],"curies":[{"name":"wp","href":"https:\/\/api.w.org\/{rel}","templated":true}]}}