{"id":1521,"date":"2020-12-19T18:14:32","date_gmt":"2020-12-19T20:14:32","guid":{"rendered":"http:\/\/sites.usp.br\/maxplanck\/?page_id=1521"},"modified":"2021-01-20T19:16:15","modified_gmt":"2021-01-20T21:16:15","slug":"projeto-salivar","status":"publish","type":"page","link":"https:\/\/sites.usp.br\/laaae\/en\/pesquisa\/projeto-salivar\/","title":{"rendered":"(Portugu\u00eas) Projeto Salivar"},"content":{"rendered":"\t\t<div data-elementor-type=\"wp-page\" data-elementor-id=\"1521\" class=\"elementor elementor-1521\" data-elementor-post-type=\"page\">\n\t\t\t\t\t\t<section class=\"elementor-section elementor-top-section elementor-element elementor-element-fc146c0 elementor-section-boxed elementor-section-height-default elementor-section-height-default\" data-id=\"fc146c0\" data-element_type=\"section\">\n\t\t\t\t\t\t<div class=\"elementor-container elementor-column-gap-default\">\n\t\t\t\t\t<div class=\"elementor-column elementor-col-100 elementor-top-column elementor-element elementor-element-91ee80b\" data-id=\"91ee80b\" data-element_type=\"column\">\n\t\t\t<div class=\"elementor-widget-wrap elementor-element-populated\">\n\t\t\t\t\t\t<div class=\"elementor-element elementor-element-67bb1e5 elementor-widget elementor-widget-image-gallery\" data-id=\"67bb1e5\" data-element_type=\"widget\" data-widget_type=\"image-gallery.default\">\n\t\t\t\t<div class=\"elementor-widget-container\">\n\t\t\t\t\t<div class=\"elementor-image-gallery\">\n\t\t\t<div id='gallery-1' class='gallery galleryid-1521 gallery-columns-2 gallery-size-large'><figure class='gallery-item'>\n\t\t\t<div class='gallery-icon landscape'>\n\t\t\t\t<a data-elementor-open-lightbox=\"yes\" data-elementor-lightbox-slideshow=\"67bb1e5\" data-elementor-lightbox-title=\"C\u00f3pia de Sem nome (2)\" data-e-action-hash=\"#elementor-action%3Aaction%3Dlightbox%26settings%3DeyJpZCI6MTUzMywidXJsIjoiaHR0cHM6XC9cL3NpdGVzLnVzcC5iclwvbGFhYWVcL3dwLWNvbnRlbnRcL3VwbG9hZHNcL3NpdGVzXC83NDZcLzIwMjBcLzEyXC9DXHUwMGYzcGlhLWRlLVNlbS1ub21lLTIucG5nIiwic2xpZGVzaG93IjoiNjdiYjFlNSJ9\" href='https:\/\/sites.usp.br\/laaae\/wp-content\/uploads\/sites\/746\/2020\/12\/C\u00f3pia-de-Sem-nome-2.png'><img fetchpriority=\"high\" decoding=\"async\" width=\"1024\" height=\"576\" src=\"https:\/\/sites.usp.br\/laaae\/wp-content\/uploads\/sites\/746\/2020\/12\/C\u00f3pia-de-Sem-nome-2-1024x576.png\" class=\"attachment-large size-large\" alt=\"\" srcset=\"https:\/\/sites.usp.br\/laaae\/wp-content\/uploads\/sites\/746\/2020\/12\/C\u00f3pia-de-Sem-nome-2-1024x576.png 1024w, https:\/\/sites.usp.br\/laaae\/wp-content\/uploads\/sites\/746\/2020\/12\/C\u00f3pia-de-Sem-nome-2-300x169.png 300w, https:\/\/sites.usp.br\/laaae\/wp-content\/uploads\/sites\/746\/2020\/12\/C\u00f3pia-de-Sem-nome-2-768x432.png 768w, https:\/\/sites.usp.br\/laaae\/wp-content\/uploads\/sites\/746\/2020\/12\/C\u00f3pia-de-Sem-nome-2-1536x864.png 1536w, https:\/\/sites.usp.br\/laaae\/wp-content\/uploads\/sites\/746\/2020\/12\/C\u00f3pia-de-Sem-nome-2-310x174.png 310w, https:\/\/sites.usp.br\/laaae\/wp-content\/uploads\/sites\/746\/2020\/12\/C\u00f3pia-de-Sem-nome-2-400x225.png 400w, https:\/\/sites.usp.br\/laaae\/wp-content\/uploads\/sites\/746\/2020\/12\/C\u00f3pia-de-Sem-nome-2.png 1920w\" sizes=\"(max-width: 1024px) 100vw, 1024px\" \/><\/a>\n\t\t\t<\/div><\/figure><figure class='gallery-item'>\n\t\t\t<div class='gallery-icon landscape'>\n\t\t\t\t<a data-elementor-open-lightbox=\"yes\" data-elementor-lightbox-slideshow=\"67bb1e5\" data-elementor-lightbox-title=\"C\u00f3pia de Sem nome (3)\" data-e-action-hash=\"#elementor-action%3Aaction%3Dlightbox%26settings%3DeyJpZCI6MTUzMiwidXJsIjoiaHR0cHM6XC9cL3NpdGVzLnVzcC5iclwvbGFhYWVcL3dwLWNvbnRlbnRcL3VwbG9hZHNcL3NpdGVzXC83NDZcLzIwMjBcLzEyXC9DXHUwMGYzcGlhLWRlLVNlbS1ub21lLTMucG5nIiwic2xpZGVzaG93IjoiNjdiYjFlNSJ9\" href='https:\/\/sites.usp.br\/laaae\/wp-content\/uploads\/sites\/746\/2020\/12\/C\u00f3pia-de-Sem-nome-3.png'><img decoding=\"async\" width=\"1024\" height=\"576\" src=\"https:\/\/sites.usp.br\/laaae\/wp-content\/uploads\/sites\/746\/2020\/12\/C\u00f3pia-de-Sem-nome-3-1024x576.png\" class=\"attachment-large size-large\" alt=\"\" srcset=\"https:\/\/sites.usp.br\/laaae\/wp-content\/uploads\/sites\/746\/2020\/12\/C\u00f3pia-de-Sem-nome-3-1024x576.png 1024w, https:\/\/sites.usp.br\/laaae\/wp-content\/uploads\/sites\/746\/2020\/12\/C\u00f3pia-de-Sem-nome-3-300x169.png 300w, https:\/\/sites.usp.br\/laaae\/wp-content\/uploads\/sites\/746\/2020\/12\/C\u00f3pia-de-Sem-nome-3-768x432.png 768w, https:\/\/sites.usp.br\/laaae\/wp-content\/uploads\/sites\/746\/2020\/12\/C\u00f3pia-de-Sem-nome-3-1536x864.png 1536w, https:\/\/sites.usp.br\/laaae\/wp-content\/uploads\/sites\/746\/2020\/12\/C\u00f3pia-de-Sem-nome-3-310x174.png 310w, https:\/\/sites.usp.br\/laaae\/wp-content\/uploads\/sites\/746\/2020\/12\/C\u00f3pia-de-Sem-nome-3-400x225.png 400w, https:\/\/sites.usp.br\/laaae\/wp-content\/uploads\/sites\/746\/2020\/12\/C\u00f3pia-de-Sem-nome-3.png 1920w\" sizes=\"(max-width: 1024px) 100vw, 1024px\" \/><\/a>\n\t\t\t<\/div><\/figure>\n\t\t<\/div>\n\t\t<\/div>\n\t\t\t\t<\/div>\n\t\t\t\t<\/div>\n\t\t\t\t<div class=\"elementor-element elementor-element-de17f2e elementor-widget elementor-widget-heading\" data-id=\"de17f2e\" data-element_type=\"widget\" data-widget_type=\"heading.default\">\n\t\t\t\t<div class=\"elementor-widget-container\">\n\t\t\t<h2 class=\"elementor-heading-title elementor-size-xxl\">Pesquisa<\/h2>\t\t<\/div>\n\t\t\t\t<\/div>\n\t\t\t\t<div class=\"elementor-element elementor-element-b0fff3b elementor-widget-divider--view-line elementor-widget elementor-widget-divider\" data-id=\"b0fff3b\" data-element_type=\"widget\" data-widget_type=\"divider.default\">\n\t\t\t\t<div class=\"elementor-widget-container\">\n\t\t\t\t\t<div class=\"elementor-divider\">\n\t\t\t<span class=\"elementor-divider-separator\">\n\t\t\t\t\t\t<\/span>\n\t\t<\/div>\n\t\t\t\t<\/div>\n\t\t\t\t<\/div>\n\t\t\t\t\t<\/div>\n\t\t<\/div>\n\t\t\t\t\t<\/div>\n\t\t<\/section>\n\t\t\t\t<section class=\"elementor-section elementor-top-section elementor-element elementor-element-91e7063 elementor-section-boxed elementor-section-height-default elementor-section-height-default\" data-id=\"91e7063\" data-element_type=\"section\">\n\t\t\t\t\t\t<div class=\"elementor-container elementor-column-gap-default\">\n\t\t\t\t\t<div class=\"elementor-column elementor-col-66 elementor-top-column elementor-element elementor-element-e9b829a\" data-id=\"e9b829a\" data-element_type=\"column\">\n\t\t\t<div class=\"elementor-widget-wrap elementor-element-populated\">\n\t\t\t\t\t\t<div class=\"elementor-element elementor-element-436fe2a elementor-widget elementor-widget-text-editor\" data-id=\"436fe2a\" data-element_type=\"widget\" data-widget_type=\"text-editor.default\">\n\t\t\t\t<div class=\"elementor-widget-container\">\n\t\t\t\t\t\t\t<p style=\"text-align: justify;\"><strong>PROJETO SALIVAR<\/strong><\/p><p style=\"text-align: justify;\"><strong>Pesquisador respons\u00e1vel: Dr. Rodrigo de Oliveira [<a href=\"http:\/\/lattes.cnpq.br\/4790382315886796\">info<\/a>] (<a href=\"mailto:eliaso@alumni.usp.br\">eliaso@alumni.usp.br<\/a>)<\/strong><\/p><p style=\"text-align: justify;\"><span style=\"font-family: Montserrat, sans-serif; font-size: 14px; font-style: normal; font-variant-ligatures: normal; font-variant-caps: normal; font-weight: 400;\">Coordenado pelo Dr. Rodrigo Elias de Oliveira do Laborat\u00f3rio de Arqueologia e Antropologia Ambiental e Evolutiva da Universidade de S\u00e3o Paulo (LAAAE) o \u2018Projeto Salivar\u2019 tem como objetivo estudar o impacto de diferentes dietas no microbioma bucal. Para al\u00e9m das implica\u00e7\u00f5es de sa\u00fade p\u00fablica este projeto tem como objetivo fornecer melhores par\u00e2metros para as interpreta\u00e7\u00f5es arqueol\u00f3gicas feitas com base no estudo dos microvest\u00edgios extra\u00eddo do c\u00e1lculo dent\u00e1rio presente em esqueletos pr\u00e9-coloniais.\u00a0<\/span><\/p><p style=\"text-align: justify;\"><span style=\"font-family: Montserrat, sans-serif; font-size: 14px; font-style: normal; font-variant-ligatures: normal; font-variant-caps: normal; font-weight: 400;\"><strong>Visite a p\u00e1gina do Projeto Salivar no Facebook para maiores informa\u00e7\u00f5es:<\/strong><\/span><\/p>\t\t\t\t\t\t<\/div>\n\t\t\t\t<\/div>\n\t\t\t\t<div class=\"elementor-element elementor-element-70eb582 elementor-widget elementor-widget-facebook-page\" data-id=\"70eb582\" data-element_type=\"widget\" data-widget_type=\"facebook-page.default\">\n\t\t\t\t<div class=\"elementor-widget-container\">\n\t\t\t<div class=\"elementor-facebook-widget fb-page\" data-href=\"https:\/\/www.facebook.com\/projetosalivar\/\" data-tabs=\"timeline,events,messages\" data-height=\"500px\" data-width=\"500px\" data-small-header=\"false\" data-hide-cover=\"false\" data-show-facepile=\"true\" data-hide-cta=\"false\" style=\"min-height: 1px;height:500px\"><\/div>\t\t<\/div>\n\t\t\t\t<\/div>\n\t\t\t\t\t<\/div>\n\t\t<\/div>\n\t\t\t\t<div class=\"elementor-column elementor-col-33 elementor-top-column elementor-element elementor-element-3388dc9\" data-id=\"3388dc9\" data-element_type=\"column\">\n\t\t\t<div class=\"elementor-widget-wrap elementor-element-populated\">\n\t\t\t\t\t\t<div class=\"elementor-element elementor-element-126d5c5 elementor-widget elementor-widget-image\" data-id=\"126d5c5\" data-element_type=\"widget\" data-widget_type=\"image.default\">\n\t\t\t\t<div class=\"elementor-widget-container\">\n\t\t\t\t\t\t\t\t\t\t<figure class=\"wp-caption\">\n\t\t\t\t\t\t\t\t\t\t<img decoding=\"async\" width=\"352\" height=\"576\" src=\"https:\/\/sites.usp.br\/laaae\/wp-content\/uploads\/sites\/746\/2020\/11\/Dr.-Rodrigo-E.-de-Oliveira-Coordenador-3.png\" class=\"attachment-large size-large wp-image-742\" alt=\"\" srcset=\"https:\/\/sites.usp.br\/laaae\/wp-content\/uploads\/sites\/746\/2020\/11\/Dr.-Rodrigo-E.-de-Oliveira-Coordenador-3.png 352w, https:\/\/sites.usp.br\/laaae\/wp-content\/uploads\/sites\/746\/2020\/11\/Dr.-Rodrigo-E.-de-Oliveira-Coordenador-3-183x300.png 183w\" sizes=\"(max-width: 352px) 100vw, 352px\" \/>\t\t\t\t\t\t\t\t\t\t\t<figcaption class=\"widget-image-caption wp-caption-text\">Dr. Rodrigo E. de Oliveira<\/figcaption>\n\t\t\t\t\t\t\t\t\t\t<\/figure>\n\t\t\t\t\t\t\t<\/div>\n\t\t\t\t<\/div>\n\t\t\t\t\t<\/div>\n\t\t<\/div>\n\t\t\t\t\t<\/div>\n\t\t<\/section>\n\t\t\t\t<section class=\"elementor-section elementor-top-section elementor-element elementor-element-68037a0 elementor-section-boxed elementor-section-height-default elementor-section-height-default\" data-id=\"68037a0\" data-element_type=\"section\">\n\t\t\t\t\t\t<div class=\"elementor-container elementor-column-gap-default\">\n\t\t\t\t\t\t<\/div>\n\t\t<\/section>\n\t\t\t\t<section class=\"elementor-section elementor-top-section elementor-element elementor-element-6e3dda4 elementor-section-boxed elementor-section-height-default elementor-section-height-default\" data-id=\"6e3dda4\" data-element_type=\"section\">\n\t\t\t\t\t\t<div class=\"elementor-container elementor-column-gap-default\">\n\t\t\t\t\t<div class=\"elementor-column elementor-col-100 elementor-top-column elementor-element elementor-element-21ecd12\" data-id=\"21ecd12\" data-element_type=\"column\">\n\t\t\t<div class=\"elementor-widget-wrap\">\n\t\t\t\t\t\t\t<\/div>\n\t\t<\/div>\n\t\t\t\t\t<\/div>\n\t\t<\/section>\n\t\t\t\t<\/div>\n\t\t","protected":false},"excerpt":{"rendered":"<p>Pesquisa PROJETO SALIVAR Pesquisador respons\u00e1vel: Dr. Rodrigo de Oliveira [info] (eliaso@alumni.usp.br) Coordenado pelo Dr. Rodrigo Elias de Oliveira do Laborat\u00f3rio de Arqueologia e Antropologia Ambiental e Evolutiva da Universidade de S\u00e3o Paulo (LAAAE) o \u2018Projeto Salivar\u2019 tem como objetivo estudar o impacto de diferentes dietas no microbioma bucal. Para al\u00e9m das implica\u00e7\u00f5es de sa\u00fade p\u00fablica [&hellip;]<\/p>\n","protected":false},"author":22221,"featured_media":0,"parent":1046,"menu_order":0,"comment_status":"closed","ping_status":"closed","template":"","meta":{"_monsterinsights_skip_tracking":false,"_monsterinsights_sitenote_active":false,"_monsterinsights_sitenote_note":"","_monsterinsights_sitenote_category":0,"footnotes":"","_links_to":"","_links_to_target":""},"class_list":["post-1521","page","type-page","status-publish","hentry","entry"],"_links":{"self":[{"href":"https:\/\/sites.usp.br\/laaae\/en\/wp-json\/wp\/v2\/pages\/1521","targetHints":{"allow":["GET"]}}],"collection":[{"href":"https:\/\/sites.usp.br\/laaae\/en\/wp-json\/wp\/v2\/pages"}],"about":[{"href":"https:\/\/sites.usp.br\/laaae\/en\/wp-json\/wp\/v2\/types\/page"}],"author":[{"embeddable":true,"href":"https:\/\/sites.usp.br\/laaae\/en\/wp-json\/wp\/v2\/users\/22221"}],"replies":[{"embeddable":true,"href":"https:\/\/sites.usp.br\/laaae\/en\/wp-json\/wp\/v2\/comments?post=1521"}],"version-history":[{"count":4,"href":"https:\/\/sites.usp.br\/laaae\/en\/wp-json\/wp\/v2\/pages\/1521\/revisions"}],"predecessor-version":[{"id":2243,"href":"https:\/\/sites.usp.br\/laaae\/en\/wp-json\/wp\/v2\/pages\/1521\/revisions\/2243"}],"up":[{"embeddable":true,"href":"https:\/\/sites.usp.br\/laaae\/en\/wp-json\/wp\/v2\/pages\/1046"}],"wp:attachment":[{"href":"https:\/\/sites.usp.br\/laaae\/en\/wp-json\/wp\/v2\/media?parent=1521"}],"curies":[{"name":"wp","href":"https:\/\/api.w.org\/{rel}","templated":true}]}}