{"id":1570,"date":"2020-12-19T19:54:23","date_gmt":"2020-12-19T21:54:23","guid":{"rendered":"http:\/\/sites.usp.br\/maxplanck\/?page_id=1570"},"modified":"2020-12-22T16:06:47","modified_gmt":"2020-12-22T18:06:47","slug":"origens-e-desenvolvimento-das-estrategias-de-subsistencia-baseadas-em-producao-de-alimentos-durante-o-holoceno-medio-na-bacia-do-rio-sao-francisco-uma-abordagem-multidisciplinar","status":"publish","type":"page","link":"https:\/\/sites.usp.br\/laaae\/en\/pesquisa\/origens-e-desenvolvimento-das-estrategias-de-subsistencia-baseadas-em-producao-de-alimentos-durante-o-holoceno-medio-na-bacia-do-rio-sao-francisco-uma-abordagem-multidisciplinar\/","title":{"rendered":"Origens e desenvolvimento das estrat\u00e9gias de subsist\u00eancia baseadas em produ\u00e7\u00e3o de alimentos durante o Holoceno m\u00e9dio na Bacia do Rio S\u00e3o Francisco: uma abordagem multidisciplinar"},"content":{"rendered":"\t\t<div data-elementor-type=\"wp-page\" data-elementor-id=\"1570\" class=\"elementor elementor-1570\" data-elementor-post-type=\"page\">\n\t\t\t\t\t\t<section class=\"elementor-section elementor-top-section elementor-element elementor-element-fa8f0e7 elementor-section-boxed elementor-section-height-default elementor-section-height-default\" data-id=\"fa8f0e7\" data-element_type=\"section\">\n\t\t\t\t\t\t<div class=\"elementor-container elementor-column-gap-default\">\n\t\t\t\t\t<div class=\"elementor-column elementor-col-100 elementor-top-column elementor-element elementor-element-8e7fb91\" data-id=\"8e7fb91\" data-element_type=\"column\">\n\t\t\t<div class=\"elementor-widget-wrap elementor-element-populated\">\n\t\t\t\t\t\t<div class=\"elementor-element elementor-element-9d0941d elementor-widget elementor-widget-heading\" data-id=\"9d0941d\" data-element_type=\"widget\" data-widget_type=\"heading.default\">\n\t\t\t\t<div class=\"elementor-widget-container\">\n\t\t\t<h2 class=\"elementor-heading-title elementor-size-xxl\">Pesquisa<\/h2>\t\t<\/div>\n\t\t\t\t<\/div>\n\t\t\t\t\t<\/div>\n\t\t<\/div>\n\t\t\t\t\t<\/div>\n\t\t<\/section>\n\t\t\t\t<section class=\"elementor-section elementor-top-section elementor-element elementor-element-fc146c0 elementor-section-boxed elementor-section-height-default elementor-section-height-default\" data-id=\"fc146c0\" data-element_type=\"section\">\n\t\t\t\t\t\t<div class=\"elementor-container elementor-column-gap-default\">\n\t\t\t\t\t<div class=\"elementor-column elementor-col-100 elementor-top-column elementor-element elementor-element-91ee80b\" data-id=\"91ee80b\" data-element_type=\"column\">\n\t\t\t<div class=\"elementor-widget-wrap elementor-element-populated\">\n\t\t\t\t\t\t<div class=\"elementor-element elementor-element-b0fff3b elementor-widget-divider--view-line elementor-widget elementor-widget-divider\" data-id=\"b0fff3b\" data-element_type=\"widget\" data-widget_type=\"divider.default\">\n\t\t\t\t<div class=\"elementor-widget-container\">\n\t\t\t\t\t<div class=\"elementor-divider\">\n\t\t\t<span class=\"elementor-divider-separator\">\n\t\t\t\t\t\t<\/span>\n\t\t<\/div>\n\t\t\t\t<\/div>\n\t\t\t\t<\/div>\n\t\t\t\t\t<\/div>\n\t\t<\/div>\n\t\t\t\t\t<\/div>\n\t\t<\/section>\n\t\t\t\t<section class=\"elementor-section elementor-top-section elementor-element elementor-element-91e7063 elementor-section-boxed elementor-section-height-default elementor-section-height-default\" data-id=\"91e7063\" data-element_type=\"section\">\n\t\t\t\t\t\t<div class=\"elementor-container elementor-column-gap-default\">\n\t\t\t\t\t<div class=\"elementor-column elementor-col-66 elementor-top-column elementor-element elementor-element-e9b829a\" data-id=\"e9b829a\" data-element_type=\"column\">\n\t\t\t<div class=\"elementor-widget-wrap elementor-element-populated\">\n\t\t\t\t\t\t<div class=\"elementor-element elementor-element-436fe2a elementor-widget elementor-widget-text-editor\" data-id=\"436fe2a\" data-element_type=\"widget\" data-widget_type=\"text-editor.default\">\n\t\t\t\t<div class=\"elementor-widget-container\">\n\t\t\t\t\t\t\t<p style=\"text-align: justify;\"><strong>ORIGENS E DESENVOLVIMENTO DAS ESTRAT\u00c9GIAS DE SUBSIST\u00caNCIA BASEADAS EM PRODU\u00c7\u00c3O DE ALIMENTOS DURANTE O HOLOCENO M\u00c9DIO NA BACIA DO RIO S\u00c3O FRANCISCO: UMA ABORDAGEM MULTIDISCIPLINAR<\/strong><\/p><p style=\"text-align: justify;\"><span style=\"font-variant-ligatures: normal; font-variant-caps: normal; font-family: Montserrat, sans-serif; font-size: 14px; font-style: normal; font-weight: 600;\">Pesquisador respons\u00e1vel:&nbsp;<\/span><span style=\"font-family: Montserrat, sans-serif; font-size: 14px; font-style: normal; font-variant-ligatures: normal; font-variant-caps: normal; font-weight: 600;\">Me. Eliane Nunes Chim [<\/span><a href=\"http:\/\/buscatextual.cnpq.br\/buscatextual\/visualizacv.do?metodo=apresentar&amp;id=K4400809H0\" style=\"font-variant-ligatures: normal; font-variant-caps: normal; font-family: Montserrat, sans-serif; font-size: 14px; font-style: normal; font-weight: 600; background-color: rgb(255, 255, 255);\">info<\/a><span style=\"font-family: Montserrat, sans-serif; font-size: 14px; font-style: normal; font-variant-ligatures: normal; font-variant-caps: normal; font-weight: 600;\">] (<\/span><a href=\"mailto:chim@usp.br\" style=\"font-variant-ligatures: normal; font-variant-caps: normal; font-family: Montserrat, sans-serif; font-size: 14px; font-style: normal; font-weight: 600; background-color: rgb(255, 255, 255);\">chim@usp.br<\/a><span style=\"font-family: Montserrat, sans-serif; font-size: 14px; font-style: normal; font-variant-ligatures: normal; font-variant-caps: normal; font-weight: 600;\">)<\/span><br><span style=\"font-variant-ligatures: normal; font-variant-caps: normal; font-family: Montserrat, sans-serif; font-size: 14px; font-style: normal; font-weight: 600;\">Tipo de pesquisa:<\/span><span style=\"font-family: Montserrat, sans-serif; font-size: 14px; font-style: normal; font-variant-ligatures: normal; font-variant-caps: normal; font-weight: 400;\">&nbsp;<\/span><span style=\"font-family: Montserrat, sans-serif; font-size: 14px; font-style: normal; font-variant-ligatures: normal; font-variant-caps: normal; font-weight: 400;\">Doutorado (Programa de Arqueologia do Museu de Arqueologia e Etnologia da USP).&nbsp;<\/span><span style=\"font-variant-ligatures: normal; font-variant-caps: normal; font-family: Montserrat, sans-serif; font-size: 14px; font-style: normal; font-weight: 400;\">(FAPESP Processo: 20\/04402-0).<\/span><br><span style=\"font-variant-ligatures: normal; font-variant-caps: normal; font-family: Montserrat, sans-serif; font-size: 14px; font-style: normal; font-weight: 600;\">Orienta\u00e7\u00e3o:<\/span><span style=\"font-family: Montserrat, sans-serif; font-size: 14px; font-style: normal; font-variant-ligatures: normal; font-variant-caps: normal; font-weight: 400;\">&nbsp;<\/span><span style=\"font-family: Montserrat, sans-serif; font-size: 14px; font-style: normal; font-variant-ligatures: normal; font-variant-caps: normal; font-weight: 400;\">Prof. Dr. Andr\u00e9 Strauss; e Coorientador: Prof. Dr. Francisco William da Cruz Junior.<\/span><\/p>\n<p style=\"text-align: justify;\"><span style=\"font-variant-ligatures: normal; font-variant-caps: normal; font-family: Montserrat, sans-serif; font-size: 14px; font-style: normal; font-weight: 400;\">Mestra em Arqueologia pelo<\/span><span style=\"font-family: Montserrat, sans-serif; font-size: 14px; font-style: normal; font-variant-ligatures: normal; font-variant-caps: normal; font-weight: 400;\">&nbsp;Museu de Arqueologia e Etnologia (MAE) da USP<\/span><span style=\"font-family: Montserrat, sans-serif; font-size: 14px; font-style: normal; font-variant-ligatures: normal; font-variant-caps: normal; font-weight: 400;\">&nbsp;e Bacharela em Arqueologia pela Universidade Federal do Rio Grande (FURG).<\/span><\/p>\n<p style=\"font-variant-ligatures: normal; font-variant-caps: normal; font-family: Montserrat, sans-serif; font-size: 14px; font-style: normal; font-weight: 400; text-align: justify;\"><span style=\"font-size: 14px; font-weight: 400;\">A origem e o desenvolvimento de estrat\u00e9gias de subsist\u00eancia e sistemas econ\u00f4micos baseados na produ\u00e7\u00e3o de alimentos s\u00e3o quest\u00f5es centrais para compreens\u00e3o da hist\u00f3ria profunda da humanidade. Estes processos j\u00e1 est\u00e3o relativamente bem caracterizados em in\u00fameras regi\u00f5es do mundo. No Brasil Central, especificamente na bacia do rio S\u00e3o Francisco, o registro arqueol\u00f3gico apresenta a clara presen\u00e7a de grupos horticultores no Holoceno final, entretanto, a origem e o significado do aparecimento de grupos horticultores est\u00e3o longe de serem bem compreendidos. Em parte, isso se deve ao fato de que a transi\u00e7\u00e3o entre forrageio e horticultura ocorre ao longo do Holoceno m\u00e9dio, um per\u00edodo not\u00e1vel pela dr\u00e1stica diminui\u00e7\u00e3o da densidade do registro arqueol\u00f3gico. A raridade dos vest\u00edgios arqueol\u00f3gicos desse per\u00edodo contrasta com a abund\u00e2ncia de s\u00edtios arqueol\u00f3gicos de forrageadores do Holoceno inicial. \u00c9 no \u00e2mbito da discuss\u00e3o sobre a transi\u00e7\u00e3o do forrageio para a produ\u00e7\u00e3o de alimentos que se insere o presente projeto, cujo objetivo \u00e9 entender a transi\u00e7\u00e3o nos modos de subsist\u00eancia do forrageio para a horticultura e caracterizar a cronologia das ocupa\u00e7\u00f5es humanas. Para isso ser\u00e3o empregadas an\u00e1lises multi-isot\u00f3pica de remanescentes humanos e faun\u00edsticos e zooarqueol\u00f3gica, bem como estabelecidas cronologias para a ocupa\u00e7\u00e3o humana por meio de data\u00e7\u00f5es de Ur\u00e2nio-T\u00f3rio de pinturas rupestres e radiocarb\u00f4nicas de vest\u00edgios faun\u00edsticos. No presente projeto testaremos a hip\u00f3tese de uma origem local para as pr\u00e1ticas horticultores do Brasil central.<\/span><\/p>\n<p style=\"font-variant-ligatures: normal; font-variant-caps: normal; font-family: Montserrat, sans-serif; font-size: 14px; font-style: normal; font-weight: 400; text-align: justify;\">\n<\/p>\t\t\t\t\t\t<\/div>\n\t\t\t\t<\/div>\n\t\t\t\t\t<\/div>\n\t\t<\/div>\n\t\t\t\t<div class=\"elementor-column elementor-col-33 elementor-top-column elementor-element elementor-element-3388dc9\" data-id=\"3388dc9\" data-element_type=\"column\">\n\t\t\t<div class=\"elementor-widget-wrap elementor-element-populated\">\n\t\t\t\t\t\t<div class=\"elementor-element elementor-element-126d5c5 elementor-widget elementor-widget-image\" data-id=\"126d5c5\" data-element_type=\"widget\" data-widget_type=\"image.default\">\n\t\t\t\t<div class=\"elementor-widget-container\">\n\t\t\t\t\t\t\t\t\t\t<figure class=\"wp-caption\">\n\t\t\t\t\t\t\t\t\t\t<img fetchpriority=\"high\" decoding=\"async\" width=\"960\" height=\"720\" src=\"https:\/\/sites.usp.br\/laaae\/wp-content\/uploads\/sites\/746\/2020\/12\/Foto-Eliane-Chim.jpg\" class=\"attachment-large size-large wp-image-1508\" alt=\"\" srcset=\"https:\/\/sites.usp.br\/laaae\/wp-content\/uploads\/sites\/746\/2020\/12\/Foto-Eliane-Chim.jpg 960w, https:\/\/sites.usp.br\/laaae\/wp-content\/uploads\/sites\/746\/2020\/12\/Foto-Eliane-Chim-300x225.jpg 300w, https:\/\/sites.usp.br\/laaae\/wp-content\/uploads\/sites\/746\/2020\/12\/Foto-Eliane-Chim-768x576.jpg 768w, https:\/\/sites.usp.br\/laaae\/wp-content\/uploads\/sites\/746\/2020\/12\/Foto-Eliane-Chim-80x60.jpg 80w, https:\/\/sites.usp.br\/laaae\/wp-content\/uploads\/sites\/746\/2020\/12\/Foto-Eliane-Chim-400x300.jpg 400w\" sizes=\"(max-width: 960px) 100vw, 960px\" \/>\t\t\t\t\t\t\t\t\t\t\t<figcaption class=\"widget-image-caption wp-caption-text\">Me. Eliane Chim (doutoranda)<\/figcaption>\n\t\t\t\t\t\t\t\t\t\t<\/figure>\n\t\t\t\t\t\t\t<\/div>\n\t\t\t\t<\/div>\n\t\t\t\t\t<\/div>\n\t\t<\/div>\n\t\t\t\t\t<\/div>\n\t\t<\/section>\n\t\t\t\t<section class=\"elementor-section elementor-top-section elementor-element elementor-element-68037a0 elementor-section-boxed elementor-section-height-default elementor-section-height-default\" data-id=\"68037a0\" data-element_type=\"section\">\n\t\t\t\t\t\t<div class=\"elementor-container elementor-column-gap-default\">\n\t\t\t\t\t\t<\/div>\n\t\t<\/section>\n\t\t\t\t<\/div>\n\t\t","protected":false},"excerpt":{"rendered":"<p>Pesquisa ORIGENS E DESENVOLVIMENTO DAS ESTRAT\u00c9GIAS DE SUBSIST\u00caNCIA BASEADAS EM PRODU\u00c7\u00c3O DE ALIMENTOS DURANTE O HOLOCENO M\u00c9DIO NA BACIA DO RIO S\u00c3O FRANCISCO: UMA ABORDAGEM MULTIDISCIPLINAR Pesquisador respons\u00e1vel:&nbsp;Me. Eliane Nunes Chim [info] (chim@usp.br)Tipo de pesquisa:&nbsp;Doutorado (Programa de Arqueologia do Museu de Arqueologia e Etnologia da USP).&nbsp;(FAPESP Processo: 20\/04402-0).Orienta\u00e7\u00e3o:&nbsp;Prof. Dr. Andr\u00e9 Strauss; e Coorientador: Prof. Dr. [&hellip;]<\/p>\n","protected":false},"author":22221,"featured_media":0,"parent":1046,"menu_order":0,"comment_status":"closed","ping_status":"closed","template":"","meta":{"_monsterinsights_skip_tracking":false,"_monsterinsights_sitenote_active":false,"_monsterinsights_sitenote_note":"","_monsterinsights_sitenote_category":0,"footnotes":"","_links_to":"","_links_to_target":""},"class_list":["post-1570","page","type-page","status-publish","hentry","entry"],"_links":{"self":[{"href":"https:\/\/sites.usp.br\/laaae\/en\/wp-json\/wp\/v2\/pages\/1570","targetHints":{"allow":["GET"]}}],"collection":[{"href":"https:\/\/sites.usp.br\/laaae\/en\/wp-json\/wp\/v2\/pages"}],"about":[{"href":"https:\/\/sites.usp.br\/laaae\/en\/wp-json\/wp\/v2\/types\/page"}],"author":[{"embeddable":true,"href":"https:\/\/sites.usp.br\/laaae\/en\/wp-json\/wp\/v2\/users\/22221"}],"replies":[{"embeddable":true,"href":"https:\/\/sites.usp.br\/laaae\/en\/wp-json\/wp\/v2\/comments?post=1570"}],"version-history":[{"count":4,"href":"https:\/\/sites.usp.br\/laaae\/en\/wp-json\/wp\/v2\/pages\/1570\/revisions"}],"predecessor-version":[{"id":2069,"href":"https:\/\/sites.usp.br\/laaae\/en\/wp-json\/wp\/v2\/pages\/1570\/revisions\/2069"}],"up":[{"embeddable":true,"href":"https:\/\/sites.usp.br\/laaae\/en\/wp-json\/wp\/v2\/pages\/1046"}],"wp:attachment":[{"href":"https:\/\/sites.usp.br\/laaae\/en\/wp-json\/wp\/v2\/media?parent=1570"}],"curies":[{"name":"wp","href":"https:\/\/api.w.org\/{rel}","templated":true}]}}