{"id":1712,"date":"2020-12-20T10:32:01","date_gmt":"2020-12-20T12:32:01","guid":{"rendered":"http:\/\/sites.usp.br\/maxplanck\/?page_id=1712"},"modified":"2020-12-21T18:43:42","modified_gmt":"2020-12-21T20:43:42","slug":"laaae-no-wikipedia","status":"publish","type":"page","link":"https:\/\/sites.usp.br\/laaae\/extensao\/laaae-no-wikipedia\/","title":{"rendered":"LAAAE no Wikip\u00e9dia"},"content":{"rendered":"\t\t<div data-elementor-type=\"wp-page\" data-elementor-id=\"1712\" class=\"elementor elementor-1712\" data-elementor-post-type=\"page\">\n\t\t\t\t\t\t<section class=\"elementor-section elementor-top-section elementor-element elementor-element-fa8f0e7 elementor-section-boxed elementor-section-height-default elementor-section-height-default\" data-id=\"fa8f0e7\" data-element_type=\"section\">\n\t\t\t\t\t\t<div class=\"elementor-container elementor-column-gap-default\">\n\t\t\t\t\t<div class=\"elementor-column elementor-col-100 elementor-top-column elementor-element elementor-element-8e7fb91\" data-id=\"8e7fb91\" data-element_type=\"column\">\n\t\t\t<div class=\"elementor-widget-wrap elementor-element-populated\">\n\t\t\t\t\t\t<div class=\"elementor-element elementor-element-9d0941d elementor-widget elementor-widget-heading\" data-id=\"9d0941d\" data-element_type=\"widget\" data-widget_type=\"heading.default\">\n\t\t\t\t<div class=\"elementor-widget-container\">\n\t\t\t<h2 class=\"elementor-heading-title elementor-size-xxl\">Extens\u00e3o - LAAAE na Wikip\u00e9dia<\/h2>\t\t<\/div>\n\t\t\t\t<\/div>\n\t\t\t\t\t<\/div>\n\t\t<\/div>\n\t\t\t\t\t<\/div>\n\t\t<\/section>\n\t\t\t\t<section class=\"elementor-section elementor-top-section elementor-element elementor-element-fc146c0 elementor-section-boxed elementor-section-height-default elementor-section-height-default\" data-id=\"fc146c0\" data-element_type=\"section\">\n\t\t\t\t\t\t<div class=\"elementor-container elementor-column-gap-default\">\n\t\t\t\t\t<div class=\"elementor-column elementor-col-100 elementor-top-column elementor-element elementor-element-91ee80b\" data-id=\"91ee80b\" data-element_type=\"column\">\n\t\t\t<div class=\"elementor-widget-wrap elementor-element-populated\">\n\t\t\t\t\t\t<div class=\"elementor-element elementor-element-b0fff3b elementor-widget-divider--view-line elementor-widget elementor-widget-divider\" data-id=\"b0fff3b\" data-element_type=\"widget\" data-widget_type=\"divider.default\">\n\t\t\t\t<div class=\"elementor-widget-container\">\n\t\t\t\t\t<div class=\"elementor-divider\">\n\t\t\t<span class=\"elementor-divider-separator\">\n\t\t\t\t\t\t<\/span>\n\t\t<\/div>\n\t\t\t\t<\/div>\n\t\t\t\t<\/div>\n\t\t\t\t\t<\/div>\n\t\t<\/div>\n\t\t\t\t\t<\/div>\n\t\t<\/section>\n\t\t\t\t<section class=\"elementor-section elementor-top-section elementor-element elementor-element-97d65b8 elementor-section-boxed elementor-section-height-default elementor-section-height-default\" data-id=\"97d65b8\" data-element_type=\"section\">\n\t\t\t\t\t\t<div class=\"elementor-container elementor-column-gap-default\">\n\t\t\t\t\t<div class=\"elementor-column elementor-col-66 elementor-top-column elementor-element elementor-element-c86ad99\" data-id=\"c86ad99\" data-element_type=\"column\">\n\t\t\t<div class=\"elementor-widget-wrap elementor-element-populated\">\n\t\t\t\t\t\t<div class=\"elementor-element elementor-element-1044a4b elementor-widget elementor-widget-text-editor\" data-id=\"1044a4b\" data-element_type=\"widget\" data-widget_type=\"text-editor.default\">\n\t\t\t\t<div class=\"elementor-widget-container\">\n\t\t\t\t\t\t\t<p style=\"font-variant-ligatures: normal; font-variant-caps: normal; font-family: Montserrat, sans-serif; font-size: 14px; font-style: normal; font-weight: 400; text-align: justify;\"><strong>LAAAE\u00a0 no Wikip\u00e9dia &#8211; a Encicl\u00f3pedia livre<\/strong><\/p><p style=\"font-variant-ligatures: normal; font-variant-caps: normal; font-family: Montserrat, sans-serif; font-size: 14px; font-style: normal; font-weight: 400; text-align: justify;\">O Laborat\u00f3rio de Arqueologia e Antropologia Ambiental e Evolutiva (LAAAE) considera que a plataforma de livre acesso \u2018Wikip\u00e9dia\u2019 \u00e9 uma importante ferramenta de difus\u00e3o cient\u00edfica. Assim, em parceria com o grupo WikiBrasil devotamos nossas energias na cria\u00e7\u00e3o e atualiza\u00e7\u00e3o de verbetes de qualidade para t\u00f3picos relacionados \u00e0s nossas atividades acad\u00eamicas. At\u00e9 o momento criamos os seguintes verbetes:<\/p><p style=\"font-variant-ligatures: normal; font-variant-caps: normal; font-family: Montserrat, sans-serif; font-size: 14px; font-style: normal; font-weight: 400; text-align: justify;\"><a style=\"font-size: 14px;\" href=\"https:\/\/pt.wikipedia.org\/wiki\/Lapa_do_Santo\">Lapa do Santo &#8211; Portugu\u00eas<\/a>\u00a0<\/p><p style=\"font-variant-ligatures: normal; font-variant-caps: normal; font-family: Montserrat, sans-serif; font-size: 14px; font-style: normal; font-weight: 400; text-align: justify;\"><a style=\"font-size: 14px;\" href=\"https:\/\/en.wikipedia.org\/wiki\/Lapa_do_Santo\">Lapa do Santo &#8211; Ingl\u00eas<\/a><\/p>\t\t\t\t\t\t<\/div>\n\t\t\t\t<\/div>\n\t\t\t\t\t<\/div>\n\t\t<\/div>\n\t\t\t\t<div class=\"elementor-column elementor-col-33 elementor-top-column elementor-element elementor-element-81075fb\" data-id=\"81075fb\" data-element_type=\"column\">\n\t\t\t<div class=\"elementor-widget-wrap elementor-element-populated\">\n\t\t\t\t\t\t<div class=\"elementor-element elementor-element-77e8f9c elementor-widget elementor-widget-image\" data-id=\"77e8f9c\" data-element_type=\"widget\" data-widget_type=\"image.default\">\n\t\t\t\t<div class=\"elementor-widget-container\">\n\t\t\t\t\t\t\t\t\t\t\t\t\t<img fetchpriority=\"high\" decoding=\"async\" width=\"450\" height=\"300\" src=\"https:\/\/sites.usp.br\/laaae\/wp-content\/uploads\/sites\/746\/2020\/12\/wikipedia-logo.jpg\" class=\"attachment-large size-large wp-image-1718\" alt=\"\" srcset=\"https:\/\/sites.usp.br\/laaae\/wp-content\/uploads\/sites\/746\/2020\/12\/wikipedia-logo.jpg 450w, https:\/\/sites.usp.br\/laaae\/wp-content\/uploads\/sites\/746\/2020\/12\/wikipedia-logo-300x200.jpg 300w, https:\/\/sites.usp.br\/laaae\/wp-content\/uploads\/sites\/746\/2020\/12\/wikipedia-logo-272x182.jpg 272w, https:\/\/sites.usp.br\/laaae\/wp-content\/uploads\/sites\/746\/2020\/12\/wikipedia-logo-400x267.jpg 400w\" sizes=\"(max-width: 450px) 100vw, 450px\" \/>\t\t\t\t\t\t\t\t\t\t\t\t\t<\/div>\n\t\t\t\t<\/div>\n\t\t\t\t\t<\/div>\n\t\t<\/div>\n\t\t\t\t\t<\/div>\n\t\t<\/section>\n\t\t\t\t<\/div>\n\t\t","protected":false},"excerpt":{"rendered":"<p>Extens\u00e3o &#8211; LAAAE na Wikip\u00e9dia LAAAE\u00a0 no Wikip\u00e9dia &#8211; a Encicl\u00f3pedia livre O Laborat\u00f3rio de Arqueologia e Antropologia Ambiental e Evolutiva (LAAAE) considera que a plataforma de livre acesso \u2018Wikip\u00e9dia\u2019 \u00e9 uma importante ferramenta de difus\u00e3o cient\u00edfica. Assim, em parceria com o grupo WikiBrasil devotamos nossas energias na cria\u00e7\u00e3o e atualiza\u00e7\u00e3o de verbetes de qualidade [&hellip;]<\/p>\n","protected":false},"author":22221,"featured_media":0,"parent":1080,"menu_order":0,"comment_status":"closed","ping_status":"closed","template":"","meta":{"_monsterinsights_skip_tracking":false,"_monsterinsights_sitenote_active":false,"_monsterinsights_sitenote_note":"","_monsterinsights_sitenote_category":0,"footnotes":"","_links_to":"","_links_to_target":""},"class_list":["post-1712","page","type-page","status-publish","hentry","entry"],"_links":{"self":[{"href":"https:\/\/sites.usp.br\/laaae\/wp-json\/wp\/v2\/pages\/1712","targetHints":{"allow":["GET"]}}],"collection":[{"href":"https:\/\/sites.usp.br\/laaae\/wp-json\/wp\/v2\/pages"}],"about":[{"href":"https:\/\/sites.usp.br\/laaae\/wp-json\/wp\/v2\/types\/page"}],"author":[{"embeddable":true,"href":"https:\/\/sites.usp.br\/laaae\/wp-json\/wp\/v2\/users\/22221"}],"replies":[{"embeddable":true,"href":"https:\/\/sites.usp.br\/laaae\/wp-json\/wp\/v2\/comments?post=1712"}],"version-history":[{"count":4,"href":"https:\/\/sites.usp.br\/laaae\/wp-json\/wp\/v2\/pages\/1712\/revisions"}],"predecessor-version":[{"id":1966,"href":"https:\/\/sites.usp.br\/laaae\/wp-json\/wp\/v2\/pages\/1712\/revisions\/1966"}],"up":[{"embeddable":true,"href":"https:\/\/sites.usp.br\/laaae\/wp-json\/wp\/v2\/pages\/1080"}],"wp:attachment":[{"href":"https:\/\/sites.usp.br\/laaae\/wp-json\/wp\/v2\/media?parent=1712"}],"curies":[{"name":"wp","href":"https:\/\/api.w.org\/{rel}","templated":true}]}}