{"id":1766,"date":"2020-12-20T12:30:15","date_gmt":"2020-12-20T14:30:15","guid":{"rendered":"http:\/\/sites.usp.br\/maxplanck\/?page_id=1766"},"modified":"2020-12-22T16:53:41","modified_gmt":"2020-12-22T18:53:41","slug":"etapas-de-campo","status":"publish","type":"page","link":"https:\/\/sites.usp.br\/laaae\/etapas-de-campo\/","title":{"rendered":"Etapas de Campo"},"content":{"rendered":"\t\t<div data-elementor-type=\"wp-page\" data-elementor-id=\"1766\" class=\"elementor elementor-1766\" data-elementor-post-type=\"page\">\n\t\t\t\t\t\t<section class=\"elementor-section elementor-top-section elementor-element elementor-element-fa8f0e7 elementor-section-boxed elementor-section-height-default elementor-section-height-default\" data-id=\"fa8f0e7\" data-element_type=\"section\">\n\t\t\t\t\t\t<div class=\"elementor-container elementor-column-gap-default\">\n\t\t\t\t\t<div class=\"elementor-column elementor-col-100 elementor-top-column elementor-element elementor-element-8e7fb91\" data-id=\"8e7fb91\" data-element_type=\"column\">\n\t\t\t<div class=\"elementor-widget-wrap elementor-element-populated\">\n\t\t\t\t\t\t<div class=\"elementor-element elementor-element-9d0941d elementor-widget elementor-widget-heading\" data-id=\"9d0941d\" data-element_type=\"widget\" data-widget_type=\"heading.default\">\n\t\t\t\t<div class=\"elementor-widget-container\">\n\t\t\t<h2 class=\"elementor-heading-title elementor-size-xxl\">Etapas de Campo<\/h2>\t\t<\/div>\n\t\t\t\t<\/div>\n\t\t\t\t\t<\/div>\n\t\t<\/div>\n\t\t\t\t\t<\/div>\n\t\t<\/section>\n\t\t\t\t<section class=\"elementor-section elementor-top-section elementor-element elementor-element-91e7063 elementor-section-boxed elementor-section-height-default elementor-section-height-default\" data-id=\"91e7063\" data-element_type=\"section\">\n\t\t\t\t\t\t<div class=\"elementor-container elementor-column-gap-default\">\n\t\t\t\t\t<div class=\"elementor-column elementor-col-100 elementor-top-column elementor-element elementor-element-e9b829a\" data-id=\"e9b829a\" data-element_type=\"column\">\n\t\t\t<div class=\"elementor-widget-wrap elementor-element-populated\">\n\t\t\t\t\t\t<div class=\"elementor-element elementor-element-412f91c elementor-widget-divider--view-line elementor-widget elementor-widget-divider\" data-id=\"412f91c\" data-element_type=\"widget\" data-widget_type=\"divider.default\">\n\t\t\t\t<div class=\"elementor-widget-container\">\n\t\t\t\t\t<div class=\"elementor-divider\">\n\t\t\t<span class=\"elementor-divider-separator\">\n\t\t\t\t\t\t<\/span>\n\t\t<\/div>\n\t\t\t\t<\/div>\n\t\t\t\t<\/div>\n\t\t\t\t<div class=\"elementor-element elementor-element-5475432 elementor-widget elementor-widget-text-editor\" data-id=\"5475432\" data-element_type=\"widget\" data-widget_type=\"text-editor.default\">\n\t\t\t\t<div class=\"elementor-widget-container\">\n\t\t\t\t\t\t\t<p style=\"text-align: justify;\"><span style=\"font-family: Montserrat, sans-serif; font-size: 14px; font-style: normal; font-variant-ligatures: normal; font-variant-caps: normal; font-weight: 400; text-align: justify;\">A equipe do Laborat\u00f3rio de Arqueologia e Antropologia Ambiental e Evolutiva (LAAAE) da Universidade de S\u00e3o Paulo coordena e participa de diversas etapas de campo como parte integrante de seus projetos de pesquisa. Os trabalhos de campo desenvolvidos pela equipe do LAAAE incluem principalmente escava\u00e7\u00f5es arqueol\u00f3gicas e etnografias.<\/span><\/p><p style=\"font-variant-ligatures: normal; font-variant-caps: normal; font-family: Montserrat, sans-serif; font-size: 14px; font-style: normal; font-weight: 400;\"><span style=\"font-size: 14px; font-weight: 600;\">Peru<\/span><\/p><ul style=\"font-variant-ligatures: normal; font-variant-caps: normal; font-family: Montserrat, sans-serif; font-size: 14px; font-style: normal; font-weight: 400; list-style-type: square;\"><li style=\"font-size: 14px; text-align: justify;\">Escava\u00e7\u00f5es Arqueol\u00f3gicas na Huaca Ventarr\u00f3n, Peru<\/li><li style=\"font-size: 14px; text-align: justify;\">Etnobot\u00e2nica nos Bosques de Algarrobo de San Jos\u00e9 de Morope, Peru [<a href=\"http:\/\/sites.usp.br\/laaae\/projeto-socioecologia-nos-bosques-de-lambayeque-laaae\/\" style=\"font-size: 14px;\">link<\/a>]<\/li><\/ul><p style=\"font-variant-ligatures: normal; font-variant-caps: normal; font-family: Montserrat, sans-serif; font-size: 14px; font-style: normal; font-weight: 400; text-align: justify;\"><span style=\"font-size: 14px; font-weight: 600;\">Amaz\u00f4nia<\/span><\/p><ul style=\"font-variant-ligatures: normal; font-variant-caps: normal; font-family: Montserrat, sans-serif; font-size: 14px; font-style: normal; font-weight: 400; list-style-type: square;\"><li style=\"font-size: 14px; text-align: justify;\">Ecologia Humana nas comunidades ribeirinhas da Flona de Caxinuan\u00e3, Amaz\u00f4nia [<a href=\"http:\/\/sites.usp.br\/laaae\/projeto-dietetica-ribeirinho-amazonia\/\" style=\"font-size: 14px;\">link<\/a>]<\/li><\/ul><p style=\"font-variant-ligatures: normal; font-variant-caps: normal; font-family: Montserrat, sans-serif; font-size: 14px; font-style: normal; font-weight: 400; text-align: justify;\"><span style=\"font-size: 14px; font-weight: 600;\">Minas Gerais<\/span><\/p><ul style=\"font-variant-ligatures: normal; font-variant-caps: normal; font-family: Montserrat, sans-serif; font-size: 14px; font-style: normal; font-weight: 400; list-style-type: square;\"><li style=\"font-size: 14px; text-align: justify;\">Escava\u00e7\u00f5es Arqueol\u00f3gicas na Lapa do Santo, Minas Gerais [<a href=\"https:\/\/pt.wikipedia.org\/wiki\/Lapa_do_Santo\" style=\"font-size: 14px;\">link<\/a>]<\/li><li style=\"font-size: 14px; text-align: justify;\">Escava\u00e7\u00f5es Arqueol\u00f3gicas em Pains, Minas Gerais<\/li><\/ul><p style=\"font-variant-ligatures: normal; font-variant-caps: normal; font-family: Montserrat, sans-serif; font-size: 14px; font-style: normal; font-weight: 400; text-align: justify;\"><span style=\"font-size: 14px; font-weight: 600;\">Esp\u00edrito Santo<\/span><\/p><ul style=\"font-variant-ligatures: normal; font-variant-caps: normal; font-family: Montserrat, sans-serif; font-size: 14px; font-style: normal; font-weight: 400; list-style-type: square;\"><li style=\"font-size: 14px; text-align: justify;\">Escava\u00e7\u00f5es Arqueol\u00f3gicas no Sambaqui Lagoa Bonita, Esp\u00edrito Santo<\/li><\/ul><p style=\"font-variant-ligatures: normal; font-variant-caps: normal; font-family: Montserrat, sans-serif; font-size: 14px; font-style: normal; font-weight: 400; text-align: justify;\"><span style=\"font-size: 14px; font-weight: 600;\">Bahia<\/span><\/p><ul style=\"font-variant-ligatures: normal; font-variant-caps: normal; font-family: Montserrat, sans-serif; font-size: 14px; font-style: normal; font-weight: 400; list-style-type: square;\"><li style=\"font-size: 14px; text-align: justify;\">Escava\u00e7\u00f5es Arqueol\u00f3gicas no Campo de Urnas de Pirajiba, Bahia<\/li><\/ul>\t\t\t\t\t\t<\/div>\n\t\t\t\t<\/div>\n\t\t\t\t\t<\/div>\n\t\t<\/div>\n\t\t\t\t\t<\/div>\n\t\t<\/section>\n\t\t\t\t<\/div>\n\t\t","protected":false},"excerpt":{"rendered":"<p>Etapas de Campo A equipe do Laborat\u00f3rio de Arqueologia e Antropologia Ambiental e Evolutiva (LAAAE) da Universidade de S\u00e3o Paulo coordena e participa de diversas etapas de campo como parte integrante de seus projetos de pesquisa. Os trabalhos de campo desenvolvidos pela equipe do LAAAE incluem principalmente escava\u00e7\u00f5es arqueol\u00f3gicas e etnografias. Peru Escava\u00e7\u00f5es Arqueol\u00f3gicas na [&hellip;]<\/p>\n","protected":false},"author":22221,"featured_media":0,"parent":0,"menu_order":0,"comment_status":"closed","ping_status":"closed","template":"","meta":{"_monsterinsights_skip_tracking":false,"_monsterinsights_sitenote_active":false,"_monsterinsights_sitenote_note":"","_monsterinsights_sitenote_category":0,"footnotes":"","_links_to":"","_links_to_target":""},"class_list":["post-1766","page","type-page","status-publish","hentry","entry"],"_links":{"self":[{"href":"https:\/\/sites.usp.br\/laaae\/wp-json\/wp\/v2\/pages\/1766","targetHints":{"allow":["GET"]}}],"collection":[{"href":"https:\/\/sites.usp.br\/laaae\/wp-json\/wp\/v2\/pages"}],"about":[{"href":"https:\/\/sites.usp.br\/laaae\/wp-json\/wp\/v2\/types\/page"}],"author":[{"embeddable":true,"href":"https:\/\/sites.usp.br\/laaae\/wp-json\/wp\/v2\/users\/22221"}],"replies":[{"embeddable":true,"href":"https:\/\/sites.usp.br\/laaae\/wp-json\/wp\/v2\/comments?post=1766"}],"version-history":[{"count":4,"href":"https:\/\/sites.usp.br\/laaae\/wp-json\/wp\/v2\/pages\/1766\/revisions"}],"predecessor-version":[{"id":2088,"href":"https:\/\/sites.usp.br\/laaae\/wp-json\/wp\/v2\/pages\/1766\/revisions\/2088"}],"wp:attachment":[{"href":"https:\/\/sites.usp.br\/laaae\/wp-json\/wp\/v2\/media?parent=1766"}],"curies":[{"name":"wp","href":"https:\/\/api.w.org\/{rel}","templated":true}]}}