{"id":1866,"date":"2020-12-20T16:41:35","date_gmt":"2020-12-20T18:41:35","guid":{"rendered":"http:\/\/sites.usp.br\/maxplanck\/?page_id=1866"},"modified":"2020-12-22T14:07:16","modified_gmt":"2020-12-22T16:07:16","slug":"disciplinas","status":"publish","type":"page","link":"https:\/\/sites.usp.br\/laaae\/ensino-2\/disciplinas\/","title":{"rendered":"Disciplinas"},"content":{"rendered":"\t\t<div data-elementor-type=\"wp-page\" data-elementor-id=\"1866\" class=\"elementor elementor-1866\" data-elementor-post-type=\"page\">\n\t\t\t\t\t\t<section class=\"elementor-section elementor-top-section elementor-element elementor-element-fa8f0e7 elementor-section-boxed elementor-section-height-default elementor-section-height-default\" data-id=\"fa8f0e7\" data-element_type=\"section\">\n\t\t\t\t\t\t<div class=\"elementor-container elementor-column-gap-default\">\n\t\t\t\t\t<div class=\"elementor-column elementor-col-100 elementor-top-column elementor-element elementor-element-8e7fb91\" data-id=\"8e7fb91\" data-element_type=\"column\">\n\t\t\t<div class=\"elementor-widget-wrap elementor-element-populated\">\n\t\t\t\t\t\t<div class=\"elementor-element elementor-element-9d0941d elementor-widget elementor-widget-heading\" data-id=\"9d0941d\" data-element_type=\"widget\" data-widget_type=\"heading.default\">\n\t\t\t\t<div class=\"elementor-widget-container\">\n\t\t\t<h2 class=\"elementor-heading-title elementor-size-xxl\">Ensino - Disciplinas LAAAE<\/h2>\t\t<\/div>\n\t\t\t\t<\/div>\n\t\t\t\t\t<\/div>\n\t\t<\/div>\n\t\t\t\t\t<\/div>\n\t\t<\/section>\n\t\t\t\t<section class=\"elementor-section elementor-top-section elementor-element elementor-element-fc146c0 elementor-section-boxed elementor-section-height-default elementor-section-height-default\" data-id=\"fc146c0\" data-element_type=\"section\">\n\t\t\t\t\t\t<div class=\"elementor-container elementor-column-gap-default\">\n\t\t\t\t\t<div class=\"elementor-column elementor-col-100 elementor-top-column elementor-element elementor-element-91ee80b\" data-id=\"91ee80b\" data-element_type=\"column\">\n\t\t\t<div class=\"elementor-widget-wrap elementor-element-populated\">\n\t\t\t\t\t\t<div class=\"elementor-element elementor-element-b0fff3b elementor-widget-divider--view-line elementor-widget elementor-widget-divider\" data-id=\"b0fff3b\" data-element_type=\"widget\" data-widget_type=\"divider.default\">\n\t\t\t\t<div class=\"elementor-widget-container\">\n\t\t\t\t\t<div class=\"elementor-divider\">\n\t\t\t<span class=\"elementor-divider-separator\">\n\t\t\t\t\t\t<\/span>\n\t\t<\/div>\n\t\t\t\t<\/div>\n\t\t\t\t<\/div>\n\t\t\t\t\t<\/div>\n\t\t<\/div>\n\t\t\t\t\t<\/div>\n\t\t<\/section>\n\t\t\t\t<section class=\"elementor-section elementor-top-section elementor-element elementor-element-91e7063 elementor-section-boxed elementor-section-height-default elementor-section-height-default\" data-id=\"91e7063\" data-element_type=\"section\">\n\t\t\t\t\t\t<div class=\"elementor-container elementor-column-gap-default\">\n\t\t\t\t\t<div class=\"elementor-column elementor-col-100 elementor-top-column elementor-element elementor-element-e9b829a\" data-id=\"e9b829a\" data-element_type=\"column\">\n\t\t\t<div class=\"elementor-widget-wrap elementor-element-populated\">\n\t\t\t\t\t\t<div class=\"elementor-element elementor-element-436fe2a elementor-widget elementor-widget-text-editor\" data-id=\"436fe2a\" data-element_type=\"widget\" data-widget_type=\"text-editor.default\">\n\t\t\t\t<div class=\"elementor-widget-container\">\n\t\t\t\t\t\t\t<p>Os docentes do Laborat\u00f3rio de Arqueologia e Antropologia Ambiental e Evolutiva (LAAAE-USP) possuem as seguintes disciplinas de gradua\u00e7\u00e3o e p\u00f3s-gradua\u00e7\u00e3o cadastradas na Universidade de S\u00e3o Paulo.<\/p><ul><li>Oferecidas no primeiro semestre de 2019<\/li><\/ul><p>ARQ-5107 \u2013 Arqueogen\u00e9tica: a hist\u00f3ria populacional humana. Local: MAE-USP. Docentes: Andr\u00e9 Strauss (MAE-USP) e T\u00e1bita H\u00fcnemeier (Dpt. de Gen\u00e9tica, IB-USP)<\/p><p><strong>Lista de todas disciplinas oferecidas pelos docentes do LAAAE-USP<\/strong><\/p><p>GRADUA\u00c7\u00c3O<\/p><p><strong>MEA-0003<\/strong>\u00a0\u2013\u00a0Arqueologia Brasileira\u00a0(segundo semestre). Local: MAE-USP. Docentes: Ximena Villagran\u00a0(MAE-USP), Ver\u00f4nica Wesolowski \u00a0(MAE-USP) e Andr\u00e9 Strauss (MAE-USP)<\/p><p><strong>BIO-0107<\/strong> \u2013 Antropologia: biologia e cultura (primeiro semestre). Local: IB-USP. Docente: Rui S\u00e9rgio Murrieta (IB-USP).<\/p><p>P\u00d3S-GRADUA\u00c7\u00c3O<\/p><p><strong>ARQ-5106\u00a0<\/strong>\u2013 T\u00f3picos avan\u00e7ados em evolu\u00e7\u00e3o humana: cultura, comportamento e a anatomia comparada homin\u00f3ide. Local: MAE-USP. Docente: Andr\u00e9 Strauss (MAE-USP)<\/p><p><strong>ARQ-5107<\/strong> \u2013 Arqueogen\u00e9tica: a hist\u00f3ria populacional humana. Local: MAE-USP. Docentes: Andr\u00e9 Strauss (MAE-USP) e T\u00e1bita H\u00fcnemeier (Dpt. de Gen\u00e9tica, IB-USP)<\/p>\t\t\t\t\t\t<\/div>\n\t\t\t\t<\/div>\n\t\t\t\t\t<\/div>\n\t\t<\/div>\n\t\t\t\t\t<\/div>\n\t\t<\/section>\n\t\t\t\t<\/div>\n\t\t","protected":false},"excerpt":{"rendered":"<p>Ensino &#8211; Disciplinas LAAAE Os docentes do Laborat\u00f3rio de Arqueologia e Antropologia Ambiental e Evolutiva (LAAAE-USP) possuem as seguintes disciplinas de gradua\u00e7\u00e3o e p\u00f3s-gradua\u00e7\u00e3o cadastradas na Universidade de S\u00e3o Paulo. Oferecidas no primeiro semestre de 2019 ARQ-5107 \u2013 Arqueogen\u00e9tica: a hist\u00f3ria populacional humana. Local: MAE-USP. Docentes: Andr\u00e9 Strauss (MAE-USP) e T\u00e1bita H\u00fcnemeier (Dpt. de Gen\u00e9tica, [&hellip;]<\/p>\n","protected":false},"author":22221,"featured_media":0,"parent":1377,"menu_order":0,"comment_status":"closed","ping_status":"closed","template":"","meta":{"_monsterinsights_skip_tracking":false,"_monsterinsights_sitenote_active":false,"_monsterinsights_sitenote_note":"","_monsterinsights_sitenote_category":0,"footnotes":"","_links_to":"","_links_to_target":""},"class_list":["post-1866","page","type-page","status-publish","hentry","entry"],"_links":{"self":[{"href":"https:\/\/sites.usp.br\/laaae\/wp-json\/wp\/v2\/pages\/1866","targetHints":{"allow":["GET"]}}],"collection":[{"href":"https:\/\/sites.usp.br\/laaae\/wp-json\/wp\/v2\/pages"}],"about":[{"href":"https:\/\/sites.usp.br\/laaae\/wp-json\/wp\/v2\/types\/page"}],"author":[{"embeddable":true,"href":"https:\/\/sites.usp.br\/laaae\/wp-json\/wp\/v2\/users\/22221"}],"replies":[{"embeddable":true,"href":"https:\/\/sites.usp.br\/laaae\/wp-json\/wp\/v2\/comments?post=1866"}],"version-history":[{"count":3,"href":"https:\/\/sites.usp.br\/laaae\/wp-json\/wp\/v2\/pages\/1866\/revisions"}],"predecessor-version":[{"id":2026,"href":"https:\/\/sites.usp.br\/laaae\/wp-json\/wp\/v2\/pages\/1866\/revisions\/2026"}],"up":[{"embeddable":true,"href":"https:\/\/sites.usp.br\/laaae\/wp-json\/wp\/v2\/pages\/1377"}],"wp:attachment":[{"href":"https:\/\/sites.usp.br\/laaae\/wp-json\/wp\/v2\/media?parent=1866"}],"curies":[{"name":"wp","href":"https:\/\/api.w.org\/{rel}","templated":true}]}}