{"id":1917,"date":"2020-12-21T14:44:15","date_gmt":"2020-12-21T16:44:15","guid":{"rendered":"http:\/\/sites.usp.br\/maxplanck\/?page_id=1917"},"modified":"2020-12-21T16:08:56","modified_gmt":"2020-12-21T18:08:56","slug":"eventos","status":"publish","type":"page","link":"https:\/\/sites.usp.br\/laaae\/eventos\/","title":{"rendered":"Eventos"},"content":{"rendered":"\t\t<div data-elementor-type=\"wp-page\" data-elementor-id=\"1917\" class=\"elementor elementor-1917\" data-elementor-post-type=\"page\">\n\t\t\t\t\t\t<section class=\"elementor-section elementor-top-section elementor-element elementor-element-fa8f0e7 elementor-section-boxed elementor-section-height-default elementor-section-height-default\" data-id=\"fa8f0e7\" data-element_type=\"section\">\n\t\t\t\t\t\t<div class=\"elementor-container elementor-column-gap-default\">\n\t\t\t\t\t<div class=\"elementor-column elementor-col-100 elementor-top-column elementor-element elementor-element-8e7fb91\" data-id=\"8e7fb91\" data-element_type=\"column\">\n\t\t\t<div class=\"elementor-widget-wrap elementor-element-populated\">\n\t\t\t\t\t\t<div class=\"elementor-element elementor-element-9d0941d elementor-widget elementor-widget-heading\" data-id=\"9d0941d\" data-element_type=\"widget\" data-widget_type=\"heading.default\">\n\t\t\t\t<div class=\"elementor-widget-container\">\n\t\t\t<h2 class=\"elementor-heading-title elementor-size-xxl\">Eventos<\/h2>\t\t<\/div>\n\t\t\t\t<\/div>\n\t\t\t\t\t<\/div>\n\t\t<\/div>\n\t\t\t\t\t<\/div>\n\t\t<\/section>\n\t\t\t\t<section class=\"elementor-section elementor-top-section elementor-element elementor-element-fc146c0 elementor-section-boxed elementor-section-height-default elementor-section-height-default\" data-id=\"fc146c0\" data-element_type=\"section\">\n\t\t\t\t\t\t<div class=\"elementor-container elementor-column-gap-default\">\n\t\t\t\t\t<div class=\"elementor-column elementor-col-100 elementor-top-column elementor-element elementor-element-91ee80b\" data-id=\"91ee80b\" data-element_type=\"column\">\n\t\t\t<div class=\"elementor-widget-wrap elementor-element-populated\">\n\t\t\t\t\t\t<div class=\"elementor-element elementor-element-b0fff3b elementor-widget-divider--view-line elementor-widget elementor-widget-divider\" data-id=\"b0fff3b\" data-element_type=\"widget\" data-widget_type=\"divider.default\">\n\t\t\t\t<div class=\"elementor-widget-container\">\n\t\t\t\t\t<div class=\"elementor-divider\">\n\t\t\t<span class=\"elementor-divider-separator\">\n\t\t\t\t\t\t<\/span>\n\t\t<\/div>\n\t\t\t\t<\/div>\n\t\t\t\t<\/div>\n\t\t\t\t\t<\/div>\n\t\t<\/div>\n\t\t\t\t\t<\/div>\n\t\t<\/section>\n\t\t\t\t<section class=\"elementor-section elementor-top-section elementor-element elementor-element-055ad26 elementor-section-boxed elementor-section-height-default elementor-section-height-default\" data-id=\"055ad26\" data-element_type=\"section\">\n\t\t\t\t\t\t<div class=\"elementor-container elementor-column-gap-default\">\n\t\t\t\t\t<div class=\"elementor-column elementor-col-100 elementor-top-column elementor-element elementor-element-926b4cf\" data-id=\"926b4cf\" data-element_type=\"column\">\n\t\t\t<div class=\"elementor-widget-wrap elementor-element-populated\">\n\t\t\t\t\t\t<div class=\"elementor-element elementor-element-3532cd4 elementor-widget elementor-widget-text-editor\" data-id=\"3532cd4\" data-element_type=\"widget\" data-widget_type=\"text-editor.default\">\n\t\t\t\t<div class=\"elementor-widget-container\">\n\t\t\t\t\t\t\t<p style=\"text-align: justify;\">O Laborat\u00f3rio de Arqueologia e Antropologia Ambiental e Evolutiva organiza uma s\u00e9rie de eventos abertos ao p\u00fablico com o objetivo de fomentar o debate acad\u00eamico e divulgar o conhecimento cient\u00edfico.<\/p>\t\t\t\t\t\t<\/div>\n\t\t\t\t<\/div>\n\t\t\t\t\t<\/div>\n\t\t<\/div>\n\t\t\t\t\t<\/div>\n\t\t<\/section>\n\t\t\t\t<section class=\"elementor-section elementor-top-section elementor-element elementor-element-68037a0 elementor-section-boxed elementor-section-height-default elementor-section-height-default\" data-id=\"68037a0\" data-element_type=\"section\">\n\t\t\t\t\t\t<div class=\"elementor-container elementor-column-gap-default\">\n\t\t\t\t\t\t<\/div>\n\t\t<\/section>\n\t\t\t\t<\/div>\n\t\t","protected":false},"excerpt":{"rendered":"<p>Eventos O Laborat\u00f3rio de Arqueologia e Antropologia Ambiental e Evolutiva organiza uma s\u00e9rie de eventos abertos ao p\u00fablico com o objetivo de fomentar o debate acad\u00eamico e divulgar o conhecimento cient\u00edfico.<\/p>\n","protected":false},"author":834,"featured_media":0,"parent":0,"menu_order":0,"comment_status":"closed","ping_status":"closed","template":"","meta":{"_monsterinsights_skip_tracking":false,"_monsterinsights_sitenote_active":false,"_monsterinsights_sitenote_note":"","_monsterinsights_sitenote_category":0,"footnotes":"","_links_to":"","_links_to_target":""},"class_list":["post-1917","page","type-page","status-publish","hentry","entry"],"_links":{"self":[{"href":"https:\/\/sites.usp.br\/laaae\/wp-json\/wp\/v2\/pages\/1917","targetHints":{"allow":["GET"]}}],"collection":[{"href":"https:\/\/sites.usp.br\/laaae\/wp-json\/wp\/v2\/pages"}],"about":[{"href":"https:\/\/sites.usp.br\/laaae\/wp-json\/wp\/v2\/types\/page"}],"author":[{"embeddable":true,"href":"https:\/\/sites.usp.br\/laaae\/wp-json\/wp\/v2\/users\/834"}],"replies":[{"embeddable":true,"href":"https:\/\/sites.usp.br\/laaae\/wp-json\/wp\/v2\/comments?post=1917"}],"version-history":[{"count":3,"href":"https:\/\/sites.usp.br\/laaae\/wp-json\/wp\/v2\/pages\/1917\/revisions"}],"predecessor-version":[{"id":1921,"href":"https:\/\/sites.usp.br\/laaae\/wp-json\/wp\/v2\/pages\/1917\/revisions\/1921"}],"wp:attachment":[{"href":"https:\/\/sites.usp.br\/laaae\/wp-json\/wp\/v2\/media?parent=1917"}],"curies":[{"name":"wp","href":"https:\/\/api.w.org\/{rel}","templated":true}]}}