{"id":1985,"date":"2020-12-22T11:53:29","date_gmt":"2020-12-22T13:53:29","guid":{"rendered":"http:\/\/sites.usp.br\/maxplanck\/?page_id=1985"},"modified":"2022-05-22T18:54:49","modified_gmt":"2022-05-22T20:54:49","slug":"publicacoes","status":"publish","type":"page","link":"https:\/\/sites.usp.br\/laaae\/publicacoes\/","title":{"rendered":"Publica\u00e7\u00f5es"},"content":{"rendered":"\t\t<div data-elementor-type=\"wp-page\" data-elementor-id=\"1985\" class=\"elementor elementor-1985\" data-elementor-post-type=\"page\">\n\t\t\t\t\t\t<section class=\"elementor-section elementor-top-section elementor-element elementor-element-fa8f0e7 elementor-section-boxed elementor-section-height-default elementor-section-height-default\" data-id=\"fa8f0e7\" data-element_type=\"section\">\n\t\t\t\t\t\t<div class=\"elementor-container elementor-column-gap-default\">\n\t\t\t\t\t<div class=\"elementor-column elementor-col-100 elementor-top-column elementor-element elementor-element-8e7fb91\" data-id=\"8e7fb91\" data-element_type=\"column\">\n\t\t\t<div class=\"elementor-widget-wrap elementor-element-populated\">\n\t\t\t\t\t\t<div class=\"elementor-element elementor-element-9d0941d elementor-widget elementor-widget-heading\" data-id=\"9d0941d\" data-element_type=\"widget\" data-widget_type=\"heading.default\">\n\t\t\t\t<div class=\"elementor-widget-container\">\n\t\t\t<h2 class=\"elementor-heading-title elementor-size-xxl\">Publica\u00e7\u00f5es<\/h2>\t\t<\/div>\n\t\t\t\t<\/div>\n\t\t\t\t\t<\/div>\n\t\t<\/div>\n\t\t\t\t\t<\/div>\n\t\t<\/section>\n\t\t\t\t<section class=\"elementor-section elementor-top-section elementor-element elementor-element-fc146c0 elementor-section-boxed elementor-section-height-default elementor-section-height-default\" data-id=\"fc146c0\" data-element_type=\"section\">\n\t\t\t\t\t\t<div class=\"elementor-container elementor-column-gap-default\">\n\t\t\t\t\t<div class=\"elementor-column elementor-col-100 elementor-top-column elementor-element elementor-element-91ee80b\" data-id=\"91ee80b\" data-element_type=\"column\">\n\t\t\t<div class=\"elementor-widget-wrap elementor-element-populated\">\n\t\t\t\t\t\t<div class=\"elementor-element elementor-element-b0fff3b elementor-widget-divider--view-line elementor-widget elementor-widget-divider\" data-id=\"b0fff3b\" data-element_type=\"widget\" data-widget_type=\"divider.default\">\n\t\t\t\t<div class=\"elementor-widget-container\">\n\t\t\t\t\t<div class=\"elementor-divider\">\n\t\t\t<span class=\"elementor-divider-separator\">\n\t\t\t\t\t\t<\/span>\n\t\t<\/div>\n\t\t\t\t<\/div>\n\t\t\t\t<\/div>\n\t\t\t\t\t<\/div>\n\t\t<\/div>\n\t\t\t\t\t<\/div>\n\t\t<\/section>\n\t\t\t\t<section class=\"elementor-section elementor-top-section elementor-element elementor-element-91e7063 elementor-section-boxed elementor-section-height-default elementor-section-height-default\" data-id=\"91e7063\" data-element_type=\"section\">\n\t\t\t\t\t\t<div class=\"elementor-container elementor-column-gap-default\">\n\t\t\t\t\t<div class=\"elementor-column elementor-col-100 elementor-top-column elementor-element elementor-element-e9b829a\" data-id=\"e9b829a\" data-element_type=\"column\">\n\t\t\t<div class=\"elementor-widget-wrap elementor-element-populated\">\n\t\t\t\t\t\t<div class=\"elementor-element elementor-element-436fe2a elementor-widget elementor-widget-text-editor\" data-id=\"436fe2a\" data-element_type=\"widget\" data-widget_type=\"text-editor.default\">\n\t\t\t\t<div class=\"elementor-widget-container\">\n\t\t\t\t\t\t\t<p><span style=\"font-size: 18pt;\">2022<\/span><\/p><p><span style=\"color: #ff0000;\">Correia M A<\/span>, <span style=\"color: #ff0000;\">Inglez M<\/span>, Ribeiro T, Deitos A. 2022 Metodologia para Avalia\u00e7\u00e3o do N\u00famero M\u00ednimo de Indiv\u00edduos. Em: Machado C P, et al. (Eds.). <a href=\"https:\/\/www.millenniumeditora.com.br\/ciencias-forenses\/tratado-de-antropologia-forense?parceiro=6077\">Tratado de Antropologia Forense &#8211; Fundamentos e metodologias aplicadas \u00e0 pr\u00e1tica pericial<\/a>. Bras\u00edlia, Brasil: Editora Millenium.<\/p><p>Ribeiro T, <span style=\"color: #ff0000;\">Correia M A<\/span>, Di Giusto M, Guimar\u00e3es M, Gobbo L, Secchieri J. 2022 Laborat\u00f3rio de Antropologia Forense: estrutura\u00e7\u00e3o, processos de prepara\u00e7\u00e3o, exame de esqueletos e curadoria. Em: Machado C P, et al. (Eds.). <a href=\"https:\/\/www.millenniumeditora.com.br\/ciencias-forenses\/tratado-de-antropologia-forense?parceiro=6077\">Tratado de Antropologia Forense &#8211; Fundamentos e metodologias aplicadas \u00e0 pr\u00e1tica pericial<\/a>. Bras\u00edlia, Brasil: Editora Millenium. <\/p><p><span style=\"color: #ff0000;\">Strauss A D<\/span>. 2022. Um ensaio sobre a Arqueologia da Paisagem. Revista Haw\u00f2 2. <a href=\"https:\/\/www.revistas.ufg.br\/hawo\/article\/view\/72186\">PDF<\/a><\/p><p>Villagran X S, <span style=\"color: #ff0000;\">Alves L M<\/span>, Kater T, da Silva K B V, Batalla N, da Costa M, Costa J, Erler D M A, Ferreira M P, Magon P, dos Reys A C, <span style=\"color: #ff0000;\">Straioto H<\/span>, Tognoli A R, <span style=\"color: #ff0000;\">Strauss A<\/span>, del Lama E A, Martins L, Teixeira-Bastos M, Neves E G, Zimpel C, Pugliese F. 2022. Petrografia de cer\u00e2micas da fase Bacabal (sambaqui Monte Castelo): um dos mais antigos usos de cauixi\u00a0 na Amaz\u00f4nia. Boletim Museu Paraense Em\u00edlio Goeldi. Ci\u00e2ncias Humanas 17 <a href=\"https:\/\/www.scielo.br\/j\/bgoeldi\/a\/VRRsVrFRghnS5dzkKJ84DTC\/\">PDF<\/a><\/p><p>Ferreira R L, Bernard E, da Cruz J\u00fanior FW, Pil\u00f3 LB, Calux A, Souza-Silva S-S, Barlow J, Pompeu P S, Cardoso P, Mammola S, Garc\u00eda A M, Jeffery W J, Shear W, Medell\u00edn R A, Wynne J J, Borges P A V, Kamimura Y, Pipan T, Hajna N Z, Sendra A, Peck S, Onac B P, Culver D C, Hoch H, Flot J-F, Stoch F, Pavlek M, Niemiller M L, Manchi S, Deharveng L, Fenolio D, Calaforra J-M, Yager J, Griebler C, Nader F H, Humphreys W F, Hughes A C, Fenton B, Forti P, Sauro F, Veni G, Frumkin A, Gavish-Regev E, Fi\u0161er C, Trontelj P, Zagmajster M, Delic T, Galassi D M P, Vaccarelli I, Komnenov M, Gainett G, Tavares V da C, Kov\u00e1c L, Miller A Z, Yoshizawa K, Lorenzo T D, Moldovan O T, S\u00e1nchez-Fern\u00e1ndez D, Moutaouakil S, Howarth F, Biland\u017eija H, Dra\u017eina T, Kuhari N, Butorac V, Lienhard C, Cooper S J B, Eme D, <span style=\"color: #ff0000;\">Strauss A D<\/span>, Sacc\u00f2 M, Zhao Y, Williams P, Tian M, Tanalgo K, Woo K-S, Barjakovic M, McCracken G F, Simmons N B, Racey P A, Ford D, Labegalini J A, Colzato N, Pereira M J R, Aguiar L M S, Moratelli R, Du Preez G, P\u00e9rez-Gonz\u00e1lez A, Reboleira A S P S, Gunn J, Mc Cartney A, Bobrowiec P E D, Milko D, Kinuthia W, Fischer E, Meierhofer M B, Winifred F F. Brazilian cave heritage under siege. Science. 375 <a href=\"https:\/\/www.science.org\/doi\/10.1126\/science.abo1973\">PDF<\/a><\/p><p style=\"text-align: justify;\"><span style=\"font-size: 18pt;\">2021<\/span><\/p><p>Bo\u00ebda E, Ramos M, P\u00e9rez A, Hatt\u00e9 C, Lahaye C, Pino M, H\u00e9risson D, Clemente-Conte I, Fontugne M, Gu\u00e9rin G, Villagran X, Santos JC, Costa L, Germond L, Ahmed-Delacroix NE, Da Costa A, Borges C, Hoeltz S, Felice G, Gluchy M, Havre G, Griggo C, Lucas L, Souza I, Sibeli V, <span style=\"color: #ff0000;\">Strauss A<\/span>, Kerner J, Guidon N. 2021. 24.0 kyr cal BP stone artefact from Vale da Pedra Furada, Piau\u00ed, Brazil: Techno-functional analysis. PLoS ONE 16:e0247965. <a href=\"https:\/\/journals.plos.org\/plosone\/article?id=10.1371\/journal.pone.0247965\" target=\"_blank\" rel=\"noopener\">PDF<\/a><\/p><p><span style=\"color: #ff0000;\">Rapchan ES<\/span>, Carniel F. 2021. Como compor com um v\u00edrus!? Reflex\u00f5es sobre os Animal Studies no tempo das pandemias. Horizontes Antropol\u00f3gicos (27)59. <a href=\"https:\/\/www.scielo.br\/j\/ha\/a\/fnn8cvQJhMJw5KzctFnSWZQ\/?lang=pt\" target=\"_blank\" rel=\"noopener\">PDF<\/a><\/p><p><span style=\"color: #ff0000;\">Rapchan ES<\/span>; Carniel F. 2021. Desigualdades entrela\u00e7adas: figura\u00e7\u00f5es da animalidade no imagin\u00e1rio colonial-moderno. Dossi\u00ea Animais no Direito, na Hist\u00f3ria e na Literatura. Revista Latinoamericana de Estudios Cr\u00edticos Animales. <a href=\"https:\/\/www.revistaleca.org\/journal\/index.php\/RLECA\/article\/view\/294\" target=\"_blank\" rel=\"noopener\">PDF<\/a><\/p><p>Villagran XS, Hartmann GA, Stahlschmidt M, Heinrich S, Gluchy MF, Hatt\u00e9 C, Lahaye C, Griggo C, P\u00e9rez A, Ramos MPM, <span style=\"color: #ff0000;\">Straioto H<\/span>, Santos J, Trindade RIF, <span style=\"color: #ff0000;\">Strauss A<\/span>, Guidon N, B\u00f6eda E. 2021. Formation Processes of the Late Pleistocene Site Toca da Janela da Barra do Antoni\u00e3o \u2013 Piau\u00ed (Brazil). Paleoamerica 7: 260:279. <a href=\"https:\/\/www.tandfonline.com\/doi\/abs\/10.1080\/20555563.2021.1931744\">PDF<\/a><\/p><p style=\"text-align: justify;\"><span style=\"font-size: 18pt;\">2020<\/span><\/p><p><span style=\"font-size: 12pt;\">Neves W, <span style=\"color: #ff0000;\">Rapchan ES<\/span>, Blumrich L. 2020.\u00a0 <a href=\"https:\/\/www.livrariadafisica.com.br\/detalhe_produto.aspx?id=149848&amp;titulo=A+Origem+do+Significado:+Uma+Abordagem+Paleoantropol%C3%B3gica\">A origem do significado. Uma abordagem paleoantropol\u00f3gica<\/a>. S\u00e3o Paulo: Ed. Cultura Did\u00e1tica. <\/span><\/p><p><span style=\"font-size: 12pt;\">Haaland MM, <span style=\"color: #ff0000;\">Strauss A<\/span>, Velliky EC, Mentzer SM, Miller CE, Van Niekerk KL, Henshilwood CS. 2020. Hidden in plain sight: a microanalytical study of a Middle Stone Age ochre piece trapped inside a micromorphological block sample. Geoarchaeology. <a href=\"https:\/\/sites.usp.br\/maxplanck\/wp-content\/uploads\/sites\/746\/2020\/12\/Artigo-Bloco-Ocre-Blombos-2020.pdf\" target=\"_blank\" rel=\"noopener\">PDF<\/a><\/span><\/p><p style=\"text-align: justify;\"><span style=\"font-size: 12pt;\"><span style=\"color: #ff0000;\">Oliveira RE<\/span>, Solari A, Silva SFSM, Martin G, Soares CB,\u00a0<span style=\"color: #ff0000;\">Strauss A<\/span>. 2020.\u00a0Dental corrosion in preindustrial societies: A case study of a child from \u201cPedra do Cachorro\u201d dating to 1,470 BP, Northeastern Brazil. Dental Anthropology 33.\u00a0<a href=\"https:\/\/journal.dentalanthropology.org\/index.php\/jda\/article\/view\/293\">PDF<\/a><\/span><\/p><p style=\"text-align: justify;\"><span style=\"font-size: 12pt;\">Utida G, Cruz FW, Santos RV, Sawakuchi AO, Wang H, Pessenda LCR, Novello VF, Vuille M,\u00a0<span style=\"color: #ff0000;\">Strauss A<\/span>, <span style=\"color: #ff0000;\">Borella AC<\/span>, Str\u00edkis NM, Guedes CCF, Andrade FRD, Zhang H, Cheng H, Edwards RL. 2020. Climate changes in Northeastern Brazil from deglacial to Meghalayan periods and related environmenal impacts. Quaternary Science Reviews 250: 106655.\u00a0<a href=\"https:\/\/www.sciencedirect.com\/science\/article\/abs\/pii\/S027737912030617X\">PDF<\/a><\/span><\/p><p style=\"text-align: justify;\"><span style=\"font-size: 12pt;\">Nardoto GB, daSilva R, Schor T, Garavello MEPE, daSilva MRF, Rodrigues LPF,\u00a0<span style=\"color: #ff0000;\">Murrieta RSS<\/span>, Camilo EA, Reinaldo EDF, Aquino FC, daSilva EA, Camargo PB, Moreira MZ, Mazzi EA, Duarte-Neto PJ, Martinelli LA. 2020.\u00a0Mapping carbon and nitrogen isotopic composition of fingernails to demonstrate a rural\u2013urban nutrition transition in the Center-West, Northeast, and Amazon regions of Brazil. American Journal of Physical Anthropology 1-14.\u00a0<a href=\"https:\/\/onlinelibrary.wiley.com\/doi\/abs\/10.1002\/ajpa.24078\">PDF<\/a><\/span><\/p><p style=\"text-align: justify;\"><span style=\"font-size: 12pt;\">Jaouen K, Trost M, Bourgon N, Colleter R, LeCabec A, T\u00fctken T,\u00a0<span style=\"color: #ff0000;\">Oliveira RE<\/span>, Pons ML, M\u00e9jean P, Steinbrenner S, Chmeleff J,\u00a0<span style=\"color: #ff0000;\">Strauss A<\/span>. 2020.\u00a0Zinc isotope variations in archeological human teeth (Lapa do Santo, Brazil) reveal dietary transitions in childhood and no contamination from gloves. PLoS ONE\u00a010:e0137456.\u00a0<a href=\"https:\/\/journals.plos.org\/plosone\/article?id=10.1371\/journal.pone.0232379\">PDF<\/a><\/span><\/p><p style=\"text-align: justify;\"><span style=\"font-size: 12pt;\"><span style=\"color: #ff0000;\">Prado HM<\/span>, da Silva RC, Schlindwein MN,\u00a0<span style=\"color: #ff0000;\">Murrieta RSS<\/span>. 2020.\u00a0Ethnography, ethnobiology and natural history: narratives on hunting and ecology of mammals among\u00a0quilombolas\u00a0from Southeast Brazil.\u00a0J Ethnobiology Ethnomedicine\u00a016:9.\u00a0<a href=\"https:\/\/ethnobiomed.biomedcentral.com\/articles\/10.1186\/s13002-020-0359-3\">PDF<\/a><\/span><\/p><p style=\"text-align: justify;\"><span style=\"font-size: 12pt;\"><span style=\"color: #ff0000;\">Strauss A<\/span>, Rodrigues IMM, Baeta A, Villagran XS, Alves M, Pugliese Jr F, Bissaro Jr M,\u00a0<span style=\"color: #ff0000;\">Oliveira RE<\/span>, Neves G, <span style=\"color: #ff0000;\">Bueno L<\/span>, Moreno de Sousa JC, Morrow JJ, Reinhard KJ, Hermenegildo T, Constantino G,\u00a0<span style=\"color: #ff0000;\">Chim EN<\/span>, Santos RO, dePaiva M, Kipnis R, Neves WA. 2020.\u00a0The archaeological record of Lagoa Santa (East-Central Brazil): from the Late Pleistocene to historical times. Em: Auler A, Pessoa P. (Eds.). Lagoa Santa Karst. Springer. Ingl\u00eas.\u00a0<a href=\"https:\/\/link.springer.com\/chapter\/10.1007\/978-3-030-35940-9_12\">PDF<\/a><\/span><\/p><p style=\"text-align: justify;\"><span style=\"font-size: 18pt;\"><strong>2019<\/strong><\/span><\/p><p style=\"text-align: justify;\"><span style=\"font-size: 12pt;\">Aristide A,\u00a0<span style=\"color: #ff0000;\">Strauss A<\/span>, Halenar-Price LB, Gilissen E, Cruz FW, Cartelle C, Rosenberger AL, Lopes RT, dos Reis SF, Perez I. 2019.\u00a0Cranial and endocranial diversity in extant and fossil atelids (Platyrrhini: Atelidae): A geometric morphometric study. American Journal of Physical Anthropology\u00a0 1-10.\u00a0<a href=\"https:\/\/onlinelibrary.wiley.com\/doi\/full\/10.1002\/ajpa.23837?casa_token=ZHQPLJKoDmwAAAAA%3ABGYFJsnGJZa98G-E8vvCZBugFLV0J4l7-ieW6nrDBdi5SqzvJaUAHDZD_Ubtfvo5puULRs_AwRsj7VDpBA\">PDF<\/a><\/span><\/p><p style=\"text-align: justify;\"><span style=\"font-size: 12pt;\">Bosch MD, Buck L,\u00a0<span style=\"color: #ff0000;\">Strauss A<\/span>.\u00a02019.\u00a0Location, location, location: investigating perforation locations in Tritia gibbosula shells at Ks\u00e2r \u2018Akil (Lebanon) using micro-CT data.\u00a0PaleoAnthropology: 52-63.\u00a0\u00a0<a href=\"https:\/\/www.academia.edu\/38543273\/Bosch_Buck_and_Strauss_2019_Location_Location_Location_Investigating_Perforation_Locations_in_Tritia_gibbosula_Shells_at_Ks%C3%A2r_Akil_Lebanon_Using_Micro_CT_Data_PaleoAnthropology_2019_52_63\">PDF<\/a><\/span><\/p><p style=\"text-align: justify;\"><span style=\"font-size: 12pt;\"><span style=\"color: #ff0000;\">Bueno L<\/span>. 2019.\u00a0Arqueologia do povoamento inicial da Am\u00e9rica ou Hist\u00f3ria Antiga da Am\u00e9rica: qu\u00e3o antigo pode ser um \u2018Novo Mundo\u2019.\u00a0Boletim do Museu Paraense Em\u00edlio Goeldi Ci\u00eancias Humanas 14:477-495.\u00a0<a href=\"https:\/\/www.scielo.br\/scielo.php?pid=S1981-81222019000200477&amp;script=sci_abstract&amp;tlng=pt\">PDF<\/a><\/span><\/p><p style=\"text-align: justify;\"><span style=\"font-size: 12pt;\"><span style=\"color: #ff0000;\">Bueno L<\/span>, Betarello J, Lima F. 2019.\u00a0O Vale do rio Tocantins entre o fim do Pleistoceno e Holoceno M\u00e9dio: discutindo hip\u00f3teses sobre povoamento e fronteiras.\u00a0Revista del Museo de La Plata\u00a0 4:437-462\u00a0<a href=\"https:\/\/www.researchgate.net\/publication\/334834381_El_valle_del_rio_Tocantins_entre_el_fin_del_Pleistoceno_y_el_Holoceno_Medio_discutiendo_hipotesis_sobre_poblamientos_y_fronteras\">PDF<\/a><\/span><\/p><p style=\"text-align: justify;\"><span style=\"font-size: 12pt;\"><span style=\"color: #ff0000;\">Prado HM<\/span>, Schlindwein MN,\u00a0<span style=\"color: #ff0000;\">Murrieta RSS<\/span>, Nascimento Jr., Souza EP, Cunha-Lignon M, Mahiques MM, Giannini PCF, Contente RF. 2019. The Valo Grande channel in the Canan\u00e9ia-Iguape estuary-lagoon complex (SP. Brazil): environmental history, ecology, and future perspectives. Ambiente e sociedade 22.\u00a0<a href=\"http:\/\/www.scielo.br\/scielo.php?script=sci_arttext&amp;pid=S1414-753X2019000100405&amp;lng=en&amp;nrm=iso&amp;tlng=pt\">PDF<\/a><\/span><\/p><p style=\"text-align: justify;\"><span style=\"font-size: 12pt;\"><span style=\"color: #ff0000;\">Rapchan ES<\/span>. 2019. Somos todos primatas. e o que a Antropologia tem a ver com isso? Editora Appris. <a href=\"https:\/\/www.saraiva.com.br\/somos-todos-primatas-e-o-que-a-antropologia-tem-a-ver-com-isso-10505519\/p\">PDF<\/a><\/span><\/p><p style=\"text-align: justify;\"><span style=\"font-size: 12pt;\"><span style=\"color: #ff0000;\">Rapchan ES<\/span>. 2019. Doen\u00e7a, conflito e extin\u00e7\u00e3o: Sobre as rela\u00e7\u00f5es entre humanos e macacos mediadas pelos surtos recentes de febre amarela no Brasil (2011-2018). Caderno Eletr\u00f4nico de Ci\u00eancias Sociais 7: 27-42.\u00a0<a href=\"https:\/\/periodicos.ufes.br\/cadecs\/article\/view\/28289\/20099\">PDF<\/a><\/span><\/p><p style=\"text-align: justify;\"><span style=\"font-size: 12pt;\"><span style=\"color: #ff0000;\">Rapchan ES<\/span>, Neves WA. 2019. An anthropological analysis about primatology. Reports of a particular human-animal relationship with Capuchin monkeys. Anais da Academia Brasileira de Ci\u00eancias 91.\u00a0<a href=\"https:\/\/www.scielo.br\/scielo.php?pid=S0001-37652019000701001&amp;script=sci_abstract&amp;tlng=pt\">PDF<\/a><\/span><\/p><p style=\"text-align: justify;\"><span style=\"font-size: 12pt;\"><span style=\"color: #ff0000;\">Rapchan ES<\/span>. 2019. Primatologia e Ci\u00eancias Sociais. Ci\u00eancia e Cultura 71: 40-45.\u00a0<a href=\"http:\/\/cienciaecultura.bvs.br\/scielo.php?pid=S0009-67252019000200013&amp;script=sci_arttext&amp;tlng=en\">PDF<\/a><\/span><\/p><p style=\"text-align: justify;\"><span style=\"font-size: 12pt;\">Villagran X,\u00a0<span style=\"color: #ff0000;\">Strauss A<\/span>, Alves M,\u00a0<span style=\"color: #ff0000;\">Oliveira R<\/span>. 2019.\u00a0Virtual micromorphology: the application of micro CT scanning for identification of termite mounds in archaeological sediments.\u00a0Journal of Archaeological Science: Reports 24:785-795\u00a0<a href=\"https:\/\/www.sciencedirect.com\/science\/article\/pii\/S2352409X18305054?casa_token=q0D2qA74duYAAAAA:ENr90__tnqYimojOMiUwvyZw3x1m432f1H3Ff5Im6n4ySoa23mLeWY7esrJcfgJVh9ljR7xQjgN\">PDF<\/a><\/span><\/p><p style=\"text-align: justify;\"><span style=\"font-size: 18pt;\"><strong>2018<\/strong><\/span><\/p><p style=\"text-align: justify;\"><span style=\"font-size: 12pt;\">Carniel F,\u00a0<span style=\"color: #ff0000;\">Rapchan ES<\/span>. 2018. Usos (sem abuso) do texto etnogr\u00e1fico em sala de aula. Revista Brasileira de Estudos em Pedagogia 99:687-699.\u00a0\u00a0<a href=\"https:\/\/www.scielo.br\/scielo.php?pid=S2176-66812018000300687&amp;script=sci_arttext&amp;tlng=pt\">PDF<\/a><\/span><\/p><p style=\"text-align: justify;\"><span style=\"font-size: 12pt;\"><span style=\"color: #ff0000;\">Oliveira R<\/span>, da-Gl\u00f3ria P, Neves W. 2018.\u00a0A percep\u00e7\u00e3o do meio ambiente por parte da popula\u00e7\u00e3o atual de Lagoa Santa e suas implica\u00e7\u00f5es para a Arqueologia Regional.\u00a0Revista De Arqueologia 31: 104-130.\u00a0<a href=\"https:\/\/www.revista.sabnet.org\/index.php\/SAB\/article\/view\/537\/499\">PDF<\/a><\/span><\/p><p style=\"text-align: justify;\"><span style=\"font-size: 12pt;\">Moreno-Mayar V, \u2026\u00a0<span style=\"color: #ff0000;\">Strauss A<\/span>, \u2026 Willerskve E. 2018. Early human dispersal within the Americas. Science. EUA. Ingl\u00eas.\u00a0<a href=\"https:\/\/science.sciencemag.org\/content\/362\/6419\/eaav2621.abstract?casa_token=Bymzmnv5JPQAAAAA:fS-kje8eAlxlL2VSyfyR9_7w4dFQytl74r2eHQQ2xMYRKQzbEpklV2klb_YnzhIQl4kVJqJQWJSX73bO\">PDF<\/a><\/span><\/p><p style=\"text-align: justify;\"><span style=\"font-size: 12pt;\">Posth C, Nathan\u2026 <span style=\"color: #ff0000;\">Ferraz T<\/span>, <span style=\"color: #ff0000;\">Hunemeier T<\/span>, <span style=\"color: #ff0000;\">Chim E<\/span>, <span style=\"color: #ff0000;\">Muller L<\/span>, <span style=\"color: #ff0000;\">Alves M<\/span>, <span style=\"color: #ff0000;\">Inglez M<\/span>, <span style=\"color: #ff0000;\">Oliveira R<\/span>, <span style=\"color: #ff0000;\">Bernardo D<\/span>, <span style=\"color: #ff0000;\">Strauss A<\/span>*, Fehren-Schmitz L*, Krause J*, Reich D*. 2018. Reconstructing the\u00a0deep population history of Central and\u00a0South America. Cell. EUA. Ingl\u00eas.\u00a0<a href=\"https:\/\/www.sciencedirect.com\/science\/article\/pii\/S0092867418313801\/pdfft?md5=ace2433db763fd61af38386b811032f8&amp;pid=1-s2.0-S0092867418313801-main.pdf\">PDF<\/a><\/span><\/p><p style=\"text-align: justify;\"><span style=\"font-size: 12pt;\"><span style=\"color: #ff0000;\">Prado HM<\/span>,\u00a0<span style=\"color: #ff0000;\">Murrieta RSS<\/span>. 2018.\u00a0The role of swidden cultivation in shaping ethnozoological knowledge: integrating historical events and intergenerational analyses among Quilombolas from Southeast Brazil. Journal of Ethnobiology 38: 297\u2013313.\u00a0<a href=\"https:\/\/bioone.org\/journals\/journal-of-ethnobiology\/volume-38\/issue-3\/0278-0771-38.3.297\/The-Role-of-Swidden-Cultivation-in-Shaping-Ethnozoological-Knowledge\/10.2993\/0278-0771-38.3.297.short\">PDF<\/a><\/span><\/p><p style=\"text-align: justify;\"><span style=\"font-size: 12pt;\">Scott N,\u00a0<span style=\"color: #ff0000;\">Strauss A<\/span>, Hublin J-J, Neubauer S, Gunz P. 2018. Covariation of the endocranium and splanchnocranium during great ape ontogeny. PLoS ONE 13(12): e0208999. EUA. Ingl\u00eas.\u00a0<a href=\"https:\/\/journals.plos.org\/plosone\/article?id=10.1371\/journal.pone.0208999\">PDF<\/a><\/span><\/p><p style=\"text-align: justify;\"><span style=\"font-size: 12pt;\"><span style=\"color: #ff0000;\">Strauss A<\/span>, <span style=\"color: #ff0000;\">Oliveira R<\/span>. 2018. Early Holocene mortuary practices in Lagoa Santa region: a 9600-9495 years cal BP case of perimortem body manipulation from Lapa do Santo (east-central Brazil). Clio Arqueol\u00f3gica 33: 138-183. Brasil. Portugu\u00eas.\u00a0<a href=\"https:\/\/www.researchgate.net\/publication\/342941232_EARLY_HOLOCENE_MORTUARY_PRACTICES_IN_LAGOA_SANTA_REGION_A_9600-9495_years_cal_BP_Case_of_Perimortem_Body_Manipulation_from_Lapa_do_Santo_East-Central_Brazil\">PDF<\/a><\/span><\/p><p style=\"text-align: justify;\"><span style=\"font-size: 12pt;\"><span style=\"color: #ff0000;\">Strauss A<\/span>, <span style=\"color: #ff0000;\">Oliveira RE<\/span>,\u00a0Grat\u00e3o M, daCosta A, Foga\u00e7a E, Bo\u00ebda E. 2018. Human skeletal remains from Serra da Capivara, Brasil: Review of the available evidence and report on new findings. Em: Harvati K, J\u00e4ger G, Rezes-Centeno, H. (Eds.). New Perspectives on the peopling of the New World. Kerns Verlag. Ingl\u00eas.\u00a0<a href=\"https:\/\/www.academia.edu\/37921373\/Human_skeletal_remains_from_Serra_da_Capivara_Brazil_Review_of_the_available_evidence_and_report_on_new_findings\">PDF<\/a><\/span><\/p><p style=\"text-align: justify;\"><span style=\"font-size: 12pt;\">Villagran X, Pessenda LCR, Costa HAV, Attorre T, Erier IS,\u00a0<span style=\"color: #ff0000;\">Strauss A<\/span>, <span style=\"color: #ff0000;\">Barioni A<\/span>, Klokler D, Tognoli A, Duarte C, Bonfim PV, Macario K. 2018. Os primeiros povoadores do litoral norte do Esp\u00edrito Santo: uma nova abordagem na arqueologia de sambaquis capixabas. Boletim do Museu Paraense Em\u00edlio Goeldi: Ci\u00eancias Humanas 28: 86-106. Brasil. Portugu\u00eas.\u00a0<a href=\"https:\/\/www.scielo.br\/scielo.php?pid=S1981-81222018000300573&amp;script=sci_arttext\">PDF<\/a><\/span><\/p>\t\t\t\t\t\t<\/div>\n\t\t\t\t<\/div>\n\t\t\t\t<div class=\"elementor-element elementor-element-da0260d elementor-widget-divider--view-line elementor-widget elementor-widget-divider\" data-id=\"da0260d\" data-element_type=\"widget\" data-widget_type=\"divider.default\">\n\t\t\t\t<div class=\"elementor-widget-container\">\n\t\t\t\t\t<div class=\"elementor-divider\">\n\t\t\t<span class=\"elementor-divider-separator\">\n\t\t\t\t\t\t<\/span>\n\t\t<\/div>\n\t\t\t\t<\/div>\n\t\t\t\t<\/div>\n\t\t\t\t\t<\/div>\n\t\t<\/div>\n\t\t\t\t\t<\/div>\n\t\t<\/section>\n\t\t\t\t<\/div>\n\t\t","protected":false},"excerpt":{"rendered":"<p>Publica\u00e7\u00f5es 2022 Correia M A, Inglez M, Ribeiro T, Deitos A. 2022 Metodologia para Avalia\u00e7\u00e3o do N\u00famero M\u00ednimo de Indiv\u00edduos. Em: Machado C P, et al. (Eds.). Tratado de Antropologia Forense &#8211; Fundamentos e metodologias aplicadas \u00e0 pr\u00e1tica pericial. Bras\u00edlia, Brasil: Editora Millenium. Ribeiro T, Correia M A, Di Giusto M, Guimar\u00e3es M, Gobbo L, [&hellip;]<\/p>\n","protected":false},"author":22221,"featured_media":0,"parent":0,"menu_order":0,"comment_status":"closed","ping_status":"closed","template":"","meta":{"_monsterinsights_skip_tracking":false,"_monsterinsights_sitenote_active":false,"_monsterinsights_sitenote_note":"","_monsterinsights_sitenote_category":0,"footnotes":"","_links_to":"","_links_to_target":""},"class_list":["post-1985","page","type-page","status-publish","hentry","entry"],"_links":{"self":[{"href":"https:\/\/sites.usp.br\/laaae\/wp-json\/wp\/v2\/pages\/1985","targetHints":{"allow":["GET"]}}],"collection":[{"href":"https:\/\/sites.usp.br\/laaae\/wp-json\/wp\/v2\/pages"}],"about":[{"href":"https:\/\/sites.usp.br\/laaae\/wp-json\/wp\/v2\/types\/page"}],"author":[{"embeddable":true,"href":"https:\/\/sites.usp.br\/laaae\/wp-json\/wp\/v2\/users\/22221"}],"replies":[{"embeddable":true,"href":"https:\/\/sites.usp.br\/laaae\/wp-json\/wp\/v2\/comments?post=1985"}],"version-history":[{"count":4,"href":"https:\/\/sites.usp.br\/laaae\/wp-json\/wp\/v2\/pages\/1985\/revisions"}],"predecessor-version":[{"id":3154,"href":"https:\/\/sites.usp.br\/laaae\/wp-json\/wp\/v2\/pages\/1985\/revisions\/3154"}],"wp:attachment":[{"href":"https:\/\/sites.usp.br\/laaae\/wp-json\/wp\/v2\/media?parent=1985"}],"curies":[{"name":"wp","href":"https:\/\/api.w.org\/{rel}","templated":true}]}}