{"id":712,"date":"2020-11-21T20:57:26","date_gmt":"2020-11-21T22:57:26","guid":{"rendered":"http:\/\/sites.usp.br\/maxplanck\/?page_id=712"},"modified":"2020-12-22T14:30:06","modified_gmt":"2020-12-22T16:30:06","slug":"faca-parte-do-lab","status":"publish","type":"page","link":"https:\/\/sites.usp.br\/laaae\/faca-parte-do-lab\/","title":{"rendered":"Fa\u00e7a parte do Lab"},"content":{"rendered":"\t\t<div data-elementor-type=\"wp-page\" data-elementor-id=\"712\" class=\"elementor elementor-712\" data-elementor-post-type=\"page\">\n\t\t\t\t\t\t<section class=\"elementor-section elementor-top-section elementor-element elementor-element-2d4490ff elementor-section-boxed elementor-section-height-default elementor-section-height-default\" data-id=\"2d4490ff\" data-element_type=\"section\">\n\t\t\t\t\t\t<div class=\"elementor-container elementor-column-gap-default\">\n\t\t\t\t\t<div class=\"elementor-column elementor-col-100 elementor-top-column elementor-element elementor-element-59d988c6\" data-id=\"59d988c6\" data-element_type=\"column\">\n\t\t\t<div class=\"elementor-widget-wrap elementor-element-populated\">\n\t\t\t\t\t\t<div class=\"elementor-element elementor-element-b9f8154 elementor-widget elementor-widget-heading\" data-id=\"b9f8154\" data-element_type=\"widget\" data-widget_type=\"heading.default\">\n\t\t\t\t<div class=\"elementor-widget-container\">\n\t\t\t<h2 class=\"elementor-heading-title elementor-size-default\">Fa\u00e7a parte do Lab<\/h2>\t\t<\/div>\n\t\t\t\t<\/div>\n\t\t\t\t<div class=\"elementor-element elementor-element-aed60fd elementor-widget-divider--view-line elementor-widget elementor-widget-divider\" data-id=\"aed60fd\" data-element_type=\"widget\" data-widget_type=\"divider.default\">\n\t\t\t\t<div class=\"elementor-widget-container\">\n\t\t\t\t\t<div class=\"elementor-divider\">\n\t\t\t<span class=\"elementor-divider-separator\">\n\t\t\t\t\t\t<\/span>\n\t\t<\/div>\n\t\t\t\t<\/div>\n\t\t\t\t<\/div>\n\t\t\t\t<div class=\"elementor-element elementor-element-521c468e elementor-widget elementor-widget-text-editor\" data-id=\"521c468e\" data-element_type=\"widget\" data-widget_type=\"text-editor.default\">\n\t\t\t\t<div class=\"elementor-widget-container\">\n\t\t\t\t\t\t\t<p style=\"text-align: justify;\"><strong>BOLSAS DE ESTUDO<\/strong><\/p><p style=\"text-align: justify;\">Existem algumas possibilidades para obten\u00e7\u00e3o de bolsas de estudo para desenvolver est\u00e1gio de gradua\u00e7\u00e3o ou projetos de p\u00f3s-gradua\u00e7\u00e3o junto ao Laborat\u00f3rio de Arqueologia e Antropologia Ambiental e Evolutiva da Universidade de S\u00e3o Paulo (LAAAE-USP).<\/p><p style=\"text-align: justify;\">Voc\u00ea pode obter mais informa\u00e7\u00f5es nos sites oficiais das ag\u00eancias de fomento:<\/p><ul style=\"list-style-type: square;\"><li style=\"text-align: justify;\">Funda\u00e7\u00e3o de Amparo \u00e0 Pesquisa do Estado de S\u00e3o Paulo [<a href=\"https:\/\/fapesp.br\/bolsas\">FAPESP<\/a>]<\/li><li style=\"text-align: justify;\">Conselho Nacional de Desenvolvimento Cient\u00edfico e Tecnol\u00f3gico [<a href=\"https:\/\/www.gov.br\/cnpq\/pt-br\">CNPQ<\/a>]<\/li><li style=\"text-align: justify;\">Coordena\u00e7\u00e3o de Aperfei\u00e7oamento de Pessoal de N\u00edvel Superior [<a href=\"https:\/\/uab.capes.gov.br\/bolsas\">CAPES<\/a>]<\/li><li style=\"text-align: justify;\">Bolsa do Programa Unificado de Bolsas da Universidade de S\u00e3o Paulo [<a href=\"https:\/\/www.prg.usp.br\/programa-unificado-de-bolsas-de-estudo-para-estudantes-de-graduacao-pub\/\">PUB-USP<\/a>]<\/li><\/ul>\t\t\t\t\t\t<\/div>\n\t\t\t\t<\/div>\n\t\t\t\t\t<\/div>\n\t\t<\/div>\n\t\t\t\t\t<\/div>\n\t\t<\/section>\n\t\t\t\t<section class=\"elementor-section elementor-top-section elementor-element elementor-element-157c21b elementor-section-boxed elementor-section-height-default elementor-section-height-default\" data-id=\"157c21b\" data-element_type=\"section\">\n\t\t\t\t\t\t<div class=\"elementor-container elementor-column-gap-default\">\n\t\t\t\t\t<div class=\"elementor-column elementor-col-100 elementor-top-column elementor-element elementor-element-2602926\" data-id=\"2602926\" data-element_type=\"column\">\n\t\t\t<div class=\"elementor-widget-wrap elementor-element-populated\">\n\t\t\t\t\t\t<div class=\"elementor-element elementor-element-1acbdc5 elementor-arrows-position-inside elementor-pagination-position-outside elementor-widget elementor-widget-image-carousel\" data-id=\"1acbdc5\" data-element_type=\"widget\" data-settings=\"{&quot;slides_to_show&quot;:&quot;1&quot;,&quot;navigation&quot;:&quot;both&quot;,&quot;autoplay&quot;:&quot;yes&quot;,&quot;pause_on_hover&quot;:&quot;yes&quot;,&quot;pause_on_interaction&quot;:&quot;yes&quot;,&quot;autoplay_speed&quot;:5000,&quot;infinite&quot;:&quot;yes&quot;,&quot;effect&quot;:&quot;slide&quot;,&quot;speed&quot;:500}\" data-widget_type=\"image-carousel.default\">\n\t\t\t\t<div class=\"elementor-widget-container\">\n\t\t\t\t\t<div class=\"elementor-image-carousel-wrapper swiper\" dir=\"ltr\">\n\t\t\t<div class=\"elementor-image-carousel swiper-wrapper\" aria-live=\"off\">\n\t\t\t\t\t\t\t\t<div class=\"swiper-slide\" role=\"group\" aria-roledescription=\"slide\" aria-label=\"1 de 3\"><figure class=\"swiper-slide-inner\"><img decoding=\"async\" class=\"swiper-slide-image\" src=\"https:\/\/sites.usp.br\/laaae\/wp-content\/uploads\/sites\/746\/2020\/11\/ACERVO-LAPA-DO-SANTO.png\" alt=\"ACERVO LAPA DO SANTO\" \/><\/figure><\/div><div class=\"swiper-slide\" role=\"group\" aria-roledescription=\"slide\" aria-label=\"2 de 3\"><figure class=\"swiper-slide-inner\"><img decoding=\"async\" class=\"swiper-slide-image\" src=\"https:\/\/sites.usp.br\/laaae\/wp-content\/uploads\/sites\/746\/2020\/11\/ACERVO-FOTOGRA\u0301FICO-MAURICIO-DE-PAIVA.png\" alt=\"Foto: Mauricio de Paiva\" \/><\/figure><\/div><div class=\"swiper-slide\" role=\"group\" aria-roledescription=\"slide\" aria-label=\"3 de 3\"><figure class=\"swiper-slide-inner\"><img decoding=\"async\" class=\"swiper-slide-image\" src=\"https:\/\/sites.usp.br\/laaae\/wp-content\/uploads\/sites\/746\/2020\/11\/Mauricio.png\" alt=\"Foto: Mauricio de Paiva\" \/><\/figure><\/div>\t\t\t<\/div>\n\t\t\t\t\t\t\t\t\t\t\t\t<div class=\"elementor-swiper-button elementor-swiper-button-prev\" role=\"button\" tabindex=\"0\">\n\t\t\t\t\t\t<i aria-hidden=\"true\" class=\"eicon-chevron-left\"><\/i>\t\t\t\t\t<\/div>\n\t\t\t\t\t<div class=\"elementor-swiper-button elementor-swiper-button-next\" role=\"button\" tabindex=\"0\">\n\t\t\t\t\t\t<i aria-hidden=\"true\" class=\"eicon-chevron-right\"><\/i>\t\t\t\t\t<\/div>\n\t\t\t\t\n\t\t\t\t\t\t\t\t\t<div class=\"swiper-pagination\"><\/div>\n\t\t\t\t\t\t\t\t\t<\/div>\n\t\t\t\t<\/div>\n\t\t\t\t<\/div>\n\t\t\t\t\t<\/div>\n\t\t<\/div>\n\t\t\t\t\t<\/div>\n\t\t<\/section>\n\t\t\t\t<\/div>\n\t\t","protected":false},"excerpt":{"rendered":"<p>Fa\u00e7a parte do Lab BOLSAS DE ESTUDO Existem algumas possibilidades para obten\u00e7\u00e3o de bolsas de estudo para desenvolver est\u00e1gio de gradua\u00e7\u00e3o ou projetos de p\u00f3s-gradua\u00e7\u00e3o junto ao Laborat\u00f3rio de Arqueologia e Antropologia Ambiental e Evolutiva da Universidade de S\u00e3o Paulo (LAAAE-USP). Voc\u00ea pode obter mais informa\u00e7\u00f5es nos sites oficiais das ag\u00eancias de fomento: Funda\u00e7\u00e3o de [&hellip;]<\/p>\n","protected":false},"author":22091,"featured_media":0,"parent":0,"menu_order":0,"comment_status":"closed","ping_status":"closed","template":"","meta":{"_monsterinsights_skip_tracking":false,"_monsterinsights_sitenote_active":false,"_monsterinsights_sitenote_note":"","_monsterinsights_sitenote_category":0,"footnotes":"","_links_to":"","_links_to_target":""},"class_list":["post-712","page","type-page","status-publish","hentry","entry"],"_links":{"self":[{"href":"https:\/\/sites.usp.br\/laaae\/wp-json\/wp\/v2\/pages\/712","targetHints":{"allow":["GET"]}}],"collection":[{"href":"https:\/\/sites.usp.br\/laaae\/wp-json\/wp\/v2\/pages"}],"about":[{"href":"https:\/\/sites.usp.br\/laaae\/wp-json\/wp\/v2\/types\/page"}],"author":[{"embeddable":true,"href":"https:\/\/sites.usp.br\/laaae\/wp-json\/wp\/v2\/users\/22091"}],"replies":[{"embeddable":true,"href":"https:\/\/sites.usp.br\/laaae\/wp-json\/wp\/v2\/comments?post=712"}],"version-history":[{"count":4,"href":"https:\/\/sites.usp.br\/laaae\/wp-json\/wp\/v2\/pages\/712\/revisions"}],"predecessor-version":[{"id":2038,"href":"https:\/\/sites.usp.br\/laaae\/wp-json\/wp\/v2\/pages\/712\/revisions\/2038"}],"wp:attachment":[{"href":"https:\/\/sites.usp.br\/laaae\/wp-json\/wp\/v2\/media?parent=712"}],"curies":[{"name":"wp","href":"https:\/\/api.w.org\/{rel}","templated":true}]}}