{"id":3104,"date":"2023-02-23T16:07:14","date_gmt":"2023-02-23T19:07:14","guid":{"rendered":"https:\/\/sites.usp.br\/laaaed\/?page_id=3104"},"modified":"2023-04-04T21:44:31","modified_gmt":"2023-04-05T00:44:31","slug":"contatos","status":"publish","type":"page","link":"https:\/\/sites.usp.br\/laaaed\/contatos\/","title":{"rendered":"Contatos"},"content":{"rendered":"\t\t<div data-elementor-type=\"wp-page\" data-elementor-id=\"3104\" class=\"elementor elementor-3104\" data-elementor-post-type=\"page\">\n\t\t\t\t\t\t<section class=\"elementor-section elementor-top-section elementor-element elementor-element-c9d5084 elementor-section-boxed elementor-section-height-default elementor-section-height-default\" data-id=\"c9d5084\" data-element_type=\"section\">\n\t\t\t\t\t\t<div class=\"elementor-container elementor-column-gap-default\">\n\t\t\t\t\t<div class=\"elementor-column elementor-col-100 elementor-top-column elementor-element elementor-element-8126414\" data-id=\"8126414\" data-element_type=\"column\">\n\t\t\t<div class=\"elementor-widget-wrap elementor-element-populated\">\n\t\t\t\t\t\t<div class=\"elementor-element elementor-element-72aa294 elementor-widget elementor-widget-heading\" data-id=\"72aa294\" data-element_type=\"widget\" data-widget_type=\"heading.default\">\n\t\t\t\t<div class=\"elementor-widget-container\">\n\t\t\t<h2 class=\"elementor-heading-title elementor-size-large\">CONTATOS<\/h2>\t\t<\/div>\n\t\t\t\t<\/div>\n\t\t\t\t\t<\/div>\n\t\t<\/div>\n\t\t\t\t\t<\/div>\n\t\t<\/section>\n\t\t\t\t<section class=\"elementor-section elementor-top-section elementor-element elementor-element-75caa91 elementor-section-boxed elementor-section-height-default elementor-section-height-default\" data-id=\"75caa91\" data-element_type=\"section\">\n\t\t\t\t\t\t<div class=\"elementor-container elementor-column-gap-default\">\n\t\t\t\t\t<div class=\"elementor-column elementor-col-100 elementor-top-column elementor-element elementor-element-aa3acae\" data-id=\"aa3acae\" data-element_type=\"column\">\n\t\t\t<div class=\"elementor-widget-wrap elementor-element-populated\">\n\t\t\t\t\t\t<div class=\"elementor-element elementor-element-c59a70a elementor-widget elementor-widget-text-editor\" data-id=\"c59a70a\" data-element_type=\"widget\" data-widget_type=\"text-editor.default\">\n\t\t\t\t<div class=\"elementor-widget-container\">\n\t\t\t\t\t\t\t<p><strong>Acesse tamb\u00e9m:<\/strong><\/p><ul><li><a href=\"https:\/\/www.instagram.com\/laaaefob\/\">Instagram do LAAAE<\/a><\/li><li><a href=\"https:\/\/posgraduacao.fob.usp.br\/pb\/\">Site da P\u00f3s-Gradua\u00e7\u00e3o da FOB-USP<\/a><\/li><\/ul>\t\t\t\t\t\t<\/div>\n\t\t\t\t<\/div>\n\t\t\t\t\t<\/div>\n\t\t<\/div>\n\t\t\t\t\t<\/div>\n\t\t<\/section>\n\t\t\t\t<section class=\"elementor-section elementor-top-section elementor-element elementor-element-01d9885 elementor-section-boxed elementor-section-height-default elementor-section-height-default\" data-id=\"01d9885\" data-element_type=\"section\">\n\t\t\t\t\t\t<div class=\"elementor-container elementor-column-gap-default\">\n\t\t\t\t\t<div class=\"elementor-column elementor-col-100 elementor-top-column elementor-element elementor-element-53a79ce\" data-id=\"53a79ce\" data-element_type=\"column\">\n\t\t\t<div class=\"elementor-widget-wrap elementor-element-populated\">\n\t\t\t\t\t\t<div class=\"elementor-element elementor-element-386fee7 elementor-widget-divider--view-line elementor-widget elementor-widget-divider\" data-id=\"386fee7\" data-element_type=\"widget\" data-widget_type=\"divider.default\">\n\t\t\t\t<div class=\"elementor-widget-container\">\n\t\t\t\t\t<div class=\"elementor-divider\">\n\t\t\t<span class=\"elementor-divider-separator\">\n\t\t\t\t\t\t<\/span>\n\t\t<\/div>\n\t\t\t\t<\/div>\n\t\t\t\t<\/div>\n\t\t\t\t\t<\/div>\n\t\t<\/div>\n\t\t\t\t\t<\/div>\n\t\t<\/section>\n\t\t\t\t<section class=\"elementor-section elementor-top-section elementor-element elementor-element-9fb3da3 elementor-section-boxed elementor-section-height-default elementor-section-height-default\" data-id=\"9fb3da3\" data-element_type=\"section\">\n\t\t\t\t\t\t<div class=\"elementor-container elementor-column-gap-default\">\n\t\t\t\t\t<div class=\"elementor-column elementor-col-100 elementor-top-column elementor-element elementor-element-e2d1d2e\" data-id=\"e2d1d2e\" data-element_type=\"column\">\n\t\t\t<div class=\"elementor-widget-wrap elementor-element-populated\">\n\t\t\t\t\t\t<div class=\"elementor-element elementor-element-d6346eb elementor-widget elementor-widget-text-editor\" data-id=\"d6346eb\" data-element_type=\"widget\" data-widget_type=\"text-editor.default\">\n\t\t\t\t<div class=\"elementor-widget-container\">\n\t\t\t\t\t\t\t<p>Em caso de d\u00favidas, entre em contato com as coordenadora pelo email:<\/p><ul><li><strong><span class=\"S1PPyQ\">Prof\u00aa. Dra. Adriane Lima Mortari Moret<\/span><\/strong><\/li><\/ul><p><a href=\"drimortari@usp.br\">Email: <span style=\"color: #33cccc;\">drimortari@usp.br<\/span><\/a><\/p><ul><li><strong>Prof\u00aa. Dra. Regina Tangerino de Souza Jacob<\/strong><\/li><\/ul><p><span style=\"color: #000000;\"><a style=\"color: #000000;\" href=\"reginatangerino@usp.br\">E<\/a><\/span><a style=\"color: #33cccc;\" href=\"reginatangerino@usp.br\"><span style=\"color: #000000;\">mail:<\/span> reginatangerino@usp.br<\/a><\/p><ul><li><strong>Prof\u00aa. Dra. Nat\u00e1lia Barreto Frederigue Lopes<\/strong><\/li><\/ul><p><span style=\"color: #33cccc;\"><a style=\"color: #000000;\" href=\"reginatangerino@usp.br\">E<\/a><\/span><a style=\"color: #33cccc;\" href=\"reginatangerino@usp.br\"><span style=\"color: #000000;\">mail:<\/span><\/a><a style=\"color: #33cccc;\" href=\"natifrederigue@usp.br\"> natifrederigue@usp.br<\/a><\/p><p>Telefones para contato:<\/p><ul><li><strong>Cl\u00ednica de Fonoaudiologia (FOB &#8211; USP):<\/strong> (14) 3235-8470<\/li><\/ul>\t\t\t\t\t\t<\/div>\n\t\t\t\t<\/div>\n\t\t\t\t\t<\/div>\n\t\t<\/div>\n\t\t\t\t\t<\/div>\n\t\t<\/section>\n\t\t\t\t<section class=\"elementor-section elementor-top-section elementor-element elementor-element-1d76e4d elementor-section-boxed elementor-section-height-default elementor-section-height-default\" data-id=\"1d76e4d\" data-element_type=\"section\">\n\t\t\t\t\t\t<div class=\"elementor-container elementor-column-gap-default\">\n\t\t\t\t\t<div class=\"elementor-column elementor-col-100 elementor-top-column elementor-element elementor-element-6b0378f\" data-id=\"6b0378f\" data-element_type=\"column\">\n\t\t\t<div class=\"elementor-widget-wrap elementor-element-populated\">\n\t\t\t\t\t\t<div class=\"elementor-element elementor-element-dab169b elementor-widget-divider--view-line elementor-widget elementor-widget-divider\" data-id=\"dab169b\" data-element_type=\"widget\" data-widget_type=\"divider.default\">\n\t\t\t\t<div class=\"elementor-widget-container\">\n\t\t\t\t\t<div class=\"elementor-divider\">\n\t\t\t<span class=\"elementor-divider-separator\">\n\t\t\t\t\t\t<\/span>\n\t\t<\/div>\n\t\t\t\t<\/div>\n\t\t\t\t<\/div>\n\t\t\t\t\t<\/div>\n\t\t<\/div>\n\t\t\t\t\t<\/div>\n\t\t<\/section>\n\t\t\t\t<section class=\"elementor-section elementor-top-section elementor-element elementor-element-464cd8f elementor-section-boxed elementor-section-height-default elementor-section-height-default\" data-id=\"464cd8f\" data-element_type=\"section\">\n\t\t\t\t\t\t<div class=\"elementor-container elementor-column-gap-default\">\n\t\t\t\t\t<div class=\"elementor-column elementor-col-100 elementor-top-column elementor-element elementor-element-a0233ed\" data-id=\"a0233ed\" data-element_type=\"column\">\n\t\t\t<div class=\"elementor-widget-wrap elementor-element-populated\">\n\t\t\t\t\t\t<div class=\"elementor-element elementor-element-d52b264 elementor-widget-divider--view-line elementor-widget elementor-widget-divider\" data-id=\"d52b264\" data-element_type=\"widget\" data-widget_type=\"divider.default\">\n\t\t\t\t<div class=\"elementor-widget-container\">\n\t\t\t\t\t<div class=\"elementor-divider\">\n\t\t\t<span class=\"elementor-divider-separator\">\n\t\t\t\t\t\t<\/span>\n\t\t<\/div>\n\t\t\t\t<\/div>\n\t\t\t\t<\/div>\n\t\t\t\t<div class=\"elementor-element elementor-element-e632637 elementor-widget elementor-widget-heading\" data-id=\"e632637\" data-element_type=\"widget\" data-widget_type=\"heading.default\">\n\t\t\t\t<div class=\"elementor-widget-container\">\n\t\t\t<h2 class=\"elementor-heading-title elementor-size-default\">Faculdade de Odontologia de Bauru (FOB - USP)\u200b<\/h2>\t\t<\/div>\n\t\t\t\t<\/div>\n\t\t\t\t<div class=\"elementor-element elementor-element-2d0c128 elementor-widget elementor-widget-image\" data-id=\"2d0c128\" data-element_type=\"widget\" data-widget_type=\"image.default\">\n\t\t\t\t<div class=\"elementor-widget-container\">\n\t\t\t\t\t\t\t\t\t\t\t\t\t<img fetchpriority=\"high\" decoding=\"async\" width=\"1024\" height=\"683\" src=\"https:\/\/sites.usp.br\/laaaed\/wp-content\/uploads\/sites\/1192\/2023\/03\/FOB_5967-1024x683.jpg\" class=\"attachment-large size-large wp-image-3313\" alt=\"\" srcset=\"https:\/\/sites.usp.br\/laaaed\/wp-content\/uploads\/sites\/1192\/2023\/03\/FOB_5967-1024x683.jpg 1024w, https:\/\/sites.usp.br\/laaaed\/wp-content\/uploads\/sites\/1192\/2023\/03\/FOB_5967-300x200.jpg 300w, https:\/\/sites.usp.br\/laaaed\/wp-content\/uploads\/sites\/1192\/2023\/03\/FOB_5967-768x512.jpg 768w, https:\/\/sites.usp.br\/laaaed\/wp-content\/uploads\/sites\/1192\/2023\/03\/FOB_5967-1536x1024.jpg 1536w, https:\/\/sites.usp.br\/laaaed\/wp-content\/uploads\/sites\/1192\/2023\/03\/FOB_5967-2048x1365.jpg 2048w, https:\/\/sites.usp.br\/laaaed\/wp-content\/uploads\/sites\/1192\/2023\/03\/FOB_5967-400x267.jpg 400w\" sizes=\"(max-width: 1024px) 100vw, 1024px\" \/>\t\t\t\t\t\t\t\t\t\t\t\t\t<\/div>\n\t\t\t\t<\/div>\n\t\t\t\t<div class=\"elementor-element elementor-element-8c201a5 elementor-widget elementor-widget-text-editor\" data-id=\"8c201a5\" data-element_type=\"widget\" data-widget_type=\"text-editor.default\">\n\t\t\t\t<div class=\"elementor-widget-container\">\n\t\t\t\t\t\t\t<p>A\u00a0<b>Faculdade de Odontologia de Bauru da Universidade de S\u00e3o Paulo<\/b>\u00a0(conhecida como\u00a0<b>FOB<\/b>) \u00e9 uma unidade da Universidade de S\u00e3o Paulo (USP) localizada na cidade de <a title=\"Bauru\" href=\"https:\/\/pt.wikipedia.org\/wiki\/Bauru\">Bauru<\/a>. A faculdade foi criada em 1948 e implantada efetivamente em 1962, e atualmente conta com cursos nas \u00e1reas sa\u00fade, sendo eles a <span style=\"text-decoration: underline;\">Fonoaudiologia<\/span>, <span style=\"text-decoration: underline;\">Medicina<\/span> e <span style=\"text-decoration: underline;\">Odontologia<\/span>.\u00a0<sup id=\"cite_ref-1\" class=\"reference\"><\/sup><\/p>\t\t\t\t\t\t<\/div>\n\t\t\t\t<\/div>\n\t\t\t\t<div class=\"elementor-element elementor-element-f748233 elementor-list-item-link-inline elementor-icon-list--layout-traditional elementor-widget elementor-widget-icon-list\" data-id=\"f748233\" data-element_type=\"widget\" data-widget_type=\"icon-list.default\">\n\t\t\t\t<div class=\"elementor-widget-container\">\n\t\t\t\t\t<ul class=\"elementor-icon-list-items\">\n\t\t\t\t\t\t\t<li class=\"elementor-icon-list-item\">\n\t\t\t\t\t\t\t\t\t\t\t<span class=\"elementor-icon-list-icon\">\n\t\t\t\t\t\t\t<i aria-hidden=\"true\" class=\"far fa-clock\"><\/i>\t\t\t\t\t\t<\/span>\n\t\t\t\t\t\t\t\t\t\t<span class=\"elementor-icon-list-text\">Hor\u00e1rio: Seg a Sex das 8:00h \u00e0s 17:00h<\/span>\n\t\t\t\t\t\t\t\t\t<\/li>\n\t\t\t\t\t\t\t\t<li class=\"elementor-icon-list-item\">\n\t\t\t\t\t\t\t\t\t\t\t<span class=\"elementor-icon-list-icon\">\n\t\t\t\t\t\t\t<i aria-hidden=\"true\" class=\"far fa-building\"><\/i>\t\t\t\t\t\t<\/span>\n\t\t\t\t\t\t\t\t\t\t<span class=\"elementor-icon-list-text\">Endere\u00e7o: Alameda Dr. Oct\u00e1vio Pinheiro Brisolla, Quadra 9 - Jardim Brasil, Bauru - SP, 17012-901<\/span>\n\t\t\t\t\t\t\t\t\t<\/li>\n\t\t\t\t\t\t\t\t<li class=\"elementor-icon-list-item\">\n\t\t\t\t\t\t\t\t\t\t\t<span class=\"elementor-icon-list-icon\">\n\t\t\t\t\t\t\t<i aria-hidden=\"true\" class=\"fas fa-phone-alt\"><\/i>\t\t\t\t\t\t<\/span>\n\t\t\t\t\t\t\t\t\t\t<span class=\"elementor-icon-list-text\">Telefone: (14) 3235-8000<\/span>\n\t\t\t\t\t\t\t\t\t<\/li>\n\t\t\t\t\t\t<\/ul>\n\t\t\t\t<\/div>\n\t\t\t\t<\/div>\n\t\t\t\t\t<\/div>\n\t\t<\/div>\n\t\t\t\t\t<\/div>\n\t\t<\/section>\n\t\t\t\t<section class=\"elementor-section elementor-top-section elementor-element elementor-element-c667036 elementor-section-boxed elementor-section-height-default elementor-section-height-default\" data-id=\"c667036\" data-element_type=\"section\">\n\t\t\t\t\t\t<div class=\"elementor-container elementor-column-gap-default\">\n\t\t\t\t\t<div class=\"elementor-column elementor-col-100 elementor-top-column elementor-element elementor-element-9c42ac5\" data-id=\"9c42ac5\" data-element_type=\"column\">\n\t\t\t<div class=\"elementor-widget-wrap elementor-element-populated\">\n\t\t\t\t\t\t<div class=\"elementor-element elementor-element-e628897 elementor-widget elementor-widget-google_maps\" data-id=\"e628897\" data-element_type=\"widget\" data-widget_type=\"google_maps.default\">\n\t\t\t\t<div class=\"elementor-widget-container\">\n\t\t\t\t\t<div class=\"elementor-custom-embed\">\n\t\t\t<iframe loading=\"lazy\"\n\t\t\t\t\tsrc=\"https:\/\/maps.google.com\/maps?q=Faculdade%20de%20Odontologia%20de%20Bauru&#038;t=m&#038;z=15&#038;output=embed&#038;iwloc=near\"\n\t\t\t\t\ttitle=\"Faculdade de Odontologia de Bauru\"\n\t\t\t\t\taria-label=\"Faculdade de Odontologia de Bauru\"\n\t\t\t><\/iframe>\n\t\t<\/div>\n\t\t\t\t<\/div>\n\t\t\t\t<\/div>\n\t\t\t\t\t<\/div>\n\t\t<\/div>\n\t\t\t\t\t<\/div>\n\t\t<\/section>\n\t\t\t\t<\/div>\n\t\t","protected":false},"excerpt":{"rendered":"<p>CONTATOS Acesse tamb\u00e9m: Instagram do LAAAE Site da P\u00f3s-Gradua\u00e7\u00e3o da FOB-USP Em caso de d\u00favidas, entre em contato com as coordenadora pelo email: Prof\u00aa. Dra. Adriane Lima Mortari Moret Email: drimortari@usp.br Prof\u00aa. Dra. Regina Tangerino de Souza Jacob Email: reginatangerino@usp.br Prof\u00aa. Dra. Nat\u00e1lia Barreto Frederigue Lopes Email: natifrederigue@usp.br Telefones para contato: Cl\u00ednica de Fonoaudiologia (FOB [&hellip;]<\/p>\n","protected":false},"author":963,"featured_media":0,"parent":0,"menu_order":0,"comment_status":"closed","ping_status":"closed","template":"","meta":{"_monsterinsights_skip_tracking":false,"_monsterinsights_sitenote_active":false,"_monsterinsights_sitenote_note":"","_monsterinsights_sitenote_category":0,"footnotes":"","_links_to":"","_links_to_target":""},"class_list":["post-3104","page","type-page","status-publish","hentry","entry"],"_links":{"self":[{"href":"https:\/\/sites.usp.br\/laaaed\/wp-json\/wp\/v2\/pages\/3104","targetHints":{"allow":["GET"]}}],"collection":[{"href":"https:\/\/sites.usp.br\/laaaed\/wp-json\/wp\/v2\/pages"}],"about":[{"href":"https:\/\/sites.usp.br\/laaaed\/wp-json\/wp\/v2\/types\/page"}],"author":[{"embeddable":true,"href":"https:\/\/sites.usp.br\/laaaed\/wp-json\/wp\/v2\/users\/963"}],"replies":[{"embeddable":true,"href":"https:\/\/sites.usp.br\/laaaed\/wp-json\/wp\/v2\/comments?post=3104"}],"version-history":[{"count":4,"href":"https:\/\/sites.usp.br\/laaaed\/wp-json\/wp\/v2\/pages\/3104\/revisions"}],"predecessor-version":[{"id":3517,"href":"https:\/\/sites.usp.br\/laaaed\/wp-json\/wp\/v2\/pages\/3104\/revisions\/3517"}],"wp:attachment":[{"href":"https:\/\/sites.usp.br\/laaaed\/wp-json\/wp\/v2\/media?parent=3104"}],"curies":[{"name":"wp","href":"https:\/\/api.w.org\/{rel}","templated":true}]}}