{"id":3281,"date":"2023-03-15T16:55:36","date_gmt":"2023-03-15T19:55:36","guid":{"rendered":"https:\/\/sites.usp.br\/laaaed\/?page_id=3281"},"modified":"2024-12-02T17:23:07","modified_gmt":"2024-12-02T20:23:07","slug":"sites-recomendados","status":"publish","type":"page","link":"https:\/\/sites.usp.br\/laaaed\/sites-recomendados\/","title":{"rendered":"Sites Recomendados"},"content":{"rendered":"\t\t<div data-elementor-type=\"wp-page\" data-elementor-id=\"3281\" class=\"elementor elementor-3281\" data-elementor-post-type=\"page\">\n\t\t\t\t\t\t<section class=\"elementor-section elementor-top-section elementor-element elementor-element-2b6a64c elementor-section-boxed elementor-section-height-default elementor-section-height-default\" data-id=\"2b6a64c\" data-element_type=\"section\">\n\t\t\t\t\t\t<div class=\"elementor-container elementor-column-gap-default\">\n\t\t\t\t\t<div class=\"elementor-column elementor-col-100 elementor-top-column elementor-element elementor-element-c98c759\" data-id=\"c98c759\" data-element_type=\"column\">\n\t\t\t<div class=\"elementor-widget-wrap elementor-element-populated\">\n\t\t\t\t\t\t<div class=\"elementor-element elementor-element-5d3d0f5 elementor-widget elementor-widget-heading\" data-id=\"5d3d0f5\" data-element_type=\"widget\" data-widget_type=\"heading.default\">\n\t\t\t\t<div class=\"elementor-widget-container\">\n\t\t\t<h2 class=\"elementor-heading-title elementor-size-large\">Sites Recomendados<\/h2>\t\t<\/div>\n\t\t\t\t<\/div>\n\t\t\t\t\t<\/div>\n\t\t<\/div>\n\t\t\t\t\t<\/div>\n\t\t<\/section>\n\t\t\t\t<section class=\"elementor-section elementor-top-section elementor-element elementor-element-70ecf72 elementor-section-boxed elementor-section-height-default elementor-section-height-default\" data-id=\"70ecf72\" data-element_type=\"section\">\n\t\t\t\t\t\t<div class=\"elementor-container elementor-column-gap-default\">\n\t\t\t\t\t<div class=\"elementor-column elementor-col-100 elementor-top-column elementor-element elementor-element-6d08b54\" data-id=\"6d08b54\" data-element_type=\"column\">\n\t\t\t<div class=\"elementor-widget-wrap elementor-element-populated\">\n\t\t\t\t\t\t<div class=\"elementor-element elementor-element-46efaac elementor-widget-divider--view-line elementor-widget elementor-widget-divider\" data-id=\"46efaac\" data-element_type=\"widget\" data-widget_type=\"divider.default\">\n\t\t\t\t<div class=\"elementor-widget-container\">\n\t\t\t\t\t<div class=\"elementor-divider\">\n\t\t\t<span class=\"elementor-divider-separator\">\n\t\t\t\t\t\t<\/span>\n\t\t<\/div>\n\t\t\t\t<\/div>\n\t\t\t\t<\/div>\n\t\t\t\t\t<\/div>\n\t\t<\/div>\n\t\t\t\t\t<\/div>\n\t\t<\/section>\n\t\t\t\t<section class=\"elementor-section elementor-top-section elementor-element elementor-element-c511956 elementor-section-boxed elementor-section-height-default elementor-section-height-default\" data-id=\"c511956\" data-element_type=\"section\">\n\t\t\t\t\t\t<div class=\"elementor-container elementor-column-gap-default\">\n\t\t\t\t\t<div class=\"elementor-column elementor-col-100 elementor-top-column elementor-element elementor-element-5dcd2f5\" data-id=\"5dcd2f5\" data-element_type=\"column\">\n\t\t\t<div class=\"elementor-widget-wrap elementor-element-populated\">\n\t\t\t\t\t\t<div class=\"elementor-element elementor-element-3121fdc elementor-widget elementor-widget-toggle\" data-id=\"3121fdc\" data-element_type=\"widget\" data-widget_type=\"toggle.default\">\n\t\t\t\t<div class=\"elementor-widget-container\">\n\t\t\t\t\t<div class=\"elementor-toggle\">\n\t\t\t\t\t\t\t<div class=\"elementor-toggle-item\">\n\t\t\t\t\t<div id=\"elementor-tab-title-5151\" class=\"elementor-tab-title\" data-tab=\"1\" role=\"button\" aria-controls=\"elementor-tab-content-5151\" aria-expanded=\"false\">\n\t\t\t\t\t\t\t\t\t\t\t\t<span class=\"elementor-toggle-icon elementor-toggle-icon-left\" aria-hidden=\"true\">\n\t\t\t\t\t\t\t\t\t\t\t\t\t\t\t<span class=\"elementor-toggle-icon-closed\"><i class=\"fas fa-caret-right\"><\/i><\/span>\n\t\t\t\t\t\t\t\t<span class=\"elementor-toggle-icon-opened\"><i class=\"elementor-toggle-icon-opened fas fa-caret-up\"><\/i><\/span>\n\t\t\t\t\t\t\t\t\t\t\t\t\t<\/span>\n\t\t\t\t\t\t\t\t\t\t\t\t<a class=\"elementor-toggle-title\" tabindex=\"0\">Remic<\/a>\n\t\t\t\t\t<\/div>\n\n\t\t\t\t\t<div id=\"elementor-tab-content-5151\" class=\"elementor-tab-content elementor-clearfix\" data-tab=\"1\" role=\"region\" aria-labelledby=\"elementor-tab-title-5151\"><p>O <strong>Remic<\/strong> \u00e9 um site com o objetivo de apresentar os diferentes tipos de microfones remotos e, em especial, aqueles associados ao ambiente educacional.\u00a0 Devido \u00e0 grande gama de op\u00e7\u00f5es dispon\u00edveis desses equipamentos e constantes inova\u00e7\u00f5es disponibilizadas pelo mercado, estaremos sempre buscando atualiz\u00e1-lo!<\/p><p>Acesse clicando <a href=\"http:\/\/remic.fob.usp.br\/pb\/\">aqui!<\/a><\/p><\/div>\n\t\t\t\t<\/div>\n\t\t\t\t\t\t\t<div class=\"elementor-toggle-item\">\n\t\t\t\t\t<div id=\"elementor-tab-title-5152\" class=\"elementor-tab-title\" data-tab=\"2\" role=\"button\" aria-controls=\"elementor-tab-content-5152\" aria-expanded=\"false\">\n\t\t\t\t\t\t\t\t\t\t\t\t<span class=\"elementor-toggle-icon elementor-toggle-icon-left\" aria-hidden=\"true\">\n\t\t\t\t\t\t\t\t\t\t\t\t\t\t\t<span class=\"elementor-toggle-icon-closed\"><i class=\"fas fa-caret-right\"><\/i><\/span>\n\t\t\t\t\t\t\t\t<span class=\"elementor-toggle-icon-opened\"><i class=\"elementor-toggle-icon-opened fas fa-caret-up\"><\/i><\/span>\n\t\t\t\t\t\t\t\t\t\t\t\t\t<\/span>\n\t\t\t\t\t\t\t\t\t\t\t\t<a class=\"elementor-toggle-title\" tabindex=\"0\">Pint<\/a>\n\t\t\t\t\t<\/div>\n\n\t\t\t\t\t<div id=\"elementor-tab-content-5152\" class=\"elementor-tab-content elementor-clearfix\" data-tab=\"2\" role=\"region\" aria-labelledby=\"elementor-tab-title-5152\"><p>Este site foi criado para fornecer aos fonoaudi\u00f3logos o teste Phrases in Noise Test (PINT) Brasil. O <strong>PINT Brasil<\/strong> foi o resultado da pesquisa de mestrado da fonoaudi\u00f3loga Larissa Germinani dos Santos na Universidade de S\u00e3o Paulo (USP) para o Programa de P\u00f3s-Gradua\u00e7\u00e3o em Fonoaudiologia. A pesquisa de Santos foi orientada pela professora Profa. Dra. Regina Tangerino de Souza Jacob, com o apoio da ag\u00eancia de desenvolvimento FAPESP, sob o processo n\u00ba13\/10283-0.<\/p><p>No cen\u00e1rio nacional n\u00e3o h\u00e1 teste padronizado para a avalia\u00e7\u00e3o da percep\u00e7\u00e3o da fala no ru\u00eddo para aplica\u00e7\u00e3o em crian\u00e7as. Desta forma, devido ao constante crescimento das pesquisas envolvendo os efeitos prejudiciais do ru\u00eddo, este site fez parte da pesquisa de mestrado da fonoaudi\u00f3loga Camila Oliveira e Souza na Universidade de S\u00e3o Paulo (USP) para o Programa de P\u00f3s-Gradua\u00e7\u00e3o em Fonoaudiologia, com apoio da CAPES.<\/p><p>Acesse clicando<a href=\"http:\/\/pintbrasil.fob.usp.br\/\"> aqui!<\/a><\/p><\/div>\n\t\t\t\t<\/div>\n\t\t\t\t\t\t\t<div class=\"elementor-toggle-item\">\n\t\t\t\t\t<div id=\"elementor-tab-title-5153\" class=\"elementor-tab-title\" data-tab=\"3\" role=\"button\" aria-controls=\"elementor-tab-content-5153\" aria-expanded=\"false\">\n\t\t\t\t\t\t\t\t\t\t\t\t<span class=\"elementor-toggle-icon elementor-toggle-icon-left\" aria-hidden=\"true\">\n\t\t\t\t\t\t\t\t\t\t\t\t\t\t\t<span class=\"elementor-toggle-icon-closed\"><i class=\"fas fa-caret-right\"><\/i><\/span>\n\t\t\t\t\t\t\t\t<span class=\"elementor-toggle-icon-opened\"><i class=\"elementor-toggle-icon-opened fas fa-caret-up\"><\/i><\/span>\n\t\t\t\t\t\t\t\t\t\t\t\t\t<\/span>\n\t\t\t\t\t\t\t\t\t\t\t\t<a class=\"elementor-toggle-title\" tabindex=\"0\">Aprendendo a Ouvir<\/a>\n\t\t\t\t\t<\/div>\n\n\t\t\t\t\t<div id=\"elementor-tab-content-5153\" class=\"elementor-tab-content elementor-clearfix\" data-tab=\"3\" role=\"region\" aria-labelledby=\"elementor-tab-title-5153\"><div class=\"carousel-inner\"><div class=\"carousel-item active\"><div class=\"vi-bgCarrousel\"><p>O\u00a0<strong>Aprendendo a ouvir<\/strong> \u00e9 um website de treinamento auditivo para crian\u00e7as com defici\u00eancia auditiva, usu\u00e1rias de dispositivos eletr\u00f4nicos, desenvolvido para envolver os pais e\/ou respons\u00e1veis no processo de reabilita\u00e7\u00e3o auditiva e auxili\u00e1-los no uso das tecnologias como recursos facilitadores ao desenvolvimento das habilidades auditivas das crian\u00e7as.<\/p><p>Acesse clicando<a href=\"https:\/\/aprendendoaouvir.fob.usp.br\/\"> aqui!<\/a><\/p><\/div><\/div><\/div><\/div>\n\t\t\t\t<\/div>\n\t\t\t\t\t\t\t<div class=\"elementor-toggle-item\">\n\t\t\t\t\t<div id=\"elementor-tab-title-5154\" class=\"elementor-tab-title\" data-tab=\"4\" role=\"button\" aria-controls=\"elementor-tab-content-5154\" aria-expanded=\"false\">\n\t\t\t\t\t\t\t\t\t\t\t\t<span class=\"elementor-toggle-icon elementor-toggle-icon-left\" aria-hidden=\"true\">\n\t\t\t\t\t\t\t\t\t\t\t\t\t\t\t<span class=\"elementor-toggle-icon-closed\"><i class=\"fas fa-caret-right\"><\/i><\/span>\n\t\t\t\t\t\t\t\t<span class=\"elementor-toggle-icon-opened\"><i class=\"elementor-toggle-icon-opened fas fa-caret-up\"><\/i><\/span>\n\t\t\t\t\t\t\t\t\t\t\t\t\t<\/span>\n\t\t\t\t\t\t\t\t\t\t\t\t<a class=\"elementor-toggle-title\" tabindex=\"0\">Paleta<\/a>\n\t\t\t\t\t<\/div>\n\n\t\t\t\t\t<div id=\"elementor-tab-content-5154\" class=\"elementor-tab-content elementor-clearfix\" data-tab=\"4\" role=\"region\" aria-labelledby=\"elementor-tab-title-5154\"><div class=\"col-12\"><p class=\"font-weight-light\">A plataforma foi desenvolvida para auxiliar na aplica\u00e7\u00e3o de testes de dupla tarefa. Esse processo envolve a realiza\u00e7\u00e3o eficiente de m\u00faltiplas opera\u00e7\u00f5es mentais de forma simult\u00e2nea, algo frequentemente observado em contextos de aprendizagem. O paradigma de dupla tarefa consiste em uma avalia\u00e7\u00e3o que combina um teste de fala no ru\u00eddo (tarefa principal) com outra atividade, como uma tarefa de memoriza\u00e7\u00e3o (tarefa secund\u00e1ria), para mensurar o esfor\u00e7o auditivo.\u00a0<\/p><\/div><div class=\"col-md-8 offset-md-2 mt-3\"><div id=\"carouselTutorial\" class=\"carousel slide\" data-ride=\"carousel\">Acesse clicando <span style=\"text-decoration: underline;\"><a href=\"https:\/\/paleta.fob.usp.br\/\">AQUI<\/a><\/span>!<\/div><\/div><\/div>\n\t\t\t\t<\/div>\n\t\t\t\t\t\t\t\t<\/div>\n\t\t\t\t<\/div>\n\t\t\t\t<\/div>\n\t\t\t\t\t<\/div>\n\t\t<\/div>\n\t\t\t\t\t<\/div>\n\t\t<\/section>\n\t\t\t\t<\/div>\n\t\t","protected":false},"excerpt":{"rendered":"<p>Sites Recomendados Remic O Remic \u00e9 um site com o objetivo de apresentar os diferentes tipos de microfones remotos e, em especial, aqueles associados ao ambiente educacional.\u00a0 Devido \u00e0 grande gama de op\u00e7\u00f5es dispon\u00edveis desses equipamentos e constantes inova\u00e7\u00f5es disponibilizadas pelo mercado, estaremos sempre buscando atualiz\u00e1-lo! Acesse clicando aqui! Pint Este site foi criado para [&hellip;]<\/p>\n","protected":false},"author":963,"featured_media":0,"parent":0,"menu_order":0,"comment_status":"closed","ping_status":"closed","template":"","meta":{"_monsterinsights_skip_tracking":false,"_monsterinsights_sitenote_active":false,"_monsterinsights_sitenote_note":"","_monsterinsights_sitenote_category":0,"footnotes":"","_links_to":"","_links_to_target":""},"class_list":["post-3281","page","type-page","status-publish","hentry","entry"],"_links":{"self":[{"href":"https:\/\/sites.usp.br\/laaaed\/wp-json\/wp\/v2\/pages\/3281","targetHints":{"allow":["GET"]}}],"collection":[{"href":"https:\/\/sites.usp.br\/laaaed\/wp-json\/wp\/v2\/pages"}],"about":[{"href":"https:\/\/sites.usp.br\/laaaed\/wp-json\/wp\/v2\/types\/page"}],"author":[{"embeddable":true,"href":"https:\/\/sites.usp.br\/laaaed\/wp-json\/wp\/v2\/users\/963"}],"replies":[{"embeddable":true,"href":"https:\/\/sites.usp.br\/laaaed\/wp-json\/wp\/v2\/comments?post=3281"}],"version-history":[{"count":4,"href":"https:\/\/sites.usp.br\/laaaed\/wp-json\/wp\/v2\/pages\/3281\/revisions"}],"predecessor-version":[{"id":3920,"href":"https:\/\/sites.usp.br\/laaaed\/wp-json\/wp\/v2\/pages\/3281\/revisions\/3920"}],"wp:attachment":[{"href":"https:\/\/sites.usp.br\/laaaed\/wp-json\/wp\/v2\/media?parent=3281"}],"curies":[{"name":"wp","href":"https:\/\/api.w.org\/{rel}","templated":true}]}}