{"id":3789,"date":"2024-03-11T21:43:24","date_gmt":"2024-03-12T00:43:24","guid":{"rendered":"https:\/\/sites.usp.br\/laaaed\/?page_id=3789"},"modified":"2024-04-27T15:11:58","modified_gmt":"2024-04-27T18:11:58","slug":"posgraduacao","status":"publish","type":"page","link":"https:\/\/sites.usp.br\/laaaed\/posgraduacao\/","title":{"rendered":"P\u00f3s &#8211; Gradua\u00e7\u00e3o"},"content":{"rendered":"\t\t<div data-elementor-type=\"wp-page\" data-elementor-id=\"3789\" class=\"elementor elementor-3789\" data-elementor-post-type=\"page\">\n\t\t\t\t\t\t<section class=\"elementor-section elementor-top-section elementor-element elementor-element-fd72aee elementor-section-boxed elementor-section-height-default elementor-section-height-default\" data-id=\"fd72aee\" data-element_type=\"section\">\n\t\t\t\t\t\t<div class=\"elementor-container elementor-column-gap-default\">\n\t\t\t\t\t<div class=\"elementor-column elementor-col-100 elementor-top-column elementor-element elementor-element-8e6eaa8\" data-id=\"8e6eaa8\" data-element_type=\"column\">\n\t\t\t<div class=\"elementor-widget-wrap elementor-element-populated\">\n\t\t\t\t\t\t<div class=\"elementor-element elementor-element-9f6d8c9 elementor-widget__width-inherit elementor-widget elementor-widget-heading\" data-id=\"9f6d8c9\" data-element_type=\"widget\" data-widget_type=\"heading.default\">\n\t\t\t\t<div class=\"elementor-widget-container\">\n\t\t\t<h2 class=\"elementor-heading-title elementor-size-default\">Programa de P\u00f3s - Gradua\u00e7\u00e3o em Fonoaudiologia <\/h2>\t\t<\/div>\n\t\t\t\t<\/div>\n\t\t\t\t\t<\/div>\n\t\t<\/div>\n\t\t\t\t\t<\/div>\n\t\t<\/section>\n\t\t\t\t<section class=\"elementor-section elementor-top-section elementor-element elementor-element-18f350c elementor-section-boxed elementor-section-height-default elementor-section-height-default\" data-id=\"18f350c\" data-element_type=\"section\">\n\t\t\t\t\t\t<div class=\"elementor-container elementor-column-gap-default\">\n\t\t\t\t\t<div class=\"elementor-column elementor-col-100 elementor-top-column elementor-element elementor-element-987f3c5\" data-id=\"987f3c5\" data-element_type=\"column\">\n\t\t\t<div class=\"elementor-widget-wrap elementor-element-populated\">\n\t\t\t\t\t\t<div class=\"elementor-element elementor-element-0fa139d elementor-widget-divider--view-line elementor-widget elementor-widget-divider\" data-id=\"0fa139d\" data-element_type=\"widget\" data-widget_type=\"divider.default\">\n\t\t\t\t<div class=\"elementor-widget-container\">\n\t\t\t\t\t<div class=\"elementor-divider\">\n\t\t\t<span class=\"elementor-divider-separator\">\n\t\t\t\t\t\t<\/span>\n\t\t<\/div>\n\t\t\t\t<\/div>\n\t\t\t\t<\/div>\n\t\t\t\t\t<\/div>\n\t\t<\/div>\n\t\t\t\t\t<\/div>\n\t\t<\/section>\n\t\t\t\t<section class=\"elementor-section elementor-top-section elementor-element elementor-element-19094b6 elementor-section-boxed elementor-section-height-default elementor-section-height-default\" data-id=\"19094b6\" data-element_type=\"section\">\n\t\t\t\t\t\t<div class=\"elementor-container elementor-column-gap-default\">\n\t\t\t\t\t<div class=\"elementor-column elementor-col-100 elementor-top-column elementor-element elementor-element-5c8626c\" data-id=\"5c8626c\" data-element_type=\"column\">\n\t\t\t<div class=\"elementor-widget-wrap elementor-element-populated\">\n\t\t\t\t\t\t<div class=\"elementor-element elementor-element-3e0d045 elementor-widget elementor-widget-image\" data-id=\"3e0d045\" data-element_type=\"widget\" data-widget_type=\"image.default\">\n\t\t\t\t<div class=\"elementor-widget-container\">\n\t\t\t\t\t\t\t\t\t\t\t\t\t<img fetchpriority=\"high\" decoding=\"async\" width=\"1024\" height=\"685\" src=\"https:\/\/sites.usp.br\/laaaed\/wp-content\/uploads\/sites\/1192\/2024\/03\/foto-todo-mundo-1-1024x685.png\" class=\"attachment-large size-large wp-image-3791\" alt=\"\" srcset=\"https:\/\/sites.usp.br\/laaaed\/wp-content\/uploads\/sites\/1192\/2024\/03\/foto-todo-mundo-1-1024x685.png 1024w, https:\/\/sites.usp.br\/laaaed\/wp-content\/uploads\/sites\/1192\/2024\/03\/foto-todo-mundo-1-300x201.png 300w, https:\/\/sites.usp.br\/laaaed\/wp-content\/uploads\/sites\/1192\/2024\/03\/foto-todo-mundo-1-768x514.png 768w, https:\/\/sites.usp.br\/laaaed\/wp-content\/uploads\/sites\/1192\/2024\/03\/foto-todo-mundo-1-400x268.png 400w, https:\/\/sites.usp.br\/laaaed\/wp-content\/uploads\/sites\/1192\/2024\/03\/foto-todo-mundo-1.png 1076w\" sizes=\"(max-width: 1024px) 100vw, 1024px\" \/>\t\t\t\t\t\t\t\t\t\t\t\t\t<\/div>\n\t\t\t\t<\/div>\n\t\t\t\t\t<\/div>\n\t\t<\/div>\n\t\t\t\t\t<\/div>\n\t\t<\/section>\n\t\t\t\t<section class=\"elementor-section elementor-top-section elementor-element elementor-element-f42e7c7 elementor-section-boxed elementor-section-height-default elementor-section-height-default\" data-id=\"f42e7c7\" data-element_type=\"section\">\n\t\t\t\t\t\t<div class=\"elementor-container elementor-column-gap-default\">\n\t\t\t\t\t<div class=\"elementor-column elementor-col-100 elementor-top-column elementor-element elementor-element-8f62976\" data-id=\"8f62976\" data-element_type=\"column\">\n\t\t\t<div class=\"elementor-widget-wrap elementor-element-populated\">\n\t\t\t\t\t\t<div class=\"elementor-element elementor-element-46995cc elementor-widget elementor-widget-spacer\" data-id=\"46995cc\" data-element_type=\"widget\" data-widget_type=\"spacer.default\">\n\t\t\t\t<div class=\"elementor-widget-container\">\n\t\t\t\t\t<div class=\"elementor-spacer\">\n\t\t\t<div class=\"elementor-spacer-inner\"><\/div>\n\t\t<\/div>\n\t\t\t\t<\/div>\n\t\t\t\t<\/div>\n\t\t\t\t\t<\/div>\n\t\t<\/div>\n\t\t\t\t\t<\/div>\n\t\t<\/section>\n\t\t\t\t<section class=\"elementor-section elementor-top-section elementor-element elementor-element-3c0dc1d elementor-section-boxed elementor-section-height-default elementor-section-height-default\" data-id=\"3c0dc1d\" data-element_type=\"section\">\n\t\t\t\t\t\t<div class=\"elementor-container elementor-column-gap-default\">\n\t\t\t\t\t<div class=\"elementor-column elementor-col-100 elementor-top-column elementor-element elementor-element-cbc572e\" data-id=\"cbc572e\" data-element_type=\"column\">\n\t\t\t<div class=\"elementor-widget-wrap elementor-element-populated\">\n\t\t\t\t\t\t<div class=\"elementor-element elementor-element-752615e elementor-widget elementor-widget-text-editor\" data-id=\"752615e\" data-element_type=\"widget\" data-widget_type=\"text-editor.default\">\n\t\t\t\t<div class=\"elementor-widget-container\">\n\t\t\t\t\t\t\t<p><span style=\"font-weight: 400;\">\u00a0 \u00a0 \u00a0 \u00a0 \u00a0 O programa de P\u00f3s-Gradua\u00e7\u00e3o em Fonoaudiologia tem como \u00e1rea de concentra\u00e7\u00e3o os Processos e Dist\u00farbios da Comunica\u00e7\u00e3o. O objetivo do Programa \u00e9 de desenvolver atividades did\u00e1ticas e de pesquisas centradas na comunica\u00e7\u00e3o e nas fun\u00e7\u00f5es orofaciais, e na sua inter-rela\u00e7\u00e3o com outras ci\u00eancias.\u00a0<\/span><\/p><p><span style=\"font-weight: 400;\">\u00a0 \u00a0 \u00a0 \u00a0Dentro da sua \u00e1rea de concentra\u00e7\u00e3o, o programa abriga projetos que abordam a promo\u00e7\u00e3o da sa\u00fade, a preven\u00e7\u00e3o, o diagn\u00f3stico e a reabilita\u00e7\u00e3o dos dist\u00farbios relacionados \u00e0 comunica\u00e7\u00e3o e \u00e0s fun\u00e7\u00f5es orofaciais. <\/span><\/p><p><span style=\"font-weight: 400;\">\u00a0 \u00a0 \u00a0 \u00a0Al\u00e9m disso, ele integra o uso das tecnologias de informa\u00e7\u00e3o e comunica\u00e7\u00e3o nessas \u00e1reas, oferecendo suporte para o desenvolvimento de pol\u00edticas p\u00fablicas. Para isso, o programa disp\u00f5e de uma infraestrutura de laborat\u00f3rios de pesquisa equipados, financiados por meio de aux\u00edlios \u00e0 pesquisa obtidos pelos docentes. Al\u00e9m disso, estabelece conv\u00eanios t\u00e9cnico-cient\u00edficos que promovem a forma\u00e7\u00e3o cient\u00edfica abrangente dos alunos, assim como a produ\u00e7\u00e3o t\u00e9cnica e bibliogr\u00e1fica tanto dos professores quanto dos estudantes.<\/span><\/p><hr \/><p style=\"text-align: center;\"><b><span style=\"color: #024059;\">Laborat\u00f3rio de Acessibilidade Auditiva e Audiologia Educacional<\/span>\u00a0<\/b><\/p><p><span style=\"font-weight: 400;\">\u00a0 \u00a0 \u00a0 \u00a0O Laborat\u00f3rio de Acessibilidade Auditiva e Audiologia Educacional tem como linha de pesquisa os Processos e Dist\u00farbios da Audi\u00e7\u00e3o.\u00a0<\/span><\/p><p><span style=\"font-weight: 400;\">\u00a0 \u00a0 \u00a0 \u00a0Na linha de pesquisa Processos e Dist\u00farbios da Audi\u00e7\u00e3o, os projetos abrangem o estudo da audi\u00e7\u00e3o, explorando os fundamentos te\u00f3rico-pr\u00e1ticos subjacentes \u00e0s a\u00e7\u00f5es preventivas relacionadas \u00e0 sa\u00fade auditiva. Isso inclui a investiga\u00e7\u00e3o em avalia\u00e7\u00e3o comportamental, eletroac\u00fastica e eletrofisiol\u00f3gica dos dist\u00farbios auditivos e do equil\u00edbrio. Os dom\u00ednios de pesquisa cient\u00edfica englobam os processos relacionados \u00e0 identifica\u00e7\u00e3o precoce de defici\u00eancias auditivas, interven\u00e7\u00f5es cl\u00ednicas e educacionais em diferentes faixas et\u00e1rias, e a explora\u00e7\u00e3o de tecnologias avan\u00e7adas como aparelhos de amplifica\u00e7\u00e3o sonora individuais, sistemas de frequ\u00eancia modulada, implantes cocleares, e outras tecnologias implant\u00e1veis.<\/span><\/p><p><span style=\"font-weight: 400;\">\u00a0 \u00a0 \u00a0 \u00a0Ademais, as pesquisas visam desenvolver protocolos para aprimorar a preven\u00e7\u00e3o, diagn\u00f3stico e interven\u00e7\u00e3o das defici\u00eancias auditivas. Alinhada com as tend\u00eancias das pesquisas internacionais, a linha de pesquisa em Processos e Dist\u00farbios da Audi\u00e7\u00e3o destaca-se por explorar a plasticidade neuronal auditiva, proporcionando avan\u00e7os baseados em evid\u00eancias cient\u00edficas nacionais na interven\u00e7\u00e3o da defici\u00eancia auditiva. Este enfoque beneficia tanto a nova gera\u00e7\u00e3o de beb\u00eas quanto a crescente popula\u00e7\u00e3o idosa.<\/span><\/p><p><span style=\"font-weight: 400;\">\u00a0 \u00a0 \u00a0 \u00a0A linha de pesquisa em Processos e Dist\u00farbios da Audi\u00e7\u00e3o proporciona amplas oportunidades para a forma\u00e7\u00e3o acad\u00eamica profissional, imersa em um ambiente acad\u00eamico e cient\u00edfico din\u00e2mico. Este ambiente \u00e9 enriquecido por meio de um ativo programa de servi\u00e7o p\u00fablico cl\u00ednico de extens\u00e3o e pesquisa, permitindo que os alunos vivenciem e reflitam sobre as pol\u00edticas p\u00fablicas relacionadas \u00e0 sa\u00fade auditiva. Os alunos s\u00e3o integralmente envolvidos nos m\u00e9todos e procedimentos cl\u00ednicos em toda a extens\u00e3o da pr\u00e1tica em audiologia, colaborando de maneira pr\u00f3xima com os docentes do programa. Essa pr\u00e1tica \u00e9 contextualizada nas bases cient\u00edficas que fundamentam as abordagens cl\u00ednicas.<\/span><\/p><p><b>Para saber mais, <\/b><b>acesse <\/b><b>o site da P\u00f3s-Gradua\u00e7\u00e3o da FOB-USP, clicando <em><span style=\"text-decoration: underline;\"><a href=\"https:\/\/posgraduacao.fob.usp.br\/pb\/\">aqui<\/a><\/span><\/em>\u00a0<\/b><\/p>\t\t\t\t\t\t<\/div>\n\t\t\t\t<\/div>\n\t\t\t\t\t<\/div>\n\t\t<\/div>\n\t\t\t\t\t<\/div>\n\t\t<\/section>\n\t\t\t\t<section class=\"elementor-section elementor-top-section elementor-element elementor-element-e3db7aa elementor-section-boxed elementor-section-height-default elementor-section-height-default\" data-id=\"e3db7aa\" data-element_type=\"section\">\n\t\t\t\t\t\t<div class=\"elementor-container elementor-column-gap-default\">\n\t\t\t\t\t<div class=\"elementor-column elementor-col-100 elementor-top-column elementor-element elementor-element-0724604\" data-id=\"0724604\" data-element_type=\"column\">\n\t\t\t<div class=\"elementor-widget-wrap\">\n\t\t\t\t\t\t\t<\/div>\n\t\t<\/div>\n\t\t\t\t\t<\/div>\n\t\t<\/section>\n\t\t\t\t<\/div>\n\t\t","protected":false},"excerpt":{"rendered":"<p>Programa de P\u00f3s &#8211; Gradua\u00e7\u00e3o em Fonoaudiologia \u00a0 \u00a0 \u00a0 \u00a0 \u00a0 O programa de P\u00f3s-Gradua\u00e7\u00e3o em Fonoaudiologia tem como \u00e1rea de concentra\u00e7\u00e3o os Processos e Dist\u00farbios da Comunica\u00e7\u00e3o. O objetivo do Programa \u00e9 de desenvolver atividades did\u00e1ticas e de pesquisas centradas na comunica\u00e7\u00e3o e nas fun\u00e7\u00f5es orofaciais, e na sua inter-rela\u00e7\u00e3o com outras ci\u00eancias.\u00a0 [&hellip;]<\/p>\n","protected":false},"author":963,"featured_media":0,"parent":0,"menu_order":0,"comment_status":"closed","ping_status":"closed","template":"","meta":{"_monsterinsights_skip_tracking":false,"_monsterinsights_sitenote_active":false,"_monsterinsights_sitenote_note":"","_monsterinsights_sitenote_category":0,"footnotes":"","_links_to":"","_links_to_target":""},"class_list":["post-3789","page","type-page","status-publish","hentry","entry"],"_links":{"self":[{"href":"https:\/\/sites.usp.br\/laaaed\/wp-json\/wp\/v2\/pages\/3789","targetHints":{"allow":["GET"]}}],"collection":[{"href":"https:\/\/sites.usp.br\/laaaed\/wp-json\/wp\/v2\/pages"}],"about":[{"href":"https:\/\/sites.usp.br\/laaaed\/wp-json\/wp\/v2\/types\/page"}],"author":[{"embeddable":true,"href":"https:\/\/sites.usp.br\/laaaed\/wp-json\/wp\/v2\/users\/963"}],"replies":[{"embeddable":true,"href":"https:\/\/sites.usp.br\/laaaed\/wp-json\/wp\/v2\/comments?post=3789"}],"version-history":[{"count":4,"href":"https:\/\/sites.usp.br\/laaaed\/wp-json\/wp\/v2\/pages\/3789\/revisions"}],"predecessor-version":[{"id":3862,"href":"https:\/\/sites.usp.br\/laaaed\/wp-json\/wp\/v2\/pages\/3789\/revisions\/3862"}],"wp:attachment":[{"href":"https:\/\/sites.usp.br\/laaaed\/wp-json\/wp\/v2\/media?parent=3789"}],"curies":[{"name":"wp","href":"https:\/\/api.w.org\/{rel}","templated":true}]}}