{"id":144,"date":"2016-01-19T16:22:24","date_gmt":"2016-01-19T18:22:24","guid":{"rendered":"http:\/\/sites.usp.br\/laabio\/?page_id=144"},"modified":"2021-12-28T16:24:24","modified_gmt":"2021-12-28T19:24:24","slug":"teses","status":"publish","type":"page","link":"https:\/\/sites.usp.br\/laabio\/publicacoes\/teses\/","title":{"rendered":"Teses\/Disserta\u00e7\u00f5es"},"content":{"rendered":"<p><span style=\"color: #ff0000;\"><strong>Mestrados<\/strong><\/span><\/p>\n<p><strong>Efici\u00eancia do clareamento e clareadores caseiros populares no esmalte dental &#8211;\u00a0<\/strong>Carla Roberta Oliveira Maciel (2021)<\/p>\n<p><strong>Efeito da vitrocer\u00e2mica bioativa associada a primers naturais na resist\u00eancia de uni\u00e3o dentina-adesivo<\/strong> &#8211; Rocio Geng Vivanco (2020)<\/p>\n<p><strong>Efeito de diferentes dentifr\u00edcios sobre o esmalte dental: um estudo cl\u00ednico duplo-cego cross-over<\/strong> &#8211; Anselmo Agostinho Simionato (2019)<\/p>\n<p><strong>Efeito da fitoesfingosina na altera\u00e7\u00e3o de cor e rugosidade de esmalte dental<\/strong> &#8211; Ayodele Alves Amorim (2019)<\/p>\n<p><strong>Estudo das propriedades f\u00edsicas e mec\u00e2nicas de materiais restauradores odontol\u00f3gicos submetidos a condi\u00e7\u00f5es de inuma\u00e7\u00e3o e afogamento para fins periciais<\/strong> &#8211; Sergio Augusto de Freitas Vicente (2015)<\/p>\n<p><strong>Estudo in vitro do uso de vitrocer\u00e2mica bioativa em dentes cariados: Avalia\u00e7\u00e3o da resist\u00eancia de uni\u00e3o a comp\u00f3sito<\/strong> &#8211; Renata Costa de Morais (2015)<\/p>\n<p><strong>Avalia\u00e7\u00e3o da resist\u00eancia ao arrancamento e do torque de remo\u00e7\u00e3o de um novo modelo de implante de zirc\u00f4nia<\/strong>. Renata Esp\u00edndola Silveira &#8211; (2014)<\/p>\n<p><strong>Efeito do envelhecimento artificial acelerado na estabilidade de cor de cimentos resinosos para cimenta\u00e7\u00e3o de laminados cer\u00e2micos<\/strong> &#8211; Francisca Daniele Jardilino Silami (2013)<\/p>\n<p><strong>An\u00e1lise da estabilidade de cor e rugosidade de superf\u00edcie de comp\u00f3sitos submetidos \u00e0 fuma\u00e7a de cigarro<\/strong> &#8211; Carla Cec\u00edlia Alandia Rom\u00e1n (2011)<\/p>\n<p><strong>Efeito da escova\u00e7\u00e3o e do envelhecimento artificial acelerado sobre a altera\u00e7\u00e3o superficial de materiais restauradores est\u00e9ticos<\/strong>\u00a0 &#8211; Louren\u00e7o de Moraes Rego Roselino (2012)<\/p>\n<p><strong>Resist\u00eancia ao cisalhamento de br\u00e1quetes ortod\u00f4nticos ap\u00f3s envelhecimento artificial acelerado<\/strong> &#8211; Brahim Drubi Filho (2011)<\/p>\n<p><strong>Estudo ex vivo da resist\u00eancia de uni\u00e3o de pinos de fibra \u00e0s paredes do canal radicular utilizando diferentes cimentos<\/strong> &#8211; Ana Paula Farina (2009)<\/p>\n<p><strong>Estabilidade de cor e opacidade de resinas diretas protegidas com selantes de superf\u00edcie submetidas a envelhecimento artificial acelerado<\/strong> &#8211; Fabiano Gamero Aguilar (2008)<\/p>\n<p><strong>Estudo comparativo de dois materiais na moldagem de conduto radicular para confec\u00e7\u00e3o de n\u00facleo met\u00e1lico fundido<\/strong> &#8211; S\u00f4nia Maria Lemos Brancato Camarinha (2008)<\/p>\n<p><strong>Estudo comparativo da radiopacidade de materiais forradores<\/strong> &#8211; Hisham Mohamad Hamida (2007)<\/p>\n<p><strong>Influ\u00eancia do envelhecimento artificial acelerado sobre a estabilidade de cor, opacidade e densidade das liga\u00e7\u00f5es cruzadas de comp\u00f3sitos odontol\u00f3gicos armazenados em diferentes ambientes e tempos de armazenagem<\/strong> &#8211; Fabr\u00edcio Mariano Mundim (2007)<\/p>\n<p><strong>Estabilidade de cor de cer\u00e2micas odontol\u00f3gicas submetidas ao processo de envelhecimento artificial acelerado ap\u00f3s m\u00faltiplos ciclos de queima<\/strong> &#8211; Karla Cristiane Vieira da Fonseca (2006)<\/p>\n<p><strong>Envelhecimento Artificial Acelerado &#8211; Influ\u00eancia na altera\u00e7\u00e3o de cor e rugosidade superficial de resinas indiretas<\/strong> &#8211; Fab\u00edola Rejane Zanin (2005)<\/p>\n<p><span style=\"color: #ff0000;\"><b>Doutorados<\/b><\/span><\/p>\n<p><strong>Caracteriza\u00e7\u00e3o e resist\u00eancia adesiva de cimentos de ion\u00f4mero de vidro modificados por resina com adi\u00e7\u00e3o de vitrocer\u00e2mica bioativas<\/strong> &#8211; S\u00e9rgio Augusto de Freitas Vincenti (2018)<\/p>\n<p class=\"p1\"><strong>Influ\u00eancia dos cimentos resinosos e sistemas cer\u00e2micos na translucidez e estabilidade de cor de restaura\u00e7\u00f5es laminadas<\/strong> &#8211;\u00a0Francisca Daniele Jardilino Silami (2017)<\/p>\n<p><strong>Desenvolvimento de um novo cimento endod\u00f4ntico com capacidade regeneradora de osso<\/strong> &#8211; Carla Cec\u00edlia Alandia Rom\u00e1n (2015)<\/p>\n<p><strong>Efeito do uso de primers bioativos na interface dentina-adesivo<\/strong> &#8211; Ana Beatriz Silva Sousa (2015)<\/p>\n<p><strong>Avalia\u00e7\u00e3o cl\u00ednica do efeito de dentifr\u00edcios clareadores na cor e rugosidade do esmalte dental e comp\u00f3sitos odontol\u00f3gicos<\/strong> &#8211; Louren\u00e7o de Moraes Rego Roselino (2014)<\/p>\n<p><strong>An\u00e1lise de tens\u00f5es e resist\u00eancia flexural de implantes de Zirc\u00f4nia ap\u00f3s ciclagem mec\u00e2nica<\/strong> &#8211; Diogo Rodrigues Cruvinel (2013)<\/p>\n<p><strong>Estudo da biocompatibilidade do cimento de aluminato de c\u00e1lcio para uso odontol\u00f3gico<\/strong> &#8211; Fabiano Gamero Aguilar (2012)<\/p>\n<p><strong>Estudo longitudinal da influ\u00eancia da a\u00e7\u00e3o de solu\u00e7\u00f5es fluoretadas sobre altera\u00e7\u00e3o de cor e rugosidade de superf\u00edcie de comp\u00f3sitos odontol\u00f3gicos<\/strong> &#8211; Fabr\u00edcio Mariano Mundim (2011)<\/p>\n<p><span style=\"color: #ff0000;\"><b>Supervis\u00f5es de P\u00f3s-Doutorado<\/b><\/span><\/p>\n<p><strong>Efeito da fitoesfingosina associada \u00e0 escova\u00e7\u00e3o em rela\u00e7\u00e3o a altera\u00e7\u00e3o de cor, rugosidade de superf\u00edcie e microdureza do esmalte dental \u2013 estudo in vitro e in situ &#8211; <\/strong>Carolina Noronha Ferraz de Arruda (2020)<\/p>\n<p><strong>Efeito de vitrocer\u00e2mica bioativa no esmalte e les\u00f5es erosivas em dentina radicular<\/strong> &#8211; Michelle Alexandra Chinelatti (2015)<\/p>\n<p><strong>Caracteriza\u00e7\u00e3o e resist\u00eancia de uni\u00e3o de cimento de ion\u00f4mero de vidro modificado por resina com adi\u00e7\u00e3o de vidro bioativo<\/strong> &#8211; Marta Maria Martins Giamatei Contente (2016)<\/p>\n<p><strong>Avalia\u00e7\u00e3o da radiopacidade, capacidade de manchamento e solubilidade e desintegra\u00e7\u00e3o de cimento de aluminato de c\u00e1lcio (EndoBinder)<\/strong> &#8211; Lucas da Fonseca Roberti Garcia (2012)<\/p>\n<p><strong>Caracteriza\u00e7\u00e3o mec\u00e2nica e microestrutural de um novo cimento de Aluminato de C\u00e1lcio (Endobinder)<\/strong> &#8211; Lucas da Fonseca Roberti Garcia (2009)<\/p>\n","protected":false},"excerpt":{"rendered":"<p>Mestrados Efici\u00eancia do clareamento e clareadores caseiros populares no esmalte dental &#8211;\u00a0Carla Roberta Oliveira Maciel [&hellip;]<\/p>\n","protected":false},"author":107,"featured_media":0,"parent":137,"menu_order":2,"comment_status":"closed","ping_status":"closed","template":"","meta":{"footnotes":"","_links_to":"","_links_to_target":""},"class_list":["post-144","page","type-page","status-publish","hentry"],"_links":{"self":[{"href":"https:\/\/sites.usp.br\/laabio\/wp-json\/wp\/v2\/pages\/144","targetHints":{"allow":["GET"]}}],"collection":[{"href":"https:\/\/sites.usp.br\/laabio\/wp-json\/wp\/v2\/pages"}],"about":[{"href":"https:\/\/sites.usp.br\/laabio\/wp-json\/wp\/v2\/types\/page"}],"author":[{"embeddable":true,"href":"https:\/\/sites.usp.br\/laabio\/wp-json\/wp\/v2\/users\/107"}],"replies":[{"embeddable":true,"href":"https:\/\/sites.usp.br\/laabio\/wp-json\/wp\/v2\/comments?post=144"}],"version-history":[{"count":4,"href":"https:\/\/sites.usp.br\/laabio\/wp-json\/wp\/v2\/pages\/144\/revisions"}],"predecessor-version":[{"id":499,"href":"https:\/\/sites.usp.br\/laabio\/wp-json\/wp\/v2\/pages\/144\/revisions\/499"}],"up":[{"embeddable":true,"href":"https:\/\/sites.usp.br\/laabio\/wp-json\/wp\/v2\/pages\/137"}],"wp:attachment":[{"href":"https:\/\/sites.usp.br\/laabio\/wp-json\/wp\/v2\/media?parent=144"}],"curies":[{"name":"wp","href":"https:\/\/api.w.org\/{rel}","templated":true}]}}