{"id":150,"date":"2016-01-19T16:22:57","date_gmt":"2016-01-19T18:22:57","guid":{"rendered":"http:\/\/sites.usp.br\/laabio\/?page_id=150"},"modified":"2022-11-04T15:32:10","modified_gmt":"2022-11-04T18:32:10","slug":"equipamentos","status":"publish","type":"page","link":"https:\/\/sites.usp.br\/laabio\/equipamentos\/","title":{"rendered":"Equipamentos"},"content":{"rendered":"<p>O LaABio \u00e9 uma Central de Multiusu\u00e1rios &#8211; LaABio &#8211; Multi. No <a href=\"https:\/\/uspmulti.prp.usp.br\/public\/centrais\/183\" target=\"_blank\" rel=\"noopener\">site da Central Multiusu\u00e1rios<\/a>, podem ser consultados os valores e realizadas as reservas para uso dos equipamentos.<\/p>\n<p>&nbsp;<\/p>\n<p>&nbsp;<\/p>\n<p>&nbsp;<\/p>\n<p><strong><u>Principais equipamentos dispon\u00edveis<\/u><\/strong><\/p>\n<p>&nbsp;<\/p>\n<p>Equipamento de microtra\u00e7\u00e3o OM100 &#8211; Odeme<\/p>\n<p>&nbsp;<\/p>\n<p>M\u00e1quina de ensaio Universal DL 200, EMIC<\/p>\n<p>&nbsp;<\/p>\n<p>Rugos\u00edmetro SurfCorder SE1700<\/p>\n<p>&nbsp;<\/p>\n<p>Politriz manual e mec\u00e2nica<\/p>\n<p>&nbsp;<\/p>\n<p>Cabine de luz<\/p>\n<p>&nbsp;<\/p>\n<p>Simuladora de escova\u00e7\u00e3o MAVTEC\/ Equipamento de abras\u00e3o<\/p>\n<p>&nbsp;<\/p>\n<p>Equipamento de ciclagem termomec\u00e2nica ERIOS<\/p>\n<p>&nbsp;<\/p>\n<p>M\u00e1quina simuladora de fumo<\/p>\n<p>&nbsp;<\/p>\n<p>Forno EDG Alumini Sinter Press \u2013para cer\u00e2micas sinterizadas e prensadas com m\u00e1quina de v\u00e1cuo.<\/p>\n<p>&nbsp;<\/p>\n<p>Forno para remo\u00e7\u00e3o de cera F-3000 EDG<\/p>\n<p>&nbsp;<\/p>\n<p>Forno para cer\u00e2mica Ivoclar Programat EP 5010<\/p>\n<p>&nbsp;<\/p>\n<p>Vita EasyShade 5<\/p>\n<p>&nbsp;<\/p>\n<p>Espectrofot\u00f4metro PCB 6807 Byk Gardner<\/p>\n<p>&nbsp;<\/p>\n<p>Micro-Gloss 45\u00ba BYK Gardner<\/p>\n<p>&nbsp;<\/p>\n<p>Cortadeira de precis\u00e3o ISOMET 1000 Buehler<\/p>\n<p>&nbsp;<\/p>\n<p>Motores el\u00e9tricos para preparo cavit\u00e1rio<\/p>\n<p>&nbsp;<\/p>\n<p>Fotodensit\u00f4metro<\/p>\n<p>&nbsp;<\/p>\n<p>Equipamento de envelhecimento com luz natural<\/p>\n<p>&nbsp;<\/p>\n<p>Equipamento de envelhecimento artificial<\/p>\n<p>&nbsp;<\/p>\n<p>Misturador magn\u00e9tico<\/p>\n<p>&nbsp;<\/p>\n<p>Placa de aquecimento<\/p>\n<p>&nbsp;<\/p>\n<p>Equipamento para medida de sitffness de escovas dentais<\/p>\n","protected":false},"excerpt":{"rendered":"<p>O LaABio \u00e9 uma Central de Multiusu\u00e1rios &#8211; LaABio &#8211; Multi. No site da Central [&hellip;]<\/p>\n","protected":false},"author":107,"featured_media":0,"parent":0,"menu_order":15,"comment_status":"closed","ping_status":"closed","template":"","meta":{"footnotes":"","_links_to":"","_links_to_target":""},"class_list":["post-150","page","type-page","status-publish","hentry"],"_links":{"self":[{"href":"https:\/\/sites.usp.br\/laabio\/wp-json\/wp\/v2\/pages\/150","targetHints":{"allow":["GET"]}}],"collection":[{"href":"https:\/\/sites.usp.br\/laabio\/wp-json\/wp\/v2\/pages"}],"about":[{"href":"https:\/\/sites.usp.br\/laabio\/wp-json\/wp\/v2\/types\/page"}],"author":[{"embeddable":true,"href":"https:\/\/sites.usp.br\/laabio\/wp-json\/wp\/v2\/users\/107"}],"replies":[{"embeddable":true,"href":"https:\/\/sites.usp.br\/laabio\/wp-json\/wp\/v2\/comments?post=150"}],"version-history":[{"count":5,"href":"https:\/\/sites.usp.br\/laabio\/wp-json\/wp\/v2\/pages\/150\/revisions"}],"predecessor-version":[{"id":506,"href":"https:\/\/sites.usp.br\/laabio\/wp-json\/wp\/v2\/pages\/150\/revisions\/506"}],"wp:attachment":[{"href":"https:\/\/sites.usp.br\/laabio\/wp-json\/wp\/v2\/media?parent=150"}],"curies":[{"name":"wp","href":"https:\/\/api.w.org\/{rel}","templated":true}]}}