{"id":62,"date":"2014-02-12T11:28:30","date_gmt":"2014-02-12T13:28:30","guid":{"rendered":"http:\/\/sites.usp.br\/laabio\/?page_id=62"},"modified":"2022-11-04T15:51:09","modified_gmt":"2022-11-04T18:51:09","slug":"equipe","status":"publish","type":"page","link":"https:\/\/sites.usp.br\/laabio\/equipe\/","title":{"rendered":"Equipe"},"content":{"rendered":"<p><span style=\"color: #ff0000;\"><strong>L\u00edder<\/strong>:<\/span><\/p>\n<p><strong><a href=\"http:\/\/lattes.cnpq.br\/5000638498655119\" target=\"_blank\" rel=\"noopener noreferrer\">Fernanda de Carvalho Panzeri Pires-de-Souza<\/a><\/strong> &#8211; Professora Titular, Faculdade de Odontologia de Ribeir\u00e3o Preto\/USP<\/p>\n<p><a style=\"vertical-align: top;\" href=\"https:\/\/orcid.org\/0000-0002-1455-1538\" target=\"orcid.widget\" rel=\"noopener noreferrer\"><img decoding=\"async\" style=\"width: 1em; margin-right: .5em;\" src=\"https:\/\/orcid.org\/sites\/default\/files\/images\/orcid_16x16.png\" alt=\"ORCID iD icon\" \/>orcid.org\/0000-0002-1455-1538<\/a><\/p>\n<p><a href=\"https:\/\/www.researchgate.net\/profile\/Fernanda_Pires-de-Souza\"> ResearchGate<\/a><\/p>\n<p>&nbsp;<\/p>\n<p><span style=\"color: #ff0000;\"><strong>Pesquisadores<\/strong><\/span>:<\/p>\n<p><a href=\"http:\/\/lattes.cnpq.br\/0196664404007377\" target=\"_blank\" rel=\"noopener noreferrer\"><strong>Ana Beatriz Silva Sousa<\/strong><\/a> &#8211; Professora Adjunta do Curso de Odontologia da Universidade de Ribeir\u00e3o Preto (UNAERP)<\/p>\n<p><strong><a href=\"http:\/\/lattes.cnpq.br\/9388177791594426\">Carolina Noronha Ferraz de Arruda<\/a><\/strong> &#8211; Professora Adjunta do Curso de Odontologia da Feevale, Novo Hamburgo, Rio Grande do Sul<\/p>\n<p><a href=\"http:\/\/lattes.cnpq.br\/3560126704312343\"><strong>Marta Maria Martins Giamatei Contente<\/strong><\/a> &#8211; Professora Assistente Doutor 1 do Curso de Odontologia da Universidade de Ribeir\u00e3o Preto (UNAERP)<\/p>\n<p><a href=\"http:\/\/lattes.cnpq.br\/7173132988388147\" target=\"_blank\" rel=\"noopener noreferrer\"><strong>Rafaella Tonani Torrieri<\/strong><\/a>, Mestre em Ci\u00eancias Cont\u00e1beis pela Faculdade de Economia e Administra\u00e7\u00e3o (FEA\/USP).<\/p>\n<p>&nbsp;<\/p>\n<p><strong><span style=\"color: #ff0000;\">Doutorandos<\/span>:<\/strong><\/p>\n<p><strong><a href=\"http:\/\/lattes.cnpq.br\/6318833299526276\" target=\"_blank\" rel=\"noopener noreferrer\">Ayodele Alves Amorim<\/a> &#8211; <\/strong>Graduado em Odontologia em 2016 pela Faculdade Estadual de Pernambuco. Mestrado defendido em 2019.<\/p>\n<p><strong><a href=\"http:\/\/lattes.cnpq.br\/0260427760404310\">Eduardo Jos\u00e9 Soares<\/a><\/strong> &#8211; Graduado em Odontologia em 2016 pela Faculdade de Odontologia de Ribeir\u00e3o Preto. Ingressou no Doutorado Direto em Odontopediatria em 2021<\/p>\n<p><a href=\"http:\/\/lattes.cnpq.br\/1085854563130876\" target=\"_blank\" rel=\"noopener\">Mar\u00edlia Daniela Busnardo Canadas<\/a> &#8211; Graduada em Odontologia em 2006 pla Faculdade de Odontologia de Ribeir\u00e3o Preto. Ingressou no Doutorado Direto em Odontopediatria em 2022<\/p>\n<p><strong><a href=\"http:\/\/lattes.cnpq.br\/2638794331735304\" target=\"_blank\" rel=\"noopener noreferrer\">Rocio Geng Vivanco<\/a><\/strong> &#8211; Graduada em 2014 pela Faculty of Stomatology at Universidad Peruana Cayetano Heredia (Lima, Peru). Interc\u00e2mbio na School of Dentistry of University of Maryland, USA (2014). Mestrado defendido em 2020.<\/p>\n<p>&nbsp;<\/p>\n<p><strong><span style=\"color: #ff0000;\">Mestrandos<\/span>:<\/strong><\/p>\n<p><strong>Julia Correa Raffaini<\/strong> &#8211; Graduada em Odontologia pela Universidade de S\u00e3o Paulo em 2021. Ingresso no Mestrado em 2022.<\/p>\n<p><strong>Pedro Roberto Braz Rodrigues<\/strong> &#8211; Graduado em Odontologia pela Universidade Federal de Goi\u00e1s em 2019. Ingresso no Mestrado em 2022.<\/p>\n<p>&nbsp;<\/p>\n<p><span style=\"color: #ff0000;\"><strong>Alunos de Inicia\u00e7\u00e3o Cient\u00edfica<\/strong><\/span><\/p>\n<p><strong>Arthur Henrique Garcia Pinto,<\/strong> FORP\/USP<\/p>\n<p><strong>Gabriela Barbosa Mialichi<\/strong>, UNAERP<\/p>\n<p><strong>Jo\u00e3o Lucas Borim Maciel<\/strong>, FORP\/USP<\/p>\n<p><strong>Ka\u00edssa da Cunha Lima<\/strong>, FORP\/USP<\/p>\n<p><strong>Laryssa Karla Romano<\/strong>, FORP\/USP<\/p>\n<p><strong>Luiza Pejon Sanchez,<\/strong> FORP\/USP<\/p>\n<p><strong>Maria Eduarda Rosa Freato<\/strong>, UNAERP<\/p>\n<p>&nbsp;<\/p>\n<p>&nbsp;<\/p>\n<p><span style=\"color: #ff0000;\"><strong>Egressos<\/strong><\/span><\/p>\n<p><strong>Marta Maria Martins Giamatei Contente,\u00a0<\/strong>P\u00f3s-Doutorado finalizado em 2017<\/p>\n<p><strong>Michelle Alexandra Chinelatti<\/strong>, P\u00f3s-Doutorado finalizado em 2015<\/p>\n<p><strong>Lucas da Fonseca Roberti Garcia<\/strong>, P\u00f3s-Doutorado finalizado em 2012<\/p>\n<p><strong>Sergio Augusto de Freitas Vincenti<\/strong> &#8211; Doutorado finalizado em\u00a0 2018<\/p>\n<p><strong>Francisca Daniele Jardilino Silame, <\/strong>Doutorado finalizado em\u00a02017<\/p>\n<p><strong>Carla Cecilia Alandia Rom\u00e1n,<\/strong> Doutorado finalizado em 2015<\/p>\n<p><strong>Louren\u00e7o de Moraes Rego Roselino<\/strong>, Doutorado finalizado em 2015<\/p>\n<p><strong>Diogo Rodrigues Cruvinel<\/strong>, Doutorado finalizado em 2013<\/p>\n<p><strong>Fabr\u00edcio Mariano Mundim<\/strong>, Doutorado finalizado em 2011<\/p>\n<p><strong>J\u00e9ssica Dantas Abreu\u00a0<\/strong>&#8211; Mestrado finalizado em 2022<\/p>\n<p><strong>Stephanie de Oliveira Silva &#8211; <\/strong>Mestrado finalizado em 2022<\/p>\n<p><strong>Rebeca Franco de Lima Oliveira &#8211;<\/strong> Mestrado finalizado em 2022<\/p>\n<p><strong>Adriana Cavalcanti Ferreira,\u00a0<\/strong>Mestrado finalizado em 2022<\/p>\n<p><strong>Carla Roberta Oliveira Maciel &#8211;<\/strong> Mestrado finalizado em 2021<\/p>\n<p><strong>Anselmo Agostinho Simionato<\/strong> &#8211; Mestrado finalizado em 2019<\/p>\n<p><strong>Roberto Cesar Biancalana<\/strong>, Mestrado finalizado em 2015<\/p>\n<p><strong>Renata Costa de Morais<\/strong>, Mestrado finalizado em 2015<\/p>\n<p><strong>Renata Esp\u00edndola Silveira<\/strong>, Mestrado finalizado em 2015<\/p>\n<p><strong>Brahim Drubi Filho<\/strong>, Mestrado finalizado em 2011<\/p>\n<p><strong>Ana Paula Farina<\/strong>, Mestrado finalizado em 2009<\/p>\n<p><strong>Hisham Mohamad Hamida<\/strong>, Mestrado finalizado em 2007<\/p>\n<p><strong>J\u00falia de Castro Afonso,\u00a0<\/strong>Gradua\u00e7\u00e3o em 2022<\/p>\n<p><strong>Let\u00edcia Campos de Araujo,\u00a0<\/strong>Gradua\u00e7\u00e3o em 2022<\/p>\n<p><strong>Ana Let\u00edcia Franklin Souza, <\/strong>Gradua\u00e7\u00e3o em 2020<\/p>\n<p><strong>Olivia Santana Jorge,\u00a0<\/strong>Gradua\u00e7\u00e3o em 2019<\/p>\n<p><strong>Eduardo Jos\u00e9 Soares<\/strong>, Gradua\u00e7\u00e3o em 2016<\/p>\n<p><strong>Lilian Nascimento Carlos<\/strong>, Gradua\u00e7\u00e3o em 2016<\/p>\n<p><strong>Renata Silva Cardoso<\/strong>, Gradua\u00e7\u00e3o em 2015<\/p>\n<p><strong>Bruno Rodrigues da Silva<\/strong>, Gradua\u00e7\u00e3o em 2014<\/p>\n<p><strong>Etiene Faria Aguiar<\/strong>, Gradua\u00e7\u00e3o em 2014<\/p>\n<p><strong>Gabrielle Milan Runkus Dias<\/strong>, Gradua\u00e7\u00e3o em 2014<\/p>\n<p><strong>Camila Gleice Leonardo<\/strong>, Gradua\u00e7\u00e3o em 2012<\/p>\n<p><strong>Gustavo Da Col dos Santos Pinto<\/strong>, Gradua\u00e7\u00e3o em 2009<\/p>\n<p><strong>Raphael Mendes Bezerra Rattacaso<\/strong>, Gradua\u00e7\u00e3o em 2009<\/p>\n<p><strong>Mar\u00edlia Daniela Busnardo Canadas<\/strong>, Gradua\u00e7\u00e3o em 2005<\/p>\n<p><strong>Janisse Martinelli Borges de Oliveira<\/strong>, Gradua\u00e7\u00e3o em 2004<\/p>\n<p>&nbsp;<\/p>\n<p>&nbsp;<\/p>\n","protected":false},"excerpt":{"rendered":"<p>L\u00edder: Fernanda de Carvalho Panzeri Pires-de-Souza &#8211; Professora Titular, Faculdade de Odontologia de Ribeir\u00e3o Preto\/USP [&hellip;]<\/p>\n","protected":false},"author":1,"featured_media":0,"parent":0,"menu_order":6,"comment_status":"closed","ping_status":"closed","template":"","meta":{"footnotes":"","_links_to":"","_links_to_target":""},"class_list":["post-62","page","type-page","status-publish","hentry"],"_links":{"self":[{"href":"https:\/\/sites.usp.br\/laabio\/wp-json\/wp\/v2\/pages\/62","targetHints":{"allow":["GET"]}}],"collection":[{"href":"https:\/\/sites.usp.br\/laabio\/wp-json\/wp\/v2\/pages"}],"about":[{"href":"https:\/\/sites.usp.br\/laabio\/wp-json\/wp\/v2\/types\/page"}],"author":[{"embeddable":true,"href":"https:\/\/sites.usp.br\/laabio\/wp-json\/wp\/v2\/users\/1"}],"replies":[{"embeddable":true,"href":"https:\/\/sites.usp.br\/laabio\/wp-json\/wp\/v2\/comments?post=62"}],"version-history":[{"count":4,"href":"https:\/\/sites.usp.br\/laabio\/wp-json\/wp\/v2\/pages\/62\/revisions"}],"predecessor-version":[{"id":507,"href":"https:\/\/sites.usp.br\/laabio\/wp-json\/wp\/v2\/pages\/62\/revisions\/507"}],"wp:attachment":[{"href":"https:\/\/sites.usp.br\/laabio\/wp-json\/wp\/v2\/media?parent=62"}],"curies":[{"name":"wp","href":"https:\/\/api.w.org\/{rel}","templated":true}]}}