{"id":79,"date":"2014-02-24T16:51:20","date_gmt":"2014-02-24T18:51:20","guid":{"rendered":"http:\/\/sites.usp.br\/laabio\/?page_id=79"},"modified":"2020-12-22T18:06:21","modified_gmt":"2020-12-22T20:06:21","slug":"pagina-inicial","status":"publish","type":"page","link":"https:\/\/sites.usp.br\/laabio\/","title":{"rendered":"Home"},"content":{"rendered":"<p><i>\r\n\t<div class=\"slideshow_container slideshow_container_style-light\" style=\"height: 292px; \" data-slideshow-id=\"117\" data-style-name=\"style-light\" data-style-version=\"2.3.1\" >\r\n\r\n\t\t\t\t\t<div class=\"slideshow_loading_icon\"><\/div>\r\n\t\t\r\n\t\t<div class=\"slideshow_content\" style=\"display: none;\">\r\n\r\n\t\t\t<div class=\"slideshow_view\">\r\n\t\t\t\t<div class=\"slideshow_slide slideshow_slide_image\">\r\n\t\t\t\t\t\t\t\t\t\t\t<img src=\"https:\/\/sites.usp.br\/laabio\/wp-content\/uploads\/sites\/61\/2019\/03\/WhatsApp-Image-2019-02-25-at-10.26.13.jpeg\" alt=\"WhatsApp Image 2019-02-25 at 10.26.13\" width=\"1094\" height=\"1174\" \/>\r\n\t\t\t\t\t\t\t\t\t\t<div class=\"slideshow_description_box slideshow_transparent\">\r\n\t\t\t\t\t\t<div class=\"slideshow_title\">WhatsApp Image 2019-02-25 at 10.26.13<\/div>\t\t\t\t\t\t\t\t\t\t\t<\/div>\r\n\t\t\t\t<\/div>\r\n\r\n\t\t\t\t\t\t<div style=\"clear: both;\"><\/div><\/div><div class=\"slideshow_view\">\r\n\t\t\t\t<div class=\"slideshow_slide slideshow_slide_image\">\r\n\t\t\t\t\t\t\t\t\t\t\t<img src=\"https:\/\/sites.usp.br\/laabio\/wp-content\/uploads\/sites\/61\/2019\/03\/IMG_3206.jpg\" alt=\"IMG_3206\" width=\"3024\" height=\"3024\" \/>\r\n\t\t\t\t\t\t\t\t\t\t<div class=\"slideshow_description_box slideshow_transparent\">\r\n\t\t\t\t\t\t<div class=\"slideshow_title\">IMG_3206<\/div>\t\t\t\t\t\t\t\t\t\t\t<\/div>\r\n\t\t\t\t<\/div>\r\n\r\n\t\t\t\t\t\t<div style=\"clear: both;\"><\/div><\/div><div class=\"slideshow_view\">\r\n\t\t\t\t<div class=\"slideshow_slide slideshow_slide_image\">\r\n\t\t\t\t\t\t\t\t\t\t\t<img src=\"https:\/\/sites.usp.br\/laabio\/wp-content\/uploads\/sites\/61\/2019\/03\/c321b93e-f09d-48d4-8c2c-080f336eec0b.jpg\" alt=\"Color\" width=\"1040\" height=\"780\" \/>\r\n\t\t\t\t\t\t\t\t\t\t<div class=\"slideshow_description_box slideshow_transparent\">\r\n\t\t\t\t\t\t<div class=\"slideshow_title\">Color<\/div>\t\t\t\t\t\t\t\t\t\t\t<\/div>\r\n\t\t\t\t<\/div>\r\n\r\n\t\t\t\t\t\t<div style=\"clear: both;\"><\/div><\/div><div class=\"slideshow_view\">\r\n\t\t\t\t<div class=\"slideshow_slide slideshow_slide_image\">\r\n\t\t\t\t\t\t\t\t\t\t\t<img src=\"https:\/\/sites.usp.br\/laabio\/wp-content\/uploads\/sites\/61\/2016\/01\/LaABio.jpg\" alt=\"LaABio\" width=\"3888\" height=\"2592\" \/>\r\n\t\t\t\t\t\t\t\t\t\t<div class=\"slideshow_description_box slideshow_transparent\">\r\n\t\t\t\t\t\t<div class=\"slideshow_title\">LaABio<\/div>\t\t\t\t\t\t\t\t\t\t\t<\/div>\r\n\t\t\t\t<\/div>\r\n\r\n\t\t\t\t\t\t<div style=\"clear: both;\"><\/div><\/div><div class=\"slideshow_view\">\r\n\t\t\t\t<div class=\"slideshow_slide slideshow_slide_image\">\r\n\t\t\t\t\t\t\t\t\t\t\t<img src=\"https:\/\/sites.usp.br\/laabio\/wp-content\/uploads\/sites\/61\/2016\/01\/forp-lua.jpg\" alt=\"forp lua\" width=\"3888\" height=\"2592\" \/>\r\n\t\t\t\t\t\t\t\t\t\t<div class=\"slideshow_description_box slideshow_transparent\">\r\n\t\t\t\t\t\t<div class=\"slideshow_title\">forp lua<\/div>\t\t\t\t\t\t\t\t\t\t\t<\/div>\r\n\t\t\t\t<\/div>\r\n\r\n\t\t\t\t\t\t<div style=\"clear: both;\"><\/div><\/div><div class=\"slideshow_view\">\r\n\t\t\t\t<div class=\"slideshow_slide slideshow_slide_image\">\r\n\t\t\t\t\t\t\t\t\t\t\t<img src=\"https:\/\/sites.usp.br\/laabio\/wp-content\/uploads\/sites\/61\/2016\/01\/IMG_7760.jpg\" alt=\"IMG_7760\" width=\"2809\" height=\"2587\" \/>\r\n\t\t\t\t\t\t\t\t\t\t<div class=\"slideshow_description_box slideshow_transparent\">\r\n\t\t\t\t\t\t<div class=\"slideshow_title\">IMG_7760<\/div>\t\t\t\t\t\t\t\t\t\t\t<\/div>\r\n\t\t\t\t<\/div>\r\n\r\n\t\t\t\t\t\t<div style=\"clear: both;\"><\/div><\/div>\r\n\t\t<\/div>\r\n\r\n\t\t<div class=\"slideshow_controlPanel slideshow_transparent\" style=\"display: none;\"><ul><li class=\"slideshow_togglePlay\" data-play-text=\"Acionar\" data-pause-text=\"Pausar\"><\/li><\/ul><\/div>\r\n\r\n\t\t<div class=\"slideshow_button slideshow_previous slideshow_transparent\" role=\"button\" data-previous-text=\"Anterior\" style=\"display: none;\"><\/div>\r\n\t\t<div class=\"slideshow_button slideshow_next slideshow_transparent\" role=\"button\" data-next-text=\"Pr\u00f3ximo\" style=\"display: none;\"><\/div>\r\n\r\n\t\t<div class=\"slideshow_pagination\" style=\"display: none;\" data-go-to-text=\"Ir para o slide\"><div class=\"slideshow_pagination_center\"><\/div><\/div>\r\n\r\n\t\t<!-- WordPress Slideshow Version 2.3.1 -->\r\n\r\n\t\t\t<\/div>\r\n\r\n<\/i><\/p>\n<p>A Odontologia \u00e9 uma ci\u00eancia din\u00e2mica que vem acompanhando os anseios da sociedade, mas seu avan\u00e7o est\u00e1 vinculado \u00e0 evolu\u00e7\u00e3o da tecnologia e, principalmente dos Materiais Odontol\u00f3gicos. Assim, a meta desse Grupo de Pesquisa \u00e9 aprofundar os conhecimentos sobre os materiais odontol\u00f3gicos existentes bem como agir sobre o desenvolvimento de novas classes de materiais em busca do material reabilitador ideal. Desde 2005 temos contribu\u00eddo com o desenvolvimento da ci\u00eancia dos Materiais, com a publica\u00e7\u00e3o de artigos cient\u00edficos em peri\u00f3dicos de seletiva pol\u00edtica editorial com temas como: estabilidade de cor de materiais restauradores est\u00e9ticos, biomateriais para remineraliza\u00e7\u00e3o dental, ades\u00e3o e longevidade da interface adesivo\/dentina, novos m\u00e9todos para preven\u00e7\u00e3o da c\u00e1rie e eros\u00e3o dental, propriedades dos novos materiais utilizados em t\u00e9cnicas aditivas ou subtrativas (CAD\/CAM ou impress\u00e3o digital).<\/p>\n<p>Nossa miss\u00e3o<em>:<\/em> Transformar <strong>ideias<\/strong> em <strong>resultados<\/strong>.<\/p>\n<p>Nossa vis\u00e3o: Somos <strong>respons\u00e1veis<\/strong> pelas nossas <strong>escolhas<\/strong> e nosso <strong>futuro<\/strong><\/p>\n<p>Nossa ess\u00eancia: Sermos melhores <strong>todos os dias<\/strong><\/p>\n<p>&#8220;There are no limits for those who believe what they want&#8221; &#8211; Friedrich Nietzsche<\/p>\n","protected":false},"excerpt":{"rendered":"<p>A Odontologia \u00e9 uma ci\u00eancia din\u00e2mica que vem acompanhando os anseios da sociedade, mas seu [&hellip;]<\/p>\n","protected":false},"author":1,"featured_media":0,"parent":0,"menu_order":10,"comment_status":"closed","ping_status":"closed","template":"","meta":{"footnotes":"","_links_to":"","_links_to_target":""},"class_list":["post-79","page","type-page","status-publish","hentry"],"_links":{"self":[{"href":"https:\/\/sites.usp.br\/laabio\/wp-json\/wp\/v2\/pages\/79","targetHints":{"allow":["GET"]}}],"collection":[{"href":"https:\/\/sites.usp.br\/laabio\/wp-json\/wp\/v2\/pages"}],"about":[{"href":"https:\/\/sites.usp.br\/laabio\/wp-json\/wp\/v2\/types\/page"}],"author":[{"embeddable":true,"href":"https:\/\/sites.usp.br\/laabio\/wp-json\/wp\/v2\/users\/1"}],"replies":[{"embeddable":true,"href":"https:\/\/sites.usp.br\/laabio\/wp-json\/wp\/v2\/comments?post=79"}],"version-history":[{"count":4,"href":"https:\/\/sites.usp.br\/laabio\/wp-json\/wp\/v2\/pages\/79\/revisions"}],"predecessor-version":[{"id":393,"href":"https:\/\/sites.usp.br\/laabio\/wp-json\/wp\/v2\/pages\/79\/revisions\/393"}],"wp:attachment":[{"href":"https:\/\/sites.usp.br\/laabio\/wp-json\/wp\/v2\/media?parent=79"}],"curies":[{"name":"wp","href":"https:\/\/api.w.org\/{rel}","templated":true}]}}