{"id":1114,"date":"2019-06-26T16:53:23","date_gmt":"2019-06-26T19:53:23","guid":{"rendered":"http:\/\/sites.usp.br\/labartemidia\/?page_id=1114"},"modified":"2024-01-10T17:57:13","modified_gmt":"2024-01-10T20:57:13","slug":"pagina-principal","status":"publish","type":"page","link":"https:\/\/sites.usp.br\/labartemidia\/","title":{"rendered":"P\u00e1gina Principal"},"content":{"rendered":"\t\t<div data-elementor-type=\"wp-post\" data-elementor-id=\"1114\" class=\"elementor elementor-1114\" data-elementor-post-type=\"page\">\n\t\t\t\t\t\t<section class=\"elementor-section elementor-top-section elementor-element elementor-element-7ed3d0a elementor-section-boxed elementor-section-height-default elementor-section-height-default\" data-id=\"7ed3d0a\" data-element_type=\"section\">\n\t\t\t\t\t\t<div class=\"elementor-container elementor-column-gap-default\">\n\t\t\t\t\t<div class=\"elementor-column elementor-col-100 elementor-top-column elementor-element elementor-element-7699c5c\" data-id=\"7699c5c\" data-element_type=\"column\">\n\t\t\t<div class=\"elementor-widget-wrap elementor-element-populated\">\n\t\t\t\t\t\t<div class=\"elementor-element elementor-element-fdebd8d elementor--v-position-bottom elementor--h-position-center elementor-arrows-position-inside elementor-pagination-position-inside elementor-widget elementor-widget-slides\" data-id=\"fdebd8d\" data-element_type=\"widget\" data-settings=\"{&quot;autoplay_speed&quot;:10000,&quot;navigation&quot;:&quot;both&quot;,&quot;autoplay&quot;:&quot;yes&quot;,&quot;pause_on_hover&quot;:&quot;yes&quot;,&quot;pause_on_interaction&quot;:&quot;yes&quot;,&quot;infinite&quot;:&quot;yes&quot;,&quot;transition&quot;:&quot;slide&quot;,&quot;transition_speed&quot;:500}\" data-widget_type=\"slides.default\">\n\t\t\t\t<div class=\"elementor-widget-container\">\n\t\t\t\t\t<div class=\"elementor-swiper\">\n\t\t\t<div class=\"elementor-slides-wrapper elementor-main-swiper swiper\" dir=\"ltr\" data-animation=\"fadeInUp\">\n\t\t\t\t<div class=\"swiper-wrapper elementor-slides\">\n\t\t\t\t\t\t\t\t\t\t<div class=\"elementor-repeater-item-12001a5 swiper-slide\"><div class=\"swiper-slide-bg elementor-ken-burns elementor-ken-burns--out\" role=\"img\"><\/div><div class=\"elementor-background-overlay\"><\/div><a class=\"swiper-slide-inner\" href=\"https:\/\/sites.usp.br\/labartemidia\/projeto-coil-vsat\/\"><div class=\"swiper-slide-contents\"><div class=\"elementor-slide-heading\">Projeto COIL\/VSAT<\/div><div class=\"elementor-slide-description\">Uma parceia entre a Escola de Comunica\u00e7\u00f5es e Artes da Universidade de S\u00e3o Paulo, do Brasil, e a Oxford Brookes University (OBU), do Reino Unido.<\/div><div  class=\"elementor-button elementor-slide-button elementor-size-sm\">Saiba mais<\/div><\/div><\/a><\/div><div class=\"elementor-repeater-item-4ca959b swiper-slide\"><div class=\"swiper-slide-bg elementor-ken-burns elementor-ken-burns--out\" role=\"img\"><\/div><div class=\"elementor-background-overlay\"><\/div><a class=\"swiper-slide-inner\" href=\"https:\/\/sites.usp.br\/labartemidia\/prazo-prorrogado-para-envio-de-artigos-em-portugues-e-espanhol-narrativas-convergentes-audiovisual-em-tempos-de-convergencia-digital-e-cultural\/\"><div class=\"swiper-slide-contents\"><div class=\"elementor-slide-heading\"> Narrativas convergentes audiovisual em tempos de converg\u00eancia digital e cultural<\/div><div class=\"elementor-slide-description\">Prazo prorrogado para envio de artigos em portugu\u00eas e espanhol.<\/div><div  class=\"elementor-button elementor-slide-button elementor-size-sm\">Confira!<\/div><\/div><\/a><\/div><div class=\"elementor-repeater-item-95df97d swiper-slide\"><div class=\"swiper-slide-bg elementor-ken-burns elementor-ken-burns--in\" role=\"img\"><\/div><div class=\"elementor-background-overlay\"><\/div><a class=\"swiper-slide-inner\" href=\"https:\/\/sites.usp.br\/labartemidia\/projeto-transcender\/\"><div class=\"swiper-slide-contents\"><div class=\"elementor-slide-heading\">Transcender<\/div><div class=\"elementor-slide-description\">Cerimonial de Despedida e Memorial On-line \u00e9 repensado para o Metaverso e ganha novo f\u00f4lego em 2022<\/div><div  class=\"elementor-button elementor-slide-button elementor-size-sm\">Saiba mais<\/div><\/div><\/a><\/div><div class=\"elementor-repeater-item-33954e1 swiper-slide\"><div class=\"swiper-slide-bg\" role=\"img\"><\/div><div class=\"elementor-background-overlay\"><\/div><a class=\"swiper-slide-inner\" href=\"https:\/\/sites.usp.br\/labartemidia\/pandemidia\"><div class=\"swiper-slide-contents\"><div class=\"elementor-slide-heading\">Pandem\u00eddia<\/div><div class=\"elementor-slide-description\">LabArteM\u00eddia lan\u00e7a e-book para pensar m\u00eddia e tecnologia em tempos de COVID-19<\/div><div  class=\"elementor-button elementor-slide-button elementor-size-sm\">Leia mais<\/div><\/div><\/a><\/div><div class=\"elementor-repeater-item-6125d83 swiper-slide\"><div class=\"swiper-slide-bg elementor-ken-burns elementor-ken-burns--in\" role=\"img\"><\/div><div class=\"elementor-background-overlay\"><\/div><a class=\"swiper-slide-inner\" href=\"https:\/\/sites.usp.br\/labartemidia\/x-reality-2021\/\"><div class=\"swiper-slide-contents\"><div class=\"elementor-slide-heading\">X-Reality USP 2021 - Ressignifica\u00e7\u00e3o da presen\u00e7a<\/div><div class=\"elementor-slide-description\">Realidades Expandidas:\nMostra + Confer\u00eancia<\/div><div  class=\"elementor-button elementor-slide-button elementor-size-sm\">Confira!<\/div><\/div><\/a><\/div><div class=\"elementor-repeater-item-03b3a8c swiper-slide\"><div class=\"swiper-slide-bg elementor-ken-burns elementor-ken-burns--in\" role=\"img\"><\/div><div class=\"elementor-background-overlay\"><\/div><a class=\"swiper-slide-inner\" href=\"https:\/\/sites.usp.br\/labartemidia\/labartemidia-da-show-de-inovacao-no-desfile-da-escola-de-samba-rosas-de-ouro-no-projeto-carnaval-4-0\/\"><div class=\"swiper-slide-contents\"><div class=\"elementor-slide-heading\">LabArteM\u00eddia d\u00e1 show de inova\u00e7\u00e3o no Desfile da Escola de Samba Rosas de Ouro no projeto \u201cCarnaval 4.0\u201d<\/div><\/div><\/a><\/div>\t\t\t\t<\/div>\n\t\t\t\t\t\t\t\t\t\t\t\t\t\t\t<div class=\"swiper-pagination\"><\/div>\n\t\t\t\t\t\t\t\t\t\t\t\t\t\t\t\t<div class=\"elementor-swiper-button elementor-swiper-button-prev\" role=\"button\" tabindex=\"0\">\n\t\t\t\t\t\t\t<i aria-hidden=\"true\" class=\"eicon-chevron-left\"><\/i>\t\t\t\t\t\t\t<span class=\"elementor-screen-only\">Previous slide<\/span>\n\t\t\t\t\t\t<\/div>\n\t\t\t\t\t\t<div class=\"elementor-swiper-button elementor-swiper-button-next\" role=\"button\" tabindex=\"0\">\n\t\t\t\t\t\t\t<i aria-hidden=\"true\" class=\"eicon-chevron-right\"><\/i>\t\t\t\t\t\t\t<span class=\"elementor-screen-only\">Next slide<\/span>\n\t\t\t\t\t\t<\/div>\n\t\t\t\t\t\t\t\t\t\t\t\t<\/div>\n\t\t<\/div>\n\t\t\t\t<\/div>\n\t\t\t\t<\/div>\n\t\t\t\t<div class=\"elementor-element elementor-element-b0bd3a6 elementor-widget elementor-widget-heading\" data-id=\"b0bd3a6\" data-element_type=\"widget\" data-widget_type=\"heading.default\">\n\t\t\t\t<div class=\"elementor-widget-container\">\n\t\t\t<h2 class=\"elementor-heading-title elementor-size-default\">Projetos LabArteM\u00eddia<\/h2>\t\t<\/div>\n\t\t\t\t<\/div>\n\t\t\t\t\t<\/div>\n\t\t<\/div>\n\t\t\t\t\t<\/div>\n\t\t<\/section>\n\t\t\t\t<section class=\"elementor-section elementor-top-section elementor-element elementor-element-d84b038 elementor-section-boxed elementor-section-height-default elementor-section-height-default\" data-id=\"d84b038\" data-element_type=\"section\">\n\t\t\t\t\t\t<div class=\"elementor-container elementor-column-gap-default\">\n\t\t\t\t\t<div class=\"elementor-column elementor-col-33 elementor-top-column elementor-element elementor-element-59f4320\" data-id=\"59f4320\" data-element_type=\"column\">\n\t\t\t<div class=\"elementor-widget-wrap elementor-element-populated\">\n\t\t\t\t\t\t<div class=\"elementor-element elementor-element-10eede3 elementor-grid-1 elementor-grid-tablet-2 elementor-grid-mobile-1 elementor-posts--thumbnail-top elementor-widget elementor-widget-posts\" data-id=\"10eede3\" data-element_type=\"widget\" data-settings=\"{&quot;classic_columns&quot;:&quot;1&quot;,&quot;classic_columns_tablet&quot;:&quot;2&quot;,&quot;classic_columns_mobile&quot;:&quot;1&quot;,&quot;classic_row_gap&quot;:{&quot;unit&quot;:&quot;px&quot;,&quot;size&quot;:35,&quot;sizes&quot;:[]},&quot;classic_row_gap_tablet&quot;:{&quot;unit&quot;:&quot;px&quot;,&quot;size&quot;:&quot;&quot;,&quot;sizes&quot;:[]},&quot;classic_row_gap_mobile&quot;:{&quot;unit&quot;:&quot;px&quot;,&quot;size&quot;:&quot;&quot;,&quot;sizes&quot;:[]}}\" data-widget_type=\"posts.classic\">\n\t\t\t\t<div class=\"elementor-widget-container\">\n\t\t\t\t\t<div class=\"elementor-posts-container elementor-posts elementor-posts--skin-classic elementor-grid\">\n\t\t\t\t<article class=\"elementor-post elementor-grid-item post-811 post type-post status-publish format-standard has-post-thumbnail hentry category-geral category-projetos-concluidos tag-palavras-cruzadas\">\n\t\t\t\t<a class=\"elementor-post__thumbnail__link\" href=\"https:\/\/sites.usp.br\/labartemidia\/palavras-cruzadas-lugares-de-fala-contemporaneos-por-daniel-lima-elida-lima-e-felipe-teixeira\/\" tabindex=\"-1\" >\n\t\t\t<div class=\"elementor-post__thumbnail\"><img fetchpriority=\"high\" decoding=\"async\" width=\"300\" height=\"218\" src=\"https:\/\/sites.usp.br\/labartemidia\/wp-content\/uploads\/sites\/472\/2019\/06\/Palavras-Cruzadas-Coletivo-ALTA-300x218.jpg\" class=\"attachment-medium size-medium wp-image-823\" alt=\"\" srcset=\"https:\/\/sites.usp.br\/labartemidia\/wp-content\/uploads\/sites\/472\/2019\/06\/Palavras-Cruzadas-Coletivo-ALTA-300x218.jpg 300w, https:\/\/sites.usp.br\/labartemidia\/wp-content\/uploads\/sites\/472\/2019\/06\/Palavras-Cruzadas-Coletivo-ALTA-768x558.jpg 768w, https:\/\/sites.usp.br\/labartemidia\/wp-content\/uploads\/sites\/472\/2019\/06\/Palavras-Cruzadas-Coletivo-ALTA-1024x744.jpg 1024w, https:\/\/sites.usp.br\/labartemidia\/wp-content\/uploads\/sites\/472\/2019\/06\/Palavras-Cruzadas-Coletivo-ALTA-400x291.jpg 400w\" sizes=\"(max-width: 300px) 100vw, 300px\" \/><\/div>\n\t\t<\/a>\n\t\t\t\t<div class=\"elementor-post__text\">\n\t\t\t\t<h3 class=\"elementor-post__title\">\n\t\t\t<a href=\"https:\/\/sites.usp.br\/labartemidia\/palavras-cruzadas-lugares-de-fala-contemporaneos-por-daniel-lima-elida-lima-e-felipe-teixeira\/\" >\n\t\t\t\tPalavras Cruzadas: Lugares de Fala Contempor\u00e2neos\t\t\t<\/a>\n\t\t<\/h3>\n\t\t\t\t<div class=\"elementor-post__excerpt\">\n\t\t\t<p>A instala\u00e7\u00e3o Palavras Cruzadas cria um espa\u00e7o de escuta para 12 vozes representativas das lutas minorit\u00e1rias brasileiras em resist\u00eancia a s\u00e9culos de viol\u00eancia colonial. Mais<\/p>\n\t\t<\/div>\n\t\t\n\t\t<a class=\"elementor-post__read-more\" href=\"https:\/\/sites.usp.br\/labartemidia\/palavras-cruzadas-lugares-de-fala-contemporaneos-por-daniel-lima-elida-lima-e-felipe-teixeira\/\" aria-label=\"Read more about Palavras Cruzadas: Lugares de Fala Contempor\u00e2neos\" tabindex=\"-1\" >\n\t\t\tLeia mais\t\t<\/a>\n\n\t\t\t\t<\/div>\n\t\t\t\t<\/article>\n\t\t\t\t<\/div>\n\t\t\n\t\t\t\t<\/div>\n\t\t\t\t<\/div>\n\t\t\t\t\t<\/div>\n\t\t<\/div>\n\t\t\t\t<div class=\"elementor-column elementor-col-33 elementor-top-column elementor-element elementor-element-4264b69\" data-id=\"4264b69\" data-element_type=\"column\">\n\t\t\t<div class=\"elementor-widget-wrap elementor-element-populated\">\n\t\t\t\t\t\t<div class=\"elementor-element elementor-element-94c1e60 elementor-grid-1 elementor-grid-tablet-2 elementor-grid-mobile-1 elementor-posts--thumbnail-top elementor-widget elementor-widget-posts\" data-id=\"94c1e60\" data-element_type=\"widget\" data-settings=\"{&quot;classic_columns&quot;:&quot;1&quot;,&quot;classic_columns_tablet&quot;:&quot;2&quot;,&quot;classic_columns_mobile&quot;:&quot;1&quot;,&quot;classic_row_gap&quot;:{&quot;unit&quot;:&quot;px&quot;,&quot;size&quot;:35,&quot;sizes&quot;:[]},&quot;classic_row_gap_tablet&quot;:{&quot;unit&quot;:&quot;px&quot;,&quot;size&quot;:&quot;&quot;,&quot;sizes&quot;:[]},&quot;classic_row_gap_mobile&quot;:{&quot;unit&quot;:&quot;px&quot;,&quot;size&quot;:&quot;&quot;,&quot;sizes&quot;:[]}}\" data-widget_type=\"posts.classic\">\n\t\t\t\t<div class=\"elementor-widget-container\">\n\t\t\t\t\t<div class=\"elementor-posts-container elementor-posts elementor-posts--skin-classic elementor-grid\">\n\t\t\t\t<article class=\"elementor-post elementor-grid-item post-788 post type-post status-publish format-standard has-post-thumbnail hentry category-projetos-desenvolvimento tag-beco\">\n\t\t\t\t<a class=\"elementor-post__thumbnail__link\" href=\"https:\/\/sites.usp.br\/labartemidia\/beco-360-por-labartemidia\/\" tabindex=\"-1\" >\n\t\t\t<div class=\"elementor-post__thumbnail\"><img decoding=\"async\" width=\"300\" height=\"150\" src=\"https:\/\/sites.usp.br\/labartemidia\/wp-content\/uploads\/sites\/472\/2019\/06\/61965499_10205641836442290_7304136797938778112_o-300x150.jpg\" class=\"attachment-medium size-medium wp-image-963\" alt=\"\" srcset=\"https:\/\/sites.usp.br\/labartemidia\/wp-content\/uploads\/sites\/472\/2019\/06\/61965499_10205641836442290_7304136797938778112_o-300x150.jpg 300w, https:\/\/sites.usp.br\/labartemidia\/wp-content\/uploads\/sites\/472\/2019\/06\/61965499_10205641836442290_7304136797938778112_o-768x384.jpg 768w, https:\/\/sites.usp.br\/labartemidia\/wp-content\/uploads\/sites\/472\/2019\/06\/61965499_10205641836442290_7304136797938778112_o-1024x512.jpg 1024w, https:\/\/sites.usp.br\/labartemidia\/wp-content\/uploads\/sites\/472\/2019\/06\/61965499_10205641836442290_7304136797938778112_o-600x300.jpg 600w, https:\/\/sites.usp.br\/labartemidia\/wp-content\/uploads\/sites\/472\/2019\/06\/61965499_10205641836442290_7304136797938778112_o-400x200.jpg 400w, https:\/\/sites.usp.br\/labartemidia\/wp-content\/uploads\/sites\/472\/2019\/06\/61965499_10205641836442290_7304136797938778112_o.jpg 2048w\" sizes=\"(max-width: 300px) 100vw, 300px\" \/><\/div>\n\t\t<\/a>\n\t\t\t\t<div class=\"elementor-post__text\">\n\t\t\t\t<h3 class=\"elementor-post__title\">\n\t\t\t<a href=\"https:\/\/sites.usp.br\/labartemidia\/beco-360-por-labartemidia\/\" >\n\t\t\t\tBeco: v\u00eddeo 360\u00b0\t\t\t<\/a>\n\t\t<\/h3>\n\t\t\t\t<div class=\"elementor-post__excerpt\">\n\t\t\t<p>O Beco \u00e9 uma investiga\u00e7\u00e3o que testa possibilidades e limites do audiovisual em 360 e do programa Orad como experi\u00eancia imersiva a partir de uma<\/p>\n\t\t<\/div>\n\t\t\n\t\t<a class=\"elementor-post__read-more\" href=\"https:\/\/sites.usp.br\/labartemidia\/beco-360-por-labartemidia\/\" aria-label=\"Read more about Beco: v\u00eddeo 360\u00b0\" tabindex=\"-1\" >\n\t\t\tLeia mais\t\t<\/a>\n\n\t\t\t\t<\/div>\n\t\t\t\t<\/article>\n\t\t\t\t<\/div>\n\t\t\n\t\t\t\t<\/div>\n\t\t\t\t<\/div>\n\t\t\t\t\t<\/div>\n\t\t<\/div>\n\t\t\t\t<div class=\"elementor-column elementor-col-33 elementor-top-column elementor-element elementor-element-ead8898\" data-id=\"ead8898\" data-element_type=\"column\">\n\t\t\t<div class=\"elementor-widget-wrap elementor-element-populated\">\n\t\t\t\t\t\t<div class=\"elementor-element elementor-element-09998dd elementor-grid-1 elementor-grid-tablet-2 elementor-grid-mobile-1 elementor-posts--thumbnail-top elementor-widget elementor-widget-posts\" data-id=\"09998dd\" data-element_type=\"widget\" data-settings=\"{&quot;classic_columns&quot;:&quot;1&quot;,&quot;classic_columns_tablet&quot;:&quot;2&quot;,&quot;classic_columns_mobile&quot;:&quot;1&quot;,&quot;classic_row_gap&quot;:{&quot;unit&quot;:&quot;px&quot;,&quot;size&quot;:35,&quot;sizes&quot;:[]},&quot;classic_row_gap_tablet&quot;:{&quot;unit&quot;:&quot;px&quot;,&quot;size&quot;:&quot;&quot;,&quot;sizes&quot;:[]},&quot;classic_row_gap_mobile&quot;:{&quot;unit&quot;:&quot;px&quot;,&quot;size&quot;:&quot;&quot;,&quot;sizes&quot;:[]}}\" data-widget_type=\"posts.classic\">\n\t\t\t\t<div class=\"elementor-widget-container\">\n\t\t\t\t\t<div class=\"elementor-posts-container elementor-posts elementor-posts--skin-classic elementor-grid\">\n\t\t\t\t<article class=\"elementor-post elementor-grid-item post-765 post type-post status-publish format-standard has-post-thumbnail hentry category-projetos-desenvolvimento\">\n\t\t\t\t<a class=\"elementor-post__thumbnail__link\" href=\"https:\/\/sites.usp.br\/labartemidia\/diasporaticas-lyara-oliveira\/\" tabindex=\"-1\" >\n\t\t\t<div class=\"elementor-post__thumbnail\"><img decoding=\"async\" width=\"300\" height=\"300\" src=\"https:\/\/sites.usp.br\/labartemidia\/wp-content\/uploads\/sites\/472\/2019\/06\/diaspor\u00e1ticas-300x300.jpeg\" class=\"attachment-medium size-medium wp-image-1471\" alt=\"\" srcset=\"https:\/\/sites.usp.br\/labartemidia\/wp-content\/uploads\/sites\/472\/2019\/06\/diaspor\u00e1ticas-300x300.jpeg 300w, https:\/\/sites.usp.br\/labartemidia\/wp-content\/uploads\/sites\/472\/2019\/06\/diaspor\u00e1ticas-150x150.jpeg 150w, https:\/\/sites.usp.br\/labartemidia\/wp-content\/uploads\/sites\/472\/2019\/06\/diaspor\u00e1ticas-768x768.jpeg 768w, https:\/\/sites.usp.br\/labartemidia\/wp-content\/uploads\/sites\/472\/2019\/06\/diaspor\u00e1ticas-1024x1024.jpeg 1024w, https:\/\/sites.usp.br\/labartemidia\/wp-content\/uploads\/sites\/472\/2019\/06\/diaspor\u00e1ticas-250x250.jpeg 250w, https:\/\/sites.usp.br\/labartemidia\/wp-content\/uploads\/sites\/472\/2019\/06\/diaspor\u00e1ticas-174x174.jpeg 174w, https:\/\/sites.usp.br\/labartemidia\/wp-content\/uploads\/sites\/472\/2019\/06\/diaspor\u00e1ticas-45x45.jpeg 45w, https:\/\/sites.usp.br\/labartemidia\/wp-content\/uploads\/sites\/472\/2019\/06\/diaspor\u00e1ticas-200x200.jpeg 200w, https:\/\/sites.usp.br\/labartemidia\/wp-content\/uploads\/sites\/472\/2019\/06\/diaspor\u00e1ticas-400x400.jpeg 400w, https:\/\/sites.usp.br\/labartemidia\/wp-content\/uploads\/sites\/472\/2019\/06\/diaspor\u00e1ticas.jpeg 1280w\" sizes=\"(max-width: 300px) 100vw, 300px\" \/><\/div>\n\t\t<\/a>\n\t\t\t\t<div class=\"elementor-post__text\">\n\t\t\t\t<h3 class=\"elementor-post__title\">\n\t\t\t<a href=\"https:\/\/sites.usp.br\/labartemidia\/diasporaticas-lyara-oliveira\/\" >\n\t\t\t\tDIASPOR\u00c1TICAS\t\t\t<\/a>\n\t\t<\/h3>\n\t\t\t\t<div class=\"elementor-post__excerpt\">\n\t\t\t<p>DIASPOR\u00c1TICAS, neologismo resultado da jun\u00e7\u00e3o dos termos: di\u00e1spora + err\u00e1tica, \u00e9 uma experi\u00eancia audiovisual imersiva elaborada com uso de recursos de capta\u00e7\u00e3o e exibi\u00e7\u00e3o de<\/p>\n\t\t<\/div>\n\t\t\n\t\t<a class=\"elementor-post__read-more\" href=\"https:\/\/sites.usp.br\/labartemidia\/diasporaticas-lyara-oliveira\/\" aria-label=\"Read more about DIASPOR\u00c1TICAS\" tabindex=\"-1\" >\n\t\t\tLeia mais\t\t<\/a>\n\n\t\t\t\t<\/div>\n\t\t\t\t<\/article>\n\t\t\t\t<\/div>\n\t\t\n\t\t\t\t<\/div>\n\t\t\t\t<\/div>\n\t\t\t\t\t<\/div>\n\t\t<\/div>\n\t\t\t\t\t<\/div>\n\t\t<\/section>\n\t\t\t\t<section class=\"elementor-section elementor-top-section elementor-element elementor-element-328dd35 elementor-section-boxed elementor-section-height-default elementor-section-height-default\" data-id=\"328dd35\" data-element_type=\"section\">\n\t\t\t\t\t\t<div class=\"elementor-container elementor-column-gap-default\">\n\t\t\t\t\t<div class=\"elementor-column elementor-col-100 elementor-top-column elementor-element elementor-element-7ecabfc\" data-id=\"7ecabfc\" data-element_type=\"column\">\n\t\t\t<div class=\"elementor-widget-wrap\">\n\t\t\t\t\t\t\t<\/div>\n\t\t<\/div>\n\t\t\t\t\t<\/div>\n\t\t<\/section>\n\t\t\t\t<\/div>\n\t\t","protected":false},"excerpt":{"rendered":"<p>Projeto COIL\/VSATUma parceia entre a Escola de Comunica\u00e7\u00f5es e Artes da Universidade de S\u00e3o Paulo, do Brasil, e a Oxford Brookes University (OBU), do Reino Unido.Saiba mais Narrativas convergentes audiovisual em tempos de converg\u00eancia digital e culturalPrazo prorrogado para envio de artigos em portugu\u00eas e espanhol.Confira!TranscenderCerimonial de Despedida e Memorial On-line \u00e9 repensado para o<a href=\"https:\/\/sites.usp.br\/labartemidia\/diasporaticas-lyara-oliveira\/\">[&#8230;]<\/a><\/p>\n","protected":false},"author":856,"featured_media":0,"parent":0,"menu_order":2,"comment_status":"closed","ping_status":"closed","template":"template-fullwidth-no-title.php","meta":{"_monsterinsights_skip_tracking":false,"_monsterinsights_sitenote_active":false,"_monsterinsights_sitenote_note":"","_monsterinsights_sitenote_category":0,"footnotes":"","_links_to":"","_links_to_target":""},"class_list":["post-1114","page","type-page","status-publish","hentry"],"_links":{"self":[{"href":"https:\/\/sites.usp.br\/labartemidia\/wp-json\/wp\/v2\/pages\/1114","targetHints":{"allow":["GET"]}}],"collection":[{"href":"https:\/\/sites.usp.br\/labartemidia\/wp-json\/wp\/v2\/pages"}],"about":[{"href":"https:\/\/sites.usp.br\/labartemidia\/wp-json\/wp\/v2\/types\/page"}],"author":[{"embeddable":true,"href":"https:\/\/sites.usp.br\/labartemidia\/wp-json\/wp\/v2\/users\/856"}],"replies":[{"embeddable":true,"href":"https:\/\/sites.usp.br\/labartemidia\/wp-json\/wp\/v2\/comments?post=1114"}],"version-history":[{"count":4,"href":"https:\/\/sites.usp.br\/labartemidia\/wp-json\/wp\/v2\/pages\/1114\/revisions"}],"predecessor-version":[{"id":3734,"href":"https:\/\/sites.usp.br\/labartemidia\/wp-json\/wp\/v2\/pages\/1114\/revisions\/3734"}],"wp:attachment":[{"href":"https:\/\/sites.usp.br\/labartemidia\/wp-json\/wp\/v2\/media?parent=1114"}],"curies":[{"name":"wp","href":"https:\/\/api.w.org\/{rel}","templated":true}]}}