{"id":1393,"date":"2019-09-20T14:08:18","date_gmt":"2019-09-20T17:08:18","guid":{"rendered":"http:\/\/sites.usp.br\/labartemidia\/?page_id=1393"},"modified":"2022-03-21T14:25:33","modified_gmt":"2022-03-21T17:25:33","slug":"joao-knijinik","status":"publish","type":"page","link":"https:\/\/sites.usp.br\/labartemidia\/equipe\/joao-knijinik\/","title":{"rendered":"Jo\u00e3o Knijinik"},"content":{"rendered":"\t\t<div data-elementor-type=\"wp-page\" data-elementor-id=\"1393\" class=\"elementor elementor-1393\" data-elementor-post-type=\"page\">\n\t\t\t\t\t\t<section class=\"elementor-section elementor-top-section elementor-element elementor-element-f967aba elementor-section-boxed elementor-section-height-default elementor-section-height-default\" data-id=\"f967aba\" data-element_type=\"section\">\n\t\t\t\t\t\t<div class=\"elementor-container elementor-column-gap-default\">\n\t\t\t\t\t<div class=\"elementor-column elementor-col-100 elementor-top-column elementor-element elementor-element-5a80df1\" data-id=\"5a80df1\" data-element_type=\"column\">\n\t\t\t<div class=\"elementor-widget-wrap elementor-element-populated\">\n\t\t\t\t\t\t<div class=\"elementor-element elementor-element-f2d284b elementor-widget elementor-widget-heading\" data-id=\"f2d284b\" data-element_type=\"widget\" data-widget_type=\"heading.default\">\n\t\t\t\t<div class=\"elementor-widget-container\">\n\t\t\t<h2 class=\"elementor-heading-title elementor-size-default\">Jo\u00e3o Knijinik<\/h2>\t\t<\/div>\n\t\t\t\t<\/div>\n\t\t\t\t<div class=\"elementor-element elementor-element-11587b6 elementor-widget elementor-widget-text-editor\" data-id=\"11587b6\" data-element_type=\"widget\" data-widget_type=\"text-editor.default\">\n\t\t\t\t<div class=\"elementor-widget-container\">\n\t\t\t\t\t\t\t<p><a href=\"http:\/\/lattes.cnpq.br\/2662719020906596\"><img decoding=\"async\" class=\"alignnone size-full wp-image-1062\" src=\"https:\/\/sites.usp.br\/labartemidia\/wp-content\/uploads\/sites\/472\/2019\/06\/lattes.png\" alt=\"\" width=\"41\" height=\"41\" data-id=\"1062\" \/><\/a><\/p><p><span data-sheets-value=\"{&quot;1&quot;:2,&quot;2&quot;:&quot;Possui Mestrado em Comunica\u00e7\u00e3o na UNIP, conclu\u00eddo em mar\u00e7o de 2015 e tamb\u00e9m gradua\u00e7\u00e3o em Comunica\u00e7\u00e3o Social pela Universidade Federal do Rio Grande do Sul (1992). Tem experi\u00eancia na \u00e1rea de cinema como Professor de Hist\u00f3ria do Cinema, rela\u00e7\u00f5es da imagem com outras formas de express\u00e3o como a escrita e a m\u00fasica. \u00c9 roteirista de cinema em filmes como O GATO de Saturnino Rocha e PORTO ALEGRE: MEU CANTO NO MUNDO de C\u00edcero Aragon e Jaime Lerner.&quot;}\" data-sheets-userformat=\"{&quot;2&quot;:769,&quot;3&quot;:{&quot;1&quot;:0},&quot;11&quot;:4,&quot;12&quot;:0}\">Possui Mestrado em Comunica\u00e7\u00e3o na UNIP, conclu\u00eddo em mar\u00e7o de 2015 e tamb\u00e9m gradua\u00e7\u00e3o em Comunica\u00e7\u00e3o Social pela Universidade Federal do Rio Grande do Sul (1992). Tem experi\u00eancia na \u00e1rea de cinema como Professor de Hist\u00f3ria do Cinema, rela\u00e7\u00f5es da imagem com outras formas de express\u00e3o como a escrita e a m\u00fasica. \u00c9 roteirista de cinema em filmes como O GATO de Saturnino Rocha e PORTO ALEGRE: MEU CANTO NO MUNDO de C\u00edcero Aragon e Jaime Lerner.<\/span><\/p>\t\t\t\t\t\t<\/div>\n\t\t\t\t<\/div>\n\t\t\t\t\t<\/div>\n\t\t<\/div>\n\t\t\t\t\t<\/div>\n\t\t<\/section>\n\t\t\t\t<\/div>\n\t\t","protected":false},"excerpt":{"rendered":"<p>Jo\u00e3o Knijinik Possui Mestrado em Comunica\u00e7\u00e3o na UNIP, conclu\u00eddo em mar\u00e7o de 2015 e tamb\u00e9m gradua\u00e7\u00e3o em Comunica\u00e7\u00e3o Social pela Universidade Federal do Rio Grande do Sul (1992). Tem experi\u00eancia na \u00e1rea de cinema como Professor de Hist\u00f3ria do Cinema, rela\u00e7\u00f5es da imagem com outras formas de express\u00e3o como a escrita e a m\u00fasica. \u00c9<a href=\"https:\/\/sites.usp.br\/labartemidia\/equipe\/joao-knijinik\/\">[&#8230;]<\/a><\/p>\n","protected":false},"author":856,"featured_media":1635,"parent":114,"menu_order":20,"comment_status":"closed","ping_status":"closed","template":"","meta":{"_monsterinsights_skip_tracking":false,"_monsterinsights_sitenote_active":false,"_monsterinsights_sitenote_note":"","_monsterinsights_sitenote_category":0,"footnotes":"","_links_to":"","_links_to_target":""},"class_list":["post-1393","page","type-page","status-publish","has-post-thumbnail","hentry"],"_links":{"self":[{"href":"https:\/\/sites.usp.br\/labartemidia\/wp-json\/wp\/v2\/pages\/1393","targetHints":{"allow":["GET"]}}],"collection":[{"href":"https:\/\/sites.usp.br\/labartemidia\/wp-json\/wp\/v2\/pages"}],"about":[{"href":"https:\/\/sites.usp.br\/labartemidia\/wp-json\/wp\/v2\/types\/page"}],"author":[{"embeddable":true,"href":"https:\/\/sites.usp.br\/labartemidia\/wp-json\/wp\/v2\/users\/856"}],"replies":[{"embeddable":true,"href":"https:\/\/sites.usp.br\/labartemidia\/wp-json\/wp\/v2\/comments?post=1393"}],"version-history":[{"count":3,"href":"https:\/\/sites.usp.br\/labartemidia\/wp-json\/wp\/v2\/pages\/1393\/revisions"}],"predecessor-version":[{"id":1414,"href":"https:\/\/sites.usp.br\/labartemidia\/wp-json\/wp\/v2\/pages\/1393\/revisions\/1414"}],"up":[{"embeddable":true,"href":"https:\/\/sites.usp.br\/labartemidia\/wp-json\/wp\/v2\/pages\/114"}],"wp:featuredmedia":[{"embeddable":true,"href":"https:\/\/sites.usp.br\/labartemidia\/wp-json\/wp\/v2\/media\/1635"}],"wp:attachment":[{"href":"https:\/\/sites.usp.br\/labartemidia\/wp-json\/wp\/v2\/media?parent=1393"}],"curies":[{"name":"wp","href":"https:\/\/api.w.org\/{rel}","templated":true}]}}