{"id":1624,"date":"2020-03-05T10:08:37","date_gmt":"2020-03-05T13:08:37","guid":{"rendered":"http:\/\/sites.usp.br\/labartemidia\/?page_id=1624"},"modified":"2022-03-21T14:28:45","modified_gmt":"2022-03-21T17:28:45","slug":"eduardo-acquarone","status":"publish","type":"page","link":"https:\/\/sites.usp.br\/labartemidia\/equipe\/eduardo-acquarone\/","title":{"rendered":"Eduardo Acquarone"},"content":{"rendered":"\t\t<div data-elementor-type=\"wp-page\" data-elementor-id=\"1624\" class=\"elementor elementor-1624\" data-elementor-post-type=\"page\">\n\t\t\t\t\t\t<section class=\"elementor-section elementor-top-section elementor-element elementor-element-1cfe374 elementor-section-boxed elementor-section-height-default elementor-section-height-default\" data-id=\"1cfe374\" data-element_type=\"section\">\n\t\t\t\t\t\t<div class=\"elementor-container elementor-column-gap-default\">\n\t\t\t\t\t<div class=\"elementor-column elementor-col-100 elementor-top-column elementor-element elementor-element-dd3c8bb\" data-id=\"dd3c8bb\" data-element_type=\"column\">\n\t\t\t<div class=\"elementor-widget-wrap elementor-element-populated\">\n\t\t\t\t\t\t<div class=\"elementor-element elementor-element-d5ae836 elementor-widget elementor-widget-heading\" data-id=\"d5ae836\" data-element_type=\"widget\" data-widget_type=\"heading.default\">\n\t\t\t\t<div class=\"elementor-widget-container\">\n\t\t\t<h2 class=\"elementor-heading-title elementor-size-default\">Eduardo Acquarone<\/h2>\t\t<\/div>\n\t\t\t\t<\/div>\n\t\t\t\t<div class=\"elementor-element elementor-element-d52ac5f elementor-widget elementor-widget-text-editor\" data-id=\"d52ac5f\" data-element_type=\"widget\" data-widget_type=\"text-editor.default\">\n\t\t\t\t<div class=\"elementor-widget-container\">\n\t\t\t\t\t\t\t<p><a href=\"https:\/\/www.cienciavitae.pt\/pt\/7B1B-3BAE-54EF\"><img decoding=\"async\" class=\"alignnone size-full wp-image-1063\" src=\"https:\/\/sites.usp.br\/labartemidia\/wp-content\/uploads\/sites\/472\/2019\/06\/portfolio.png\" alt=\"\" width=\"40\" height=\"40\" data-id=\"1063\" \/><\/a><\/p><p>Roteirista, diretor e criador de projetos digitais, o jornalista Eduardo Acquarone trabalha com inova\u00e7\u00e3o desde 2008, quando lan\u00e7ou o Globo Amaz\u00f4nia, projeto indicado ao Emmy Digital e que conseguiu mais de 55 milh\u00f5es de protestos virtuais contra a destrui\u00e7\u00e3o da floresta. Em 2015 estudou no Tow-Knight Center for Entrepreneurial Journalism em Nova York, onde fundou a Flying Content, empresa que mistura narrativa com tecnologia. Ap\u00f3s trabalhar em empresas como CBS (EUA), Reuters, UOL e TV Globo, hoje Eduardo atua como consultor e est\u00e1 na fase final de um doutorado sobre o impacto das tecnologias imersivas em narrativas n\u00e3o-ficcionais no Iscte-IUL, em Lisboa.<\/p>\t\t\t\t\t\t<\/div>\n\t\t\t\t<\/div>\n\t\t\t\t\t<\/div>\n\t\t<\/div>\n\t\t\t\t\t<\/div>\n\t\t<\/section>\n\t\t\t\t<\/div>\n\t\t","protected":false},"excerpt":{"rendered":"<p>Eduardo Acquarone Roteirista, diretor e criador de projetos digitais, o jornalista Eduardo Acquarone trabalha com inova\u00e7\u00e3o desde 2008, quando lan\u00e7ou o Globo Amaz\u00f4nia, projeto indicado ao Emmy Digital e que conseguiu mais de 55 milh\u00f5es de protestos virtuais contra a destrui\u00e7\u00e3o da floresta. Em 2015 estudou no Tow-Knight Center for Entrepreneurial Journalism em Nova York,<a href=\"https:\/\/sites.usp.br\/labartemidia\/equipe\/eduardo-acquarone\/\">[&#8230;]<\/a><\/p>\n","protected":false},"author":856,"featured_media":1630,"parent":114,"menu_order":11,"comment_status":"closed","ping_status":"closed","template":"","meta":{"_monsterinsights_skip_tracking":false,"_monsterinsights_sitenote_active":false,"_monsterinsights_sitenote_note":"","_monsterinsights_sitenote_category":0,"footnotes":"","_links_to":"","_links_to_target":""},"class_list":["post-1624","page","type-page","status-publish","has-post-thumbnail","hentry"],"_links":{"self":[{"href":"https:\/\/sites.usp.br\/labartemidia\/wp-json\/wp\/v2\/pages\/1624","targetHints":{"allow":["GET"]}}],"collection":[{"href":"https:\/\/sites.usp.br\/labartemidia\/wp-json\/wp\/v2\/pages"}],"about":[{"href":"https:\/\/sites.usp.br\/labartemidia\/wp-json\/wp\/v2\/types\/page"}],"author":[{"embeddable":true,"href":"https:\/\/sites.usp.br\/labartemidia\/wp-json\/wp\/v2\/users\/856"}],"replies":[{"embeddable":true,"href":"https:\/\/sites.usp.br\/labartemidia\/wp-json\/wp\/v2\/comments?post=1624"}],"version-history":[{"count":3,"href":"https:\/\/sites.usp.br\/labartemidia\/wp-json\/wp\/v2\/pages\/1624\/revisions"}],"predecessor-version":[{"id":1629,"href":"https:\/\/sites.usp.br\/labartemidia\/wp-json\/wp\/v2\/pages\/1624\/revisions\/1629"}],"up":[{"embeddable":true,"href":"https:\/\/sites.usp.br\/labartemidia\/wp-json\/wp\/v2\/pages\/114"}],"wp:featuredmedia":[{"embeddable":true,"href":"https:\/\/sites.usp.br\/labartemidia\/wp-json\/wp\/v2\/media\/1630"}],"wp:attachment":[{"href":"https:\/\/sites.usp.br\/labartemidia\/wp-json\/wp\/v2\/media?parent=1624"}],"curies":[{"name":"wp","href":"https:\/\/api.w.org\/{rel}","templated":true}]}}