{"id":3320,"date":"2022-03-21T13:59:26","date_gmt":"2022-03-21T16:59:26","guid":{"rendered":"https:\/\/sites.usp.br\/labartemidia\/?page_id=3320"},"modified":"2022-03-21T14:06:11","modified_gmt":"2022-03-21T17:06:11","slug":"renata-sette","status":"publish","type":"page","link":"https:\/\/sites.usp.br\/labartemidia\/equipe\/renata-sette\/","title":{"rendered":"Renata Sette"},"content":{"rendered":"\t\t<div data-elementor-type=\"wp-page\" data-elementor-id=\"3320\" class=\"elementor elementor-3320\" data-elementor-post-type=\"page\">\n\t\t\t\t\t\t<section class=\"elementor-section elementor-top-section elementor-element elementor-element-1297f58 elementor-section-boxed elementor-section-height-default elementor-section-height-default\" data-id=\"1297f58\" data-element_type=\"section\">\n\t\t\t\t\t\t<div class=\"elementor-container elementor-column-gap-default\">\n\t\t\t\t\t<div class=\"elementor-column elementor-col-100 elementor-top-column elementor-element elementor-element-6f1fa2b\" data-id=\"6f1fa2b\" data-element_type=\"column\">\n\t\t\t<div class=\"elementor-widget-wrap elementor-element-populated\">\n\t\t\t\t\t\t<div class=\"elementor-element elementor-element-94c8664 elementor-widget elementor-widget-heading\" data-id=\"94c8664\" data-element_type=\"widget\" data-widget_type=\"heading.default\">\n\t\t\t\t<div class=\"elementor-widget-container\">\n\t\t\t<h2 class=\"elementor-heading-title elementor-size-default\">Renata Sette<\/h2>\t\t<\/div>\n\t\t\t\t<\/div>\n\t\t\t\t<div class=\"elementor-element elementor-element-85fe322 elementor-widget elementor-widget-text-editor\" data-id=\"85fe322\" data-element_type=\"widget\" data-widget_type=\"text-editor.default\">\n\t\t\t\t<div class=\"elementor-widget-container\">\n\t\t\t\t\t\t\t<p><a href=\"http:\/\/lattes.cnpq.br\/4723146688352962\"><img decoding=\"async\" class=\"alignnone wp-image-1062 size-full\" src=\"https:\/\/sites.usp.br\/labartemidia\/wp-content\/uploads\/sites\/472\/2019\/06\/lattes.png\" alt=\"\" width=\"41\" height=\"41\" data-id=\"1062\" \/><\/a><\/p><div><p><span style=\"font-weight: 400;\">Diretora de audiovisual, roteirista e pesquisadora.<\/span><\/p><p><span style=\"font-weight: 400;\">Formada em Jornalismo pela PUC-Minas, extens\u00e3o em Cinema na Escola de Belas Artes da UFMG (Universidade Federal de Minas Gerais) e em Barcelona, no Institut Superior de Disseny I Escola de la Image (IDEP).<\/span><\/p><p><span style=\"font-weight: 400;\">Passou por diferentes setores do processo de produ\u00e7\u00e3o: produtora, montadora, assistente de dire\u00e7\u00e3o, roteirista e diretora.<\/span><\/p><p>\u00a0<\/p><p><span style=\"font-weight: 400;\">Seus document\u00e1rios est\u00e3o no Vimeo On Demand, na Plataforma VideoCamp-Filmes que transformam, passaram pela TV Cultura, ESPN e TV Brasil. Em 2016 ganhou \u201cMelhor Diretora Internacional\u201d com o curta Anthropos no PortoFashionFilm Festival, em Portugal. Os longas de fic\u00e7\u00e3o \u201cHomem M\u00ednimo\u201d, e o document\u00e1rio \u201cEla N\u00e3o Volta\u201d est\u00e3o em fase de capta\u00e7\u00e3o para produ\u00e7\u00e3o. FIVE \u00e9 seu document\u00e1rio mais atual. Produ\u00e7\u00e3o da Square Zero Films de NY, 5 diretoras ao redor do mundo (Brasil, Eua, L\u00edbano, \u00cdndia, Cro\u00e1cia) dirigiram 5 curtas, sobre mulheres que desenvolvem projetos transformadores das comunidades onde vivem, que resultaram num longa-metragem.\u00a0<\/span><\/p><p><span style=\"font-weight: 400;\">Comadres \u00e9 o seu pr\u00f3ximo telefilme para a Globo Filmes.\u00a0<\/span><\/p><p>\u00a0<\/p><p><span style=\"font-weight: 400;\">Atualmente pesquisa, por meio de disciplinas do Programa de P\u00f3s Gradua\u00e7\u00e3o em Meios e Processos Audiovisuais da USP, a imersa\u0303o proporcionada pela realidade virtual que impulsiona uma revisa\u0303o da enunciac\u0327a\u0303o cinematogra\u0301fica e o novo lugar do sujeito: como ele se colocava diante da tela numa sala escura e como ele e\u0301 colocado dentro da histo\u0301ria a partir dos dispositivos da VR e suas possibilidades de narrativa. Investiga o uso das tecnologias na conscientiza\u00e7\u00e3o sobre as quest\u00f5es sociais e pol\u00edticas na busca de entender possibilidades de motivar um olhar do p\u00fablico frente aos temas.\u00a0<\/span><\/p><p><span style=\"font-weight: 400;\">Imers\u00e3o, cinema e tecnologia, realidade virtual, ambientes imersivos, feminino, social e pol\u00edtico.<\/span><\/p><p>\u00a0<\/p><p><a href=\"mailto:sette.renata@gmail.com\"><span style=\"font-weight: 400;\">sette.renata@gmail.com<\/span><\/a><\/p><p><a href=\"https:\/\/www.imdb.com\/name\/nm6587404\/\"><span style=\"font-weight: 400;\">https:\/\/www.imdb.com\/name\/nm6587404\/<\/span><\/a><\/p><p><a href=\"https:\/\/www.renatasette.com\/principal\"><span style=\"font-weight: 400;\">https:\/\/www.renatasette.com\/principal<\/span><\/a><\/p><\/div>\t\t\t\t\t\t<\/div>\n\t\t\t\t<\/div>\n\t\t\t\t\t<\/div>\n\t\t<\/div>\n\t\t\t\t\t<\/div>\n\t\t<\/section>\n\t\t\t\t<\/div>\n\t\t","protected":false},"excerpt":{"rendered":"<p>Renata Sette Diretora de audiovisual, roteirista e pesquisadora. Formada em Jornalismo pela PUC-Minas, extens\u00e3o em Cinema na Escola de Belas Artes da UFMG (Universidade Federal de Minas Gerais) e em Barcelona, no Institut Superior de Disseny I Escola de la Image (IDEP). Passou por diferentes setores do processo de produ\u00e7\u00e3o: produtora, montadora, assistente de dire\u00e7\u00e3o,<a href=\"https:\/\/sites.usp.br\/labartemidia\/equipe\/renata-sette\/\">[&#8230;]<\/a><\/p>\n","protected":false},"author":856,"featured_media":3328,"parent":114,"menu_order":29,"comment_status":"closed","ping_status":"closed","template":"","meta":{"_monsterinsights_skip_tracking":false,"_monsterinsights_sitenote_active":false,"_monsterinsights_sitenote_note":"","_monsterinsights_sitenote_category":0,"footnotes":"","_links_to":"","_links_to_target":""},"class_list":["post-3320","page","type-page","status-publish","has-post-thumbnail","hentry"],"_links":{"self":[{"href":"https:\/\/sites.usp.br\/labartemidia\/wp-json\/wp\/v2\/pages\/3320","targetHints":{"allow":["GET"]}}],"collection":[{"href":"https:\/\/sites.usp.br\/labartemidia\/wp-json\/wp\/v2\/pages"}],"about":[{"href":"https:\/\/sites.usp.br\/labartemidia\/wp-json\/wp\/v2\/types\/page"}],"author":[{"embeddable":true,"href":"https:\/\/sites.usp.br\/labartemidia\/wp-json\/wp\/v2\/users\/856"}],"replies":[{"embeddable":true,"href":"https:\/\/sites.usp.br\/labartemidia\/wp-json\/wp\/v2\/comments?post=3320"}],"version-history":[{"count":4,"href":"https:\/\/sites.usp.br\/labartemidia\/wp-json\/wp\/v2\/pages\/3320\/revisions"}],"predecessor-version":[{"id":3329,"href":"https:\/\/sites.usp.br\/labartemidia\/wp-json\/wp\/v2\/pages\/3320\/revisions\/3329"}],"up":[{"embeddable":true,"href":"https:\/\/sites.usp.br\/labartemidia\/wp-json\/wp\/v2\/pages\/114"}],"wp:featuredmedia":[{"embeddable":true,"href":"https:\/\/sites.usp.br\/labartemidia\/wp-json\/wp\/v2\/media\/3328"}],"wp:attachment":[{"href":"https:\/\/sites.usp.br\/labartemidia\/wp-json\/wp\/v2\/media?parent=3320"}],"curies":[{"name":"wp","href":"https:\/\/api.w.org\/{rel}","templated":true}]}}