{"id":337,"date":"2019-06-14T21:53:13","date_gmt":"2019-06-15T00:53:13","guid":{"rendered":"http:\/\/sites.usp.br\/labartemidia\/?page_id=337"},"modified":"2021-01-14T11:17:19","modified_gmt":"2021-01-14T14:17:19","slug":"sobre-nos","status":"publish","type":"page","link":"https:\/\/sites.usp.br\/labartemidia\/sobre-nos\/","title":{"rendered":"Sobre n\u00f3s"},"content":{"rendered":"\t\t<div data-elementor-type=\"wp-post\" data-elementor-id=\"337\" class=\"elementor elementor-337\" data-elementor-post-type=\"page\">\n\t\t\t\t\t\t<section class=\"elementor-section elementor-top-section elementor-element elementor-element-1a6d03c elementor-section-boxed elementor-section-height-default elementor-section-height-default\" data-id=\"1a6d03c\" data-element_type=\"section\">\n\t\t\t\t\t\t<div class=\"elementor-container elementor-column-gap-default\">\n\t\t\t\t\t<div class=\"elementor-column elementor-col-100 elementor-top-column elementor-element elementor-element-a6bdfaf\" data-id=\"a6bdfaf\" data-element_type=\"column\">\n\t\t\t<div class=\"elementor-widget-wrap elementor-element-populated\">\n\t\t\t\t\t\t<div class=\"elementor-element elementor-element-b56af8b elementor-widget elementor-widget-heading\" data-id=\"b56af8b\" data-element_type=\"widget\" data-widget_type=\"heading.default\">\n\t\t\t\t<div class=\"elementor-widget-container\">\n\t\t\t<h2 class=\"elementor-heading-title elementor-size-default\">Sobre N\u00f3s<\/h2>\t\t<\/div>\n\t\t\t\t<\/div>\n\t\t\t\t<div class=\"elementor-element elementor-element-305c51b elementor-widget elementor-widget-image\" data-id=\"305c51b\" data-element_type=\"widget\" data-widget_type=\"image.default\">\n\t\t\t\t<div class=\"elementor-widget-container\">\n\t\t\t\t\t\t\t\t\t\t\t\t\t<img fetchpriority=\"high\" decoding=\"async\" width=\"2032\" height=\"1092\" src=\"https:\/\/sites.usp.br\/labartemidia\/wp-content\/uploads\/sites\/472\/2019\/05\/Screen-Shot-2019-05-07-at-10.36.56-AM.png\" class=\"attachment-full size-full wp-image-264\" alt=\"\" srcset=\"https:\/\/sites.usp.br\/labartemidia\/wp-content\/uploads\/sites\/472\/2019\/05\/Screen-Shot-2019-05-07-at-10.36.56-AM.png 2032w, https:\/\/sites.usp.br\/labartemidia\/wp-content\/uploads\/sites\/472\/2019\/05\/Screen-Shot-2019-05-07-at-10.36.56-AM-300x161.png 300w, https:\/\/sites.usp.br\/labartemidia\/wp-content\/uploads\/sites\/472\/2019\/05\/Screen-Shot-2019-05-07-at-10.36.56-AM-768x413.png 768w, https:\/\/sites.usp.br\/labartemidia\/wp-content\/uploads\/sites\/472\/2019\/05\/Screen-Shot-2019-05-07-at-10.36.56-AM-1024x550.png 1024w, https:\/\/sites.usp.br\/labartemidia\/wp-content\/uploads\/sites\/472\/2019\/05\/Screen-Shot-2019-05-07-at-10.36.56-AM-400x215.png 400w\" sizes=\"(max-width: 2032px) 100vw, 2032px\" \/>\t\t\t\t\t\t\t\t\t\t\t\t\t<\/div>\n\t\t\t\t<\/div>\n\t\t\t\t<div class=\"elementor-element elementor-element-eb3a58a elementor-widget elementor-widget-text-editor\" data-id=\"eb3a58a\" data-element_type=\"widget\" data-widget_type=\"text-editor.default\">\n\t\t\t\t<div class=\"elementor-widget-container\">\n\t\t\t\t\t\t\t<p style=\"text-align: justify;\">O Laborat\u00f3rio de Arte, M\u00eddia e Tecnologias Digitais (LabArteM\u00eddia) \u00e9 um grupo de pesquisa e inova\u00e7\u00e3o em artes audiovisuais ligado ao Departamento de Cinema R\u00e1dio e Televis\u00e3o e ao Programa de P\u00f3s-Gradua\u00e7\u00e3o em Meios e Processos Audiovisuais da Escola de Comunica\u00e7\u00e3o e Artes ECA-USP da Universidade de S\u00e3o Paulo. \u00c9 certificado pelo <a href=\"http:\/\/dgp.cnpq.br\/dgp\/espelhogrupo\/232143\">CNPq<\/a> e pela ECA-USP.<\/p><p style=\"text-align: justify;\">Criado em 2016, o LabArteM\u00eddia pesquisa os recursos e o potencial experimental de sistemas computacionais na cria\u00e7\u00e3o de conte\u00fados audiovisuais digitais em interatividade e converg\u00eancia entre telas, multiplaformas e ambientes X-Reality. As investiga\u00e7\u00f5es de p\u00f3s-doutoramento, doutoramento, mestrado e inicia\u00e7\u00e3o cient\u00edfica desenvolvidas no laborat\u00f3rio conectam o amplo aparato conceitual em torno do cinema expandido com experimenta\u00e7\u00f5es lingu\u00edsticas e de inova\u00e7\u00e3o tecnol\u00f3gica, cria\u00e7\u00e3o art\u00edstica e atividades de extens\u00e3o e divulga\u00e7\u00e3o.<\/p><p style=\"text-align: justify;\">O LabArteM\u00eddia tamb\u00e9m agrega pesquisadores e a\u00e7\u00f5es de centros de pesquisas universit\u00e1rios, fabricantes de equipamentos audiovisuais e produtores de conte\u00fados sob demanda no Observat\u00f3rio Brasileiro de Televis\u00e3o Digital e Converg\u00eancia Tecnol\u00f3gica (Obted), dedicado a acompanhar o processo de implementa\u00e7\u00e3o, tecnologias e conte\u00fados da TV Digital, as possibilidades sociais, comunit\u00e1rias e educativas da TV, especialmente experi\u00eancias comunit\u00e1rias, e as formas de consumo e frui\u00e7\u00e3o ligados ao dispositivo e neg\u00f3cio televisivo. \u00a0<\/p><p style=\"text-align: justify;\">O Laborat\u00f3rio realiza pesquisas com o apoio do CNPq, Capes e Fapesp, al\u00e9m da pr\u00f3pria USP e \u00e9 coordenado pelos Prof. Dr. <a href=\"https:\/\/sites.usp.br\/labartemidia\/equipe\/almir-almas\/\" target=\"_blank\" rel=\"noopener\">Almir Ant\u00f4nio Rosa &#8211; Almir Almas<\/a> e Prof. Dr. <a href=\"https:\/\/sites.usp.br\/labartemidia\/equipe\/luis-angerami\/\" target=\"_blank\" rel=\"noopener\">Luis Fernando Angerami Ramos<\/a>.<\/p><p style=\"text-align: justify;\">Email: <a href=\"maito:labartemidia@gmail.com\">labartemidia@gmail.com<\/a><\/p><p>Departamento de Cinema, R\u00e1dio e TV<br \/>Endere\u00e7o: Av. Prof. L\u00facio Martins Rodrigues, 443,Pr\u00e9dio 4 <br \/>S\u00e3o Paulo &#8211; SP<br \/>CEP 05508-020<\/p>\t\t\t\t\t\t<\/div>\n\t\t\t\t<\/div>\n\t\t\t\t\t<\/div>\n\t\t<\/div>\n\t\t\t\t\t<\/div>\n\t\t<\/section>\n\t\t\t\t<\/div>\n\t\t","protected":false},"excerpt":{"rendered":"<p>Sobre N\u00f3s O Laborat\u00f3rio de Arte, M\u00eddia e Tecnologias Digitais (LabArteM\u00eddia) \u00e9 um grupo de pesquisa e inova\u00e7\u00e3o em artes audiovisuais ligado ao Departamento de Cinema R\u00e1dio e Televis\u00e3o e ao Programa de P\u00f3s-Gradua\u00e7\u00e3o em Meios e Processos Audiovisuais da Escola de Comunica\u00e7\u00e3o e Artes ECA-USP da Universidade de S\u00e3o Paulo. \u00c9 certificado pelo CNPq<a href=\"https:\/\/sites.usp.br\/labartemidia\/sobre-nos\/\">[&#8230;]<\/a><\/p>\n","protected":false},"author":856,"featured_media":0,"parent":0,"menu_order":0,"comment_status":"closed","ping_status":"closed","template":"template-fullwidth-no-title.php","meta":{"_monsterinsights_skip_tracking":false,"_monsterinsights_sitenote_active":false,"_monsterinsights_sitenote_note":"","_monsterinsights_sitenote_category":0,"footnotes":"","_links_to":"","_links_to_target":""},"class_list":["post-337","page","type-page","status-publish","hentry"],"_links":{"self":[{"href":"https:\/\/sites.usp.br\/labartemidia\/wp-json\/wp\/v2\/pages\/337","targetHints":{"allow":["GET"]}}],"collection":[{"href":"https:\/\/sites.usp.br\/labartemidia\/wp-json\/wp\/v2\/pages"}],"about":[{"href":"https:\/\/sites.usp.br\/labartemidia\/wp-json\/wp\/v2\/types\/page"}],"author":[{"embeddable":true,"href":"https:\/\/sites.usp.br\/labartemidia\/wp-json\/wp\/v2\/users\/856"}],"replies":[{"embeddable":true,"href":"https:\/\/sites.usp.br\/labartemidia\/wp-json\/wp\/v2\/comments?post=337"}],"version-history":[{"count":5,"href":"https:\/\/sites.usp.br\/labartemidia\/wp-json\/wp\/v2\/pages\/337\/revisions"}],"predecessor-version":[{"id":3766,"href":"https:\/\/sites.usp.br\/labartemidia\/wp-json\/wp\/v2\/pages\/337\/revisions\/3766"}],"wp:attachment":[{"href":"https:\/\/sites.usp.br\/labartemidia\/wp-json\/wp\/v2\/media?parent=337"}],"curies":[{"name":"wp","href":"https:\/\/api.w.org\/{rel}","templated":true}]}}