{"id":3644,"date":"2023-07-25T16:45:28","date_gmt":"2023-07-25T19:45:28","guid":{"rendered":"https:\/\/sites.usp.br\/labartemidia\/?page_id=3644"},"modified":"2023-07-25T17:56:33","modified_gmt":"2023-07-25T20:56:33","slug":"debora-oliveira-melo","status":"publish","type":"page","link":"https:\/\/sites.usp.br\/labartemidia\/equipe\/debora-oliveira-melo\/","title":{"rendered":"D\u00e9bora de Oliveira Melo"},"content":{"rendered":"\t\t<div data-elementor-type=\"wp-page\" data-elementor-id=\"3644\" class=\"elementor elementor-3644\" data-elementor-post-type=\"page\">\n\t\t\t\t\t\t<section class=\"elementor-section elementor-top-section elementor-element elementor-element-3a8e10b2 elementor-section-boxed elementor-section-height-default elementor-section-height-default\" data-id=\"3a8e10b2\" data-element_type=\"section\">\n\t\t\t\t\t\t<div class=\"elementor-container elementor-column-gap-default\">\n\t\t\t\t\t<div class=\"elementor-column elementor-col-100 elementor-top-column elementor-element elementor-element-250dd137\" data-id=\"250dd137\" data-element_type=\"column\">\n\t\t\t<div class=\"elementor-widget-wrap elementor-element-populated\">\n\t\t\t\t\t\t<div class=\"elementor-element elementor-element-24bb7256 elementor-widget elementor-widget-heading\" data-id=\"24bb7256\" data-element_type=\"widget\" data-widget_type=\"heading.default\">\n\t\t\t\t<div class=\"elementor-widget-container\">\n\t\t\t<h2 class=\"elementor-heading-title elementor-size-default\">D\u00e9bora de Oliveira Melo<\/h2>\t\t<\/div>\n\t\t\t\t<\/div>\n\t\t\t\t<div class=\"elementor-element elementor-element-3d2f5ef6 elementor-widget elementor-widget-text-editor\" data-id=\"3d2f5ef6\" data-element_type=\"widget\" data-widget_type=\"text-editor.default\">\n\t\t\t\t<div class=\"elementor-widget-container\">\n\t\t\t\t\t\t\t<p><a href=\"http:\/\/lattes.cnpq.br\/5225234683190495\"><img decoding=\"async\" src=\"https:\/\/sites.usp.br\/labartemidia\/wp-content\/uploads\/sites\/472\/2019\/06\/lattes.png\" alt=\"\" width=\"41\" height=\"41\" data-id=\"1062\" \/><\/a><\/p><p>Mestranda do Programa de P\u00f3s Gradua\u00e7\u00e3o em Comunica\u00e7\u00e3o pela Universidade Federal de Juiz de Fora. Bolsista Capes. \u00c9 graduada em Jornalismo pela Universidade Cat\u00f3lica de Pernambuco (2018). Atuou como assessora de comunica\u00e7\u00e3o no setor de economia criativa, sendo respons\u00e1vel pelo planejamento e produ\u00e7\u00e3o de conte\u00fado nas redes sociais, organiza\u00e7\u00e3o de eventos e assessoria de imprensa. Atualmente integra o grupo de pesquisa Conex\u00f5es Expandidas e participa da comiss\u00e3o de comunica\u00e7\u00e3o do PPGCOM UFJF, no setor de artes. Sua pesquisa tem como base a interconectividade das linguagens nas redes sociais, investigando a rela\u00e7\u00e3o com a produ\u00e7\u00e3o de conte\u00fado nas plataformas e os seus reflexos.<\/p>\t\t\t\t\t\t<\/div>\n\t\t\t\t<\/div>\n\t\t\t\t\t<\/div>\n\t\t<\/div>\n\t\t\t\t\t<\/div>\n\t\t<\/section>\n\t\t\t\t<\/div>\n\t\t","protected":false},"excerpt":{"rendered":"<p>D\u00e9bora de Oliveira Melo Mestranda do Programa de P\u00f3s Gradua\u00e7\u00e3o em Comunica\u00e7\u00e3o pela Universidade Federal de Juiz de Fora. Bolsista Capes. \u00c9 graduada em Jornalismo pela Universidade Cat\u00f3lica de Pernambuco (2018). Atuou como assessora de comunica\u00e7\u00e3o no setor de economia criativa, sendo respons\u00e1vel pelo planejamento e produ\u00e7\u00e3o de conte\u00fado nas redes sociais, organiza\u00e7\u00e3o de eventos<a href=\"https:\/\/sites.usp.br\/labartemidia\/equipe\/debora-oliveira-melo\/\">[&#8230;]<\/a><\/p>\n","protected":false},"author":23534,"featured_media":3645,"parent":114,"menu_order":34,"comment_status":"closed","ping_status":"closed","template":"","meta":{"_monsterinsights_skip_tracking":false,"_monsterinsights_sitenote_active":false,"_monsterinsights_sitenote_note":"","_monsterinsights_sitenote_category":0,"footnotes":"","_links_to":"","_links_to_target":""},"class_list":["post-3644","page","type-page","status-publish","has-post-thumbnail","hentry"],"_links":{"self":[{"href":"https:\/\/sites.usp.br\/labartemidia\/wp-json\/wp\/v2\/pages\/3644","targetHints":{"allow":["GET"]}}],"collection":[{"href":"https:\/\/sites.usp.br\/labartemidia\/wp-json\/wp\/v2\/pages"}],"about":[{"href":"https:\/\/sites.usp.br\/labartemidia\/wp-json\/wp\/v2\/types\/page"}],"author":[{"embeddable":true,"href":"https:\/\/sites.usp.br\/labartemidia\/wp-json\/wp\/v2\/users\/23534"}],"replies":[{"embeddable":true,"href":"https:\/\/sites.usp.br\/labartemidia\/wp-json\/wp\/v2\/comments?post=3644"}],"version-history":[{"count":4,"href":"https:\/\/sites.usp.br\/labartemidia\/wp-json\/wp\/v2\/pages\/3644\/revisions"}],"predecessor-version":[{"id":3649,"href":"https:\/\/sites.usp.br\/labartemidia\/wp-json\/wp\/v2\/pages\/3644\/revisions\/3649"}],"up":[{"embeddable":true,"href":"https:\/\/sites.usp.br\/labartemidia\/wp-json\/wp\/v2\/pages\/114"}],"wp:featuredmedia":[{"embeddable":true,"href":"https:\/\/sites.usp.br\/labartemidia\/wp-json\/wp\/v2\/media\/3645"}],"wp:attachment":[{"href":"https:\/\/sites.usp.br\/labartemidia\/wp-json\/wp\/v2\/media?parent=3644"}],"curies":[{"name":"wp","href":"https:\/\/api.w.org\/{rel}","templated":true}]}}