{"id":3650,"date":"2023-07-25T16:50:37","date_gmt":"2023-07-25T19:50:37","guid":{"rendered":"https:\/\/sites.usp.br\/labartemidia\/?page_id=3650"},"modified":"2023-07-25T17:56:46","modified_gmt":"2023-07-25T20:56:46","slug":"eutalia-ramos","status":"publish","type":"page","link":"https:\/\/sites.usp.br\/labartemidia\/equipe\/eutalia-ramos\/","title":{"rendered":"Eut\u00e1lia Ramos"},"content":{"rendered":"\t\t<div data-elementor-type=\"wp-page\" data-elementor-id=\"3650\" class=\"elementor elementor-3650\" data-elementor-post-type=\"page\">\n\t\t\t\t\t\t<section class=\"elementor-section elementor-top-section elementor-element elementor-element-3a8e10b2 elementor-section-boxed elementor-section-height-default elementor-section-height-default\" data-id=\"3a8e10b2\" data-element_type=\"section\">\n\t\t\t\t\t\t<div class=\"elementor-container elementor-column-gap-default\">\n\t\t\t\t\t<div class=\"elementor-column elementor-col-100 elementor-top-column elementor-element elementor-element-250dd137\" data-id=\"250dd137\" data-element_type=\"column\">\n\t\t\t<div class=\"elementor-widget-wrap elementor-element-populated\">\n\t\t\t\t\t\t<div class=\"elementor-element elementor-element-24bb7256 elementor-widget elementor-widget-heading\" data-id=\"24bb7256\" data-element_type=\"widget\" data-widget_type=\"heading.default\">\n\t\t\t\t<div class=\"elementor-widget-container\">\n\t\t\t<h2 class=\"elementor-heading-title elementor-size-default\">Eut\u00e1lia Ramos<\/h2>\t\t<\/div>\n\t\t\t\t<\/div>\n\t\t\t\t<div class=\"elementor-element elementor-element-3d2f5ef6 elementor-widget elementor-widget-text-editor\" data-id=\"3d2f5ef6\" data-element_type=\"widget\" data-widget_type=\"text-editor.default\">\n\t\t\t\t<div class=\"elementor-widget-container\">\n\t\t\t\t\t\t\t<p><a href=\"http:\/\/lattes.cnpq.br\/5406259548242129\" data-wplink-edit=\"true\"><img decoding=\"async\" class=\"alignnone\" src=\"https:\/\/sites.usp.br\/labartemidia\/wp-content\/uploads\/sites\/472\/2019\/06\/lattes.png\" alt=\"\" width=\"41\" height=\"41\" data-id=\"1062\" \/><\/a><\/p><p>Doutoranda em Comunica\u00e7\u00e3o pela Universidade Federal de Juiz de Fora (UFJF) e mestre em Comunica\u00e7\u00e3o e Culturas Midi\u00e1ticas pela Universidade Federal da Para\u00edba (UFPB). Membro do Grupo de Pesquisa em Comunica\u00e7\u00e3o, Arte e Literacia Midi\u00e1tica (UFJF) e pesquisadora do Observat\u00f3rio da Qualidade no Audiovisual.<\/p>\t\t\t\t\t\t<\/div>\n\t\t\t\t<\/div>\n\t\t\t\t\t<\/div>\n\t\t<\/div>\n\t\t\t\t\t<\/div>\n\t\t<\/section>\n\t\t\t\t<\/div>\n\t\t","protected":false},"excerpt":{"rendered":"<p>Eut\u00e1lia Ramos Doutoranda em Comunica\u00e7\u00e3o pela Universidade Federal de Juiz de Fora (UFJF) e mestre em Comunica\u00e7\u00e3o e Culturas Midi\u00e1ticas pela Universidade Federal da Para\u00edba (UFPB). Membro do Grupo de Pesquisa em Comunica\u00e7\u00e3o, Arte e Literacia Midi\u00e1tica (UFJF) e pesquisadora do Observat\u00f3rio da Qualidade no Audiovisual.<\/p>\n","protected":false},"author":23534,"featured_media":3651,"parent":114,"menu_order":35,"comment_status":"closed","ping_status":"closed","template":"","meta":{"_monsterinsights_skip_tracking":false,"_monsterinsights_sitenote_active":false,"_monsterinsights_sitenote_note":"","_monsterinsights_sitenote_category":0,"footnotes":"","_links_to":"","_links_to_target":""},"class_list":["post-3650","page","type-page","status-publish","has-post-thumbnail","hentry"],"_links":{"self":[{"href":"https:\/\/sites.usp.br\/labartemidia\/wp-json\/wp\/v2\/pages\/3650","targetHints":{"allow":["GET"]}}],"collection":[{"href":"https:\/\/sites.usp.br\/labartemidia\/wp-json\/wp\/v2\/pages"}],"about":[{"href":"https:\/\/sites.usp.br\/labartemidia\/wp-json\/wp\/v2\/types\/page"}],"author":[{"embeddable":true,"href":"https:\/\/sites.usp.br\/labartemidia\/wp-json\/wp\/v2\/users\/23534"}],"replies":[{"embeddable":true,"href":"https:\/\/sites.usp.br\/labartemidia\/wp-json\/wp\/v2\/comments?post=3650"}],"version-history":[{"count":4,"href":"https:\/\/sites.usp.br\/labartemidia\/wp-json\/wp\/v2\/pages\/3650\/revisions"}],"predecessor-version":[{"id":3710,"href":"https:\/\/sites.usp.br\/labartemidia\/wp-json\/wp\/v2\/pages\/3650\/revisions\/3710"}],"up":[{"embeddable":true,"href":"https:\/\/sites.usp.br\/labartemidia\/wp-json\/wp\/v2\/pages\/114"}],"wp:featuredmedia":[{"embeddable":true,"href":"https:\/\/sites.usp.br\/labartemidia\/wp-json\/wp\/v2\/media\/3651"}],"wp:attachment":[{"href":"https:\/\/sites.usp.br\/labartemidia\/wp-json\/wp\/v2\/media?parent=3650"}],"curies":[{"name":"wp","href":"https:\/\/api.w.org\/{rel}","templated":true}]}}