{"id":3656,"date":"2023-07-25T16:53:21","date_gmt":"2023-07-25T19:53:21","guid":{"rendered":"https:\/\/sites.usp.br\/labartemidia\/?page_id=3656"},"modified":"2023-07-25T17:56:54","modified_gmt":"2023-07-25T20:56:54","slug":"gabriela-borges","status":"publish","type":"page","link":"https:\/\/sites.usp.br\/labartemidia\/equipe\/gabriela-borges\/","title":{"rendered":"Gabriela Borges"},"content":{"rendered":"\t\t<div data-elementor-type=\"wp-page\" data-elementor-id=\"3656\" class=\"elementor elementor-3656\" data-elementor-post-type=\"page\">\n\t\t\t\t\t\t<section class=\"elementor-section elementor-top-section elementor-element elementor-element-3a8e10b2 elementor-section-boxed elementor-section-height-default elementor-section-height-default\" data-id=\"3a8e10b2\" data-element_type=\"section\">\n\t\t\t\t\t\t<div class=\"elementor-container elementor-column-gap-default\">\n\t\t\t\t\t<div class=\"elementor-column elementor-col-100 elementor-top-column elementor-element elementor-element-250dd137\" data-id=\"250dd137\" data-element_type=\"column\">\n\t\t\t<div class=\"elementor-widget-wrap elementor-element-populated\">\n\t\t\t\t\t\t<div class=\"elementor-element elementor-element-24bb7256 elementor-widget elementor-widget-heading\" data-id=\"24bb7256\" data-element_type=\"widget\" data-widget_type=\"heading.default\">\n\t\t\t\t<div class=\"elementor-widget-container\">\n\t\t\t<h2 class=\"elementor-heading-title elementor-size-default\">Gabriela Borges<\/h2>\t\t<\/div>\n\t\t\t\t<\/div>\n\t\t\t\t<div class=\"elementor-element elementor-element-3d2f5ef6 elementor-widget elementor-widget-text-editor\" data-id=\"3d2f5ef6\" data-element_type=\"widget\" data-widget_type=\"text-editor.default\">\n\t\t\t\t<div class=\"elementor-widget-container\">\n\t\t\t\t\t\t\t<p><a href=\"http:\/\/lattes.cnpq.br\/5406259548242129\"><img decoding=\"async\" class=\"alignnone\" src=\"https:\/\/sites.usp.br\/labartemidia\/wp-content\/uploads\/sites\/472\/2019\/06\/lattes.png\" alt=\"\" width=\"41\" height=\"41\" data-id=\"1062\" \/><\/a><\/p><p>Doutora e Mestre em Comunica\u00e7\u00e3o e Semi\u00f3tica pela Pontif\u00edcia Universidade Cat\u00f3lica de S\u00e3o Paulo. Professora Adjunta da Universidade do Algarve e Investigadora Integrada do Centro de Investiga\u00e7\u00e3o em Artes e Comunica\u00e7\u00e3o desde 2022. Foi professora da Universidade Federal de Juiz de Fora de 2012 a 2021, tendo coordenado o Programa de P\u00f3s\u00adGradua\u00e7\u00e3o em Comunica\u00e7\u00e3o de 2016 a 2019, com o qual ainda colabora. \u00c9 coordenadora brasileira da Rede Alfamed (Rede Interinstitucional Euroamericana de Investiga\u00e7\u00e3o sobre Compet\u00eancia Midi\u00e1tica para a Cidadania), do Grupo de Pesquisa Comunica\u00e7\u00e3o, Arte e Literacia Midi\u00e1tica (UFJF\/CNPq) e do Observat\u00f3rio da Qualidade no Audiovisual e editora da Revista Lumina do PPGCOM\/UFJF.<\/p>\t\t\t\t\t\t<\/div>\n\t\t\t\t<\/div>\n\t\t\t\t\t<\/div>\n\t\t<\/div>\n\t\t\t\t\t<\/div>\n\t\t<\/section>\n\t\t\t\t<\/div>\n\t\t","protected":false},"excerpt":{"rendered":"<p>Gabriela Borges Doutora e Mestre em Comunica\u00e7\u00e3o e Semi\u00f3tica pela Pontif\u00edcia Universidade Cat\u00f3lica de S\u00e3o Paulo. Professora Adjunta da Universidade do Algarve e Investigadora Integrada do Centro de Investiga\u00e7\u00e3o em Artes e Comunica\u00e7\u00e3o desde 2022. Foi professora da Universidade Federal de Juiz de Fora de 2012 a 2021, tendo coordenado o Programa de P\u00f3s\u00adGradua\u00e7\u00e3o em<a href=\"https:\/\/sites.usp.br\/labartemidia\/equipe\/gabriela-borges\/\">[&#8230;]<\/a><\/p>\n","protected":false},"author":23534,"featured_media":3657,"parent":114,"menu_order":36,"comment_status":"closed","ping_status":"closed","template":"","meta":{"_monsterinsights_skip_tracking":false,"_monsterinsights_sitenote_active":false,"_monsterinsights_sitenote_note":"","_monsterinsights_sitenote_category":0,"footnotes":"","_links_to":"","_links_to_target":""},"class_list":["post-3656","page","type-page","status-publish","has-post-thumbnail","hentry"],"_links":{"self":[{"href":"https:\/\/sites.usp.br\/labartemidia\/wp-json\/wp\/v2\/pages\/3656","targetHints":{"allow":["GET"]}}],"collection":[{"href":"https:\/\/sites.usp.br\/labartemidia\/wp-json\/wp\/v2\/pages"}],"about":[{"href":"https:\/\/sites.usp.br\/labartemidia\/wp-json\/wp\/v2\/types\/page"}],"author":[{"embeddable":true,"href":"https:\/\/sites.usp.br\/labartemidia\/wp-json\/wp\/v2\/users\/23534"}],"replies":[{"embeddable":true,"href":"https:\/\/sites.usp.br\/labartemidia\/wp-json\/wp\/v2\/comments?post=3656"}],"version-history":[{"count":4,"href":"https:\/\/sites.usp.br\/labartemidia\/wp-json\/wp\/v2\/pages\/3656\/revisions"}],"predecessor-version":[{"id":3711,"href":"https:\/\/sites.usp.br\/labartemidia\/wp-json\/wp\/v2\/pages\/3656\/revisions\/3711"}],"up":[{"embeddable":true,"href":"https:\/\/sites.usp.br\/labartemidia\/wp-json\/wp\/v2\/pages\/114"}],"wp:featuredmedia":[{"embeddable":true,"href":"https:\/\/sites.usp.br\/labartemidia\/wp-json\/wp\/v2\/media\/3657"}],"wp:attachment":[{"href":"https:\/\/sites.usp.br\/labartemidia\/wp-json\/wp\/v2\/media?parent=3656"}],"curies":[{"name":"wp","href":"https:\/\/api.w.org\/{rel}","templated":true}]}}