{"id":3675,"date":"2023-07-25T17:32:18","date_gmt":"2023-07-25T20:32:18","guid":{"rendered":"https:\/\/sites.usp.br\/labartemidia\/?page_id=3675"},"modified":"2023-07-25T17:57:21","modified_gmt":"2023-07-25T20:57:21","slug":"matheus-bertolini-amorim","status":"publish","type":"page","link":"https:\/\/sites.usp.br\/labartemidia\/equipe\/matheus-bertolini-amorim\/","title":{"rendered":"Matheus Bertolini Amorim"},"content":{"rendered":"\t\t<div data-elementor-type=\"wp-page\" data-elementor-id=\"3675\" class=\"elementor elementor-3675\" data-elementor-post-type=\"page\">\n\t\t\t\t\t\t<section class=\"elementor-section elementor-top-section elementor-element elementor-element-3a8e10b2 elementor-section-boxed elementor-section-height-default elementor-section-height-default\" data-id=\"3a8e10b2\" data-element_type=\"section\">\n\t\t\t\t\t\t<div class=\"elementor-container elementor-column-gap-default\">\n\t\t\t\t\t<div class=\"elementor-column elementor-col-100 elementor-top-column elementor-element elementor-element-250dd137\" data-id=\"250dd137\" data-element_type=\"column\">\n\t\t\t<div class=\"elementor-widget-wrap elementor-element-populated\">\n\t\t\t\t\t\t<div class=\"elementor-element elementor-element-24bb7256 elementor-widget elementor-widget-heading\" data-id=\"24bb7256\" data-element_type=\"widget\" data-widget_type=\"heading.default\">\n\t\t\t\t<div class=\"elementor-widget-container\">\n\t\t\t<h2 class=\"elementor-heading-title elementor-size-default\">Matheus Bertolini Amorim<\/h2>\t\t<\/div>\n\t\t\t\t<\/div>\n\t\t\t\t<div class=\"elementor-element elementor-element-3d2f5ef6 elementor-widget elementor-widget-text-editor\" data-id=\"3d2f5ef6\" data-element_type=\"widget\" data-widget_type=\"text-editor.default\">\n\t\t\t\t<div class=\"elementor-widget-container\">\n\t\t\t\t\t\t\t<p><a href=\"http:\/\/lattes.cnpq.br\/6505948642391877\"><img decoding=\"async\" src=\"https:\/\/sites.usp.br\/labartemidia\/wp-content\/uploads\/sites\/472\/2019\/06\/lattes.png\" alt=\"\" width=\"41\" height=\"41\" data-id=\"1062\" \/><\/a><\/p><p>Doutorando e mestre em Comunica\u00e7\u00e3o pelo PPGCOM\/UFJF na linha de pesquisa: Compet\u00eancia Midi\u00e1tica, Est\u00e9tica e Temporalidade. Graduado em Jornalismo pela Universidade Federal de Juiz de Fora &#8211; Minas Gerais; Design de Moda pela Universidade Cesumar, Maring\u00e1 &#8211; Paran\u00e1; e Pedagogia pela Faculdade Intervale, Mantena &#8211; Minas Gerais. Atualmente \u00e9 representante do movimento global Fashion Revolution, professor (IF Sudeste MG e Unipampa\/RS) e pesquisador associado ao grupo Conex\u00f5es Expandidas (UFJF). Suas pesquisas dizem respeito a arte, cultura digital, est\u00e9tica, fluxos, juventude, moda e streaming.<\/p>\t\t\t\t\t\t<\/div>\n\t\t\t\t<\/div>\n\t\t\t\t\t<\/div>\n\t\t<\/div>\n\t\t\t\t\t<\/div>\n\t\t<\/section>\n\t\t\t\t<\/div>\n\t\t","protected":false},"excerpt":{"rendered":"<p>Matheus Bertolini Amorim Doutorando e mestre em Comunica\u00e7\u00e3o pelo PPGCOM\/UFJF na linha de pesquisa: Compet\u00eancia Midi\u00e1tica, Est\u00e9tica e Temporalidade. Graduado em Jornalismo pela Universidade Federal de Juiz de Fora &#8211; Minas Gerais; Design de Moda pela Universidade Cesumar, Maring\u00e1 &#8211; Paran\u00e1; e Pedagogia pela Faculdade Intervale, Mantena &#8211; Minas Gerais. Atualmente \u00e9 representante do movimento<a href=\"https:\/\/sites.usp.br\/labartemidia\/equipe\/matheus-bertolini-amorim\/\">[&#8230;]<\/a><\/p>\n","protected":false},"author":23534,"featured_media":3681,"parent":114,"menu_order":39,"comment_status":"closed","ping_status":"closed","template":"","meta":{"_monsterinsights_skip_tracking":false,"_monsterinsights_sitenote_active":false,"_monsterinsights_sitenote_note":"","_monsterinsights_sitenote_category":0,"footnotes":"","_links_to":"","_links_to_target":""},"class_list":["post-3675","page","type-page","status-publish","has-post-thumbnail","hentry"],"_links":{"self":[{"href":"https:\/\/sites.usp.br\/labartemidia\/wp-json\/wp\/v2\/pages\/3675","targetHints":{"allow":["GET"]}}],"collection":[{"href":"https:\/\/sites.usp.br\/labartemidia\/wp-json\/wp\/v2\/pages"}],"about":[{"href":"https:\/\/sites.usp.br\/labartemidia\/wp-json\/wp\/v2\/types\/page"}],"author":[{"embeddable":true,"href":"https:\/\/sites.usp.br\/labartemidia\/wp-json\/wp\/v2\/users\/23534"}],"replies":[{"embeddable":true,"href":"https:\/\/sites.usp.br\/labartemidia\/wp-json\/wp\/v2\/comments?post=3675"}],"version-history":[{"count":4,"href":"https:\/\/sites.usp.br\/labartemidia\/wp-json\/wp\/v2\/pages\/3675\/revisions"}],"predecessor-version":[{"id":3714,"href":"https:\/\/sites.usp.br\/labartemidia\/wp-json\/wp\/v2\/pages\/3675\/revisions\/3714"}],"up":[{"embeddable":true,"href":"https:\/\/sites.usp.br\/labartemidia\/wp-json\/wp\/v2\/pages\/114"}],"wp:featuredmedia":[{"embeddable":true,"href":"https:\/\/sites.usp.br\/labartemidia\/wp-json\/wp\/v2\/media\/3681"}],"wp:attachment":[{"href":"https:\/\/sites.usp.br\/labartemidia\/wp-json\/wp\/v2\/media?parent=3675"}],"curies":[{"name":"wp","href":"https:\/\/api.w.org\/{rel}","templated":true}]}}