{"id":372,"date":"2019-06-10T17:26:24","date_gmt":"2019-06-10T20:26:24","guid":{"rendered":"http:\/\/sites.usp.br\/labartemidia\/?page_id=372"},"modified":"2022-03-21T14:27:39","modified_gmt":"2022-03-21T17:27:39","slug":"carol-berger","status":"publish","type":"page","link":"https:\/\/sites.usp.br\/labartemidia\/equipe\/carol-berger\/","title":{"rendered":"Carol Berger"},"content":{"rendered":"\t\t<div data-elementor-type=\"wp-page\" data-elementor-id=\"372\" class=\"elementor elementor-372\" data-elementor-post-type=\"page\">\n\t\t\t\t\t\t<section class=\"elementor-section elementor-top-section elementor-element elementor-element-38c6dce8 elementor-section-boxed elementor-section-height-default elementor-section-height-default\" data-id=\"38c6dce8\" data-element_type=\"section\">\n\t\t\t\t\t\t<div class=\"elementor-container elementor-column-gap-default\">\n\t\t\t\t\t<div class=\"elementor-column elementor-col-100 elementor-top-column elementor-element elementor-element-7c58f08d\" data-id=\"7c58f08d\" data-element_type=\"column\">\n\t\t\t<div class=\"elementor-widget-wrap elementor-element-populated\">\n\t\t\t\t\t\t<div class=\"elementor-element elementor-element-f1ec7e4 elementor-widget elementor-widget-heading\" data-id=\"f1ec7e4\" data-element_type=\"widget\" data-widget_type=\"heading.default\">\n\t\t\t\t<div class=\"elementor-widget-container\">\n\t\t\t<h2 class=\"elementor-heading-title elementor-size-default\">Carol Berger<\/h2>\t\t<\/div>\n\t\t\t\t<\/div>\n\t\t\t\t<div class=\"elementor-element elementor-element-5b1ac9db elementor-widget elementor-widget-text-editor\" data-id=\"5b1ac9db\" data-element_type=\"widget\" data-widget_type=\"text-editor.default\">\n\t\t\t\t<div class=\"elementor-widget-container\">\n\t\t\t\t\t\t\t<div><div><div data-weight=\"1\"><div data-index=\"0\" data-style=\"{\"><div data-index=\"1\" data-style=\"{\"><div><p><a href=\"http:\/\/carolinaberger.com.br\"><img decoding=\"async\" src=\"https:\/\/sites.usp.br\/labartemidia\/wp-content\/uploads\/sites\/472\/2019\/06\/portfolio.png\" alt=\"\" width=\"40\" height=\"40\" data-id=\"1063\" \/><\/a><\/p><p><span data-sheets-value=\"{\" data-sheets-userformat=\"{\">Performer, diretora e pesquisadora. P\u00f3s-doutoranda no Programa de P\u00f3s-Gradua\u00e7\u00e3o em Artes C\u00eanicas e Doutora no P\u00f3s-Gradua\u00e7\u00e3o em Meios e Processos Audiovisuais, ambos na ECA\/USP. Mestre em Document\u00e1rio Cinematogr\u00e1fico pela Universidad del Cine- Argentina.<br \/>Realizadora de obras interm\u00eddia, a partir da fus\u00e3o entre artes do corpo, tecnologia e audiovisual. A presen\u00e7a e a performatividade s\u00e3o os principais temas de suas pesquisas pr\u00e1tico-te\u00f3ricas. Idealizadora Laborat\u00f3rio de Po\u00e9ticas em Performance Interm\u00eddia #DigitalSelfMediaLab, um m\u00e9todo intedisciplinar de cria\u00e7\u00e3o de trabalhos interm\u00eddia.<br \/><\/span><\/p><p><span data-sheets-value=\"{\" data-sheets-userformat=\"{\">Pesquisa novas formas de presen\u00e7a a partir da autorreferencialidade nas artes das imagens em movimento. Em p\u00f3s-doutorado investiga a fus\u00e3o entre audiovisual ao vivo e uso de biosensores, sistematizando princ\u00edpios e treinamento intermidi\u00e1tico no #DigitalSelfMediaLab \u2013 laborat\u00f3rio de po\u00e9ticas em performance interm\u00eddia. <\/span><\/p><p><span data-sheets-value=\"{\" data-sheets-userformat=\"{\">performance arts, performance interm\u00eddia, intermidialidade, dan\u00e7a interativa<\/span><\/p><p><a href=\"mailto:carolinadiasberger@gmail.com\"><span data-sheets-value=\"{\" data-sheets-userformat=\"{\">carolinadiasberger@gmail.com<\/span><\/a><\/p><\/div><\/div><\/div><\/div><\/div><\/div>\t\t\t\t\t\t<\/div>\n\t\t\t\t<\/div>\n\t\t\t\t\t<\/div>\n\t\t<\/div>\n\t\t\t\t\t<\/div>\n\t\t<\/section>\n\t\t\t\t<\/div>\n\t\t","protected":false},"excerpt":{"rendered":"<p>Carol Berger Performer, diretora e pesquisadora. P\u00f3s-doutoranda no Programa de P\u00f3s-Gradua\u00e7\u00e3o em Artes C\u00eanicas e Doutora no P\u00f3s-Gradua\u00e7\u00e3o em Meios e Processos Audiovisuais, ambos na ECA\/USP. Mestre em Document\u00e1rio Cinematogr\u00e1fico pela Universidad del Cine- Argentina.Realizadora de obras interm\u00eddia, a partir da fus\u00e3o entre artes do corpo, tecnologia e audiovisual. A presen\u00e7a e a performatividade s\u00e3o<a href=\"https:\/\/sites.usp.br\/labartemidia\/equipe\/carol-berger\/\">[&#8230;]<\/a><\/p>\n","protected":false},"author":856,"featured_media":509,"parent":114,"menu_order":6,"comment_status":"closed","ping_status":"closed","template":"","meta":{"_monsterinsights_skip_tracking":false,"_monsterinsights_sitenote_active":false,"_monsterinsights_sitenote_note":"","_monsterinsights_sitenote_category":0,"footnotes":"","_links_to":"","_links_to_target":""},"class_list":["post-372","page","type-page","status-publish","has-post-thumbnail","hentry"],"_links":{"self":[{"href":"https:\/\/sites.usp.br\/labartemidia\/wp-json\/wp\/v2\/pages\/372","targetHints":{"allow":["GET"]}}],"collection":[{"href":"https:\/\/sites.usp.br\/labartemidia\/wp-json\/wp\/v2\/pages"}],"about":[{"href":"https:\/\/sites.usp.br\/labartemidia\/wp-json\/wp\/v2\/types\/page"}],"author":[{"embeddable":true,"href":"https:\/\/sites.usp.br\/labartemidia\/wp-json\/wp\/v2\/users\/856"}],"replies":[{"embeddable":true,"href":"https:\/\/sites.usp.br\/labartemidia\/wp-json\/wp\/v2\/comments?post=372"}],"version-history":[{"count":4,"href":"https:\/\/sites.usp.br\/labartemidia\/wp-json\/wp\/v2\/pages\/372\/revisions"}],"predecessor-version":[{"id":1353,"href":"https:\/\/sites.usp.br\/labartemidia\/wp-json\/wp\/v2\/pages\/372\/revisions\/1353"}],"up":[{"embeddable":true,"href":"https:\/\/sites.usp.br\/labartemidia\/wp-json\/wp\/v2\/pages\/114"}],"wp:featuredmedia":[{"embeddable":true,"href":"https:\/\/sites.usp.br\/labartemidia\/wp-json\/wp\/v2\/media\/509"}],"wp:attachment":[{"href":"https:\/\/sites.usp.br\/labartemidia\/wp-json\/wp\/v2\/media?parent=372"}],"curies":[{"name":"wp","href":"https:\/\/api.w.org\/{rel}","templated":true}]}}