{"id":375,"date":"2019-06-10T17:27:18","date_gmt":"2019-06-10T20:27:18","guid":{"rendered":"http:\/\/sites.usp.br\/labartemidia\/?page_id=375"},"modified":"2022-03-21T14:28:00","modified_gmt":"2022-03-21T17:28:00","slug":"daniel-lima","status":"publish","type":"page","link":"https:\/\/sites.usp.br\/labartemidia\/equipe\/daniel-lima\/","title":{"rendered":"Daniel Lima"},"content":{"rendered":"\t\t<div data-elementor-type=\"wp-post\" data-elementor-id=\"375\" class=\"elementor elementor-375\" data-elementor-post-type=\"page\">\n\t\t\t\t\t\t<section class=\"elementor-section elementor-top-section elementor-element elementor-element-f972374 elementor-section-boxed elementor-section-height-default elementor-section-height-default\" data-id=\"f972374\" data-element_type=\"section\">\n\t\t\t\t\t\t<div class=\"elementor-container elementor-column-gap-default\">\n\t\t\t\t\t<div class=\"elementor-column elementor-col-100 elementor-top-column elementor-element elementor-element-7af197b6\" data-id=\"7af197b6\" data-element_type=\"column\">\n\t\t\t<div class=\"elementor-widget-wrap elementor-element-populated\">\n\t\t\t\t\t\t<div class=\"elementor-element elementor-element-9323852 elementor-widget elementor-widget-heading\" data-id=\"9323852\" data-element_type=\"widget\" data-widget_type=\"heading.default\">\n\t\t\t\t<div class=\"elementor-widget-container\">\n\t\t\t<h2 class=\"elementor-heading-title elementor-size-default\">Daniel Lima<\/h2>\t\t<\/div>\n\t\t\t\t<\/div>\n\t\t\t\t<div class=\"elementor-element elementor-element-58339187 elementor-widget elementor-widget-text-editor\" data-id=\"58339187\" data-element_type=\"widget\" data-widget_type=\"text-editor.default\">\n\t\t\t\t<div class=\"elementor-widget-container\">\n\t\t\t\t\t\t\t<div id=\"pl-375\" class=\"panel-layout\"><div id=\"pg-375-0\" class=\"panel-grid panel-no-style\"><div id=\"pgc-375-0-0\" class=\"panel-grid-cell\" data-weight=\"1\"><div id=\"panel-375-0-0-0\" class=\"so-panel widget widget_custom_html panel-first-child\" data-index=\"0\" data-style=\"{\"><div id=\"\\\" class=\"\\\" data-index=\"\\\" data-style=\"\\\"><h3 class=\"\\\"><a href=\"http:\/\/lattes.cnpq.br\/2482311906465898\"><img decoding=\"async\" class=\"alignnone size-full wp-image-1062\" src=\"https:\/\/sites.usp.br\/labartemidia\/wp-content\/uploads\/sites\/472\/2019\/06\/lattes.png\" alt=\"\" width=\"41\" height=\"41\" data-id=\"1062\" \/><\/a><\/h3><\/div><div id=\"panel-375-0-0-1\" class=\"so-panel widget widget_text panel-last-child\" data-index=\"1\" data-style=\"{\"><div class=\"textwidget\"><p><span data-sheets-value=\"{\" data-sheets-userformat=\"{\">Daniel Lima \u00e9 artista, curador, editor e pesquisador. Bacharel em Artes Pl\u00e1sticas, Mestre em Psicologia e doutorando em Meios e Processos Audiovisuais pela Universidade de S\u00e3o Paulo. Desde 2001 cria investiga\u00e7\u00f5es-a\u00e7\u00f5es em pesquisas relacionadas a mi\u0301dia, questo\u0303es raciais, resist\u00eancias coletivas, presente colonial e an\u00e1lises geopol\u00edticas. Membro fundador de diversos coletivos entre eles, a Frente 3 de Fevereiro com trabalhos desenvolvidos em v\u00e1rias cidades do mundo. Recebeu em sua carreira mais de 15 pr\u00eamios nas \u00e1reas de Artes Visuais, Cinema e Estudos Sociais, tendo participado de diversas exposi\u00e7\u00f5es, festivais internacionais e semin\u00e1rios. Dirige a produtora e editora Invis\u00edveis Produ\u00e7\u00f5es.<\/span><\/p><p><a href=\"mailto:danielcflima@usp.br\"><span data-sheets-value=\"{&quot;1&quot;:2,&quot;2&quot;:&quot;danielcflima@usp.br&quot;}\" data-sheets-userformat=\"{&quot;2&quot;:15233,&quot;3&quot;:{&quot;1&quot;:0},&quot;10&quot;:0,&quot;11&quot;:4,&quot;12&quot;:0,&quot;14&quot;:[null,2,0],&quot;15&quot;:&quot;Calibri&quot;,&quot;16&quot;:11}\">danielcflima@usp.br<\/span><\/a><\/p><\/div><\/div><\/div><\/div><\/div><\/div>\t\t\t\t\t\t<\/div>\n\t\t\t\t<\/div>\n\t\t\t\t\t<\/div>\n\t\t<\/div>\n\t\t\t\t\t<\/div>\n\t\t<\/section>\n\t\t\t\t<\/div>\n\t\t","protected":false},"excerpt":{"rendered":"<p>Daniel Lima Daniel Lima \u00e9 artista, curador, editor e pesquisador. Bacharel em Artes Pl\u00e1sticas, Mestre em Psicologia e doutorando em Meios e Processos Audiovisuais pela Universidade de S\u00e3o Paulo. Desde 2001 cria investiga\u00e7\u00f5es-a\u00e7\u00f5es em pesquisas relacionadas a mi\u0301dia, questo\u0303es raciais, resist\u00eancias coletivas, presente colonial e an\u00e1lises geopol\u00edticas. Membro fundador de diversos coletivos entre eles, a<a href=\"https:\/\/sites.usp.br\/labartemidia\/equipe\/daniel-lima\/\">[&#8230;]<\/a><\/p>\n","protected":false},"author":856,"featured_media":376,"parent":114,"menu_order":9,"comment_status":"closed","ping_status":"closed","template":"","meta":{"_monsterinsights_skip_tracking":false,"_monsterinsights_sitenote_active":false,"_monsterinsights_sitenote_note":"","_monsterinsights_sitenote_category":0,"footnotes":"","_links_to":"","_links_to_target":""},"class_list":["post-375","page","type-page","status-publish","has-post-thumbnail","hentry"],"_links":{"self":[{"href":"https:\/\/sites.usp.br\/labartemidia\/wp-json\/wp\/v2\/pages\/375","targetHints":{"allow":["GET"]}}],"collection":[{"href":"https:\/\/sites.usp.br\/labartemidia\/wp-json\/wp\/v2\/pages"}],"about":[{"href":"https:\/\/sites.usp.br\/labartemidia\/wp-json\/wp\/v2\/types\/page"}],"author":[{"embeddable":true,"href":"https:\/\/sites.usp.br\/labartemidia\/wp-json\/wp\/v2\/users\/856"}],"replies":[{"embeddable":true,"href":"https:\/\/sites.usp.br\/labartemidia\/wp-json\/wp\/v2\/comments?post=375"}],"version-history":[{"count":4,"href":"https:\/\/sites.usp.br\/labartemidia\/wp-json\/wp\/v2\/pages\/375\/revisions"}],"predecessor-version":[{"id":1365,"href":"https:\/\/sites.usp.br\/labartemidia\/wp-json\/wp\/v2\/pages\/375\/revisions\/1365"}],"up":[{"embeddable":true,"href":"https:\/\/sites.usp.br\/labartemidia\/wp-json\/wp\/v2\/pages\/114"}],"wp:featuredmedia":[{"embeddable":true,"href":"https:\/\/sites.usp.br\/labartemidia\/wp-json\/wp\/v2\/media\/376"}],"wp:attachment":[{"href":"https:\/\/sites.usp.br\/labartemidia\/wp-json\/wp\/v2\/media?parent=375"}],"curies":[{"name":"wp","href":"https:\/\/api.w.org\/{rel}","templated":true}]}}