{"id":3801,"date":"2024-01-18T10:15:18","date_gmt":"2024-01-18T13:15:18","guid":{"rendered":"https:\/\/sites.usp.br\/labartemidia\/?page_id=3801"},"modified":"2024-01-18T10:24:38","modified_gmt":"2024-01-18T13:24:38","slug":"obted-english","status":"publish","type":"page","link":"https:\/\/sites.usp.br\/labartemidia\/en\/obted-english\/","title":{"rendered":"OBTED &#8211; English"},"content":{"rendered":"\t\t<div data-elementor-type=\"wp-post\" data-elementor-id=\"3801\" class=\"elementor elementor-3801\" data-elementor-post-type=\"page\">\n\t\t\t\t\t\t<section class=\"elementor-section elementor-top-section elementor-element elementor-element-d9fab28 elementor-section-boxed elementor-section-height-default elementor-section-height-default\" data-id=\"d9fab28\" data-element_type=\"section\">\n\t\t\t\t\t\t<div class=\"elementor-container elementor-column-gap-default\">\n\t\t\t\t\t<div class=\"elementor-column elementor-col-100 elementor-top-column elementor-element elementor-element-8a1eb2c\" data-id=\"8a1eb2c\" data-element_type=\"column\">\n\t\t\t<div class=\"elementor-widget-wrap elementor-element-populated\">\n\t\t\t\t\t\t<div class=\"elementor-element elementor-element-20c173a elementor-widget elementor-widget-image\" data-id=\"20c173a\" data-element_type=\"widget\" data-widget_type=\"image.default\">\n\t\t\t\t<div class=\"elementor-widget-container\">\n\t\t\t\t\t\t\t\t\t\t\t\t\t<img fetchpriority=\"high\" decoding=\"async\" width=\"640\" height=\"271\" src=\"https:\/\/sites.usp.br\/labartemidia\/wp-content\/uploads\/sites\/472\/2019\/06\/obted-pdf-1-aberto-e1560631344171-1024x433.png\" class=\"attachment-large size-large wp-image-804\" alt=\"\" srcset=\"https:\/\/sites.usp.br\/labartemidia\/wp-content\/uploads\/sites\/472\/2019\/06\/obted-pdf-1-aberto-e1560631344171-1024x433.png 1024w, https:\/\/sites.usp.br\/labartemidia\/wp-content\/uploads\/sites\/472\/2019\/06\/obted-pdf-1-aberto-e1560631344171-300x127.png 300w, https:\/\/sites.usp.br\/labartemidia\/wp-content\/uploads\/sites\/472\/2019\/06\/obted-pdf-1-aberto-e1560631344171-768x324.png 768w, https:\/\/sites.usp.br\/labartemidia\/wp-content\/uploads\/sites\/472\/2019\/06\/obted-pdf-1-aberto-e1560631344171-400x169.png 400w\" sizes=\"(max-width: 640px) 100vw, 640px\" \/>\t\t\t\t\t\t\t\t\t\t\t\t\t<\/div>\n\t\t\t\t<\/div>\n\t\t\t\t<section class=\"elementor-section elementor-inner-section elementor-element elementor-element-72c4624 elementor-section-boxed elementor-section-height-default elementor-section-height-default\" data-id=\"72c4624\" data-element_type=\"section\">\n\t\t\t\t\t\t<div class=\"elementor-container elementor-column-gap-default\">\n\t\t\t\t\t<div class=\"elementor-column elementor-col-50 elementor-inner-column elementor-element elementor-element-f97da1f\" data-id=\"f97da1f\" data-element_type=\"column\">\n\t\t\t<div class=\"elementor-widget-wrap elementor-element-populated\">\n\t\t\t\t\t\t<div class=\"elementor-element elementor-element-a32ad0a elementor-widget elementor-widget-text-editor\" data-id=\"a32ad0a\" data-element_type=\"widget\" data-widget_type=\"text-editor.default\">\n\t\t\t\t<div class=\"elementor-widget-container\">\n\t\t\t\t\t\t\t<p><span style=\"color: #000000;\"><strong>Brazilian Observatory of Digital Television and Technological Convergence (OBTED)<\/strong><\/span><\/p><p><span style=\"color: #000000;\">The Brazilian Observatory of Digital Television and Technological Convergence (OBTED) is a project of the Laboratory of Arts, Media and Digital Technologies (LabArteM\u00eddia ECA-USP). OBTED is dedicated to monitoring the migration scenario from analog to digital TV and the Brazilian switch off, which should be completed in 2023. At the same time, the observatory is also dedicated to the theoretical research of television in the era of mass digital production, with a focus on identifying technological improvements, new possibilities for content enjoyment and the social implications brought by the digital system to this vehicle of communication, which is still the most prevalent in homes and the most watched by Brazilian families.<\/span><\/p><p><span style=\"color: #000000;\">The observatory is not restricted to just looking critically at digital TV or the processes that permeate it, but is born with a collaborative nature, to also propose solutions, experiment with technologies and build knowledge together. That&#8217;s why our research and actions are carried out in conjunction with universities, governments, audiovisual equipment manufacturers, broadcasters and on-demand content and telecommunications companies.<\/span><\/p><p><span style=\"color: #000000;\"><strong>Research<\/strong><\/span><\/p><p><span style=\"color: #000000;\">Obted currently carries out research along four different lines: Digital TV, Television and Content, Social, Community and Educational Television and Television, Reception and Business. The areas cover the implementation process, technologies and contents of Digital TV, the social, community and educational possibilities of TV, especially community experiences, and the forms of consumption and fruition linked to the television device and business.<\/span><\/p><p><span style=\"color: #000000;\"><strong>Technical and Scientific Staff<\/strong><\/span><\/p><p><span style=\"color: #000000;\">Obted is coordinated by Almir Almas (CTR-USP) and Deisy Fernanda Feitosa (Senac and FFLCH-USP) and includes associate researchers Alexandre Shirmer Kieling (UCB), Eduardo Acquarone (Globo and ISCTE-IUL), Fernanda Castilho (CEETEPS\/FATEC), Fernando Carlos Moura (SET and Language Center), Francisco Machado Filho (Unesp) and Jos\u00e9 Salustiano Fagundes de Souza (USP HXD), Leire Mara Bevilaqua (TV Unesp), M\u00f4nica Pinheiro (InForma\u00e7\u00e3o) and Rosane Baptista (InForma\u00e7\u00e3o).<\/span><\/p>\t\t\t\t\t\t<\/div>\n\t\t\t\t<\/div>\n\t\t\t\t\t<\/div>\n\t\t<\/div>\n\t\t\t\t<div class=\"elementor-column elementor-col-50 elementor-inner-column elementor-element elementor-element-9a4bd3b\" data-id=\"9a4bd3b\" data-element_type=\"column\">\n\t\t\t<div class=\"elementor-widget-wrap elementor-element-populated\">\n\t\t\t\t\t\t<div class=\"elementor-element elementor-element-6762e3a elementor-widget elementor-widget-text-editor\" data-id=\"6762e3a\" data-element_type=\"widget\" data-widget_type=\"text-editor.default\">\n\t\t\t\t<div class=\"elementor-widget-container\">\n\t\t\t\t\t\t\t<p><span style=\"color: #000000;\"><strong>Museum of the Oral Memory of Television<\/strong><\/span><\/p><p><iframe title=\"Mem\u00f3ria e Oralidades sobre a TV - S\u00e3o Miguel Paulista (SP)\" width=\"640\" height=\"360\" src=\"https:\/\/www.youtube.com\/embed\/wVjMP1p84HY?feature=oembed\" frameborder=\"0\" allow=\"accelerometer; autoplay; clipboard-write; encrypted-media; gyroscope; picture-in-picture; web-share\" referrerpolicy=\"strict-origin-when-cross-origin\" allowfullscreen><\/iframe><\/p><p><span style=\"color: #000000;\">Obted is currently developing the online platform Museu da Mem\u00f3ria Oral da Televis\u00e3o (Museum of the Oral Memory of Television) as part of researcher Deisy Fernanda Feitosa&#8217;s post-doctoral research. The Museum gathers testimonies from viewers and deals with their relationship with this media.<\/span><\/p><p><span style=\"color: #000000;\">The Museum gathers testimonies from viewers about their relationship with TV, who also talk about the influence it has on their daily lives, considering its positive and negative aspects. The testimonies are memories of encounters between the viewer&#8217;s life and what TV portrays on screen. With the project, we aim to build a collaborative environment that also functions as a repository of academic and audiovisual documents on the history of television.<\/span><\/p><p style=\"text-align: justify;\">\u00a0<\/p>\t\t\t\t\t\t<\/div>\n\t\t\t\t<\/div>\n\t\t\t\t\t<\/div>\n\t\t<\/div>\n\t\t\t\t\t<\/div>\n\t\t<\/section>\n\t\t\t\t\t<\/div>\n\t\t<\/div>\n\t\t\t\t\t<\/div>\n\t\t<\/section>\n\t\t\t\t<\/div>\n\t\t","protected":false},"excerpt":{"rendered":"<p>Brazilian Observatory of Digital Television and Technological Convergence (OBTED) The Brazilian Observatory of Digital Television and Technological Convergence (OBTED) is a project of the Laboratory of Arts, Media and Digital Technologies (LabArteM\u00eddia ECA-USP). OBTED is dedicated to monitoring the migration scenario from analog to digital TV and the Brazilian switch off, which should be completed<a href=\"https:\/\/sites.usp.br\/labartemidia\/en\/obted-english\/\">[&#8230;]<\/a><\/p>\n","protected":false},"author":22519,"featured_media":0,"parent":0,"menu_order":2,"comment_status":"closed","ping_status":"closed","template":"","meta":{"_monsterinsights_skip_tracking":false,"_monsterinsights_sitenote_active":false,"_monsterinsights_sitenote_note":"","_monsterinsights_sitenote_category":0,"footnotes":"","_links_to":"","_links_to_target":""},"class_list":["post-3801","page","type-page","status-publish","hentry"],"_links":{"self":[{"href":"https:\/\/sites.usp.br\/labartemidia\/wp-json\/wp\/v2\/pages\/3801","targetHints":{"allow":["GET"]}}],"collection":[{"href":"https:\/\/sites.usp.br\/labartemidia\/wp-json\/wp\/v2\/pages"}],"about":[{"href":"https:\/\/sites.usp.br\/labartemidia\/wp-json\/wp\/v2\/types\/page"}],"author":[{"embeddable":true,"href":"https:\/\/sites.usp.br\/labartemidia\/wp-json\/wp\/v2\/users\/22519"}],"replies":[{"embeddable":true,"href":"https:\/\/sites.usp.br\/labartemidia\/wp-json\/wp\/v2\/comments?post=3801"}],"version-history":[{"count":4,"href":"https:\/\/sites.usp.br\/labartemidia\/wp-json\/wp\/v2\/pages\/3801\/revisions"}],"predecessor-version":[{"id":3812,"href":"https:\/\/sites.usp.br\/labartemidia\/wp-json\/wp\/v2\/pages\/3801\/revisions\/3812"}],"wp:attachment":[{"href":"https:\/\/sites.usp.br\/labartemidia\/wp-json\/wp\/v2\/media?parent=3801"}],"curies":[{"name":"wp","href":"https:\/\/api.w.org\/{rel}","templated":true}]}}