{"id":381,"date":"2019-06-10T17:29:04","date_gmt":"2019-06-10T20:29:04","guid":{"rendered":"http:\/\/sites.usp.br\/labartemidia\/?page_id=381"},"modified":"2020-07-20T12:09:11","modified_gmt":"2020-07-20T15:09:11","slug":"fernando-lama","status":"publish","type":"page","link":"https:\/\/sites.usp.br\/labartemidia\/equipe\/fernando-lama\/","title":{"rendered":"Fernando Lamanna"},"content":{"rendered":"\t\t<div data-elementor-type=\"wp-page\" data-elementor-id=\"381\" class=\"elementor elementor-381\" data-elementor-post-type=\"page\">\n\t\t\t\t\t\t<section class=\"elementor-section elementor-top-section elementor-element elementor-element-578c2c2f elementor-section-boxed elementor-section-height-default elementor-section-height-default\" data-id=\"578c2c2f\" data-element_type=\"section\">\n\t\t\t\t\t\t<div class=\"elementor-container elementor-column-gap-default\">\n\t\t\t\t\t<div class=\"elementor-column elementor-col-100 elementor-top-column elementor-element elementor-element-7d63126\" data-id=\"7d63126\" data-element_type=\"column\">\n\t\t\t<div class=\"elementor-widget-wrap elementor-element-populated\">\n\t\t\t\t\t\t<div class=\"elementor-element elementor-element-d5310a6 elementor-widget elementor-widget-heading\" data-id=\"d5310a6\" data-element_type=\"widget\" data-widget_type=\"heading.default\">\n\t\t\t\t<div class=\"elementor-widget-container\">\n\t\t\t<h2 class=\"elementor-heading-title elementor-size-default\">Fernando Lammana<\/h2>\t\t<\/div>\n\t\t\t\t<\/div>\n\t\t\t\t<div class=\"elementor-element elementor-element-2779285c elementor-widget elementor-widget-text-editor\" data-id=\"2779285c\" data-element_type=\"widget\" data-widget_type=\"text-editor.default\">\n\t\t\t\t<div class=\"elementor-widget-container\">\n\t\t\t\t\t\t\t<div id=\"pl-381\" class=\"panel-layout\"><div id=\"pg-381-0\" class=\"panel-grid panel-no-style\"><div id=\"pgc-381-0-0\" class=\"panel-grid-cell\" data-weight=\"1\"><div id=\"panel-381-0-0-0\" class=\"so-panel widget widget_custom_html panel-first-child\" data-index=\"0\" data-style=\"{\"><div id=\"\\&quot;panel-381-0-0-0\\&quot;\" class=\"\\&quot;so-panel\" data-index=\"\\&quot;0\\&quot;\" data-style=\"\\&quot;{&quot;background_image_attachment&quot;:false,&quot;background_display&quot;:&quot;tile&quot;}\\&quot;\"><h3 class=\"\\&quot;widget-title\\&quot;\"><a href=\"http:\/\/www.kinomakia.com.br\"><img decoding=\"async\" class=\"alignnone size-full wp-image-1063\" src=\"https:\/\/sites.usp.br\/labartemidia\/wp-content\/uploads\/sites\/472\/2019\/06\/portfolio.png\" alt=\"\" width=\"40\" height=\"40\" data-id=\"1063\" \/><\/a><\/h3><\/div><div id=\"panel-381-0-0-1\" class=\"so-panel widget widget_text panel-last-child\" data-index=\"1\" data-style=\"{\"><div class=\"textwidget\"><p>Graduado em Artes Pl\u00e1sticas pela Universidade Estadual de Campinas (1996), com Inicia\u00e7\u00e3o Cient\u00edfica em CGI, em conjunto com a Faculdade de Engenharia El\u00e9trica. Participou da realiza\u00e7\u00e3o de curtas-metragens e video-instala\u00e7\u00f5es (pel\u00edcula, digital, anima\u00e7\u00e3o 2D e 3D), exibidos em diversos festivais e eventos. Atua como profissional audiovisual aut\u00f4nomo, com foco em edi\u00e7\u00e3o e anima\u00e7\u00e3o 3D. Tem larga atua\u00e7\u00e3o junto a construtoras, produzindo maquetes eletr\u00f4nicas animadas, para simula\u00e7\u00e3o de metodologias construtivas. Desde 2006, leciona edi\u00e7\u00e3o, efeitos especiais, anima\u00e7\u00e3o 2D e 3D, passando pela PUC-SP, UFSCAR, SENAC-Campinas e ESAMC-Campinas.<\/p><p><span data-sheets-value=\"{\" data-sheets-userformat=\"{\">Pesquisa m\u00e9todos de composi\u00e7\u00e3o digital envolvendo espacializa\u00e7\u00e3o.<\/span><\/p><p><span data-sheets-value=\"{\" data-sheets-userformat=\"{\">audiovisual, composi\u00e7\u00e3o digital, modelagem e anima\u00e7\u00e3o 3D<\/span><\/p><p><a href=\"mailto:fer.lamanna@gmail.com\"><span data-sheets-value=\"{&quot;1&quot;:2,&quot;2&quot;:&quot;fer.lamanna@gmail.com&quot;}\" data-sheets-userformat=\"{&quot;2&quot;:15233,&quot;3&quot;:{&quot;1&quot;:0},&quot;10&quot;:0,&quot;11&quot;:4,&quot;12&quot;:0,&quot;14&quot;:[null,2,0],&quot;15&quot;:&quot;Calibri&quot;,&quot;16&quot;:11}\">fer.lamanna@gmail.com<\/span><\/a><\/p><\/div><\/div><\/div><\/div><\/div><\/div>\t\t\t\t\t\t<\/div>\n\t\t\t\t<\/div>\n\t\t\t\t\t<\/div>\n\t\t<\/div>\n\t\t\t\t\t<\/div>\n\t\t<\/section>\n\t\t\t\t<\/div>\n\t\t","protected":false},"excerpt":{"rendered":"<p>Fernando Lammana Graduado em Artes Pl\u00e1sticas pela Universidade Estadual de Campinas (1996), com Inicia\u00e7\u00e3o Cient\u00edfica em CGI, em conjunto com a Faculdade de Engenharia El\u00e9trica. Participou da realiza\u00e7\u00e3o de curtas-metragens e video-instala\u00e7\u00f5es (pel\u00edcula, digital, anima\u00e7\u00e3o 2D e 3D), exibidos em diversos festivais e eventos. Atua como profissional audiovisual aut\u00f4nomo, com foco em edi\u00e7\u00e3o e anima\u00e7\u00e3o<a href=\"https:\/\/sites.usp.br\/labartemidia\/equipe\/fernando-lama\/\">[&#8230;]<\/a><\/p>\n","protected":false},"author":856,"featured_media":382,"parent":114,"menu_order":13,"comment_status":"closed","ping_status":"closed","template":"","meta":{"_monsterinsights_skip_tracking":false,"_monsterinsights_sitenote_active":false,"_monsterinsights_sitenote_note":"","_monsterinsights_sitenote_category":0,"footnotes":"","_links_to":"","_links_to_target":""},"class_list":["post-381","page","type-page","status-publish","has-post-thumbnail","hentry"],"_links":{"self":[{"href":"https:\/\/sites.usp.br\/labartemidia\/wp-json\/wp\/v2\/pages\/381","targetHints":{"allow":["GET"]}}],"collection":[{"href":"https:\/\/sites.usp.br\/labartemidia\/wp-json\/wp\/v2\/pages"}],"about":[{"href":"https:\/\/sites.usp.br\/labartemidia\/wp-json\/wp\/v2\/types\/page"}],"author":[{"embeddable":true,"href":"https:\/\/sites.usp.br\/labartemidia\/wp-json\/wp\/v2\/users\/856"}],"replies":[{"embeddable":true,"href":"https:\/\/sites.usp.br\/labartemidia\/wp-json\/wp\/v2\/comments?post=381"}],"version-history":[{"count":5,"href":"https:\/\/sites.usp.br\/labartemidia\/wp-json\/wp\/v2\/pages\/381\/revisions"}],"predecessor-version":[{"id":1367,"href":"https:\/\/sites.usp.br\/labartemidia\/wp-json\/wp\/v2\/pages\/381\/revisions\/1367"}],"up":[{"embeddable":true,"href":"https:\/\/sites.usp.br\/labartemidia\/wp-json\/wp\/v2\/pages\/114"}],"wp:featuredmedia":[{"embeddable":true,"href":"https:\/\/sites.usp.br\/labartemidia\/wp-json\/wp\/v2\/media\/382"}],"wp:attachment":[{"href":"https:\/\/sites.usp.br\/labartemidia\/wp-json\/wp\/v2\/media?parent=381"}],"curies":[{"name":"wp","href":"https:\/\/api.w.org\/{rel}","templated":true}]}}