{"id":384,"date":"2019-06-10T17:30:30","date_gmt":"2019-06-10T20:30:30","guid":{"rendered":"http:\/\/sites.usp.br\/labartemidia\/?page_id=384"},"modified":"2022-03-21T14:25:17","modified_gmt":"2022-03-21T17:25:17","slug":"jair-molina","status":"publish","type":"page","link":"https:\/\/sites.usp.br\/labartemidia\/equipe\/jair-molina\/","title":{"rendered":"Jair Sanches Molina Jr."},"content":{"rendered":"\t\t<div data-elementor-type=\"wp-page\" data-elementor-id=\"384\" class=\"elementor elementor-384\" data-elementor-post-type=\"page\">\n\t\t\t\t\t\t<section class=\"elementor-section elementor-top-section elementor-element elementor-element-722c6bcb elementor-section-boxed elementor-section-height-default elementor-section-height-default\" data-id=\"722c6bcb\" data-element_type=\"section\">\n\t\t\t\t\t\t<div class=\"elementor-container elementor-column-gap-default\">\n\t\t\t\t\t<div class=\"elementor-column elementor-col-100 elementor-top-column elementor-element elementor-element-116126ee\" data-id=\"116126ee\" data-element_type=\"column\">\n\t\t\t<div class=\"elementor-widget-wrap elementor-element-populated\">\n\t\t\t\t\t\t<div class=\"elementor-element elementor-element-afc02b2 elementor-widget elementor-widget-heading\" data-id=\"afc02b2\" data-element_type=\"widget\" data-widget_type=\"heading.default\">\n\t\t\t\t<div class=\"elementor-widget-container\">\n\t\t\t<h2 class=\"elementor-heading-title elementor-size-default\">Jair Sanches Molina Jr.<\/h2>\t\t<\/div>\n\t\t\t\t<\/div>\n\t\t\t\t<div class=\"elementor-element elementor-element-1f02c749 elementor-widget elementor-widget-text-editor\" data-id=\"1f02c749\" data-element_type=\"widget\" data-widget_type=\"text-editor.default\">\n\t\t\t\t<div class=\"elementor-widget-container\">\n\t\t\t\t\t\t\t<div id=\"pl-384\" class=\"panel-layout\"><div id=\"pg-384-0\" class=\"panel-grid panel-no-style\"><div id=\"pgc-384-0-0\" class=\"panel-grid-cell\" data-weight=\"1\"><div id=\"panel-384-0-0-1\" class=\"so-panel widget widget_text panel-last-child\" data-index=\"1\" data-style=\"{\"><div class=\"textwidget\"><p><a href=\"http:\/\/lattes.cnpq.br\/1355079644234076\"><img decoding=\"async\" class=\"alignnone size-full wp-image-1062\" src=\"https:\/\/sites.usp.br\/labartemidia\/wp-content\/uploads\/sites\/472\/2019\/06\/lattes.png\" alt=\"\" width=\"41\" height=\"41\" data-id=\"1062\" \/><\/a><\/p><p><span data-sheets-value=\"{\" data-sheets-userformat=\"{\">Mestre em Meios e Processos Audiovisuais pela ECA-USP e graduado em Audiovisual pelo Senac-SP (2010). Pesquisador no LabArteMidia. Professor no curso de Cinema e Audiovisual pela Universidade do Sul de Santa Catarina. Codiretor da produtora Okra Filmes e do festival Cine-Cicletada.\u00a0<\/span><span data-sheets-value=\"{\" data-sheets-userformat=\"{\">Atualmente pesquisando rela\u00e7\u00f5es conexas entre antropofagia e remix na arte brasileira. Desenvolve projetos de cria\u00e7\u00e3o audiovisual e suas proximidades entre teatro, cinema, temporalidade e mobilidade.<\/span><\/p><p><span data-sheets-value=\"{\" data-sheets-userformat=\"{\">Interesse de pesquisa nas \u00e1reas de comunica\u00e7\u00e3o social, arte contempor\u00e2nea, temporalidade em audiovisual, cinema experimental, cinema expandido, cinema ao vivo e videomapeamento.<\/span><\/p><p><a href=\"mailto:jairsmj@gmail.com\">jairsmj@gmail.com<\/a><\/p><\/div><\/div><\/div><\/div><\/div>\t\t\t\t\t\t<\/div>\n\t\t\t\t<\/div>\n\t\t\t\t\t<\/div>\n\t\t<\/div>\n\t\t\t\t\t<\/div>\n\t\t<\/section>\n\t\t\t\t<\/div>\n\t\t","protected":false},"excerpt":{"rendered":"<p>Jair Sanches Molina Jr. Mestre em Meios e Processos Audiovisuais pela ECA-USP e graduado em Audiovisual pelo Senac-SP (2010). Pesquisador no LabArteMidia. Professor no curso de Cinema e Audiovisual pela Universidade do Sul de Santa Catarina. Codiretor da produtora Okra Filmes e do festival Cine-Cicletada.\u00a0Atualmente pesquisando rela\u00e7\u00f5es conexas entre antropofagia e remix na arte brasileira.<a href=\"https:\/\/sites.usp.br\/labartemidia\/equipe\/jair-molina\/\">[&#8230;]<\/a><\/p>\n","protected":false},"author":856,"featured_media":385,"parent":114,"menu_order":18,"comment_status":"closed","ping_status":"closed","template":"","meta":{"_monsterinsights_skip_tracking":false,"_monsterinsights_sitenote_active":false,"_monsterinsights_sitenote_note":"","_monsterinsights_sitenote_category":0,"footnotes":"","_links_to":"","_links_to_target":""},"class_list":["post-384","page","type-page","status-publish","has-post-thumbnail","hentry"],"_links":{"self":[{"href":"https:\/\/sites.usp.br\/labartemidia\/wp-json\/wp\/v2\/pages\/384","targetHints":{"allow":["GET"]}}],"collection":[{"href":"https:\/\/sites.usp.br\/labartemidia\/wp-json\/wp\/v2\/pages"}],"about":[{"href":"https:\/\/sites.usp.br\/labartemidia\/wp-json\/wp\/v2\/types\/page"}],"author":[{"embeddable":true,"href":"https:\/\/sites.usp.br\/labartemidia\/wp-json\/wp\/v2\/users\/856"}],"replies":[{"embeddable":true,"href":"https:\/\/sites.usp.br\/labartemidia\/wp-json\/wp\/v2\/comments?post=384"}],"version-history":[{"count":4,"href":"https:\/\/sites.usp.br\/labartemidia\/wp-json\/wp\/v2\/pages\/384\/revisions"}],"predecessor-version":[{"id":1386,"href":"https:\/\/sites.usp.br\/labartemidia\/wp-json\/wp\/v2\/pages\/384\/revisions\/1386"}],"up":[{"embeddable":true,"href":"https:\/\/sites.usp.br\/labartemidia\/wp-json\/wp\/v2\/pages\/114"}],"wp:featuredmedia":[{"embeddable":true,"href":"https:\/\/sites.usp.br\/labartemidia\/wp-json\/wp\/v2\/media\/385"}],"wp:attachment":[{"href":"https:\/\/sites.usp.br\/labartemidia\/wp-json\/wp\/v2\/media?parent=384"}],"curies":[{"name":"wp","href":"https:\/\/api.w.org\/{rel}","templated":true}]}}