{"id":387,"date":"2019-06-10T17:31:11","date_gmt":"2019-06-10T20:31:11","guid":{"rendered":"http:\/\/sites.usp.br\/labartemidia\/?page_id=387"},"modified":"2020-03-05T10:23:51","modified_gmt":"2020-03-05T13:23:51","slug":"paulo-costa","status":"publish","type":"page","link":"https:\/\/sites.usp.br\/labartemidia\/equipe\/paulo-costa\/","title":{"rendered":"Paulo Ant\u00f4nio Carvalho Costa"},"content":{"rendered":"\t\t<div data-elementor-type=\"wp-page\" data-elementor-id=\"387\" class=\"elementor elementor-387\" data-elementor-post-type=\"page\">\n\t\t\t\t\t\t<section class=\"elementor-section elementor-top-section elementor-element elementor-element-7914b80 elementor-section-boxed elementor-section-height-default elementor-section-height-default\" data-id=\"7914b80\" data-element_type=\"section\">\n\t\t\t\t\t\t<div class=\"elementor-container elementor-column-gap-default\">\n\t\t\t\t\t<div class=\"elementor-column elementor-col-100 elementor-top-column elementor-element elementor-element-41e4b0e8\" data-id=\"41e4b0e8\" data-element_type=\"column\">\n\t\t\t<div class=\"elementor-widget-wrap elementor-element-populated\">\n\t\t\t\t\t\t<div class=\"elementor-element elementor-element-268d0b0 elementor-widget elementor-widget-heading\" data-id=\"268d0b0\" data-element_type=\"widget\" data-widget_type=\"heading.default\">\n\t\t\t\t<div class=\"elementor-widget-container\">\n\t\t\t<h2 class=\"elementor-heading-title elementor-size-default\">Paulo Ant\u00f4nio Carvalho Costa<\/h2>\t\t<\/div>\n\t\t\t\t<\/div>\n\t\t\t\t<div class=\"elementor-element elementor-element-673f4293 elementor-widget elementor-widget-text-editor\" data-id=\"673f4293\" data-element_type=\"widget\" data-widget_type=\"text-editor.default\">\n\t\t\t\t<div class=\"elementor-widget-container\">\n\t\t\t\t\t\t\t<div><div><div data-weight=\"1\"><div data-index=\"0\" data-style=\"{\"><div data-index=\"\\&quot;0\\&quot;\" data-style=\"\\&quot;{&quot;background_image_attachment&quot;:false,&quot;background_display&quot;:&quot;tile&quot;}\\&quot;\"><h3><a href=\"http:\/\/lattes.cnpq.br\/0437191899009356\"><img decoding=\"async\" src=\"https:\/\/sites.usp.br\/labartemidia\/wp-content\/uploads\/sites\/472\/2019\/06\/lattes.png\" alt=\"\" width=\"41\" height=\"41\" data-id=\"1062\" \/><\/a><\/h3><\/div><div data-index=\"1\" data-style=\"{\"><div><p>Graduado em Artes Pl\u00e1sticas pela Universidade Estadual de Campinas (1997) , Mestre em Artes pela Universidade de S\u00e3o Paulo (2004) e Doutorando em Meios e Processos Audiovisuais (ECA-USP) . Desde 2002, atua como educador nas \u00e0reas de Arte e tecnologia, Programa\u00e7\u00e3o Criativa, Design de Jogos e Digital (Univ. S\u00e3o Judas, Anhembi Morumbi, FAPCOM, Belas Artes e Unimetrocamp). No campo da artem\u00eddia, tem parcipado de diversas mostras como SESC Artes, FILE (Festival Internacional de Linguagem Eletr\u00f4nica) e Consci\u00eancia Cibern\u00e9tica[?] \u2013 Itau Cultural\/2017.<\/p><p><span data-sheets-value=\"{\" data-sheets-userformat=\"{\">Realiza pesquisa de doutorado sobre os processos de cria\u00e7\u00e3o e a po\u00e9tica da visualiza\u00e7\u00e3o nos meios da Realidade Expandida.<\/span><\/p><p><span data-sheets-value=\"{\" data-sheets-userformat=\"{\">Audiovisual, design, programa\u00e7\u00e3o, interatividade, realidades mistas e arqueologia das m\u00eddias<\/span><\/p><p><a href=\"mailto:navax0@gmail.com\"><span data-sheets-value=\"{\" data-sheets-userformat=\"{\">navax0@gmail.com<\/span><\/a><\/p><\/div><\/div><\/div><\/div><\/div><\/div>\t\t\t\t\t\t<\/div>\n\t\t\t\t<\/div>\n\t\t\t\t\t<\/div>\n\t\t<\/div>\n\t\t\t\t\t<\/div>\n\t\t<\/section>\n\t\t\t\t<\/div>\n\t\t","protected":false},"excerpt":{"rendered":"<p>Paulo Ant\u00f4nio Carvalho Costa Graduado em Artes Pl\u00e1sticas pela Universidade Estadual de Campinas (1997) , Mestre em Artes pela Universidade de S\u00e3o Paulo (2004) e Doutorando em Meios e Processos Audiovisuais (ECA-USP) . Desde 2002, atua como educador nas \u00e0reas de Arte e tecnologia, Programa\u00e7\u00e3o Criativa, Design de Jogos e Digital (Univ. S\u00e3o Judas, Anhembi<a href=\"https:\/\/sites.usp.br\/labartemidia\/equipe\/paulo-costa\/\">[&#8230;]<\/a><\/p>\n","protected":false},"author":856,"featured_media":388,"parent":114,"menu_order":26,"comment_status":"closed","ping_status":"closed","template":"","meta":{"_monsterinsights_skip_tracking":false,"_monsterinsights_sitenote_active":false,"_monsterinsights_sitenote_note":"","_monsterinsights_sitenote_category":0,"footnotes":"","_links_to":"","_links_to_target":""},"class_list":["post-387","page","type-page","status-publish","has-post-thumbnail","hentry"],"_links":{"self":[{"href":"https:\/\/sites.usp.br\/labartemidia\/wp-json\/wp\/v2\/pages\/387","targetHints":{"allow":["GET"]}}],"collection":[{"href":"https:\/\/sites.usp.br\/labartemidia\/wp-json\/wp\/v2\/pages"}],"about":[{"href":"https:\/\/sites.usp.br\/labartemidia\/wp-json\/wp\/v2\/types\/page"}],"author":[{"embeddable":true,"href":"https:\/\/sites.usp.br\/labartemidia\/wp-json\/wp\/v2\/users\/856"}],"replies":[{"embeddable":true,"href":"https:\/\/sites.usp.br\/labartemidia\/wp-json\/wp\/v2\/comments?post=387"}],"version-history":[{"count":4,"href":"https:\/\/sites.usp.br\/labartemidia\/wp-json\/wp\/v2\/pages\/387\/revisions"}],"predecessor-version":[{"id":1425,"href":"https:\/\/sites.usp.br\/labartemidia\/wp-json\/wp\/v2\/pages\/387\/revisions\/1425"}],"up":[{"embeddable":true,"href":"https:\/\/sites.usp.br\/labartemidia\/wp-json\/wp\/v2\/pages\/114"}],"wp:featuredmedia":[{"embeddable":true,"href":"https:\/\/sites.usp.br\/labartemidia\/wp-json\/wp\/v2\/media\/388"}],"wp:attachment":[{"href":"https:\/\/sites.usp.br\/labartemidia\/wp-json\/wp\/v2\/media?parent=387"}],"curies":[{"name":"wp","href":"https:\/\/api.w.org\/{rel}","templated":true}]}}