{"id":390,"date":"2019-06-10T17:31:52","date_gmt":"2019-06-10T20:31:52","guid":{"rendered":"http:\/\/sites.usp.br\/labartemidia\/?page_id=390"},"modified":"2022-03-21T14:06:47","modified_gmt":"2022-03-21T17:06:47","slug":"rod-steel","status":"publish","type":"page","link":"https:\/\/sites.usp.br\/labartemidia\/equipe\/rod-steel\/","title":{"rendered":"Roderick Peter Steel"},"content":{"rendered":"\t\t<div data-elementor-type=\"wp-page\" data-elementor-id=\"390\" class=\"elementor elementor-390\" data-elementor-post-type=\"page\">\n\t\t\t\t\t\t<section class=\"elementor-section elementor-top-section elementor-element elementor-element-1ea21ba5 elementor-section-boxed elementor-section-height-default elementor-section-height-default\" data-id=\"1ea21ba5\" data-element_type=\"section\">\n\t\t\t\t\t\t<div class=\"elementor-container elementor-column-gap-default\">\n\t\t\t\t\t<div class=\"elementor-column elementor-col-100 elementor-top-column elementor-element elementor-element-42bbeccb\" data-id=\"42bbeccb\" data-element_type=\"column\">\n\t\t\t<div class=\"elementor-widget-wrap elementor-element-populated\">\n\t\t\t\t\t\t<div class=\"elementor-element elementor-element-d7d7a5c elementor-widget elementor-widget-heading\" data-id=\"d7d7a5c\" data-element_type=\"widget\" data-widget_type=\"heading.default\">\n\t\t\t\t<div class=\"elementor-widget-container\">\n\t\t\t<h2 class=\"elementor-heading-title elementor-size-default\">Roderick Peter Steel<\/h2>\t\t<\/div>\n\t\t\t\t<\/div>\n\t\t\t\t<div class=\"elementor-element elementor-element-25640297 elementor-widget elementor-widget-text-editor\" data-id=\"25640297\" data-element_type=\"widget\" data-widget_type=\"text-editor.default\">\n\t\t\t\t<div class=\"elementor-widget-container\">\n\t\t\t\t\t\t\t<div id=\"pl-390\" class=\"panel-layout\"><div id=\"pg-390-0\" class=\"panel-grid panel-no-style\"><div id=\"pgc-390-0-0\" class=\"panel-grid-cell\" data-weight=\"1\"><div id=\"panel-390-0-0-0\" class=\"so-panel widget widget_custom_html panel-first-child\" data-index=\"0\" data-style=\"{\"><div id=\"\\\" class=\"\\\" data-index=\"\\\" data-style=\"\\\"><h3 class=\"\\\"><a href=\"http:\/\/rodericksteel.wix.com\/steel\"><img decoding=\"async\" class=\"alignnone size-full wp-image-1063\" src=\"https:\/\/sites.usp.br\/labartemidia\/wp-content\/uploads\/sites\/472\/2019\/06\/portfolio.png\" alt=\"\" width=\"40\" height=\"40\" data-id=\"1063\" \/><\/a><\/h3><\/div><div id=\"panel-390-0-0-1\" class=\"so-panel widget widget_text panel-last-child\" data-index=\"1\" data-style=\"{\"><div class=\"textwidget\"><p><span data-sheets-value=\"{\" data-sheets-userformat=\"{\">Artista Visual, fot\u00f3grafo, pesquisador e documentarista, formou-se em cinema nos EUA, e trabalhou com document\u00e1rios nos EUA e Inglaterra. Atualmente \u00e9 doutorando em Po\u00e9tica e T\u00e9cnicas na ECA\/USP, em Meios e Processos Audiovisuais. Sua obra parte da necessidade de criar novos emaranhamentos entre objetos e imagens, para entrela\u00e7ar sistemas temporais e espaciais diferentes para propor e revelar intera\u00e7\u00f5es cr\u00edticas entre a performance, rito, imagem, tempo e espa\u00e7o. Participa regularmente de festivais etnogr\u00e1ficos, de cinema e arte contempor\u00e2nea. Filmou uma s\u00e9rie de longas metragens documentais sobre as religi\u00f5es afro-brasileiras, e ultimamente cria dispositivos experimentais que ligam a performance do corpo e a performance audiovisual.<\/span><\/p><p><span data-sheets-value=\"{\" data-sheets-userformat=\"{\">Pesquisa a possibilidade de atualizar projetos antigos executados no aftereffects para ambientes imersivos.<\/span><\/p><p><span data-sheets-value=\"{\" data-sheets-userformat=\"{\">v\u00eddeo-instala\u00e7\u00e3o, multim\u00eddia, cinema expandido, dire\u00e7\u00e3o de arte, cenografia, performance, dispositivo art\u00edstico experimental<\/span><\/p><p><a href=\"mailto:rodericksteel@gmail.com\"><span data-sheets-value=\"{&quot;1&quot;:2,&quot;2&quot;:&quot;rodericksteel@gmail.com&quot;}\" data-sheets-userformat=\"{&quot;2&quot;:15233,&quot;3&quot;:{&quot;1&quot;:0},&quot;10&quot;:0,&quot;11&quot;:4,&quot;12&quot;:0,&quot;14&quot;:[null,2,0],&quot;15&quot;:&quot;Calibri&quot;,&quot;16&quot;:11}\">rodericksteel@gmail.com<\/span><\/a><\/p><\/div><\/div><\/div><\/div><\/div><\/div>\t\t\t\t\t\t<\/div>\n\t\t\t\t<\/div>\n\t\t\t\t\t<\/div>\n\t\t<\/div>\n\t\t\t\t\t<\/div>\n\t\t<\/section>\n\t\t\t\t<\/div>\n\t\t","protected":false},"excerpt":{"rendered":"<p>Roderick Peter Steel Artista Visual, fot\u00f3grafo, pesquisador e documentarista, formou-se em cinema nos EUA, e trabalhou com document\u00e1rios nos EUA e Inglaterra. Atualmente \u00e9 doutorando em Po\u00e9tica e T\u00e9cnicas na ECA\/USP, em Meios e Processos Audiovisuais. Sua obra parte da necessidade de criar novos emaranhamentos entre objetos e imagens, para entrela\u00e7ar sistemas temporais e espaciais<a href=\"https:\/\/sites.usp.br\/labartemidia\/equipe\/rod-steel\/\">[&#8230;]<\/a><\/p>\n","protected":false},"author":856,"featured_media":391,"parent":114,"menu_order":30,"comment_status":"closed","ping_status":"closed","template":"","meta":{"_monsterinsights_skip_tracking":false,"_monsterinsights_sitenote_active":false,"_monsterinsights_sitenote_note":"","_monsterinsights_sitenote_category":0,"footnotes":"","_links_to":"","_links_to_target":""},"class_list":["post-390","page","type-page","status-publish","has-post-thumbnail","hentry"],"_links":{"self":[{"href":"https:\/\/sites.usp.br\/labartemidia\/wp-json\/wp\/v2\/pages\/390","targetHints":{"allow":["GET"]}}],"collection":[{"href":"https:\/\/sites.usp.br\/labartemidia\/wp-json\/wp\/v2\/pages"}],"about":[{"href":"https:\/\/sites.usp.br\/labartemidia\/wp-json\/wp\/v2\/types\/page"}],"author":[{"embeddable":true,"href":"https:\/\/sites.usp.br\/labartemidia\/wp-json\/wp\/v2\/users\/856"}],"replies":[{"embeddable":true,"href":"https:\/\/sites.usp.br\/labartemidia\/wp-json\/wp\/v2\/comments?post=390"}],"version-history":[{"count":4,"href":"https:\/\/sites.usp.br\/labartemidia\/wp-json\/wp\/v2\/pages\/390\/revisions"}],"predecessor-version":[{"id":1644,"href":"https:\/\/sites.usp.br\/labartemidia\/wp-json\/wp\/v2\/pages\/390\/revisions\/1644"}],"up":[{"embeddable":true,"href":"https:\/\/sites.usp.br\/labartemidia\/wp-json\/wp\/v2\/pages\/114"}],"wp:featuredmedia":[{"embeddable":true,"href":"https:\/\/sites.usp.br\/labartemidia\/wp-json\/wp\/v2\/media\/391"}],"wp:attachment":[{"href":"https:\/\/sites.usp.br\/labartemidia\/wp-json\/wp\/v2\/media?parent=390"}],"curies":[{"name":"wp","href":"https:\/\/api.w.org\/{rel}","templated":true}]}}