{"id":3901,"date":"2024-01-29T16:54:08","date_gmt":"2024-01-29T19:54:08","guid":{"rendered":"https:\/\/sites.usp.br\/labartemidia\/?page_id=3901"},"modified":"2024-01-29T16:54:44","modified_gmt":"2024-01-29T19:54:44","slug":"projects","status":"publish","type":"page","link":"https:\/\/sites.usp.br\/labartemidia\/en\/projects\/","title":{"rendered":"Projects"},"content":{"rendered":"\t\t<div data-elementor-type=\"wp-post\" data-elementor-id=\"3901\" class=\"elementor elementor-3901\" data-elementor-post-type=\"page\">\n\t\t\t\t\t\t<section class=\"elementor-section elementor-top-section elementor-element elementor-element-3d09c7c8 elementor-section-boxed elementor-section-height-default elementor-section-height-default\" data-id=\"3d09c7c8\" data-element_type=\"section\">\n\t\t\t\t\t\t<div class=\"elementor-container elementor-column-gap-default\">\n\t\t\t\t\t<div class=\"elementor-column elementor-col-100 elementor-top-column elementor-element elementor-element-4f446396\" data-id=\"4f446396\" data-element_type=\"column\">\n\t\t\t<div class=\"elementor-widget-wrap elementor-element-populated\">\n\t\t\t\t\t\t<div class=\"elementor-element elementor-element-7f557f5 elementor-widget elementor-widget-heading\" data-id=\"7f557f5\" data-element_type=\"widget\" data-widget_type=\"heading.default\">\n\t\t\t\t<div class=\"elementor-widget-container\">\n\t\t\t<h2 class=\"elementor-heading-title elementor-size-default\">Projetos<\/h2>\t\t<\/div>\n\t\t\t\t<\/div>\n\t\t\t\t<div class=\"elementor-element elementor-element-0a3269b elementor-grid-3 elementor-grid-tablet-2 elementor-grid-mobile-1 elementor-posts--thumbnail-top elementor-widget elementor-widget-posts\" data-id=\"0a3269b\" data-element_type=\"widget\" data-settings=\"{&quot;classic_columns&quot;:&quot;3&quot;,&quot;classic_columns_tablet&quot;:&quot;2&quot;,&quot;classic_columns_mobile&quot;:&quot;1&quot;,&quot;classic_row_gap&quot;:{&quot;unit&quot;:&quot;px&quot;,&quot;size&quot;:35,&quot;sizes&quot;:[]},&quot;classic_row_gap_tablet&quot;:{&quot;unit&quot;:&quot;px&quot;,&quot;size&quot;:&quot;&quot;,&quot;sizes&quot;:[]},&quot;classic_row_gap_mobile&quot;:{&quot;unit&quot;:&quot;px&quot;,&quot;size&quot;:&quot;&quot;,&quot;sizes&quot;:[]}}\" data-widget_type=\"posts.classic\">\n\t\t\t\t<div class=\"elementor-widget-container\">\n\t\t\t\t\t<div class=\"elementor-posts-container elementor-posts elementor-posts--skin-classic elementor-grid\">\n\t\t\t\t<article class=\"elementor-post elementor-grid-item post-3893 post type-post status-publish format-standard has-post-thumbnail hentry category-projects\">\n\t\t\t\t<a class=\"elementor-post__thumbnail__link\" href=\"https:\/\/sites.usp.br\/labartemidia\/en\/carnival-4-0\/\" tabindex=\"-1\" >\n\t\t\t<div class=\"elementor-post__thumbnail\"><img fetchpriority=\"high\" decoding=\"async\" width=\"225\" height=\"300\" src=\"https:\/\/sites.usp.br\/labartemidia\/wp-content\/uploads\/sites\/472\/2020\/02\/WhatsApp-Image-2020-01-18-at-02.36.30-225x300.jpeg\" class=\"attachment-medium size-medium wp-image-1584\" alt=\"\" srcset=\"https:\/\/sites.usp.br\/labartemidia\/wp-content\/uploads\/sites\/472\/2020\/02\/WhatsApp-Image-2020-01-18-at-02.36.30-225x300.jpeg 225w, https:\/\/sites.usp.br\/labartemidia\/wp-content\/uploads\/sites\/472\/2020\/02\/WhatsApp-Image-2020-01-18-at-02.36.30-400x533.jpeg 400w, https:\/\/sites.usp.br\/labartemidia\/wp-content\/uploads\/sites\/472\/2020\/02\/WhatsApp-Image-2020-01-18-at-02.36.30.jpeg 768w\" sizes=\"(max-width: 225px) 100vw, 225px\" \/><\/div>\n\t\t<\/a>\n\t\t\t\t<div class=\"elementor-post__text\">\n\t\t\t\t<h3 class=\"elementor-post__title\">\n\t\t\t<a href=\"https:\/\/sites.usp.br\/labartemidia\/en\/carnival-4-0\/\" >\n\t\t\t\tCarnival 4.0\t\t\t<\/a>\n\t\t<\/h3>\n\t\t\t\t<div class=\"elementor-post__excerpt\">\n\t\t\t<p>LabArteM\u00eddia \u2014 the Laboratory of Art, Media and Digital Technologies, led by Prof. Dr. Almir Almas \u2014 was invited to take part in the &#8220;Carnival<\/p>\n\t\t<\/div>\n\t\t\t\t<\/div>\n\t\t\t\t<\/article>\n\t\t\t\t<article class=\"elementor-post elementor-grid-item post-3884 post type-post status-publish format-standard has-post-thumbnail hentry category-projects\">\n\t\t\t\t<a class=\"elementor-post__thumbnail__link\" href=\"https:\/\/sites.usp.br\/labartemidia\/en\/diasporaticas\/\" tabindex=\"-1\" >\n\t\t\t<div class=\"elementor-post__thumbnail\"><img decoding=\"async\" width=\"300\" height=\"300\" src=\"https:\/\/sites.usp.br\/labartemidia\/wp-content\/uploads\/sites\/472\/2019\/06\/diaspor\u00e1ticas-300x300.jpeg\" class=\"attachment-medium size-medium wp-image-1471\" alt=\"\" srcset=\"https:\/\/sites.usp.br\/labartemidia\/wp-content\/uploads\/sites\/472\/2019\/06\/diaspor\u00e1ticas-300x300.jpeg 300w, https:\/\/sites.usp.br\/labartemidia\/wp-content\/uploads\/sites\/472\/2019\/06\/diaspor\u00e1ticas-150x150.jpeg 150w, https:\/\/sites.usp.br\/labartemidia\/wp-content\/uploads\/sites\/472\/2019\/06\/diaspor\u00e1ticas-768x768.jpeg 768w, https:\/\/sites.usp.br\/labartemidia\/wp-content\/uploads\/sites\/472\/2019\/06\/diaspor\u00e1ticas-1024x1024.jpeg 1024w, https:\/\/sites.usp.br\/labartemidia\/wp-content\/uploads\/sites\/472\/2019\/06\/diaspor\u00e1ticas-250x250.jpeg 250w, https:\/\/sites.usp.br\/labartemidia\/wp-content\/uploads\/sites\/472\/2019\/06\/diaspor\u00e1ticas-174x174.jpeg 174w, https:\/\/sites.usp.br\/labartemidia\/wp-content\/uploads\/sites\/472\/2019\/06\/diaspor\u00e1ticas-45x45.jpeg 45w, https:\/\/sites.usp.br\/labartemidia\/wp-content\/uploads\/sites\/472\/2019\/06\/diaspor\u00e1ticas-200x200.jpeg 200w, https:\/\/sites.usp.br\/labartemidia\/wp-content\/uploads\/sites\/472\/2019\/06\/diaspor\u00e1ticas-400x400.jpeg 400w, https:\/\/sites.usp.br\/labartemidia\/wp-content\/uploads\/sites\/472\/2019\/06\/diaspor\u00e1ticas.jpeg 1280w\" sizes=\"(max-width: 300px) 100vw, 300px\" \/><\/div>\n\t\t<\/a>\n\t\t\t\t<div class=\"elementor-post__text\">\n\t\t\t\t<h3 class=\"elementor-post__title\">\n\t\t\t<a href=\"https:\/\/sites.usp.br\/labartemidia\/en\/diasporaticas\/\" >\n\t\t\t\tDIASPOR\u00c1TICAS\t\t\t<\/a>\n\t\t<\/h3>\n\t\t\t\t<div class=\"elementor-post__excerpt\">\n\t\t\t<p>DIASPOR\u00c1TICAS, a neologism resulting from the combination of the terms: diaspora + erratic, is an immersive audiovisual experience created using resources for capturing and displaying<\/p>\n\t\t<\/div>\n\t\t\t\t<\/div>\n\t\t\t\t<\/article>\n\t\t\t\t<article class=\"elementor-post elementor-grid-item post-3878 post type-post status-publish format-standard has-post-thumbnail hentry category-projects\">\n\t\t\t\t<a class=\"elementor-post__thumbnail__link\" href=\"https:\/\/sites.usp.br\/labartemidia\/en\/digital-self-presence-lab\/\" tabindex=\"-1\" >\n\t\t\t<div class=\"elementor-post__thumbnail\"><img decoding=\"async\" width=\"300\" height=\"169\" src=\"https:\/\/sites.usp.br\/labartemidia\/wp-content\/uploads\/sites\/472\/2019\/06\/ethereum-300x169.png\" class=\"attachment-medium size-medium wp-image-866\" alt=\"\" srcset=\"https:\/\/sites.usp.br\/labartemidia\/wp-content\/uploads\/sites\/472\/2019\/06\/ethereum-300x169.png 300w, https:\/\/sites.usp.br\/labartemidia\/wp-content\/uploads\/sites\/472\/2019\/06\/ethereum-768x432.png 768w, https:\/\/sites.usp.br\/labartemidia\/wp-content\/uploads\/sites\/472\/2019\/06\/ethereum-1024x576.png 1024w, https:\/\/sites.usp.br\/labartemidia\/wp-content\/uploads\/sites\/472\/2019\/06\/ethereum-310x174.png 310w, https:\/\/sites.usp.br\/labartemidia\/wp-content\/uploads\/sites\/472\/2019\/06\/ethereum-400x225.png 400w, https:\/\/sites.usp.br\/labartemidia\/wp-content\/uploads\/sites\/472\/2019\/06\/ethereum.png 1920w\" sizes=\"(max-width: 300px) 100vw, 300px\" \/><\/div>\n\t\t<\/a>\n\t\t\t\t<div class=\"elementor-post__text\">\n\t\t\t\t<h3 class=\"elementor-post__title\">\n\t\t\t<a href=\"https:\/\/sites.usp.br\/labartemidia\/en\/digital-self-presence-lab\/\" >\n\t\t\t\tDigital self \/ Presence_Lab\t\t\t<\/a>\n\t\t<\/h3>\n\t\t\t\t<div class=\"elementor-post__excerpt\">\n\t\t\t<p>Digital Self | Presence_Lab is a practical-theoretical research project into intermedia performance poetics based on the concept of alterperformance, a contemporary form of performance art<\/p>\n\t\t<\/div>\n\t\t\t\t<\/div>\n\t\t\t\t<\/article>\n\t\t\t\t<article class=\"elementor-post elementor-grid-item post-3872 post type-post status-publish format-standard hentry category-projects\">\n\t\t\t\t<div class=\"elementor-post__text\">\n\t\t\t\t<h3 class=\"elementor-post__title\">\n\t\t\t<a href=\"https:\/\/sites.usp.br\/labartemidia\/en\/sobrevivencias-survivals-geopolitical-cartographies-in-the-americas\/\" >\n\t\t\t\tSobreviv\u00eancias (Survivals) : Geopolitical Cartographies in the Americas\t\t\t<\/a>\n\t\t<\/h3>\n\t\t\t\t<div class=\"elementor-post__excerpt\">\n\t\t\t<p>With Sobreviv\u00eancias (Survivals or &#8220;about experiences&#8221;, in portuguese) we propose to create a transmedia emergency radar of the survival strategies of Latin American peoples. Through<\/p>\n\t\t<\/div>\n\t\t\t\t<\/div>\n\t\t\t\t<\/article>\n\t\t\t\t<article class=\"elementor-post elementor-grid-item post-3869 post type-post status-publish format-standard has-post-thumbnail hentry category-projects\">\n\t\t\t\t<a class=\"elementor-post__thumbnail__link\" href=\"https:\/\/sites.usp.br\/labartemidia\/en\/beco-360-the-alley-360\/\" tabindex=\"-1\" >\n\t\t\t<div class=\"elementor-post__thumbnail\"><img loading=\"lazy\" decoding=\"async\" width=\"300\" height=\"150\" src=\"https:\/\/sites.usp.br\/labartemidia\/wp-content\/uploads\/sites\/472\/2019\/06\/61965499_10205641836442290_7304136797938778112_o-300x150.jpg\" class=\"attachment-medium size-medium wp-image-963\" alt=\"\" srcset=\"https:\/\/sites.usp.br\/labartemidia\/wp-content\/uploads\/sites\/472\/2019\/06\/61965499_10205641836442290_7304136797938778112_o-300x150.jpg 300w, https:\/\/sites.usp.br\/labartemidia\/wp-content\/uploads\/sites\/472\/2019\/06\/61965499_10205641836442290_7304136797938778112_o-768x384.jpg 768w, https:\/\/sites.usp.br\/labartemidia\/wp-content\/uploads\/sites\/472\/2019\/06\/61965499_10205641836442290_7304136797938778112_o-1024x512.jpg 1024w, https:\/\/sites.usp.br\/labartemidia\/wp-content\/uploads\/sites\/472\/2019\/06\/61965499_10205641836442290_7304136797938778112_o-600x300.jpg 600w, https:\/\/sites.usp.br\/labartemidia\/wp-content\/uploads\/sites\/472\/2019\/06\/61965499_10205641836442290_7304136797938778112_o-400x200.jpg 400w, https:\/\/sites.usp.br\/labartemidia\/wp-content\/uploads\/sites\/472\/2019\/06\/61965499_10205641836442290_7304136797938778112_o.jpg 2048w\" sizes=\"(max-width: 300px) 100vw, 300px\" \/><\/div>\n\t\t<\/a>\n\t\t\t\t<div class=\"elementor-post__text\">\n\t\t\t\t<h3 class=\"elementor-post__title\">\n\t\t\t<a href=\"https:\/\/sites.usp.br\/labartemidia\/en\/beco-360-the-alley-360\/\" >\n\t\t\t\tBeco 360\u00b0 (The Alley: 360\u00b0)\t\t\t<\/a>\n\t\t<\/h3>\n\t\t\t\t<div class=\"elementor-post__excerpt\">\n\t\t\t<p>Beco 360 (The Alley: 360\u00b0) is an investigation that tests the possibilities and limits of 360\u00b0 audiovisuals and the Orad program as an immersive experience<\/p>\n\t\t<\/div>\n\t\t\t\t<\/div>\n\t\t\t\t<\/article>\n\t\t\t\t<article class=\"elementor-post elementor-grid-item post-3859 post type-post status-publish format-standard has-post-thumbnail hentry category-projects\">\n\t\t\t\t<a class=\"elementor-post__thumbnail__link\" href=\"https:\/\/sites.usp.br\/labartemidia\/en\/sp-digital\/\" tabindex=\"-1\" >\n\t\t\t<div class=\"elementor-post__thumbnail\"><img loading=\"lazy\" decoding=\"async\" width=\"300\" height=\"168\" src=\"https:\/\/sites.usp.br\/labartemidia\/wp-content\/uploads\/sites\/472\/2019\/06\/spdigital-300x168.jpg\" class=\"attachment-medium size-medium wp-image-808\" alt=\"\" srcset=\"https:\/\/sites.usp.br\/labartemidia\/wp-content\/uploads\/sites\/472\/2019\/06\/spdigital-300x168.jpg 300w, https:\/\/sites.usp.br\/labartemidia\/wp-content\/uploads\/sites\/472\/2019\/06\/spdigital-768x431.jpg 768w, https:\/\/sites.usp.br\/labartemidia\/wp-content\/uploads\/sites\/472\/2019\/06\/spdigital-1024x574.jpg 1024w, https:\/\/sites.usp.br\/labartemidia\/wp-content\/uploads\/sites\/472\/2019\/06\/spdigital-310x174.jpg 310w, https:\/\/sites.usp.br\/labartemidia\/wp-content\/uploads\/sites\/472\/2019\/06\/spdigital-400x224.jpg 400w, https:\/\/sites.usp.br\/labartemidia\/wp-content\/uploads\/sites\/472\/2019\/06\/spdigital.jpg 1879w\" sizes=\"(max-width: 300px) 100vw, 300px\" \/><\/div>\n\t\t<\/a>\n\t\t\t\t<div class=\"elementor-post__text\">\n\t\t\t\t<h3 class=\"elementor-post__title\">\n\t\t\t<a href=\"https:\/\/sites.usp.br\/labartemidia\/en\/sp-digital\/\" >\n\t\t\t\tSP Digital\t\t\t<\/a>\n\t\t<\/h3>\n\t\t\t\t<div class=\"elementor-post__excerpt\">\n\t\t\t<p>SP Digital integrated the production of audiovisual content, social mobilization activities and dissemination about the switch off of the analogue TV signal in the state<\/p>\n\t\t<\/div>\n\t\t\t\t<\/div>\n\t\t\t\t<\/article>\n\t\t\t\t<article class=\"elementor-post elementor-grid-item post-3849 post type-post status-publish format-standard has-post-thumbnail hentry category-projects\">\n\t\t\t\t<a class=\"elementor-post__thumbnail__link\" href=\"https:\/\/sites.usp.br\/labartemidia\/en\/corpo-artificio-2\/\" tabindex=\"-1\" >\n\t\t\t<div class=\"elementor-post__thumbnail\"><img loading=\"lazy\" decoding=\"async\" width=\"300\" height=\"168\" src=\"https:\/\/sites.usp.br\/labartemidia\/wp-content\/uploads\/sites\/472\/2019\/10\/corpo_artificio_destaque-300x168.jpg\" class=\"attachment-medium size-medium wp-image-1501\" alt=\"\" srcset=\"https:\/\/sites.usp.br\/labartemidia\/wp-content\/uploads\/sites\/472\/2019\/10\/corpo_artificio_destaque-300x168.jpg 300w, https:\/\/sites.usp.br\/labartemidia\/wp-content\/uploads\/sites\/472\/2019\/10\/corpo_artificio_destaque-768x431.jpg 768w, https:\/\/sites.usp.br\/labartemidia\/wp-content\/uploads\/sites\/472\/2019\/10\/corpo_artificio_destaque-1024x575.jpg 1024w, https:\/\/sites.usp.br\/labartemidia\/wp-content\/uploads\/sites\/472\/2019\/10\/corpo_artificio_destaque-310x174.jpg 310w, https:\/\/sites.usp.br\/labartemidia\/wp-content\/uploads\/sites\/472\/2019\/10\/corpo_artificio_destaque-400x224.jpg 400w, https:\/\/sites.usp.br\/labartemidia\/wp-content\/uploads\/sites\/472\/2019\/10\/corpo_artificio_destaque.jpg 1276w\" sizes=\"(max-width: 300px) 100vw, 300px\" \/><\/div>\n\t\t<\/a>\n\t\t\t\t<div class=\"elementor-post__text\">\n\t\t\t\t<h3 class=\"elementor-post__title\">\n\t\t\t<a href=\"https:\/\/sites.usp.br\/labartemidia\/en\/corpo-artificio-2\/\" >\n\t\t\t\tCorpo ARtif\u00edcio\t\t\t<\/a>\n\t\t<\/h3>\n\t\t\t\t<div class=\"elementor-post__excerpt\">\n\t\t\t<p>Every artifact we add to our actions is a technology with utility and meaning. In the Corpo ARtif\u00edcio project, the use of Augmented Reality proposes<\/p>\n\t\t<\/div>\n\t\t\t\t<\/div>\n\t\t\t\t<\/article>\n\t\t\t\t<article class=\"elementor-post elementor-grid-item post-3839 post type-post status-publish format-standard has-post-thumbnail hentry category-projects\">\n\t\t\t\t<a class=\"elementor-post__thumbnail__link\" href=\"https:\/\/sites.usp.br\/labartemidia\/en\/pandemidia-virus-contaminacoes-e-confinamentos-e-book-is-now-avaliable-for-download\/\" tabindex=\"-1\" >\n\t\t\t<div class=\"elementor-post__thumbnail\"><img loading=\"lazy\" decoding=\"async\" width=\"300\" height=\"129\" src=\"https:\/\/sites.usp.br\/labartemidia\/wp-content\/uploads\/sites\/472\/2021\/02\/Pandemidia-1-300x129.jpg\" class=\"attachment-medium size-medium wp-image-1917\" alt=\"\" srcset=\"https:\/\/sites.usp.br\/labartemidia\/wp-content\/uploads\/sites\/472\/2021\/02\/Pandemidia-1-300x129.jpg 300w, https:\/\/sites.usp.br\/labartemidia\/wp-content\/uploads\/sites\/472\/2021\/02\/Pandemidia-1-1024x439.jpg 1024w, https:\/\/sites.usp.br\/labartemidia\/wp-content\/uploads\/sites\/472\/2021\/02\/Pandemidia-1-768x329.jpg 768w, https:\/\/sites.usp.br\/labartemidia\/wp-content\/uploads\/sites\/472\/2021\/02\/Pandemidia-1-1536x659.jpg 1536w, https:\/\/sites.usp.br\/labartemidia\/wp-content\/uploads\/sites\/472\/2021\/02\/Pandemidia-1-2048x878.jpg 2048w\" sizes=\"(max-width: 300px) 100vw, 300px\" \/><\/div>\n\t\t<\/a>\n\t\t\t\t<div class=\"elementor-post__text\">\n\t\t\t\t<h3 class=\"elementor-post__title\">\n\t\t\t<a href=\"https:\/\/sites.usp.br\/labartemidia\/en\/pandemidia-virus-contaminacoes-e-confinamentos-e-book-is-now-avaliable-for-download\/\" >\n\t\t\t\t&#8220;Pandem\u00eddia: v\u00edrus, contamina\u00e7\u00f5es e confinamentos&#8221; e-book is now avaliable for download\t\t\t<\/a>\n\t\t<\/h3>\n\t\t\t\t<div class=\"elementor-post__excerpt\">\n\t\t\t<p>E-book exposes the use of audiovisual media and its consequences during the pandemic The spread of the coronavirus on a global scale created an unexpected<\/p>\n\t\t<\/div>\n\t\t\t\t<\/div>\n\t\t\t\t<\/article>\n\t\t\t\t<article class=\"elementor-post elementor-grid-item post-3833 post type-post status-publish format-standard has-post-thumbnail hentry category-projects\">\n\t\t\t\t<a class=\"elementor-post__thumbnail__link\" href=\"https:\/\/sites.usp.br\/labartemidia\/en\/transcender-project\/\" tabindex=\"-1\" >\n\t\t\t<div class=\"elementor-post__thumbnail\"><img loading=\"lazy\" decoding=\"async\" width=\"300\" height=\"190\" src=\"https:\/\/sites.usp.br\/labartemidia\/wp-content\/uploads\/sites\/472\/2022\/05\/TRANSCENDER-APRESENTACAO-05-1-1-scaled-e1653934110229-300x190.jpg\" class=\"attachment-medium size-medium wp-image-3390\" alt=\"\" srcset=\"https:\/\/sites.usp.br\/labartemidia\/wp-content\/uploads\/sites\/472\/2022\/05\/TRANSCENDER-APRESENTACAO-05-1-1-scaled-e1653934110229-300x190.jpg 300w, https:\/\/sites.usp.br\/labartemidia\/wp-content\/uploads\/sites\/472\/2022\/05\/TRANSCENDER-APRESENTACAO-05-1-1-scaled-e1653934110229-1024x648.jpg 1024w, https:\/\/sites.usp.br\/labartemidia\/wp-content\/uploads\/sites\/472\/2022\/05\/TRANSCENDER-APRESENTACAO-05-1-1-scaled-e1653934110229-768x486.jpg 768w, https:\/\/sites.usp.br\/labartemidia\/wp-content\/uploads\/sites\/472\/2022\/05\/TRANSCENDER-APRESENTACAO-05-1-1-scaled-e1653934110229-1536x971.jpg 1536w, https:\/\/sites.usp.br\/labartemidia\/wp-content\/uploads\/sites\/472\/2022\/05\/TRANSCENDER-APRESENTACAO-05-1-1-scaled-e1653934110229-2048x1295.jpg 2048w\" sizes=\"(max-width: 300px) 100vw, 300px\" \/><\/div>\n\t\t<\/a>\n\t\t\t\t<div class=\"elementor-post__text\">\n\t\t\t\t<h3 class=\"elementor-post__title\">\n\t\t\t<a href=\"https:\/\/sites.usp.br\/labartemidia\/en\/transcender-project\/\" >\n\t\t\t\tTranscender Project\t\t\t<\/a>\n\t\t<\/h3>\n\t\t\t\t<div class=\"elementor-post__excerpt\">\n\t\t\t<p>The Transcender Project is a platform under development for a Farewell Ceremony and Online Memorial. The project emerged in 2020, as reported on the LabArteM\u00eddia<\/p>\n\t\t<\/div>\n\t\t\t\t<\/div>\n\t\t\t\t<\/article>\n\t\t\t\t<article class=\"elementor-post elementor-grid-item post-3822 post type-post status-publish format-standard has-post-thumbnail hentry category-projects\">\n\t\t\t\t<a class=\"elementor-post__thumbnail__link\" href=\"https:\/\/sites.usp.br\/labartemidia\/en\/coil-vsat-project-2023\/\" tabindex=\"-1\" >\n\t\t\t<div class=\"elementor-post__thumbnail\"><img loading=\"lazy\" decoding=\"async\" width=\"259\" height=\"300\" src=\"https:\/\/sites.usp.br\/labartemidia\/wp-content\/uploads\/sites\/472\/2023\/08\/WhatsApp-Image-2023-08-01-at-15.21.38-259x300.jpeg\" class=\"attachment-medium size-medium wp-image-3730\" alt=\"\" srcset=\"https:\/\/sites.usp.br\/labartemidia\/wp-content\/uploads\/sites\/472\/2023\/08\/WhatsApp-Image-2023-08-01-at-15.21.38-259x300.jpeg 259w, https:\/\/sites.usp.br\/labartemidia\/wp-content\/uploads\/sites\/472\/2023\/08\/WhatsApp-Image-2023-08-01-at-15.21.38-884x1024.jpeg 884w, https:\/\/sites.usp.br\/labartemidia\/wp-content\/uploads\/sites\/472\/2023\/08\/WhatsApp-Image-2023-08-01-at-15.21.38-768x889.jpeg 768w, https:\/\/sites.usp.br\/labartemidia\/wp-content\/uploads\/sites\/472\/2023\/08\/WhatsApp-Image-2023-08-01-at-15.21.38.jpeg 900w\" sizes=\"(max-width: 259px) 100vw, 259px\" \/><\/div>\n\t\t<\/a>\n\t\t\t\t<div class=\"elementor-post__text\">\n\t\t\t\t<h3 class=\"elementor-post__title\">\n\t\t\t<a href=\"https:\/\/sites.usp.br\/labartemidia\/en\/coil-vsat-project-2023\/\" >\n\t\t\t\tCOIL\/VSAT Project 2023\t\t\t<\/a>\n\t\t<\/h3>\n\t\t\t\t<div class=\"elementor-post__excerpt\">\n\t\t\t<p>The COIL\/VSAT (Collaborative Online International Learning (COIL) \/ Virtual Storytelling Application and Toolkit (VSAT) project was carried out in the first half of 2023 under<\/p>\n\t\t<\/div>\n\t\t\t\t<\/div>\n\t\t\t\t<\/article>\n\t\t\t\t<article class=\"elementor-post elementor-grid-item post-3790 post type-post status-publish format-standard has-post-thumbnail hentry category-projects\">\n\t\t\t\t<a class=\"elementor-post__thumbnail__link\" href=\"https:\/\/sites.usp.br\/labartemidia\/en\/cineportico-2\/\" tabindex=\"-1\" >\n\t\t\t<div class=\"elementor-post__thumbnail\"><img loading=\"lazy\" decoding=\"async\" width=\"300\" height=\"225\" src=\"https:\/\/sites.usp.br\/labartemidia\/wp-content\/uploads\/sites\/472\/2019\/09\/WhatsApp-Image-2019-09-07-at-10.32.06-300x225.jpeg\" class=\"attachment-medium size-medium wp-image-1369\" alt=\"\" srcset=\"https:\/\/sites.usp.br\/labartemidia\/wp-content\/uploads\/sites\/472\/2019\/09\/WhatsApp-Image-2019-09-07-at-10.32.06-300x225.jpeg 300w, https:\/\/sites.usp.br\/labartemidia\/wp-content\/uploads\/sites\/472\/2019\/09\/WhatsApp-Image-2019-09-07-at-10.32.06-768x576.jpeg 768w, https:\/\/sites.usp.br\/labartemidia\/wp-content\/uploads\/sites\/472\/2019\/09\/WhatsApp-Image-2019-09-07-at-10.32.06-1024x768.jpeg 1024w, https:\/\/sites.usp.br\/labartemidia\/wp-content\/uploads\/sites\/472\/2019\/09\/WhatsApp-Image-2019-09-07-at-10.32.06-285x214.jpeg 285w, https:\/\/sites.usp.br\/labartemidia\/wp-content\/uploads\/sites\/472\/2019\/09\/WhatsApp-Image-2019-09-07-at-10.32.06-80x60.jpeg 80w, https:\/\/sites.usp.br\/labartemidia\/wp-content\/uploads\/sites\/472\/2019\/09\/WhatsApp-Image-2019-09-07-at-10.32.06-400x300.jpeg 400w, https:\/\/sites.usp.br\/labartemidia\/wp-content\/uploads\/sites\/472\/2019\/09\/WhatsApp-Image-2019-09-07-at-10.32.06.jpeg 1280w\" sizes=\"(max-width: 300px) 100vw, 300px\" \/><\/div>\n\t\t<\/a>\n\t\t\t\t<div class=\"elementor-post__text\">\n\t\t\t\t<h3 class=\"elementor-post__title\">\n\t\t\t<a href=\"https:\/\/sites.usp.br\/labartemidia\/en\/cineportico-2\/\" >\n\t\t\t\tCineportico\t\t\t<\/a>\n\t\t<\/h3>\n\t\t\t\t<div class=\"elementor-post__excerpt\">\n\t\t\t<p>The holographic audiovisual video installation Cineportico is an original audiovisual, architectural and structural work that seeks to rescue the machines that enable instantaneous displacement in<\/p>\n\t\t<\/div>\n\t\t\t\t<\/div>\n\t\t\t\t<\/article>\n\t\t\t\t<\/div>\n\t\t\n\t\t\t\t<\/div>\n\t\t\t\t<\/div>\n\t\t\t\t\t<\/div>\n\t\t<\/div>\n\t\t\t\t\t<\/div>\n\t\t<\/section>\n\t\t\t\t<\/div>\n\t\t","protected":false},"excerpt":{"rendered":"<p>Projetos<\/p>\n","protected":false},"author":22519,"featured_media":0,"parent":0,"menu_order":2,"comment_status":"closed","ping_status":"closed","template":"template-fullwidth-no-title.php","meta":{"_monsterinsights_skip_tracking":false,"_monsterinsights_sitenote_active":false,"_monsterinsights_sitenote_note":"","_monsterinsights_sitenote_category":0,"footnotes":"","_links_to":"","_links_to_target":""},"class_list":["post-3901","page","type-page","status-publish","hentry"],"_links":{"self":[{"href":"https:\/\/sites.usp.br\/labartemidia\/wp-json\/wp\/v2\/pages\/3901","targetHints":{"allow":["GET"]}}],"collection":[{"href":"https:\/\/sites.usp.br\/labartemidia\/wp-json\/wp\/v2\/pages"}],"about":[{"href":"https:\/\/sites.usp.br\/labartemidia\/wp-json\/wp\/v2\/types\/page"}],"author":[{"embeddable":true,"href":"https:\/\/sites.usp.br\/labartemidia\/wp-json\/wp\/v2\/users\/22519"}],"replies":[{"embeddable":true,"href":"https:\/\/sites.usp.br\/labartemidia\/wp-json\/wp\/v2\/comments?post=3901"}],"version-history":[{"count":4,"href":"https:\/\/sites.usp.br\/labartemidia\/wp-json\/wp\/v2\/pages\/3901\/revisions"}],"predecessor-version":[{"id":3905,"href":"https:\/\/sites.usp.br\/labartemidia\/wp-json\/wp\/v2\/pages\/3901\/revisions\/3905"}],"wp:attachment":[{"href":"https:\/\/sites.usp.br\/labartemidia\/wp-json\/wp\/v2\/media?parent=3901"}],"curies":[{"name":"wp","href":"https:\/\/api.w.org\/{rel}","templated":true}]}}