{"id":393,"date":"2019-06-10T17:37:12","date_gmt":"2019-06-10T20:37:12","guid":{"rendered":"http:\/\/sites.usp.br\/labartemidia\/?page_id=393"},"modified":"2019-09-20T13:18:17","modified_gmt":"2019-09-20T16:18:17","slug":"deisy-feitosa","status":"publish","type":"page","link":"https:\/\/sites.usp.br\/labartemidia\/equipe\/deisy-feitosa\/","title":{"rendered":"Deisy Feitosa"},"content":{"rendered":"\t\t<div data-elementor-type=\"wp-page\" data-elementor-id=\"393\" class=\"elementor elementor-393\" data-elementor-post-type=\"page\">\n\t\t\t\t\t\t<section class=\"elementor-section elementor-top-section elementor-element elementor-element-78d30004 elementor-section-boxed elementor-section-height-default elementor-section-height-default\" data-id=\"78d30004\" data-element_type=\"section\">\n\t\t\t\t\t\t<div class=\"elementor-container elementor-column-gap-default\">\n\t\t\t\t\t<div class=\"elementor-column elementor-col-100 elementor-top-column elementor-element elementor-element-26efc273\" data-id=\"26efc273\" data-element_type=\"column\">\n\t\t\t<div class=\"elementor-widget-wrap elementor-element-populated\">\n\t\t\t\t\t\t<div class=\"elementor-element elementor-element-1e8968f elementor-widget elementor-widget-heading\" data-id=\"1e8968f\" data-element_type=\"widget\" data-widget_type=\"heading.default\">\n\t\t\t\t<div class=\"elementor-widget-container\">\n\t\t\t<h2 class=\"elementor-heading-title elementor-size-default\">Deisy Feitosa<\/h2>\t\t<\/div>\n\t\t\t\t<\/div>\n\t\t\t\t<div class=\"elementor-element elementor-element-85e140f elementor-widget elementor-widget-text-editor\" data-id=\"85e140f\" data-element_type=\"widget\" data-widget_type=\"text-editor.default\">\n\t\t\t\t<div class=\"elementor-widget-container\">\n\t\t\t\t\t\t\t<div><div><div data-weight=\"1\"><div data-index=\"0\" data-style=\"{\"><div data-index=\"1\" data-style=\"{\"><div><p><span data-sheets-value=\"{\" data-sheets-userformat=\"{\"><a style=\"background-color: #ffffff; font-size: 1.6rem;\" href=\"http:\/\/lattes.cnpq.br\/6662953217298028\"><img decoding=\"async\" src=\"https:\/\/sites.usp.br\/labartemidia\/wp-content\/uploads\/sites\/472\/2019\/06\/lattes.png\" alt=\"\" width=\"41\" height=\"41\" data-id=\"1062\" \/><\/a><\/span><\/p><p><span data-sheets-value=\"{\" data-sheets-userformat=\"{\">Graduada em Comunica\u00e7\u00e3o Social \u2013 Radialismo (2007) e Jornalismo (2009) pela Universidade Federal da Para\u00edba (UFPB), mestre pelo Programa de P\u00f3s-gradua\u00e7\u00e3o (2010) TV Digital: Informa\u00e7\u00e3o e Conhecimento da Universidade Estadual Paulista J\u00falio de Mesquita Filho (Unesp) e doutora (2015) pelo Programa de P\u00f3s-gradua\u00e7\u00e3o em Ci\u00eancias da Comunica\u00e7\u00e3o da Escola de Comunica\u00e7\u00f5es e Artes da Universidade de S\u00e3o Paulo (USP). Foi pesquisadora do Lavid \u2013 Laborat\u00f3rio de Aplica\u00e7\u00f5es em V\u00eddeo Digital, da UFPB. Trabalhou no N\u00facleo de Educa\u00e7\u00e3o a Dist\u00e2ncia da Unesp, no projeto do curso de Pedagogia da Unesp no \u00e2mbito da Univesp (Universidade Virtual do Estado de S\u00e3o Paulo) e na Univesp TV (2.2), canal digital terrestre da multiprograma\u00e7\u00e3o da TV Cultura. Em 2014, realizou um est\u00e1gio de pesquisa no exterior, como parte do doutorado, na Sapienza Universit\u00e0 di Roma, financiado pela Fapesp (Bolsa BEPE). Atuou como consultora na EAD\/Seja Digital (Associa\u00e7\u00e3o Administradora do Processo de Redistribui\u00e7\u00e3o e Digitaliza\u00e7\u00e3o de Canais de TV e RTV). Atualmente, \u00e9 professora do curso de Audiovisual do Senac S\u00e3o Paulo e estudante de p\u00f3s-doutoramento no N\u00facleo de Estudos das Diversidades, Intoler\u00e2ncias e Conflitos (Diversitas), ligado ao Programa de Programa de P\u00f3s-Gradua\u00e7\u00e3o Interdisciplinar \u201cHumanidades, Direitos e Outras Legitimidades da FFLCH\/USP. Estuda temas como: televis\u00e3o, TV digital, interatividade, colabora\u00e7\u00e3o, converg\u00eancia digital, educa\u00e7\u00e3o e inclus\u00e3o sociodigital.<\/span><\/p><p><span data-sheets-value=\"{\" data-sheets-userformat=\"{\">Desenvolve o projeto de pesquisa \u2018Fluxos Criativos Audiovisuais: intera\u00e7\u00f5es entre texto, imagem e som no processo de elabora\u00e7\u00e3o de uma obra audiovisual\u2019, que tem como objetivo pesquisar processos de realiza\u00e7\u00e3o audiovisual partindo de diferentes est\u00edmulos capazes de operar como catalisadores na cria\u00e7\u00e3o de uma narrativa audiovisual.<\/span><\/p><p><span data-sheets-value=\"{\" data-sheets-userformat=\"{\">\u00c9 integrante do Obted (Observat\u00f3rio Brasileiro de Televis\u00e3o Digital e Converg\u00eancia Tecnol\u00f3gica) e do Museu de Mem\u00f3rias e Oralidades sobre a TV.<\/span><\/p><p><a href=\"mailto:deisyfernanda@gmail.com\"><span data-sheets-value=\"{\" data-sheets-userformat=\"{\">deisyfernanda@gmail.com<\/span><\/a><\/p><\/div><\/div><\/div><\/div><\/div><\/div>\t\t\t\t\t\t<\/div>\n\t\t\t\t<\/div>\n\t\t\t\t\t<\/div>\n\t\t<\/div>\n\t\t\t\t\t<\/div>\n\t\t<\/section>\n\t\t\t\t<\/div>\n\t\t","protected":false},"excerpt":{"rendered":"<p>Deisy Feitosa Graduada em Comunica\u00e7\u00e3o Social \u2013 Radialismo (2007) e Jornalismo (2009) pela Universidade Federal da Para\u00edba (UFPB), mestre pelo Programa de P\u00f3s-gradua\u00e7\u00e3o (2010) TV Digital: Informa\u00e7\u00e3o e Conhecimento da Universidade Estadual Paulista J\u00falio de Mesquita Filho (Unesp) e doutora (2015) pelo Programa de P\u00f3s-gradua\u00e7\u00e3o em Ci\u00eancias da Comunica\u00e7\u00e3o da Escola de Comunica\u00e7\u00f5es e Artes<a href=\"https:\/\/sites.usp.br\/labartemidia\/equipe\/deisy-feitosa\/\">[&#8230;]<\/a><\/p>\n","protected":false},"author":856,"featured_media":394,"parent":114,"menu_order":3,"comment_status":"closed","ping_status":"closed","template":"","meta":{"_monsterinsights_skip_tracking":false,"_monsterinsights_sitenote_active":false,"_monsterinsights_sitenote_note":"","_monsterinsights_sitenote_category":0,"footnotes":"","_links_to":"","_links_to_target":""},"class_list":["post-393","page","type-page","status-publish","has-post-thumbnail","hentry"],"_links":{"self":[{"href":"https:\/\/sites.usp.br\/labartemidia\/wp-json\/wp\/v2\/pages\/393","targetHints":{"allow":["GET"]}}],"collection":[{"href":"https:\/\/sites.usp.br\/labartemidia\/wp-json\/wp\/v2\/pages"}],"about":[{"href":"https:\/\/sites.usp.br\/labartemidia\/wp-json\/wp\/v2\/types\/page"}],"author":[{"embeddable":true,"href":"https:\/\/sites.usp.br\/labartemidia\/wp-json\/wp\/v2\/users\/856"}],"replies":[{"embeddable":true,"href":"https:\/\/sites.usp.br\/labartemidia\/wp-json\/wp\/v2\/comments?post=393"}],"version-history":[{"count":4,"href":"https:\/\/sites.usp.br\/labartemidia\/wp-json\/wp\/v2\/pages\/393\/revisions"}],"predecessor-version":[{"id":1341,"href":"https:\/\/sites.usp.br\/labartemidia\/wp-json\/wp\/v2\/pages\/393\/revisions\/1341"}],"up":[{"embeddable":true,"href":"https:\/\/sites.usp.br\/labartemidia\/wp-json\/wp\/v2\/pages\/114"}],"wp:featuredmedia":[{"embeddable":true,"href":"https:\/\/sites.usp.br\/labartemidia\/wp-json\/wp\/v2\/media\/394"}],"wp:attachment":[{"href":"https:\/\/sites.usp.br\/labartemidia\/wp-json\/wp\/v2\/media?parent=393"}],"curies":[{"name":"wp","href":"https:\/\/api.w.org\/{rel}","templated":true}]}}