{"id":396,"date":"2019-06-10T17:42:13","date_gmt":"2019-06-10T20:42:13","guid":{"rendered":"http:\/\/sites.usp.br\/labartemidia\/?page_id=396"},"modified":"2020-07-20T12:07:59","modified_gmt":"2020-07-20T15:07:59","slug":"eleonora-loner-coutinho","status":"publish","type":"page","link":"https:\/\/sites.usp.br\/labartemidia\/equipe\/eleonora-loner-coutinho\/","title":{"rendered":"Eleonora Loner Coutinho"},"content":{"rendered":"\t\t<div data-elementor-type=\"wp-page\" data-elementor-id=\"396\" class=\"elementor elementor-396\" data-elementor-post-type=\"page\">\n\t\t\t\t\t\t<section class=\"elementor-section elementor-top-section elementor-element elementor-element-6b5f0520 elementor-section-boxed elementor-section-height-default elementor-section-height-default\" data-id=\"6b5f0520\" data-element_type=\"section\">\n\t\t\t\t\t\t<div class=\"elementor-container elementor-column-gap-default\">\n\t\t\t\t\t<div class=\"elementor-column elementor-col-100 elementor-top-column elementor-element elementor-element-164cda23\" data-id=\"164cda23\" data-element_type=\"column\">\n\t\t\t<div class=\"elementor-widget-wrap elementor-element-populated\">\n\t\t\t\t\t\t<div class=\"elementor-element elementor-element-a2753eb elementor-widget elementor-widget-heading\" data-id=\"a2753eb\" data-element_type=\"widget\" data-widget_type=\"heading.default\">\n\t\t\t\t<div class=\"elementor-widget-container\">\n\t\t\t<h2 class=\"elementor-heading-title elementor-size-default\">Eleonora Loner Coutinho<\/h2>\t\t<\/div>\n\t\t\t\t<\/div>\n\t\t\t\t<div class=\"elementor-element elementor-element-42e1ee2d elementor-widget elementor-widget-text-editor\" data-id=\"42e1ee2d\" data-element_type=\"widget\" data-widget_type=\"text-editor.default\">\n\t\t\t\t<div class=\"elementor-widget-container\">\n\t\t\t\t\t\t\t<div id=\"pl-396\" class=\"panel-layout\"><div id=\"pg-396-0\" class=\"panel-grid panel-no-style\"><div id=\"pgc-396-0-0\" class=\"panel-grid-cell\" data-weight=\"1\"><div id=\"panel-396-0-0-0\" class=\"so-panel widget widget_custom_html panel-first-child\" data-index=\"0\" data-style=\"{\"><div id=\"\\&quot;panel-396-0-0-0\\&quot;\" class=\"\\&quot;so-panel\" data-index=\"\\&quot;0\\&quot;\" data-style=\"\\&quot;{&quot;background_image_attachment&quot;:false,&quot;background_display&quot;:&quot;tile&quot;}\\&quot;\"><h3 class=\"\\&quot;widget-title\\&quot;\"><a href=\"http:\/\/lattes.cnpq.br\/8658342421460290\"><img decoding=\"async\" class=\"alignnone size-full wp-image-1062\" src=\"https:\/\/sites.usp.br\/labartemidia\/wp-content\/uploads\/sites\/472\/2019\/06\/lattes.png\" alt=\"\" width=\"41\" height=\"41\" data-id=\"1062\" \/><\/a><\/h3><\/div><div id=\"panel-396-0-0-1\" class=\"so-panel widget widget_text panel-last-child\" data-index=\"1\" data-style=\"{\"><div class=\"textwidget\"><p><span data-sheets-value=\"{\" data-sheets-userformat=\"{\">Mestranda no Programa de P\u00f3s-gradua\u00e7\u00e3o em Meios e Processos Audiovisuais na USP, graduada em Roteiro pelo Curso Regular da EICTV (Cuba) e em Cinema e Anima\u00e7\u00e3o pela UFPel. Como roteirista audiovisual, trabalhou em diversas s\u00e9ries e curta metragens, al\u00e9m de longas ainda n\u00e3o realizados. No ensino, foi professora substituta dos curso de Cinema e Audiovisual e Cinema de Anima\u00e7\u00e3o na UFPel e foi idealizadora e ministrante no Criativas \u2013 Oficina B\u00e1sica de Roteiro para Mulheres.<\/span><\/p><p>Atualmente desenvolve pesquisa de mestrado sobre r<span data-sheets-value=\"{\" data-sheets-userformat=\"{\">oteiro para realidade virtual.<\/span><\/p><p><span data-sheets-value=\"{\" data-sheets-userformat=\"{\">Audiovisual, Roteiro, Processos criativos, interatividade, realidade virtual, g\u00eanero.<\/span><\/p><p><a href=\"mailto:eleonoraloner@gmail.com\"><span data-sheets-value=\"{&quot;1&quot;:2,&quot;2&quot;:&quot;eleonoraloner@gmail.com&quot;}\" data-sheets-userformat=\"{&quot;2&quot;:15233,&quot;3&quot;:{&quot;1&quot;:0},&quot;10&quot;:0,&quot;11&quot;:4,&quot;12&quot;:0,&quot;14&quot;:[null,2,0],&quot;15&quot;:&quot;Calibri&quot;,&quot;16&quot;:11}\">eleonoraloner@gmail.com<\/span><\/a><\/p><\/div><\/div><\/div><\/div><\/div><\/div>\t\t\t\t\t\t<\/div>\n\t\t\t\t<\/div>\n\t\t\t\t\t<\/div>\n\t\t<\/div>\n\t\t\t\t\t<\/div>\n\t\t<\/section>\n\t\t\t\t<\/div>\n\t\t","protected":false},"excerpt":{"rendered":"<p>Eleonora Loner Coutinho Mestranda no Programa de P\u00f3s-gradua\u00e7\u00e3o em Meios e Processos Audiovisuais na USP, graduada em Roteiro pelo Curso Regular da EICTV (Cuba) e em Cinema e Anima\u00e7\u00e3o pela UFPel. Como roteirista audiovisual, trabalhou em diversas s\u00e9ries e curta metragens, al\u00e9m de longas ainda n\u00e3o realizados. No ensino, foi professora substituta dos curso de<a href=\"https:\/\/sites.usp.br\/labartemidia\/equipe\/eleonora-loner-coutinho\/\">[&#8230;]<\/a><\/p>\n","protected":false},"author":856,"featured_media":397,"parent":114,"menu_order":12,"comment_status":"closed","ping_status":"closed","template":"","meta":{"_monsterinsights_skip_tracking":false,"_monsterinsights_sitenote_active":false,"_monsterinsights_sitenote_note":"","_monsterinsights_sitenote_category":0,"footnotes":"","_links_to":"","_links_to_target":""},"class_list":["post-396","page","type-page","status-publish","has-post-thumbnail","hentry"],"_links":{"self":[{"href":"https:\/\/sites.usp.br\/labartemidia\/wp-json\/wp\/v2\/pages\/396","targetHints":{"allow":["GET"]}}],"collection":[{"href":"https:\/\/sites.usp.br\/labartemidia\/wp-json\/wp\/v2\/pages"}],"about":[{"href":"https:\/\/sites.usp.br\/labartemidia\/wp-json\/wp\/v2\/types\/page"}],"author":[{"embeddable":true,"href":"https:\/\/sites.usp.br\/labartemidia\/wp-json\/wp\/v2\/users\/856"}],"replies":[{"embeddable":true,"href":"https:\/\/sites.usp.br\/labartemidia\/wp-json\/wp\/v2\/comments?post=396"}],"version-history":[{"count":4,"href":"https:\/\/sites.usp.br\/labartemidia\/wp-json\/wp\/v2\/pages\/396\/revisions"}],"predecessor-version":[{"id":1356,"href":"https:\/\/sites.usp.br\/labartemidia\/wp-json\/wp\/v2\/pages\/396\/revisions\/1356"}],"up":[{"embeddable":true,"href":"https:\/\/sites.usp.br\/labartemidia\/wp-json\/wp\/v2\/pages\/114"}],"wp:featuredmedia":[{"embeddable":true,"href":"https:\/\/sites.usp.br\/labartemidia\/wp-json\/wp\/v2\/media\/397"}],"wp:attachment":[{"href":"https:\/\/sites.usp.br\/labartemidia\/wp-json\/wp\/v2\/media?parent=396"}],"curies":[{"name":"wp","href":"https:\/\/api.w.org\/{rel}","templated":true}]}}