{"id":3994,"date":"2024-10-03T19:22:47","date_gmt":"2024-10-03T22:22:47","guid":{"rendered":"https:\/\/sites.usp.br\/labartemidia\/?page_id=3994"},"modified":"2024-10-03T19:26:09","modified_gmt":"2024-10-03T22:26:09","slug":"luiza-guimaraes","status":"publish","type":"page","link":"https:\/\/sites.usp.br\/labartemidia\/equipe\/luiza-guimaraes\/","title":{"rendered":"Luiza Guimar\u00e3es"},"content":{"rendered":"\t\t<div data-elementor-type=\"wp-page\" data-elementor-id=\"3994\" class=\"elementor elementor-3994\" data-elementor-post-type=\"page\">\n\t\t\t\t\t\t<section class=\"elementor-section elementor-top-section elementor-element elementor-element-3a8e10b2 elementor-section-boxed elementor-section-height-default elementor-section-height-default\" data-id=\"3a8e10b2\" data-element_type=\"section\">\n\t\t\t\t\t\t<div class=\"elementor-container elementor-column-gap-default\">\n\t\t\t\t\t<div class=\"elementor-column elementor-col-100 elementor-top-column elementor-element elementor-element-250dd137\" data-id=\"250dd137\" data-element_type=\"column\">\n\t\t\t<div class=\"elementor-widget-wrap elementor-element-populated\">\n\t\t\t\t\t\t<div class=\"elementor-element elementor-element-24bb7256 elementor-widget elementor-widget-heading\" data-id=\"24bb7256\" data-element_type=\"widget\" data-widget_type=\"heading.default\">\n\t\t\t\t<div class=\"elementor-widget-container\">\n\t\t\t<h2 class=\"elementor-heading-title elementor-size-default\">Luiza Guimar\u00e3es<\/h2>\t\t<\/div>\n\t\t\t\t<\/div>\n\t\t\t\t<div class=\"elementor-element elementor-element-3d2f5ef6 elementor-widget elementor-widget-text-editor\" data-id=\"3d2f5ef6\" data-element_type=\"widget\" data-widget_type=\"text-editor.default\">\n\t\t\t\t<div class=\"elementor-widget-container\">\n\t\t\t\t\t\t\t<p>\u00c9 artista-pesquisadora, performer, criadora e diretora de m\u00eddias imersivas e empreendedora. Atualmente realiza P\u00f3s-doutorado na Escola de Comunica\u00e7\u00f5es e Artes (ECA), Universidade de S\u00e3o Paulo (USP), Departamento de Cinema, R\u00e1dio e Televis\u00e3o (CTR) (2023-). \u00c9 idealizadora e diretora do Laborat\u00f3rio de Arte Espectro Neural (LArtEN). Foi fundadora e exerce o cargo de vice-presidente da Associa\u00e7\u00e3o Brasileira de Humanidades Digitais (ABHD) (2021-). P\u00f3s-doutora em Comunica\u00e7\u00e3o e Cultura, UERJ\/RJ. Doutora em Psicologia Cl\u00ednica, N\u00facleo de Subjetividade, PUC\/SP e Laboratori de Mitjans Interactius, Universitat de Barcelona, Espanha; Mestre em Comunica\u00e7\u00e3o e Cultura, Escola de Comunica\u00e7\u00e3o, UFRJ\/RJ. Pesquisadora em Grupos do Conselho Nacional de Desenvolvimento Cient\u00edfico e Tecnol\u00f3gico (CNPq), Brasil: Laborat\u00f3rio de Arte, M\u00eddia e Tecnologias Digitais (LabArteMidia), Universidade de S\u00e3o Paulo (USP) &#8211; SP, (2023-); TransObjeto &#8211; Programa de Estudos P\u00f3s-Graduados em Tecnologias da Intelig\u00eancia e Design Digital (TIDD) &#8211; Pontif\u00edcia Universidade Cat\u00f3lica de S\u00e3o Paulo (PUC) &#8211; SP (2018-); Laborat\u00f3rio de Preserva\u00e7\u00e3o e Gest\u00e3o de Acervos Digitais &#8211; LABOGAD &#8211; Universidade de Rio de Janeiro (UNIRIO) &#8211; RJ, (2018-); CIBERIDEA &#8211; Escola de comunica\u00e7\u00e3o da Universidade Federal do Rio de Janeiro (ECO-UFRJ), (2007 &#8211; 2014). Experi\u00eancias em cria\u00e7\u00e3o, roteiro, produ\u00e7\u00e3o e dire\u00e7\u00e3o: EntangledNET, 2006; Sagradas Torres, exibido no Hangar \u2013 Barcelona &#8211; ES, 2011; #EntrancedEarth_Panorama exibido no Festival de La Imagen, Balance Unbalance, Centro de los Museos, Col\u00f4mbia, 2016; Projeto Espectros Computacionais 360\u00ba, resid\u00eancia ArtSonica \/ OiFuturo \/ RJ, 2018 e exposi\u00e7\u00e3o no Centro Cultural Oi Futuro, RJ, Brasil, 2019; PANORAMA EXP, Facultad de Bellas Artes de la Universidad Polit\u00e9cnica, Valencia \u2013 ES, 2021; Conciertos Understand Visual Music, CEIARTE, Instituto de Investigaciones en Arte y Cultura Dr. Norberto Griffae, Planetario Galileo Galilei e Centro Cultural San Mart\u00edn, Buenos Aires &#8211; Argentina, 2021. Membro da comiss\u00e3o organizadora e cient\u00edfica do Congresso Internacional em Humanidades Digitais &#8211; HDRio2018, HDRio2020 e HDRio2023 &#8211; , Coordenadora do Eixo de Artes e Express\u00f5es Digitais e Curadora da exposi\u00e7\u00e3o DizVirtual &#8211; RV (pertencente ao LAA- Museu do Amanh\u00e3 \/no Centro Cultural da FGV), HDRio2018, Coordenadora do Eixo de Artes e Express\u00f5es Digitais, Coordenadora do Eixo de Artes, Express\u00f5es Digitais e Meios Emergentes e Co-curadora de exposi\u00e7\u00e3o no Metaverso &#8211; Museu XYZ &#8211; HDRio2023. Projeto de p\u00f3s-doutorado: &#8220;Imers\u00f5es Enigmas P\u00e9treos: da Terra ancestral ao Antropoceno e para al\u00e9m da neuroci\u00eancia e intelig\u00eancia artificial&#8221;. Universidade de S\u00e3o Paulo (USP), Escola de Comunica\u00e7\u00e3o e Artes (ECA) (2023-), supervisionado pelo Prof. Dr. Almir Almas.<\/p><p>Medium: <a href=\"http:\/\/luizahelenaguimares.medium.com\">luizahelenaguimares.medium.com<\/a><br \/>Vimeo: <a href=\"http:\/\/vimeo.com\/luizahguimaraes\">vimeo.com\/luizahguimaraes<\/a><br \/>CV: <a href=\"http:\/\/lattes.cnpq.br\/0742575946946921\">lattes.cnpq.br\/0742575946946921<\/a><\/p>\t\t\t\t\t\t<\/div>\n\t\t\t\t<\/div>\n\t\t\t\t\t<\/div>\n\t\t<\/div>\n\t\t\t\t\t<\/div>\n\t\t<\/section>\n\t\t\t\t<\/div>\n\t\t","protected":false},"excerpt":{"rendered":"<p>Luiza Guimar\u00e3es \u00c9 artista-pesquisadora, performer, criadora e diretora de m\u00eddias imersivas e empreendedora. Atualmente realiza P\u00f3s-doutorado na Escola de Comunica\u00e7\u00f5es e Artes (ECA), Universidade de S\u00e3o Paulo (USP), Departamento de Cinema, R\u00e1dio e Televis\u00e3o (CTR) (2023-). \u00c9 idealizadora e diretora do Laborat\u00f3rio de Arte Espectro Neural (LArtEN). Foi fundadora e exerce o cargo de vice-presidente<a href=\"https:\/\/sites.usp.br\/labartemidia\/equipe\/luiza-guimaraes\/\">[&#8230;]<\/a><\/p>\n","protected":false},"author":23862,"featured_media":3996,"parent":114,"menu_order":41,"comment_status":"closed","ping_status":"closed","template":"","meta":{"_monsterinsights_skip_tracking":false,"_monsterinsights_sitenote_active":false,"_monsterinsights_sitenote_note":"","_monsterinsights_sitenote_category":0,"footnotes":"","_links_to":"","_links_to_target":""},"class_list":["post-3994","page","type-page","status-publish","has-post-thumbnail","hentry"],"_links":{"self":[{"href":"https:\/\/sites.usp.br\/labartemidia\/wp-json\/wp\/v2\/pages\/3994","targetHints":{"allow":["GET"]}}],"collection":[{"href":"https:\/\/sites.usp.br\/labartemidia\/wp-json\/wp\/v2\/pages"}],"about":[{"href":"https:\/\/sites.usp.br\/labartemidia\/wp-json\/wp\/v2\/types\/page"}],"author":[{"embeddable":true,"href":"https:\/\/sites.usp.br\/labartemidia\/wp-json\/wp\/v2\/users\/23862"}],"replies":[{"embeddable":true,"href":"https:\/\/sites.usp.br\/labartemidia\/wp-json\/wp\/v2\/comments?post=3994"}],"version-history":[{"count":4,"href":"https:\/\/sites.usp.br\/labartemidia\/wp-json\/wp\/v2\/pages\/3994\/revisions"}],"predecessor-version":[{"id":4006,"href":"https:\/\/sites.usp.br\/labartemidia\/wp-json\/wp\/v2\/pages\/3994\/revisions\/4006"}],"up":[{"embeddable":true,"href":"https:\/\/sites.usp.br\/labartemidia\/wp-json\/wp\/v2\/pages\/114"}],"wp:featuredmedia":[{"embeddable":true,"href":"https:\/\/sites.usp.br\/labartemidia\/wp-json\/wp\/v2\/media\/3996"}],"wp:attachment":[{"href":"https:\/\/sites.usp.br\/labartemidia\/wp-json\/wp\/v2\/media?parent=3994"}],"curies":[{"name":"wp","href":"https:\/\/api.w.org\/{rel}","templated":true}]}}