{"id":408,"date":"2019-06-10T17:47:22","date_gmt":"2019-06-10T20:47:22","guid":{"rendered":"http:\/\/sites.usp.br\/labartemidia\/?page_id=408"},"modified":"2022-03-21T14:26:53","modified_gmt":"2022-03-21T17:26:53","slug":"lyara-oliveira","status":"publish","type":"page","link":"https:\/\/sites.usp.br\/labartemidia\/equipe\/lyara-oliveira\/","title":{"rendered":"Lyara Oliveira"},"content":{"rendered":"\t\t<div data-elementor-type=\"wp-page\" data-elementor-id=\"408\" class=\"elementor elementor-408\" data-elementor-post-type=\"page\">\n\t\t\t\t\t\t<section class=\"elementor-section elementor-top-section elementor-element elementor-element-f2a4cc3 elementor-section-boxed elementor-section-height-default elementor-section-height-default\" data-id=\"f2a4cc3\" data-element_type=\"section\">\n\t\t\t\t\t\t<div class=\"elementor-container elementor-column-gap-default\">\n\t\t\t\t\t<div class=\"elementor-column elementor-col-100 elementor-top-column elementor-element elementor-element-4a02cdf2\" data-id=\"4a02cdf2\" data-element_type=\"column\">\n\t\t\t<div class=\"elementor-widget-wrap elementor-element-populated\">\n\t\t\t\t\t\t<div class=\"elementor-element elementor-element-c8bb61c elementor-widget elementor-widget-heading\" data-id=\"c8bb61c\" data-element_type=\"widget\" data-widget_type=\"heading.default\">\n\t\t\t\t<div class=\"elementor-widget-container\">\n\t\t\t<h2 class=\"elementor-heading-title elementor-size-default\">Lyara Oliveira<\/h2>\t\t<\/div>\n\t\t\t\t<\/div>\n\t\t\t\t<div class=\"elementor-element elementor-element-15032742 elementor-widget elementor-widget-text-editor\" data-id=\"15032742\" data-element_type=\"widget\" data-widget_type=\"text-editor.default\">\n\t\t\t\t<div class=\"elementor-widget-container\">\n\t\t\t\t\t\t\t<div id=\"pl-408\" class=\"panel-layout\"><div id=\"pg-408-0\" class=\"panel-grid panel-no-style\"><div id=\"pgc-408-0-0\" class=\"panel-grid-cell\" data-weight=\"1\"><div id=\"panel-408-0-0-0\" class=\"so-panel widget widget_custom_html panel-first-child\" data-index=\"0\" data-style=\"{\"><div id=\"panel-408-0-0-1\" class=\"so-panel widget widget_text panel-last-child\" data-index=\"1\" data-style=\"{\"><div class=\"textwidget\"><p><a href=\"http:\/\/lattes.cnpq.br\/5943859498219217\"><img decoding=\"async\" class=\"alignnone size-full wp-image-1062\" src=\"https:\/\/sites.usp.br\/labartemidia\/wp-content\/uploads\/sites\/472\/2019\/06\/lattes.png\" alt=\"\" width=\"41\" height=\"41\" data-id=\"1062\" \/><\/a><\/p><p><span data-sheets-value=\"{\" data-sheets-userformat=\"{\">Artista audiovisual, professora, pesquisadora, produtora e diretora de TV e cinema e conte\u00fados imersivos. Doutoranda na ECA-USP \u2013 Programa de Meios e Processos Audiovisuais. Mestra em Artes Visuais Faculdade Santa Marcelina com bolsa FAPESP. Tem experi\u00eancia na \u00e1rea de Comunica\u00e7\u00e3o, com \u00eanfase em audiovisual, trabalhou em produtoras independentes e em emissoras de TV \u2013 Rede Globo e Canal Futura. Lecionou na gradua\u00e7\u00e3o e p\u00f3s-gradua\u00e7\u00e3o da UNISA, FIAM-FAAM, FAAP e na Centro Universit\u00e1rio Belas Artes. Trabalha com produ\u00e7\u00e3o e dire\u00e7\u00e3o de conte\u00fado audiovisual e desenvolve projetos audiovisuais experimentais.<\/span><\/p><p><span data-sheets-value=\"{\" data-sheets-userformat=\"{\">Desenvolve a obra DIASPOR\u00c1TICAS. Atualmente pesquisa audiovisual imersivo com \u00eanfase em v\u00eddeo 360. pesquisa linguagem e modos de cria\u00e7\u00e3o e produ\u00e7\u00e3o de conte\u00fado audiovisual: cinema, v\u00eddeo, televis\u00e3o e realidade virtual.<br \/><\/span><\/p><p><a href=\"mailto:lyara.oliveira@usp.br\"><span data-sheets-value=\"{\" data-sheets-userformat=\"{\">lyara.oliveira@usp.br <\/span><\/a><\/p><\/div><\/div><\/div><\/div><\/div><\/div>\t\t\t\t\t\t<\/div>\n\t\t\t\t<\/div>\n\t\t\t\t\t<\/div>\n\t\t<\/div>\n\t\t\t\t\t<\/div>\n\t\t<\/section>\n\t\t\t\t<\/div>\n\t\t","protected":false},"excerpt":{"rendered":"<p>Lyara Oliveira Artista audiovisual, professora, pesquisadora, produtora e diretora de TV e cinema e conte\u00fados imersivos. Doutoranda na ECA-USP \u2013 Programa de Meios e Processos Audiovisuais. Mestra em Artes Visuais Faculdade Santa Marcelina com bolsa FAPESP. Tem experi\u00eancia na \u00e1rea de Comunica\u00e7\u00e3o, com \u00eanfase em audiovisual, trabalhou em produtoras independentes e em emissoras de TV<a href=\"https:\/\/sites.usp.br\/labartemidia\/equipe\/lyara-oliveira\/\">[&#8230;]<\/a><\/p>\n","protected":false},"author":856,"featured_media":253,"parent":114,"menu_order":4,"comment_status":"closed","ping_status":"closed","template":"","meta":{"_monsterinsights_skip_tracking":false,"_monsterinsights_sitenote_active":false,"_monsterinsights_sitenote_note":"","_monsterinsights_sitenote_category":0,"footnotes":"","_links_to":"","_links_to_target":""},"class_list":["post-408","page","type-page","status-publish","has-post-thumbnail","hentry"],"_links":{"self":[{"href":"https:\/\/sites.usp.br\/labartemidia\/wp-json\/wp\/v2\/pages\/408","targetHints":{"allow":["GET"]}}],"collection":[{"href":"https:\/\/sites.usp.br\/labartemidia\/wp-json\/wp\/v2\/pages"}],"about":[{"href":"https:\/\/sites.usp.br\/labartemidia\/wp-json\/wp\/v2\/types\/page"}],"author":[{"embeddable":true,"href":"https:\/\/sites.usp.br\/labartemidia\/wp-json\/wp\/v2\/users\/856"}],"replies":[{"embeddable":true,"href":"https:\/\/sites.usp.br\/labartemidia\/wp-json\/wp\/v2\/comments?post=408"}],"version-history":[{"count":4,"href":"https:\/\/sites.usp.br\/labartemidia\/wp-json\/wp\/v2\/pages\/408\/revisions"}],"predecessor-version":[{"id":1417,"href":"https:\/\/sites.usp.br\/labartemidia\/wp-json\/wp\/v2\/pages\/408\/revisions\/1417"}],"up":[{"embeddable":true,"href":"https:\/\/sites.usp.br\/labartemidia\/wp-json\/wp\/v2\/pages\/114"}],"wp:featuredmedia":[{"embeddable":true,"href":"https:\/\/sites.usp.br\/labartemidia\/wp-json\/wp\/v2\/media\/253"}],"wp:attachment":[{"href":"https:\/\/sites.usp.br\/labartemidia\/wp-json\/wp\/v2\/media?parent=408"}],"curies":[{"name":"wp","href":"https:\/\/api.w.org\/{rel}","templated":true}]}}