{"id":563,"date":"2019-06-14T17:17:18","date_gmt":"2019-06-14T20:17:18","guid":{"rendered":"http:\/\/sites.usp.br\/labartemidia\/?page_id=563"},"modified":"2022-03-21T14:28:35","modified_gmt":"2022-03-21T17:28:35","slug":"danilo-barauna","status":"publish","type":"page","link":"https:\/\/sites.usp.br\/labartemidia\/equipe\/danilo-barauna\/","title":{"rendered":"Danilo Bara\u00fana"},"content":{"rendered":"\t\t<div data-elementor-type=\"wp-page\" data-elementor-id=\"563\" class=\"elementor elementor-563\" data-elementor-post-type=\"page\">\n\t\t\t\t\t\t<section class=\"elementor-section elementor-top-section elementor-element elementor-element-18d0464f elementor-section-boxed elementor-section-height-default elementor-section-height-default\" data-id=\"18d0464f\" data-element_type=\"section\">\n\t\t\t\t\t\t<div class=\"elementor-container elementor-column-gap-default\">\n\t\t\t\t\t<div class=\"elementor-column elementor-col-100 elementor-top-column elementor-element elementor-element-6dec54bc\" data-id=\"6dec54bc\" data-element_type=\"column\">\n\t\t\t<div class=\"elementor-widget-wrap elementor-element-populated\">\n\t\t\t\t\t\t<div class=\"elementor-element elementor-element-8e016e0 elementor-widget elementor-widget-heading\" data-id=\"8e016e0\" data-element_type=\"widget\" data-widget_type=\"heading.default\">\n\t\t\t\t<div class=\"elementor-widget-container\">\n\t\t\t<h2 class=\"elementor-heading-title elementor-size-default\">Danilo Bara\u00fana<\/h2>\t\t<\/div>\n\t\t\t\t<\/div>\n\t\t\t\t<div class=\"elementor-element elementor-element-4c05d823 elementor-widget elementor-widget-text-editor\" data-id=\"4c05d823\" data-element_type=\"widget\" data-widget_type=\"text-editor.default\">\n\t\t\t\t<div class=\"elementor-widget-container\">\n\t\t\t\t\t\t\t<div id=\"pl-563\" class=\"panel-layout\"><div id=\"pg-563-0\" class=\"panel-grid panel-no-style\"><div id=\"pgc-563-0-0\" class=\"panel-grid-cell\" data-weight=\"1\"><div id=\"panel-563-0-0-0\" class=\"so-panel widget widget_custom_html panel-first-child\" data-index=\"0\" data-style=\"{\"><div id=\"\\&quot;panel-563-0-0-0\\&quot;\" class=\"\\&quot;so-panel\" data-index=\"\\&quot;0\\&quot;\" data-style=\"\\&quot;{&quot;background_image_attachment&quot;:false,&quot;background_display&quot;:&quot;tile&quot;}\\&quot;\"><h3 class=\"\\&quot;widget-title\\&quot;\"><a href=\"http:\/\/lattes.cnpq.br\/5955270468814327\"><img decoding=\"async\" class=\"alignnone size-full wp-image-1062\" src=\"https:\/\/sites.usp.br\/labartemidia\/wp-content\/uploads\/sites\/472\/2019\/06\/lattes.png\" alt=\"\" width=\"41\" height=\"41\" data-id=\"1062\" \/><\/a><\/h3><\/div><div id=\"panel-563-0-0-1\" class=\"so-panel widget widget_text panel-last-child\" data-index=\"1\" data-style=\"{\"><div class=\"textwidget\"><p><span data-sheets-value=\"{\" data-sheets-userformat=\"{\">Doutorando em Fine Art na Glasgow School of Art (Reino Unido), com bolsa de Doutorado Pleno no Exterior da CAPES. Mestre em Meios e Processos Audiovisuais pela Universidade de S\u00e3o Paulo, com per\u00edodo sandu\u00edche na Universidade de Glasgow, financiado pela FAPESP. Especialista em Estudos Lingu\u00edsticos e An\u00e1lise Liter\u00e1ria pela UEPA. Bacharel e Licenciado em Artes Visuais pela UFPA. Foi animador cultural do SESC-SP, respons\u00e1vel pela programa\u00e7\u00e3o de Cinema &amp; V\u00eddeo e pelo Espa\u00e7o de Tecnologias e Artes. Foi professor de Arte da Escola de Aplica\u00e7\u00e3o da Universidade Federal do Par\u00e1 e professor colaborador do curso de Licenciatura em Artes Visuais do Plano Nacional para Forma\u00e7\u00e3o de Professores da Educa\u00e7\u00e3o B\u00e1sica (PARFOR-UFPA). Realizou pesquisas de Inicia\u00e7\u00e3o Cient\u00edfica financiadas pelo CNPq e FAPESPA. Ganhador do XVI Pr\u00eamio Arte na Escola Cidad\u00e3 (Instituto Arte na Escola e MinC) na categoria Ensino M\u00e9dio. <\/span><\/p><p><span data-sheets-value=\"{\" data-sheets-userformat=\"{\">Atualmente desenvolvendo o projeto de pesquisa \u2018Moving Image Art Projection in the Digital Age\u201d, em que investiga a recente hist\u00f3ria da arte da proje\u00e7\u00e3o e suas rela\u00e7\u00f5es com a linguagem digital em galerias e museus, analisando esse contexto por meio de uma fenomenologia queer. <\/span><\/p><p><span data-sheets-value=\"{\" data-sheets-userformat=\"{\">Teoria, Hist\u00f3ria e Cr\u00edtica do Audiovisual na Arte Contempor\u00e2nea; Ensino de Arte na educa\u00e7\u00e3o formal e n\u00e3o-formal; Arte na Amaz\u00f4nia; Arte e Teoria Queer.<\/span><\/p><p><a href=\"mailto:danilo.barauna@gmail.com\">danilo.barauna@gmail.com<\/a><\/p><\/div><\/div><\/div><\/div><\/div><\/div>\t\t\t\t\t\t<\/div>\n\t\t\t\t<\/div>\n\t\t\t\t\t<\/div>\n\t\t<\/div>\n\t\t\t\t\t<\/div>\n\t\t<\/section>\n\t\t\t\t<\/div>\n\t\t","protected":false},"excerpt":{"rendered":"<p>Danilo Bara\u00fana Doutorando em Fine Art na Glasgow School of Art (Reino Unido), com bolsa de Doutorado Pleno no Exterior da CAPES. Mestre em Meios e Processos Audiovisuais pela Universidade de S\u00e3o Paulo, com per\u00edodo sandu\u00edche na Universidade de Glasgow, financiado pela FAPESP. Especialista em Estudos Lingu\u00edsticos e An\u00e1lise Liter\u00e1ria pela UEPA. Bacharel e Licenciado<a href=\"https:\/\/sites.usp.br\/labartemidia\/equipe\/danilo-barauna\/\">[&#8230;]<\/a><\/p>\n","protected":false},"author":856,"featured_media":1632,"parent":114,"menu_order":10,"comment_status":"closed","ping_status":"closed","template":"","meta":{"_monsterinsights_skip_tracking":false,"_monsterinsights_sitenote_active":false,"_monsterinsights_sitenote_note":"","_monsterinsights_sitenote_category":0,"footnotes":"","_links_to":"","_links_to_target":""},"class_list":["post-563","page","type-page","status-publish","has-post-thumbnail","hentry"],"_links":{"self":[{"href":"https:\/\/sites.usp.br\/labartemidia\/wp-json\/wp\/v2\/pages\/563","targetHints":{"allow":["GET"]}}],"collection":[{"href":"https:\/\/sites.usp.br\/labartemidia\/wp-json\/wp\/v2\/pages"}],"about":[{"href":"https:\/\/sites.usp.br\/labartemidia\/wp-json\/wp\/v2\/types\/page"}],"author":[{"embeddable":true,"href":"https:\/\/sites.usp.br\/labartemidia\/wp-json\/wp\/v2\/users\/856"}],"replies":[{"embeddable":true,"href":"https:\/\/sites.usp.br\/labartemidia\/wp-json\/wp\/v2\/comments?post=563"}],"version-history":[{"count":4,"href":"https:\/\/sites.usp.br\/labartemidia\/wp-json\/wp\/v2\/pages\/563\/revisions"}],"predecessor-version":[{"id":1633,"href":"https:\/\/sites.usp.br\/labartemidia\/wp-json\/wp\/v2\/pages\/563\/revisions\/1633"}],"up":[{"embeddable":true,"href":"https:\/\/sites.usp.br\/labartemidia\/wp-json\/wp\/v2\/pages\/114"}],"wp:featuredmedia":[{"embeddable":true,"href":"https:\/\/sites.usp.br\/labartemidia\/wp-json\/wp\/v2\/media\/1632"}],"wp:attachment":[{"href":"https:\/\/sites.usp.br\/labartemidia\/wp-json\/wp\/v2\/media?parent=563"}],"curies":[{"name":"wp","href":"https:\/\/api.w.org\/{rel}","templated":true}]}}