{"id":568,"date":"2019-06-14T17:17:18","date_gmt":"2019-06-14T20:17:18","guid":{"rendered":"http:\/\/sites.usp.br\/labartemidia\/?page_id=568"},"modified":"2020-03-05T10:21:48","modified_gmt":"2020-03-05T13:21:48","slug":"gisele-frederico","status":"publish","type":"page","link":"https:\/\/sites.usp.br\/labartemidia\/equipe\/gisele-frederico\/","title":{"rendered":"Gisele Frederico"},"content":{"rendered":"\t\t<div data-elementor-type=\"wp-page\" data-elementor-id=\"568\" class=\"elementor elementor-568\" data-elementor-post-type=\"page\">\n\t\t\t\t\t\t<section class=\"elementor-section elementor-top-section elementor-element elementor-element-4643eb64 elementor-section-boxed elementor-section-height-default elementor-section-height-default\" data-id=\"4643eb64\" data-element_type=\"section\">\n\t\t\t\t\t\t<div class=\"elementor-container elementor-column-gap-default\">\n\t\t\t\t\t<div class=\"elementor-column elementor-col-100 elementor-top-column elementor-element elementor-element-2410276\" data-id=\"2410276\" data-element_type=\"column\">\n\t\t\t<div class=\"elementor-widget-wrap elementor-element-populated\">\n\t\t\t\t\t\t<div class=\"elementor-element elementor-element-3bd7d02 elementor-widget elementor-widget-heading\" data-id=\"3bd7d02\" data-element_type=\"widget\" data-widget_type=\"heading.default\">\n\t\t\t\t<div class=\"elementor-widget-container\">\n\t\t\t<h2 class=\"elementor-heading-title elementor-size-default\">Gisele Federico<\/h2>\t\t<\/div>\n\t\t\t\t<\/div>\n\t\t\t\t<div class=\"elementor-element elementor-element-32cf07a6 elementor-widget elementor-widget-text-editor\" data-id=\"32cf07a6\" data-element_type=\"widget\" data-widget_type=\"text-editor.default\">\n\t\t\t\t<div class=\"elementor-widget-container\">\n\t\t\t\t\t\t\t<div>\n<div>\n<div data-weight=\"1\">\n<div data-index=\"0\" data-style=\"{\">\n<div data-index=\"\\&quot;0\\&quot;\" data-style=\"\\&quot;{&quot;background_image_attachment&quot;:false,&quot;background_display&quot;:&quot;tile&quot;}\\&quot;\">\n<h3><a href=\"http:\/\/lattes.cnpq.br\/7537324103825215\"><img decoding=\"async\" src=\"https:\/\/sites.usp.br\/labartemidia\/wp-content\/uploads\/sites\/472\/2019\/06\/lattes.png\" alt=\"\" data-id=\"1062\" width=\"41\" height=\"41\"><\/a><\/h3>\n<\/div>\n<div data-index=\"1\" data-style=\"{\">\n<div>\n<p><span style=\"box-sizing:border-box;border:0px;font-family:Menlo,Menlo;margin:0px;outline:0px;padding:0px;vertical-align:baseline;color:rgb(122,122,122);font-size:16px\">Gisele\n \u00e9 pesquisadora e produtora audiovisual. Doutoranda no Programa de \nP\u00f3s-Gradua\u00e7\u00e3o em Meios e Processos Audiovisuais da Universidade de S\u00e3o \nPaulo. Atuou como coordenadora de produ\u00e7\u00e3o de programas televisivos, \nv\u00eddeos de divulga\u00e7\u00e3o cient\u00edfica, v\u00eddeos institucionais e \nvideoinstala\u00e7\u00f5es. P<\/span><span style=\"box-sizing:border-box;border:0px;font-family:Menlo,Menlo;margin:0px;outline:0px;padding:0px;vertical-align:baseline;color:rgb(122,122,122);font-size:16px\">esquisa\n o olhar feminino como possibilidade de um novo lugar de pensamento para\n a produ\u00e7\u00e3o de conhecimento, utilizando o audiovisual como metalinguagem\n cr\u00edtica.<\/span><\/p><p><span data-sheets-value=\"{\" data-sheets-userformat=\"{\"><\/span><\/p>\n<p><span data-sheets-value=\"{\" data-sheets-userformat=\"{\">Processos criativos; transm\u00eddia; obras multim\u00eddia; semi\u00f3tica da cultura.<\/span><\/p>\n<p><a href=\"gisele.fred@gmail.com\">gisele.fred@gmail.com<\/a><\/p>\n<\/div>\n<\/div>\n<\/div>\n<\/div>\n<\/div>\n<\/div>\t\t\t\t\t\t<\/div>\n\t\t\t\t<\/div>\n\t\t\t\t\t<\/div>\n\t\t<\/div>\n\t\t\t\t\t<\/div>\n\t\t<\/section>\n\t\t\t\t<\/div>\n\t\t","protected":false},"excerpt":{"rendered":"<p>Gisele Federico Gisele \u00e9 pesquisadora e produtora audiovisual. Doutoranda no Programa de P\u00f3s-Gradua\u00e7\u00e3o em Meios e Processos Audiovisuais da Universidade de S\u00e3o Paulo. Atuou como coordenadora de produ\u00e7\u00e3o de programas televisivos, v\u00eddeos de divulga\u00e7\u00e3o cient\u00edfica, v\u00eddeos institucionais e videoinstala\u00e7\u00f5es. Pesquisa o olhar feminino como possibilidade de um novo lugar de pensamento para a produ\u00e7\u00e3o de<a href=\"https:\/\/sites.usp.br\/labartemidia\/equipe\/gisele-frederico\/\">[&#8230;]<\/a><\/p>\n","protected":false},"author":856,"featured_media":1568,"parent":114,"menu_order":14,"comment_status":"closed","ping_status":"closed","template":"","meta":{"_monsterinsights_skip_tracking":false,"_monsterinsights_sitenote_active":false,"_monsterinsights_sitenote_note":"","_monsterinsights_sitenote_category":0,"footnotes":"","_links_to":"","_links_to_target":""},"class_list":["post-568","page","type-page","status-publish","has-post-thumbnail","hentry"],"_links":{"self":[{"href":"https:\/\/sites.usp.br\/labartemidia\/wp-json\/wp\/v2\/pages\/568","targetHints":{"allow":["GET"]}}],"collection":[{"href":"https:\/\/sites.usp.br\/labartemidia\/wp-json\/wp\/v2\/pages"}],"about":[{"href":"https:\/\/sites.usp.br\/labartemidia\/wp-json\/wp\/v2\/types\/page"}],"author":[{"embeddable":true,"href":"https:\/\/sites.usp.br\/labartemidia\/wp-json\/wp\/v2\/users\/856"}],"replies":[{"embeddable":true,"href":"https:\/\/sites.usp.br\/labartemidia\/wp-json\/wp\/v2\/comments?post=568"}],"version-history":[{"count":4,"href":"https:\/\/sites.usp.br\/labartemidia\/wp-json\/wp\/v2\/pages\/568\/revisions"}],"predecessor-version":[{"id":1569,"href":"https:\/\/sites.usp.br\/labartemidia\/wp-json\/wp\/v2\/pages\/568\/revisions\/1569"}],"up":[{"embeddable":true,"href":"https:\/\/sites.usp.br\/labartemidia\/wp-json\/wp\/v2\/pages\/114"}],"wp:featuredmedia":[{"embeddable":true,"href":"https:\/\/sites.usp.br\/labartemidia\/wp-json\/wp\/v2\/media\/1568"}],"wp:attachment":[{"href":"https:\/\/sites.usp.br\/labartemidia\/wp-json\/wp\/v2\/media?parent=568"}],"curies":[{"name":"wp","href":"https:\/\/api.w.org\/{rel}","templated":true}]}}