{"id":570,"date":"2019-06-14T17:17:18","date_gmt":"2019-06-14T20:17:18","guid":{"rendered":"http:\/\/sites.usp.br\/labartemidia\/?page_id=570"},"modified":"2024-01-29T17:06:10","modified_gmt":"2024-01-29T20:06:10","slug":"gustavo-bucker","status":"publish","type":"page","link":"https:\/\/sites.usp.br\/labartemidia\/equipe\/gustavo-bucker\/","title":{"rendered":"Gustavo Bucker"},"content":{"rendered":"\t\t<div data-elementor-type=\"wp-post\" data-elementor-id=\"570\" class=\"elementor elementor-570\" data-elementor-post-type=\"page\">\n\t\t\t\t\t\t<section class=\"elementor-section elementor-top-section elementor-element elementor-element-2e667eaa elementor-section-boxed elementor-section-height-default elementor-section-height-default\" data-id=\"2e667eaa\" data-element_type=\"section\">\n\t\t\t\t\t\t<div class=\"elementor-container elementor-column-gap-default\">\n\t\t\t\t\t<div class=\"elementor-column elementor-col-100 elementor-top-column elementor-element elementor-element-2ee0e0a5\" data-id=\"2ee0e0a5\" data-element_type=\"column\">\n\t\t\t<div class=\"elementor-widget-wrap elementor-element-populated\">\n\t\t\t\t\t\t<div class=\"elementor-element elementor-element-9d02d94 elementor-widget elementor-widget-heading\" data-id=\"9d02d94\" data-element_type=\"widget\" data-widget_type=\"heading.default\">\n\t\t\t\t<div class=\"elementor-widget-container\">\n\t\t\t<h2 class=\"elementor-heading-title elementor-size-default\">Gustavo Bucker<\/h2>\t\t<\/div>\n\t\t\t\t<\/div>\n\t\t\t\t<div class=\"elementor-element elementor-element-11751ca2 elementor-widget elementor-widget-text-editor\" data-id=\"11751ca2\" data-element_type=\"widget\" data-widget_type=\"text-editor.default\">\n\t\t\t\t<div class=\"elementor-widget-container\">\n\t\t\t\t\t\t\t<div><div><div data-weight=\"1\"><div data-index=\"0\" data-style=\"{\"><a href=\"https:\/\/www.linkedin.com\/in\/gustavo-bucker\/\"><img decoding=\"async\" src=\"https:\/\/sites.usp.br\/labartemidia\/wp-content\/uploads\/sites\/472\/2019\/06\/portfolio.png\" alt=\"\" width=\"40\" height=\"40\" data-id=\"1063\" \/><\/a><\/div><div data-index=\"0\" data-style=\"{\">\u00a0<\/div><span data-sheets-root=\"1\" data-sheets-value=\"{&quot;1&quot;:2,&quot;2&quot;:&quot;Gustavo Bucker \u00e9 um pesquisador e criativo multifacetado com\\nforma\u00e7\u00e3o s\u00f3lida no mundo audiovisual e teatral. Atualmente, ele \u00e9 mestrando em\\nMeios e Processos Audiovisuais pela Escola de Comunica\u00e7\u00f5es e Artes da\\nUniversidade de S\u00e3o Paulo, especializando-se no design de experi\u00eancias\\ninterativas, orientado pelo Prof. Dr. Almir Almas. Gustavo possui dois t\u00edtulos\\nde bacharelado, um em Audiovisual pela mesma institui\u00e7\u00e3o em que realiza seu\\nmestrado, e outro em Teatro pela Escola Superior de Artes C\u00e9lia Helena. Sua\\ncarreira \u00e9 marcada por experi\u00eancias em dire\u00e7\u00e3o, roteiriza\u00e7\u00e3o e produ\u00e7\u00e3o\\naudiovisual, bem como atua\u00e7\u00e3o para c\u00e2mera e teatro. Fluente em ingl\u00eas, ele\\ntamb\u00e9m possui habilidades t\u00e9cnicas em fotografia, edi\u00e7\u00e3o de v\u00eddeo, motion\\ngraphics, manipula\u00e7\u00e3o de imagem e design. Al\u00e9m disso, Gustavo \u00e9 um aprendiz\\ncont\u00ednuo, enriquecendo seu perfil com cursos variados em roteiro, com\u00e9dia e\\npalha\u00e7aria. Seu portf\u00f3lio inclui projetos inovadores em realidade aumentada e\\nvirtual, al\u00e9m de contribui\u00e7\u00f5es significativas para eventos acad\u00eamicos e\\nculturais, como o X-Reality USP e produ\u00e7\u00f5es como o Carnaval 3.0 para a Escola\\nde Samba Rosas de Ouro, ambas junto ao grupo de pesquisa LabArteM\u00eddia.&quot;}\" data-sheets-userformat=\"{&quot;2&quot;:897,&quot;3&quot;:{&quot;1&quot;:0},&quot;10&quot;:1,&quot;11&quot;:4,&quot;12&quot;:0}\">Gustavo Bucker \u00e9 um pesquisador e criativo multifacetado com forma\u00e7\u00e3o s\u00f3lida no mundo audiovisual e teatral. Atualmente, ele \u00e9 mestrando em Meios e Processos Audiovisuais pela Escola de Comunica\u00e7\u00f5es e Artes da Universidade de S\u00e3o Paulo, especializando-se no design de experi\u00eancias interativas, orientado pelo Prof. Dr. Almir Almas. Gustavo possui dois t\u00edtulos de bacharelado, um em Audiovisual pela mesma institui\u00e7\u00e3o em que realiza seu mestrado, e outro em Teatro pela Escola Superior de Artes C\u00e9lia Helena.<br \/><br \/>Sua carreira \u00e9 marcada por experi\u00eancias em dire\u00e7\u00e3o, roteiriza\u00e7\u00e3o e produ\u00e7\u00e3o audiovisual, bem como atua\u00e7\u00e3o para c\u00e2mera e teatro. Fluente em ingl\u00eas, ele tamb\u00e9m possui habilidades t\u00e9cnicas em fotografia, edi\u00e7\u00e3o de v\u00eddeo, motion graphics, manipula\u00e7\u00e3o de imagem e design. Al\u00e9m disso, Gustavo \u00e9 um aprendiz cont\u00ednuo, enriquecendo seu perfil com cursos variados em roteiro, com\u00e9dia e palha\u00e7aria. Seu portf\u00f3lio inclui projetos inovadores em realidade aumentada e virtual, al\u00e9m de contribui\u00e7\u00f5es significativas para eventos acad\u00eamicos e culturais, como o X-Reality USP e produ\u00e7\u00f5es como o Carnaval4.0 para a Escola de Samba Rosas de Ouro, ambas junto ao grupo de pesquisa LabArteM\u00eddia.<\/span><\/div><\/div><\/div>\t\t\t\t\t\t<\/div>\n\t\t\t\t<\/div>\n\t\t\t\t\t<\/div>\n\t\t<\/div>\n\t\t\t\t\t<\/div>\n\t\t<\/section>\n\t\t\t\t<\/div>\n\t\t","protected":false},"excerpt":{"rendered":"<p>Gustavo Bucker \u00a0Gustavo Bucker \u00e9 um pesquisador e criativo multifacetado com forma\u00e7\u00e3o s\u00f3lida no mundo audiovisual e teatral. Atualmente, ele \u00e9 mestrando em Meios e Processos Audiovisuais pela Escola de Comunica\u00e7\u00f5es e Artes da Universidade de S\u00e3o Paulo, especializando-se no design de experi\u00eancias interativas, orientado pelo Prof. Dr. Almir Almas. Gustavo possui dois t\u00edtulos de<a href=\"https:\/\/sites.usp.br\/labartemidia\/equipe\/gustavo-bucker\/\">[&#8230;]<\/a><\/p>\n","protected":false},"author":856,"featured_media":3333,"parent":114,"menu_order":16,"comment_status":"closed","ping_status":"closed","template":"","meta":{"_monsterinsights_skip_tracking":false,"_monsterinsights_sitenote_active":false,"_monsterinsights_sitenote_note":"","_monsterinsights_sitenote_category":0,"footnotes":"","_links_to":"","_links_to_target":""},"class_list":["post-570","page","type-page","status-publish","has-post-thumbnail","hentry"],"_links":{"self":[{"href":"https:\/\/sites.usp.br\/labartemidia\/wp-json\/wp\/v2\/pages\/570","targetHints":{"allow":["GET"]}}],"collection":[{"href":"https:\/\/sites.usp.br\/labartemidia\/wp-json\/wp\/v2\/pages"}],"about":[{"href":"https:\/\/sites.usp.br\/labartemidia\/wp-json\/wp\/v2\/types\/page"}],"author":[{"embeddable":true,"href":"https:\/\/sites.usp.br\/labartemidia\/wp-json\/wp\/v2\/users\/856"}],"replies":[{"embeddable":true,"href":"https:\/\/sites.usp.br\/labartemidia\/wp-json\/wp\/v2\/comments?post=570"}],"version-history":[{"count":4,"href":"https:\/\/sites.usp.br\/labartemidia\/wp-json\/wp\/v2\/pages\/570\/revisions"}],"predecessor-version":[{"id":3918,"href":"https:\/\/sites.usp.br\/labartemidia\/wp-json\/wp\/v2\/pages\/570\/revisions\/3918"}],"up":[{"embeddable":true,"href":"https:\/\/sites.usp.br\/labartemidia\/wp-json\/wp\/v2\/pages\/114"}],"wp:featuredmedia":[{"embeddable":true,"href":"https:\/\/sites.usp.br\/labartemidia\/wp-json\/wp\/v2\/media\/3333"}],"wp:attachment":[{"href":"https:\/\/sites.usp.br\/labartemidia\/wp-json\/wp\/v2\/media?parent=570"}],"curies":[{"name":"wp","href":"https:\/\/api.w.org\/{rel}","templated":true}]}}