{"id":965,"date":"2023-02-14T11:19:39","date_gmt":"2023-02-14T13:19:39","guid":{"rendered":"https:\/\/sites.usp.br\/labcaf\/?page_id=965"},"modified":"2023-02-14T11:52:29","modified_gmt":"2023-02-14T13:52:29","slug":"sobre-labcaf","status":"publish","type":"page","link":"https:\/\/sites.usp.br\/labcaf\/sobre-labcaf\/","title":{"rendered":"Sobre LabCAF"},"content":{"rendered":"\t\t<div data-elementor-type=\"wp-page\" data-elementor-id=\"965\" class=\"elementor elementor-965\" data-elementor-post-type=\"page\">\n\t\t\t\t\t\t<section class=\"elementor-section elementor-top-section elementor-element elementor-element-5365890 elementor-section-boxed elementor-section-height-default elementor-section-height-default\" data-id=\"5365890\" data-element_type=\"section\">\n\t\t\t\t\t\t<div class=\"elementor-container elementor-column-gap-default\">\n\t\t\t\t\t<div class=\"elementor-column elementor-col-100 elementor-top-column elementor-element elementor-element-3cd3244\" data-id=\"3cd3244\" data-element_type=\"column\">\n\t\t\t<div class=\"elementor-widget-wrap elementor-element-populated\">\n\t\t\t\t\t\t<div class=\"elementor-element elementor-element-b3859d5 elementor-widget elementor-widget-text-editor\" data-id=\"b3859d5\" data-element_type=\"widget\" data-widget_type=\"text-editor.default\">\n\t\t\t\t<div class=\"elementor-widget-container\">\n\t\t\t\t\t\t\t<p>O Laborat\u00f3rio de Ci\u00eancias da Atividade F\u00edsica (LabCAF) \u00e9 um espa\u00e7o de 150m2 localizado no gin\u00e1sio da Escola de Artes, Ci\u00eancias e Humanidades da Universidade de S\u00e3o Paulo (EACH-USP).<\/p><p><a href=\"https:\/\/sites.usp.br\/labcaf\/wp-content\/uploads\/sites\/1224\/2023\/02\/LabCAF-1440x500-1.jpg\"><img fetchpriority=\"high\" decoding=\"async\" class=\"alignnone wp-image-181 size-large\" src=\"https:\/\/sites.usp.br\/labcaf\/wp-content\/uploads\/sites\/1224\/2023\/02\/LabCAF-1440x500-1-1024x356.jpg\" alt=\"\" width=\"1024\" height=\"356\" data-id=\"181\" srcset=\"https:\/\/sites.usp.br\/labcaf\/wp-content\/uploads\/sites\/1224\/2023\/02\/LabCAF-1440x500-1-1024x356.jpg 1024w, https:\/\/sites.usp.br\/labcaf\/wp-content\/uploads\/sites\/1224\/2023\/02\/LabCAF-1440x500-1-300x104.jpg 300w, https:\/\/sites.usp.br\/labcaf\/wp-content\/uploads\/sites\/1224\/2023\/02\/LabCAF-1440x500-1-768x267.jpg 768w, https:\/\/sites.usp.br\/labcaf\/wp-content\/uploads\/sites\/1224\/2023\/02\/LabCAF-1440x500-1-400x139.jpg 400w, https:\/\/sites.usp.br\/labcaf\/wp-content\/uploads\/sites\/1224\/2023\/02\/LabCAF-1440x500-1.jpg 1440w\" sizes=\"(max-width: 1024px) 100vw, 1024px\" \/><\/a><\/p><p>O LabCAF \u00e9 um espa\u00e7o coletivo para desenvolvimento de pesquisas de v\u00e1rios docentes e grupos de pesquisa vinculados ao programa de p\u00f3s-gradua\u00e7\u00e3o em Ci\u00eancias da Atividade F\u00edsica e ao curso de Bacharelado em Educa\u00e7\u00e3o F\u00edsica e Sa\u00fade.<\/p><p><strong>Funda\u00e7\u00e3o:<\/strong>\u00a026 de abril de 2010<\/p><p>Miss\u00e3o:\u00a0Estudo cient\u00edfico do movimento do corpo humano<\/p><p><strong>Coodenador:<\/strong>\u00a0<a href=\"https:\/\/br.linkedin.com\/in\/ulysses-ervilha-18451b40\">Ulysses F. Ervilha<\/a><\/p><p><strong>Vice-Coordenador<\/strong>:\u00a0<a href=\"https:\/\/sites.usp.br\/cmj\/\">C\u00e1ssio M. Meira Jr.<\/a><\/p>\t\t\t\t\t\t<\/div>\n\t\t\t\t<\/div>\n\t\t\t\t\t<\/div>\n\t\t<\/div>\n\t\t\t\t\t<\/div>\n\t\t<\/section>\n\t\t\t\t<section class=\"elementor-section elementor-top-section elementor-element elementor-element-b7ad1e0 elementor-section-boxed elementor-section-height-default elementor-section-height-default\" data-id=\"b7ad1e0\" data-element_type=\"section\">\n\t\t\t\t\t\t<div class=\"elementor-container elementor-column-gap-default\">\n\t\t\t\t\t<div class=\"elementor-column elementor-col-100 elementor-top-column elementor-element elementor-element-719bdad\" data-id=\"719bdad\" data-element_type=\"column\">\n\t\t\t<div class=\"elementor-widget-wrap elementor-element-populated\">\n\t\t\t\t\t\t<div class=\"elementor-element elementor-element-7adf34b elementor-widget elementor-widget-gallery\" data-id=\"7adf34b\" data-element_type=\"widget\" data-settings=\"{&quot;columns&quot;:3,&quot;gap&quot;:{&quot;unit&quot;:&quot;px&quot;,&quot;size&quot;:6,&quot;sizes&quot;:[]},&quot;lazyload&quot;:&quot;yes&quot;,&quot;gallery_layout&quot;:&quot;grid&quot;,&quot;columns_tablet&quot;:2,&quot;columns_mobile&quot;:1,&quot;gap_tablet&quot;:{&quot;unit&quot;:&quot;px&quot;,&quot;size&quot;:10,&quot;sizes&quot;:[]},&quot;gap_mobile&quot;:{&quot;unit&quot;:&quot;px&quot;,&quot;size&quot;:10,&quot;sizes&quot;:[]},&quot;link_to&quot;:&quot;file&quot;,&quot;aspect_ratio&quot;:&quot;3:2&quot;,&quot;overlay_background&quot;:&quot;yes&quot;,&quot;content_hover_animation&quot;:&quot;fade-in&quot;}\" data-widget_type=\"gallery.default\">\n\t\t\t\t<div class=\"elementor-widget-container\">\n\t\t\t\t\t<div class=\"elementor-gallery__container\">\n\t\t\t\t\t\t\t<a class=\"e-gallery-item elementor-gallery-item elementor-animated-content\" href=\"https:\/\/sites.usp.br\/labcaf\/wp-content\/uploads\/sites\/1224\/2023\/02\/LabCAF10.jpg\" data-elementor-open-lightbox=\"yes\" data-elementor-lightbox-slideshow=\"7adf34b\" data-elementor-lightbox-title=\"LabCAF10\" data-e-action-hash=\"#elementor-action%3Aaction%3Dlightbox%26settings%3DeyJpZCI6MTk3LCJ1cmwiOiJodHRwczpcL1wvc2l0ZXMudXNwLmJyXC9sYWJjYWZcL3dwLWNvbnRlbnRcL3VwbG9hZHNcL3NpdGVzXC8xMjI0XC8yMDIzXC8wMlwvTGFiQ0FGMTAuanBnIiwic2xpZGVzaG93IjoiN2FkZjM0YiJ9\">\n\t\t\t\t\t<div class=\"e-gallery-image elementor-gallery-item__image\" data-thumbnail=\"https:\/\/sites.usp.br\/labcaf\/wp-content\/uploads\/sites\/1224\/2023\/02\/LabCAF10-300x225.jpg\" data-width=\"300\" data-height=\"225\" aria-label=\"\" role=\"img\" ><\/div>\n\t\t\t\t\t\t\t\t\t\t\t<div class=\"elementor-gallery-item__overlay\"><\/div>\n\t\t\t\t\t\t\t\t\t\t\t\t\t\t<\/a>\n\t\t\t\t\t\t\t<a class=\"e-gallery-item elementor-gallery-item elementor-animated-content\" href=\"https:\/\/sites.usp.br\/labcaf\/wp-content\/uploads\/sites\/1224\/2023\/02\/LabCAF09.jpg\" data-elementor-open-lightbox=\"yes\" data-elementor-lightbox-slideshow=\"7adf34b\" data-elementor-lightbox-title=\"LabCAF09\" data-e-action-hash=\"#elementor-action%3Aaction%3Dlightbox%26settings%3DeyJpZCI6MTk2LCJ1cmwiOiJodHRwczpcL1wvc2l0ZXMudXNwLmJyXC9sYWJjYWZcL3dwLWNvbnRlbnRcL3VwbG9hZHNcL3NpdGVzXC8xMjI0XC8yMDIzXC8wMlwvTGFiQ0FGMDkuanBnIiwic2xpZGVzaG93IjoiN2FkZjM0YiJ9\">\n\t\t\t\t\t<div class=\"e-gallery-image elementor-gallery-item__image\" data-thumbnail=\"https:\/\/sites.usp.br\/labcaf\/wp-content\/uploads\/sites\/1224\/2023\/02\/LabCAF09-300x225.jpg\" data-width=\"300\" data-height=\"225\" aria-label=\"\" role=\"img\" ><\/div>\n\t\t\t\t\t\t\t\t\t\t\t<div class=\"elementor-gallery-item__overlay\"><\/div>\n\t\t\t\t\t\t\t\t\t\t\t\t\t\t<\/a>\n\t\t\t\t\t\t\t<a class=\"e-gallery-item elementor-gallery-item elementor-animated-content\" href=\"https:\/\/sites.usp.br\/labcaf\/wp-content\/uploads\/sites\/1224\/2023\/02\/LabCAF08.jpg\" data-elementor-open-lightbox=\"yes\" data-elementor-lightbox-slideshow=\"7adf34b\" data-elementor-lightbox-title=\"LabCAF08\" data-e-action-hash=\"#elementor-action%3Aaction%3Dlightbox%26settings%3DeyJpZCI6MTk1LCJ1cmwiOiJodHRwczpcL1wvc2l0ZXMudXNwLmJyXC9sYWJjYWZcL3dwLWNvbnRlbnRcL3VwbG9hZHNcL3NpdGVzXC8xMjI0XC8yMDIzXC8wMlwvTGFiQ0FGMDguanBnIiwic2xpZGVzaG93IjoiN2FkZjM0YiJ9\">\n\t\t\t\t\t<div class=\"e-gallery-image elementor-gallery-item__image\" data-thumbnail=\"https:\/\/sites.usp.br\/labcaf\/wp-content\/uploads\/sites\/1224\/2023\/02\/LabCAF08-300x225.jpg\" data-width=\"300\" data-height=\"225\" aria-label=\"\" role=\"img\" ><\/div>\n\t\t\t\t\t\t\t\t\t\t\t<div class=\"elementor-gallery-item__overlay\"><\/div>\n\t\t\t\t\t\t\t\t\t\t\t\t\t\t<\/a>\n\t\t\t\t\t\t\t<a class=\"e-gallery-item elementor-gallery-item elementor-animated-content\" href=\"https:\/\/sites.usp.br\/labcaf\/wp-content\/uploads\/sites\/1224\/2023\/02\/LabCAF07.jpg\" data-elementor-open-lightbox=\"yes\" data-elementor-lightbox-slideshow=\"7adf34b\" data-elementor-lightbox-title=\"LabCAF07\" data-e-action-hash=\"#elementor-action%3Aaction%3Dlightbox%26settings%3DeyJpZCI6MTk0LCJ1cmwiOiJodHRwczpcL1wvc2l0ZXMudXNwLmJyXC9sYWJjYWZcL3dwLWNvbnRlbnRcL3VwbG9hZHNcL3NpdGVzXC8xMjI0XC8yMDIzXC8wMlwvTGFiQ0FGMDcuanBnIiwic2xpZGVzaG93IjoiN2FkZjM0YiJ9\">\n\t\t\t\t\t<div class=\"e-gallery-image elementor-gallery-item__image\" data-thumbnail=\"https:\/\/sites.usp.br\/labcaf\/wp-content\/uploads\/sites\/1224\/2023\/02\/LabCAF07-300x225.jpg\" data-width=\"300\" data-height=\"225\" aria-label=\"\" role=\"img\" ><\/div>\n\t\t\t\t\t\t\t\t\t\t\t<div class=\"elementor-gallery-item__overlay\"><\/div>\n\t\t\t\t\t\t\t\t\t\t\t\t\t\t<\/a>\n\t\t\t\t\t\t\t<a class=\"e-gallery-item elementor-gallery-item elementor-animated-content\" href=\"https:\/\/sites.usp.br\/labcaf\/wp-content\/uploads\/sites\/1224\/2023\/02\/LabCAF06.jpg\" data-elementor-open-lightbox=\"yes\" data-elementor-lightbox-slideshow=\"7adf34b\" data-elementor-lightbox-title=\"LabCAF06\" data-e-action-hash=\"#elementor-action%3Aaction%3Dlightbox%26settings%3DeyJpZCI6MTkzLCJ1cmwiOiJodHRwczpcL1wvc2l0ZXMudXNwLmJyXC9sYWJjYWZcL3dwLWNvbnRlbnRcL3VwbG9hZHNcL3NpdGVzXC8xMjI0XC8yMDIzXC8wMlwvTGFiQ0FGMDYuanBnIiwic2xpZGVzaG93IjoiN2FkZjM0YiJ9\">\n\t\t\t\t\t<div class=\"e-gallery-image elementor-gallery-item__image\" data-thumbnail=\"https:\/\/sites.usp.br\/labcaf\/wp-content\/uploads\/sites\/1224\/2023\/02\/LabCAF06-300x225.jpg\" data-width=\"300\" data-height=\"225\" aria-label=\"\" role=\"img\" ><\/div>\n\t\t\t\t\t\t\t\t\t\t\t<div class=\"elementor-gallery-item__overlay\"><\/div>\n\t\t\t\t\t\t\t\t\t\t\t\t\t\t<\/a>\n\t\t\t\t\t\t\t<a class=\"e-gallery-item elementor-gallery-item elementor-animated-content\" href=\"https:\/\/sites.usp.br\/labcaf\/wp-content\/uploads\/sites\/1224\/2023\/02\/LabCAF05.jpg\" data-elementor-open-lightbox=\"yes\" data-elementor-lightbox-slideshow=\"7adf34b\" data-elementor-lightbox-title=\"LabCAF05\" data-e-action-hash=\"#elementor-action%3Aaction%3Dlightbox%26settings%3DeyJpZCI6MTkyLCJ1cmwiOiJodHRwczpcL1wvc2l0ZXMudXNwLmJyXC9sYWJjYWZcL3dwLWNvbnRlbnRcL3VwbG9hZHNcL3NpdGVzXC8xMjI0XC8yMDIzXC8wMlwvTGFiQ0FGMDUuanBnIiwic2xpZGVzaG93IjoiN2FkZjM0YiJ9\">\n\t\t\t\t\t<div class=\"e-gallery-image elementor-gallery-item__image\" data-thumbnail=\"https:\/\/sites.usp.br\/labcaf\/wp-content\/uploads\/sites\/1224\/2023\/02\/LabCAF05-300x225.jpg\" data-width=\"300\" data-height=\"225\" aria-label=\"\" role=\"img\" ><\/div>\n\t\t\t\t\t\t\t\t\t\t\t<div class=\"elementor-gallery-item__overlay\"><\/div>\n\t\t\t\t\t\t\t\t\t\t\t\t\t\t<\/a>\n\t\t\t\t\t\t\t<a class=\"e-gallery-item elementor-gallery-item elementor-animated-content\" href=\"https:\/\/sites.usp.br\/labcaf\/wp-content\/uploads\/sites\/1224\/2023\/02\/LabCAF04.jpg\" data-elementor-open-lightbox=\"yes\" data-elementor-lightbox-slideshow=\"7adf34b\" data-elementor-lightbox-title=\"LabCAF04\" data-e-action-hash=\"#elementor-action%3Aaction%3Dlightbox%26settings%3DeyJpZCI6MTkxLCJ1cmwiOiJodHRwczpcL1wvc2l0ZXMudXNwLmJyXC9sYWJjYWZcL3dwLWNvbnRlbnRcL3VwbG9hZHNcL3NpdGVzXC8xMjI0XC8yMDIzXC8wMlwvTGFiQ0FGMDQuanBnIiwic2xpZGVzaG93IjoiN2FkZjM0YiJ9\">\n\t\t\t\t\t<div class=\"e-gallery-image elementor-gallery-item__image\" data-thumbnail=\"https:\/\/sites.usp.br\/labcaf\/wp-content\/uploads\/sites\/1224\/2023\/02\/LabCAF04-300x225.jpg\" data-width=\"300\" data-height=\"225\" aria-label=\"\" role=\"img\" ><\/div>\n\t\t\t\t\t\t\t\t\t\t\t<div class=\"elementor-gallery-item__overlay\"><\/div>\n\t\t\t\t\t\t\t\t\t\t\t\t\t\t<\/a>\n\t\t\t\t\t\t\t<a class=\"e-gallery-item elementor-gallery-item elementor-animated-content\" href=\"https:\/\/sites.usp.br\/labcaf\/wp-content\/uploads\/sites\/1224\/2023\/02\/LabCAF03.jpg\" data-elementor-open-lightbox=\"yes\" data-elementor-lightbox-slideshow=\"7adf34b\" data-elementor-lightbox-title=\"LabCAF03\" data-e-action-hash=\"#elementor-action%3Aaction%3Dlightbox%26settings%3DeyJpZCI6MTkwLCJ1cmwiOiJodHRwczpcL1wvc2l0ZXMudXNwLmJyXC9sYWJjYWZcL3dwLWNvbnRlbnRcL3VwbG9hZHNcL3NpdGVzXC8xMjI0XC8yMDIzXC8wMlwvTGFiQ0FGMDMuanBnIiwic2xpZGVzaG93IjoiN2FkZjM0YiJ9\">\n\t\t\t\t\t<div class=\"e-gallery-image elementor-gallery-item__image\" data-thumbnail=\"https:\/\/sites.usp.br\/labcaf\/wp-content\/uploads\/sites\/1224\/2023\/02\/LabCAF03-300x225.jpg\" data-width=\"300\" data-height=\"225\" aria-label=\"\" role=\"img\" ><\/div>\n\t\t\t\t\t\t\t\t\t\t\t<div class=\"elementor-gallery-item__overlay\"><\/div>\n\t\t\t\t\t\t\t\t\t\t\t\t\t\t<\/a>\n\t\t\t\t\t\t\t<a class=\"e-gallery-item elementor-gallery-item elementor-animated-content\" href=\"https:\/\/sites.usp.br\/labcaf\/wp-content\/uploads\/sites\/1224\/2023\/02\/LabCAF02.jpg\" data-elementor-open-lightbox=\"yes\" data-elementor-lightbox-slideshow=\"7adf34b\" data-elementor-lightbox-title=\"LabCAF02\" data-e-action-hash=\"#elementor-action%3Aaction%3Dlightbox%26settings%3DeyJpZCI6MTg5LCJ1cmwiOiJodHRwczpcL1wvc2l0ZXMudXNwLmJyXC9sYWJjYWZcL3dwLWNvbnRlbnRcL3VwbG9hZHNcL3NpdGVzXC8xMjI0XC8yMDIzXC8wMlwvTGFiQ0FGMDIuanBnIiwic2xpZGVzaG93IjoiN2FkZjM0YiJ9\">\n\t\t\t\t\t<div class=\"e-gallery-image elementor-gallery-item__image\" data-thumbnail=\"https:\/\/sites.usp.br\/labcaf\/wp-content\/uploads\/sites\/1224\/2023\/02\/LabCAF02-300x225.jpg\" data-width=\"300\" data-height=\"225\" aria-label=\"\" role=\"img\" ><\/div>\n\t\t\t\t\t\t\t\t\t\t\t<div class=\"elementor-gallery-item__overlay\"><\/div>\n\t\t\t\t\t\t\t\t\t\t\t\t\t\t<\/a>\n\t\t\t\t\t\t\t<a class=\"e-gallery-item elementor-gallery-item elementor-animated-content\" href=\"https:\/\/sites.usp.br\/labcaf\/wp-content\/uploads\/sites\/1224\/2023\/02\/LabCAF01.jpg\" data-elementor-open-lightbox=\"yes\" data-elementor-lightbox-slideshow=\"7adf34b\" data-elementor-lightbox-title=\"LabCAF01\" data-e-action-hash=\"#elementor-action%3Aaction%3Dlightbox%26settings%3DeyJpZCI6MTg4LCJ1cmwiOiJodHRwczpcL1wvc2l0ZXMudXNwLmJyXC9sYWJjYWZcL3dwLWNvbnRlbnRcL3VwbG9hZHNcL3NpdGVzXC8xMjI0XC8yMDIzXC8wMlwvTGFiQ0FGMDEuanBnIiwic2xpZGVzaG93IjoiN2FkZjM0YiJ9\">\n\t\t\t\t\t<div class=\"e-gallery-image elementor-gallery-item__image\" data-thumbnail=\"https:\/\/sites.usp.br\/labcaf\/wp-content\/uploads\/sites\/1224\/2023\/02\/LabCAF01-300x225.jpg\" data-width=\"300\" data-height=\"225\" aria-label=\"\" role=\"img\" ><\/div>\n\t\t\t\t\t\t\t\t\t\t\t<div class=\"elementor-gallery-item__overlay\"><\/div>\n\t\t\t\t\t\t\t\t\t\t\t\t\t\t<\/a>\n\t\t\t\t\t\t\t<a class=\"e-gallery-item elementor-gallery-item elementor-animated-content\" href=\"https:\/\/sites.usp.br\/labcaf\/wp-content\/uploads\/sites\/1224\/2023\/02\/LabCAF11.jpg\" data-elementor-open-lightbox=\"yes\" data-elementor-lightbox-slideshow=\"7adf34b\" data-elementor-lightbox-title=\"LabCAF11\" data-e-action-hash=\"#elementor-action%3Aaction%3Dlightbox%26settings%3DeyJpZCI6MTg3LCJ1cmwiOiJodHRwczpcL1wvc2l0ZXMudXNwLmJyXC9sYWJjYWZcL3dwLWNvbnRlbnRcL3VwbG9hZHNcL3NpdGVzXC8xMjI0XC8yMDIzXC8wMlwvTGFiQ0FGMTEuanBnIiwic2xpZGVzaG93IjoiN2FkZjM0YiJ9\">\n\t\t\t\t\t<div class=\"e-gallery-image elementor-gallery-item__image\" data-thumbnail=\"https:\/\/sites.usp.br\/labcaf\/wp-content\/uploads\/sites\/1224\/2023\/02\/LabCAF11-300x225.jpg\" data-width=\"300\" data-height=\"225\" aria-label=\"\" role=\"img\" ><\/div>\n\t\t\t\t\t\t\t\t\t\t\t<div class=\"elementor-gallery-item__overlay\"><\/div>\n\t\t\t\t\t\t\t\t\t\t\t\t\t\t<\/a>\n\t\t\t\t\t<\/div>\n\t\t\t<\/div>\n\t\t\t\t<\/div>\n\t\t\t\t\t<\/div>\n\t\t<\/div>\n\t\t\t\t\t<\/div>\n\t\t<\/section>\n\t\t\t\t<\/div>\n\t\t","protected":false},"excerpt":{"rendered":"<p>O Laborat\u00f3rio de Ci\u00eancias da Atividade F\u00edsica (LabCAF) \u00e9 um espa\u00e7o de 150m2 localizado no gin\u00e1sio da Escola de Artes, Ci\u00eancias e Humanidades da Universidade de S\u00e3o Paulo (EACH-USP). O LabCAF \u00e9 um espa\u00e7o coletivo para desenvolvimento de pesquisas de v\u00e1rios docentes e grupos de pesquisa vinculados ao programa de p\u00f3s-gradua\u00e7\u00e3o em Ci\u00eancias da Atividade<a href=\"https:\/\/sites.usp.br\/labcaf\/sobre-labcaf\/\">[&#8230;]<\/a><\/p>\n","protected":false},"author":813,"featured_media":0,"parent":0,"menu_order":0,"comment_status":"closed","ping_status":"closed","template":"","meta":{"footnotes":"","_links_to":"","_links_to_target":""},"class_list":["post-965","page","type-page","status-publish","hentry"],"_links":{"self":[{"href":"https:\/\/sites.usp.br\/labcaf\/wp-json\/wp\/v2\/pages\/965","targetHints":{"allow":["GET"]}}],"collection":[{"href":"https:\/\/sites.usp.br\/labcaf\/wp-json\/wp\/v2\/pages"}],"about":[{"href":"https:\/\/sites.usp.br\/labcaf\/wp-json\/wp\/v2\/types\/page"}],"author":[{"embeddable":true,"href":"https:\/\/sites.usp.br\/labcaf\/wp-json\/wp\/v2\/users\/813"}],"replies":[{"embeddable":true,"href":"https:\/\/sites.usp.br\/labcaf\/wp-json\/wp\/v2\/comments?post=965"}],"version-history":[{"count":4,"href":"https:\/\/sites.usp.br\/labcaf\/wp-json\/wp\/v2\/pages\/965\/revisions"}],"predecessor-version":[{"id":987,"href":"https:\/\/sites.usp.br\/labcaf\/wp-json\/wp\/v2\/pages\/965\/revisions\/987"}],"wp:attachment":[{"href":"https:\/\/sites.usp.br\/labcaf\/wp-json\/wp\/v2\/media?parent=965"}],"curies":[{"name":"wp","href":"https:\/\/api.w.org\/{rel}","templated":true}]}}