{"id":991,"date":"2023-02-14T11:59:03","date_gmt":"2023-02-14T13:59:03","guid":{"rendered":"https:\/\/sites.usp.br\/labcaf\/?page_id=991"},"modified":"2023-02-14T12:14:13","modified_gmt":"2023-02-14T14:14:13","slug":"docentes","status":"publish","type":"page","link":"https:\/\/sites.usp.br\/labcaf\/docentes\/","title":{"rendered":"Docentes"},"content":{"rendered":"\t\t<div data-elementor-type=\"wp-page\" data-elementor-id=\"991\" class=\"elementor elementor-991\" data-elementor-post-type=\"page\">\n\t\t\t\t\t\t<section class=\"elementor-section elementor-top-section elementor-element elementor-element-9c64591 elementor-section-boxed elementor-section-height-default elementor-section-height-default\" data-id=\"9c64591\" data-element_type=\"section\">\n\t\t\t\t\t\t<div class=\"elementor-container elementor-column-gap-default\">\n\t\t\t\t\t<div class=\"elementor-column elementor-col-100 elementor-top-column elementor-element elementor-element-56bd5e5\" data-id=\"56bd5e5\" data-element_type=\"column\">\n\t\t\t<div class=\"elementor-widget-wrap elementor-element-populated\">\n\t\t\t\t\t\t<div class=\"elementor-element elementor-element-e541d88 elementor-widget elementor-widget-text-editor\" data-id=\"e541d88\" data-element_type=\"widget\" data-widget_type=\"text-editor.default\">\n\t\t\t\t<div class=\"elementor-widget-container\">\n\t\t\t\t\t\t\t<p><em>Clique no link e acesse o Curr\u00edculo Lattes dos nossos docentes.<\/em><\/p>\t\t\t\t\t\t<\/div>\n\t\t\t\t<\/div>\n\t\t\t\t\t<\/div>\n\t\t<\/div>\n\t\t\t\t\t<\/div>\n\t\t<\/section>\n\t\t\t\t<section class=\"elementor-section elementor-top-section elementor-element elementor-element-8ff550f elementor-section-boxed elementor-section-height-default elementor-section-height-default\" data-id=\"8ff550f\" data-element_type=\"section\">\n\t\t\t\t\t\t<div class=\"elementor-container elementor-column-gap-default\">\n\t\t\t\t\t<div class=\"elementor-column elementor-col-100 elementor-top-column elementor-element elementor-element-381d635\" data-id=\"381d635\" data-element_type=\"column\">\n\t\t\t<div class=\"elementor-widget-wrap elementor-element-populated\">\n\t\t\t\t\t\t<div class=\"elementor-element elementor-element-bc317be elementor-widget-divider--view-line elementor-widget elementor-widget-divider\" data-id=\"bc317be\" data-element_type=\"widget\" data-widget_type=\"divider.default\">\n\t\t\t\t<div class=\"elementor-widget-container\">\n\t\t\t\t\t<div class=\"elementor-divider\">\n\t\t\t<span class=\"elementor-divider-separator\">\n\t\t\t\t\t\t<\/span>\n\t\t<\/div>\n\t\t\t\t<\/div>\n\t\t\t\t<\/div>\n\t\t\t\t\t<\/div>\n\t\t<\/div>\n\t\t\t\t\t<\/div>\n\t\t<\/section>\n\t\t\t\t<section class=\"elementor-section elementor-top-section elementor-element elementor-element-03322c8 elementor-section-boxed elementor-section-height-default elementor-section-height-default\" data-id=\"03322c8\" data-element_type=\"section\">\n\t\t\t\t\t\t<div class=\"elementor-container elementor-column-gap-default\">\n\t\t\t\t\t<div class=\"elementor-column elementor-col-33 elementor-top-column elementor-element elementor-element-8a27ead\" data-id=\"8a27ead\" data-element_type=\"column\">\n\t\t\t<div class=\"elementor-widget-wrap elementor-element-populated\">\n\t\t\t\t\t\t<div class=\"elementor-element elementor-element-c607a11 elementor-widget elementor-widget-text-editor\" data-id=\"c607a11\" data-element_type=\"widget\" data-widget_type=\"text-editor.default\">\n\t\t\t\t<div class=\"elementor-widget-container\">\n\t\t\t\t\t\t\t<p><a href=\"https:\/\/sites.usp.br\/labcaf\/wp-content\/uploads\/sites\/1224\/2023\/02\/Alessandro-Hervaldo-Nicolai-Re.gif\"><img decoding=\"async\" class=\"size-full wp-image-173 aligncenter\" src=\"https:\/\/sites.usp.br\/labcaf\/wp-content\/uploads\/sites\/1224\/2023\/02\/Alessandro-Hervaldo-Nicolai-Re.gif\" alt=\"\" width=\"95\" height=\"99\" data-id=\"173\" \/><\/a><\/p><p style=\"text-align: center;\"><a href=\"http:\/\/buscatextual.cnpq.br\/buscatextual\/visualizacv.do?id=K4771946J3\">Alessandro Hervaldo Nicolai R\u00e9<\/a><\/p>\t\t\t\t\t\t<\/div>\n\t\t\t\t<\/div>\n\t\t\t\t\t<\/div>\n\t\t<\/div>\n\t\t\t\t<div class=\"elementor-column elementor-col-33 elementor-top-column elementor-element elementor-element-e012e7f\" data-id=\"e012e7f\" data-element_type=\"column\">\n\t\t\t<div class=\"elementor-widget-wrap elementor-element-populated\">\n\t\t\t\t\t\t<div class=\"elementor-element elementor-element-66af93b elementor-widget elementor-widget-text-editor\" data-id=\"66af93b\" data-element_type=\"widget\" data-widget_type=\"text-editor.default\">\n\t\t\t\t<div class=\"elementor-widget-container\">\n\t\t\t\t\t\t\t<p><a href=\"https:\/\/sites.usp.br\/labcaf\/wp-content\/uploads\/sites\/1224\/2023\/02\/Carlos-Bandeira-de-Mello-Monteiro.gif\"><img decoding=\"async\" class=\"size-full wp-image-174 aligncenter\" src=\"https:\/\/sites.usp.br\/labcaf\/wp-content\/uploads\/sites\/1224\/2023\/02\/Carlos-Bandeira-de-Mello-Monteiro.gif\" alt=\"\" width=\"95\" height=\"99\" data-id=\"174\" \/><\/a><\/p><p style=\"text-align: center;\"><a href=\"http:\/\/buscatextual.cnpq.br\/buscatextual\/visualizacv.do?id=K4757735P3\">Carlos Bandeira de Mello Monteiro<\/a><\/p>\t\t\t\t\t\t<\/div>\n\t\t\t\t<\/div>\n\t\t\t\t\t<\/div>\n\t\t<\/div>\n\t\t\t\t<div class=\"elementor-column elementor-col-33 elementor-top-column elementor-element elementor-element-0fec393\" data-id=\"0fec393\" data-element_type=\"column\">\n\t\t\t<div class=\"elementor-widget-wrap elementor-element-populated\">\n\t\t\t\t\t\t<div class=\"elementor-element elementor-element-2c1417c elementor-widget elementor-widget-text-editor\" data-id=\"2c1417c\" data-element_type=\"widget\" data-widget_type=\"text-editor.default\">\n\t\t\t\t<div class=\"elementor-widget-container\">\n\t\t\t\t\t\t\t<p style=\"text-align: center;\"><a href=\"https:\/\/sites.usp.br\/labcaf\/wp-content\/uploads\/sites\/1224\/2023\/02\/Cassio-M-Meira-Jr.gif\"><img decoding=\"async\" class=\"alignnone size-full wp-image-175\" src=\"https:\/\/sites.usp.br\/labcaf\/wp-content\/uploads\/sites\/1224\/2023\/02\/Cassio-M-Meira-Jr.gif\" alt=\"\" width=\"95\" height=\"99\" data-id=\"175\" \/><\/a><\/p><p style=\"text-align: center;\"><a href=\"http:\/\/each.uspnet.usp.br\/cmj\/\" target=\"_blank\" rel=\"noopener noreferrer\">C\u00e1ssio M. Meira Jr.<\/a><\/p>\t\t\t\t\t\t<\/div>\n\t\t\t\t<\/div>\n\t\t\t\t\t<\/div>\n\t\t<\/div>\n\t\t\t\t\t<\/div>\n\t\t<\/section>\n\t\t\t\t<section class=\"elementor-section elementor-top-section elementor-element elementor-element-6ec697a elementor-section-boxed elementor-section-height-default elementor-section-height-default\" data-id=\"6ec697a\" data-element_type=\"section\">\n\t\t\t\t\t\t<div class=\"elementor-container elementor-column-gap-default\">\n\t\t\t\t\t<div class=\"elementor-column elementor-col-33 elementor-top-column elementor-element elementor-element-7eb7134\" data-id=\"7eb7134\" data-element_type=\"column\">\n\t\t\t<div class=\"elementor-widget-wrap elementor-element-populated\">\n\t\t\t\t\t\t<div class=\"elementor-element elementor-element-dc4a61e elementor-widget elementor-widget-text-editor\" data-id=\"dc4a61e\" data-element_type=\"widget\" data-widget_type=\"text-editor.default\">\n\t\t\t\t<div class=\"elementor-widget-container\">\n\t\t\t\t\t\t\t<p style=\"text-align: center;\"><a href=\"https:\/\/sites.usp.br\/labcaf\/wp-content\/uploads\/sites\/1224\/2023\/02\/Dante-de-Rose-Junior.gif\"><img loading=\"lazy\" decoding=\"async\" class=\"alignnone size-full wp-image-176\" src=\"https:\/\/sites.usp.br\/labcaf\/wp-content\/uploads\/sites\/1224\/2023\/02\/Dante-de-Rose-Junior.gif\" alt=\"\" width=\"95\" height=\"99\" data-id=\"176\" \/><\/a><\/p><p style=\"text-align: center;\"><a href=\"http:\/\/buscatextual.cnpq.br\/buscatextual\/visualizacv.do?id=K4798511E7\">Dante De Rose Jr.<\/a><\/p>\t\t\t\t\t\t<\/div>\n\t\t\t\t<\/div>\n\t\t\t\t\t<\/div>\n\t\t<\/div>\n\t\t\t\t<div class=\"elementor-column elementor-col-33 elementor-top-column elementor-element elementor-element-eb23860\" data-id=\"eb23860\" data-element_type=\"column\">\n\t\t\t<div class=\"elementor-widget-wrap elementor-element-populated\">\n\t\t\t\t\t\t<div class=\"elementor-element elementor-element-64903ea elementor-widget elementor-widget-text-editor\" data-id=\"64903ea\" data-element_type=\"widget\" data-widget_type=\"text-editor.default\">\n\t\t\t\t<div class=\"elementor-widget-container\">\n\t\t\t\t\t\t\t<p style=\"text-align: center;\"><a href=\"https:\/\/sites.usp.br\/labcaf\/wp-content\/uploads\/sites\/1224\/2023\/02\/Fernando-Henrique-Magalhaes.gif\"><img loading=\"lazy\" decoding=\"async\" class=\"alignnone size-full wp-image-177\" src=\"https:\/\/sites.usp.br\/labcaf\/wp-content\/uploads\/sites\/1224\/2023\/02\/Fernando-Henrique-Magalhaes.gif\" alt=\"\" width=\"95\" height=\"99\" data-id=\"177\" \/><\/a><\/p><p style=\"text-align: center;\">\u00a0<a href=\"http:\/\/buscatextual.cnpq.br\/buscatextual\/visualizacv.do?id=K4736497Z4\">Fernando Henrique Magalh\u00e3es<\/a><\/p>\t\t\t\t\t\t<\/div>\n\t\t\t\t<\/div>\n\t\t\t\t\t<\/div>\n\t\t<\/div>\n\t\t\t\t<div class=\"elementor-column elementor-col-33 elementor-top-column elementor-element elementor-element-4636b62\" data-id=\"4636b62\" data-element_type=\"column\">\n\t\t\t<div class=\"elementor-widget-wrap elementor-element-populated\">\n\t\t\t\t\t\t<div class=\"elementor-element elementor-element-55284a6 elementor-widget elementor-widget-text-editor\" data-id=\"55284a6\" data-element_type=\"widget\" data-widget_type=\"text-editor.default\">\n\t\t\t\t<div class=\"elementor-widget-container\">\n\t\t\t\t\t\t\t<p style=\"text-align: center;\"><a href=\"https:\/\/sites.usp.br\/labcaf\/wp-content\/uploads\/sites\/1224\/2023\/02\/Flavio-de-Oliveira-Pires.gif\"><img loading=\"lazy\" decoding=\"async\" class=\"alignnone size-full wp-image-179\" src=\"https:\/\/sites.usp.br\/labcaf\/wp-content\/uploads\/sites\/1224\/2023\/02\/Flavio-de-Oliveira-Pires.gif\" alt=\"\" width=\"95\" height=\"99\" data-id=\"179\" \/><\/a><\/p><p style=\"text-align: center;\">\u00a0<a href=\"http:\/\/lattes.cnpq.br\/1256465247257763\">Flavio de Oliveira Pires<\/a><\/p>\t\t\t\t\t\t<\/div>\n\t\t\t\t<\/div>\n\t\t\t\t\t<\/div>\n\t\t<\/div>\n\t\t\t\t\t<\/div>\n\t\t<\/section>\n\t\t\t\t<section class=\"elementor-section elementor-top-section elementor-element elementor-element-be7645a elementor-section-boxed elementor-section-height-default elementor-section-height-default\" data-id=\"be7645a\" data-element_type=\"section\">\n\t\t\t\t\t\t<div class=\"elementor-container elementor-column-gap-default\">\n\t\t\t\t\t<div class=\"elementor-column elementor-col-33 elementor-top-column elementor-element elementor-element-557e838\" data-id=\"557e838\" data-element_type=\"column\">\n\t\t\t<div class=\"elementor-widget-wrap elementor-element-populated\">\n\t\t\t\t\t\t<div class=\"elementor-element elementor-element-67f25e9 elementor-widget elementor-widget-text-editor\" data-id=\"67f25e9\" data-element_type=\"widget\" data-widget_type=\"text-editor.default\">\n\t\t\t\t<div class=\"elementor-widget-container\">\n\t\t\t\t\t\t\t<p style=\"text-align: center;\"><a href=\"https:\/\/sites.usp.br\/labcaf\/wp-content\/uploads\/sites\/1224\/2023\/02\/Linda-Massako-Ueno-Pardi.gif\"><img loading=\"lazy\" decoding=\"async\" class=\"alignnone size-full wp-image-182\" src=\"https:\/\/sites.usp.br\/labcaf\/wp-content\/uploads\/sites\/1224\/2023\/02\/Linda-Massako-Ueno-Pardi.gif\" alt=\"\" width=\"95\" height=\"99\" data-id=\"182\" \/><\/a><\/p><p style=\"text-align: center;\"><a href=\"http:\/\/buscatextual.cnpq.br\/buscatextual\/visualizacv.do?id=K4739836E6\">Linda Massako Ueno<\/a><\/p>\t\t\t\t\t\t<\/div>\n\t\t\t\t<\/div>\n\t\t\t\t\t<\/div>\n\t\t<\/div>\n\t\t\t\t<div class=\"elementor-column elementor-col-33 elementor-top-column elementor-element elementor-element-2463e8b\" data-id=\"2463e8b\" data-element_type=\"column\">\n\t\t\t<div class=\"elementor-widget-wrap elementor-element-populated\">\n\t\t\t\t\t\t<div class=\"elementor-element elementor-element-5613437 elementor-widget elementor-widget-text-editor\" data-id=\"5613437\" data-element_type=\"widget\" data-widget_type=\"text-editor.default\">\n\t\t\t\t<div class=\"elementor-widget-container\">\n\t\t\t\t\t\t\t<p style=\"text-align: center;\"><a href=\"https:\/\/sites.usp.br\/labcaf\/wp-content\/uploads\/sites\/1224\/2023\/02\/Luiz-Mochizuki.png\"><img loading=\"lazy\" decoding=\"async\" class=\"alignnone size-full wp-image-184\" src=\"https:\/\/sites.usp.br\/labcaf\/wp-content\/uploads\/sites\/1224\/2023\/02\/Luiz-Mochizuki.png\" alt=\"\" width=\"95\" height=\"99\" data-id=\"184\" \/><\/a><\/p><p style=\"text-align: center;\"><a href=\"http:\/\/buscatextual.cnpq.br\/buscatextual\/visualizacv.do?id=K4799501Z6\">Luis Mochizuki<\/a><\/p>\t\t\t\t\t\t<\/div>\n\t\t\t\t<\/div>\n\t\t\t\t\t<\/div>\n\t\t<\/div>\n\t\t\t\t<div class=\"elementor-column elementor-col-33 elementor-top-column elementor-element elementor-element-b7bf9b1\" data-id=\"b7bf9b1\" data-element_type=\"column\">\n\t\t\t<div class=\"elementor-widget-wrap elementor-element-populated\">\n\t\t\t\t\t\t<div class=\"elementor-element elementor-element-1f2b86d elementor-widget elementor-widget-text-editor\" data-id=\"1f2b86d\" data-element_type=\"widget\" data-widget_type=\"text-editor.default\">\n\t\t\t\t<div class=\"elementor-widget-container\">\n\t\t\t\t\t\t\t<p style=\"text-align: center;\"><a href=\"https:\/\/sites.usp.br\/labcaf\/wp-content\/uploads\/sites\/1224\/2023\/02\/Marcelo-Massa.gif\"><img loading=\"lazy\" decoding=\"async\" class=\"alignnone size-full wp-image-178\" src=\"https:\/\/sites.usp.br\/labcaf\/wp-content\/uploads\/sites\/1224\/2023\/02\/Marcelo-Massa.gif\" alt=\"\" width=\"95\" height=\"99\" data-id=\"178\" \/><\/a><\/p><p style=\"text-align: center;\"><a href=\"http:\/\/buscatextual.cnpq.br\/buscatextual\/visualizacv.do?id=K4771043T6\">Marcelo Massa<\/a><\/p>\t\t\t\t\t\t<\/div>\n\t\t\t\t<\/div>\n\t\t\t\t\t<\/div>\n\t\t<\/div>\n\t\t\t\t\t<\/div>\n\t\t<\/section>\n\t\t\t\t<section class=\"elementor-section elementor-top-section elementor-element elementor-element-4470da9 elementor-section-boxed elementor-section-height-default elementor-section-height-default\" data-id=\"4470da9\" data-element_type=\"section\">\n\t\t\t\t\t\t<div class=\"elementor-container elementor-column-gap-default\">\n\t\t\t\t\t<div class=\"elementor-column elementor-col-33 elementor-top-column elementor-element elementor-element-a9ec4ea\" data-id=\"a9ec4ea\" data-element_type=\"column\">\n\t\t\t<div class=\"elementor-widget-wrap elementor-element-populated\">\n\t\t\t\t\t\t<div class=\"elementor-element elementor-element-8e67883 elementor-widget elementor-widget-text-editor\" data-id=\"8e67883\" data-element_type=\"widget\" data-widget_type=\"text-editor.default\">\n\t\t\t\t<div class=\"elementor-widget-container\">\n\t\t\t\t\t\t\t<p style=\"text-align: center;\"><a href=\"https:\/\/sites.usp.br\/labcaf\/wp-content\/uploads\/sites\/1224\/2023\/02\/Marcelo-Aoki.png\"><img loading=\"lazy\" decoding=\"async\" class=\"alignnone size-full wp-image-185\" src=\"https:\/\/sites.usp.br\/labcaf\/wp-content\/uploads\/sites\/1224\/2023\/02\/Marcelo-Aoki.png\" alt=\"\" width=\"95\" height=\"99\" data-id=\"185\" \/><\/a><\/p><p style=\"text-align: center;\"><a href=\"http:\/\/lattes.cnpq.br\/9523612922902660\">Marcelo Saldanha Aoki<\/a><\/p>\t\t\t\t\t\t<\/div>\n\t\t\t\t<\/div>\n\t\t\t\t\t<\/div>\n\t\t<\/div>\n\t\t\t\t<div class=\"elementor-column elementor-col-33 elementor-top-column elementor-element elementor-element-17c321e\" data-id=\"17c321e\" data-element_type=\"column\">\n\t\t\t<div class=\"elementor-widget-wrap elementor-element-populated\">\n\t\t\t\t\t\t<div class=\"elementor-element elementor-element-6efcaf8 elementor-widget elementor-widget-text-editor\" data-id=\"6efcaf8\" data-element_type=\"widget\" data-widget_type=\"text-editor.default\">\n\t\t\t\t<div class=\"elementor-widget-container\">\n\t\t\t\t\t\t\t<p style=\"text-align: center;\"><a href=\"https:\/\/sites.usp.br\/labcaf\/wp-content\/uploads\/sites\/1224\/2023\/02\/Frank-Bacurau.png\"><img loading=\"lazy\" decoding=\"async\" class=\"alignnone size-full wp-image-180\" src=\"https:\/\/sites.usp.br\/labcaf\/wp-content\/uploads\/sites\/1224\/2023\/02\/Frank-Bacurau.png\" alt=\"\" width=\"95\" height=\"99\" data-id=\"180\" \/><\/a><\/p><p style=\"text-align: center;\"><a href=\"http:\/\/lattes.cnpq.br\/7771724072840950\">Reury Frank P. Bacurau<\/a><\/p>\t\t\t\t\t\t<\/div>\n\t\t\t\t<\/div>\n\t\t\t\t\t<\/div>\n\t\t<\/div>\n\t\t\t\t<div class=\"elementor-column elementor-col-33 elementor-top-column elementor-element elementor-element-4d412a8\" data-id=\"4d412a8\" data-element_type=\"column\">\n\t\t\t<div class=\"elementor-widget-wrap elementor-element-populated\">\n\t\t\t\t\t\t<div class=\"elementor-element elementor-element-29b72c4 elementor-widget elementor-widget-text-editor\" data-id=\"29b72c4\" data-element_type=\"widget\" data-widget_type=\"text-editor.default\">\n\t\t\t\t<div class=\"elementor-widget-container\">\n\t\t\t\t\t\t\t<p style=\"text-align: center;\"><a href=\"https:\/\/sites.usp.br\/labcaf\/wp-content\/uploads\/sites\/1224\/2023\/02\/Ulysses-Fernandes-Ervilha.gif\"><img loading=\"lazy\" decoding=\"async\" class=\"alignnone size-full wp-image-186\" src=\"https:\/\/sites.usp.br\/labcaf\/wp-content\/uploads\/sites\/1224\/2023\/02\/Ulysses-Fernandes-Ervilha.gif\" alt=\"\" width=\"95\" height=\"99\" data-id=\"186\" \/><\/a><\/p><p style=\"text-align: center;\"><a href=\"http:\/\/lattes.cnpq.br\/8008452405280965\">Ulysses Fernandes Ervilha<\/a><\/p>\t\t\t\t\t\t<\/div>\n\t\t\t\t<\/div>\n\t\t\t\t\t<\/div>\n\t\t<\/div>\n\t\t\t\t\t<\/div>\n\t\t<\/section>\n\t\t\t\t<\/div>\n\t\t","protected":false},"excerpt":{"rendered":"<p>Clique no link e acesse o Curr\u00edculo Lattes dos nossos docentes. Alessandro Hervaldo Nicolai R\u00e9 Carlos Bandeira de Mello Monteiro C\u00e1ssio M. Meira Jr. Dante De Rose Jr. \u00a0Fernando Henrique Magalh\u00e3es \u00a0Flavio de Oliveira Pires Linda Massako Ueno Luis Mochizuki Marcelo Massa Marcelo Saldanha Aoki Reury Frank P. Bacurau Ulysses Fernandes Ervilha<\/p>\n","protected":false},"author":813,"featured_media":0,"parent":0,"menu_order":0,"comment_status":"closed","ping_status":"closed","template":"","meta":{"footnotes":"","_links_to":"","_links_to_target":""},"class_list":["post-991","page","type-page","status-publish","hentry"],"_links":{"self":[{"href":"https:\/\/sites.usp.br\/labcaf\/wp-json\/wp\/v2\/pages\/991","targetHints":{"allow":["GET"]}}],"collection":[{"href":"https:\/\/sites.usp.br\/labcaf\/wp-json\/wp\/v2\/pages"}],"about":[{"href":"https:\/\/sites.usp.br\/labcaf\/wp-json\/wp\/v2\/types\/page"}],"author":[{"embeddable":true,"href":"https:\/\/sites.usp.br\/labcaf\/wp-json\/wp\/v2\/users\/813"}],"replies":[{"embeddable":true,"href":"https:\/\/sites.usp.br\/labcaf\/wp-json\/wp\/v2\/comments?post=991"}],"version-history":[{"count":4,"href":"https:\/\/sites.usp.br\/labcaf\/wp-json\/wp\/v2\/pages\/991\/revisions"}],"predecessor-version":[{"id":995,"href":"https:\/\/sites.usp.br\/labcaf\/wp-json\/wp\/v2\/pages\/991\/revisions\/995"}],"wp:attachment":[{"href":"https:\/\/sites.usp.br\/labcaf\/wp-json\/wp\/v2\/media?parent=991"}],"curies":[{"name":"wp","href":"https:\/\/api.w.org\/{rel}","templated":true}]}}