{"id":1015,"date":"2020-08-13T13:30:57","date_gmt":"2020-08-13T16:30:57","guid":{"rendered":"https:\/\/sites.usp.br\/labeel\/?page_id=1015"},"modified":"2022-04-24T08:55:35","modified_gmt":"2022-04-24T11:55:35","slug":"recursos","status":"publish","type":"page","link":"https:\/\/sites.usp.br\/labeel\/laboratorios\/recursos\/","title":{"rendered":"Recursos"},"content":{"rendered":"\t\t<div data-elementor-type=\"wp-page\" data-elementor-id=\"1015\" class=\"elementor elementor-1015\" data-elementor-post-type=\"page\">\n\t\t\t\t\t\t<section class=\"elementor-section elementor-top-section elementor-element elementor-element-41da53f9 elementor-section-boxed elementor-section-height-default elementor-section-height-default\" data-id=\"41da53f9\" data-element_type=\"section\">\n\t\t\t\t\t\t<div class=\"elementor-container elementor-column-gap-default\">\n\t\t\t\t\t<div class=\"elementor-column elementor-col-100 elementor-top-column elementor-element elementor-element-5b9bf6ec\" data-id=\"5b9bf6ec\" data-element_type=\"column\">\n\t\t\t<div class=\"elementor-widget-wrap elementor-element-populated\">\n\t\t\t\t\t\t<div class=\"elementor-element elementor-element-4b30d076 elementor-widget elementor-widget-text-editor\" data-id=\"4b30d076\" data-element_type=\"widget\" data-widget_type=\"text-editor.default\">\n\t\t\t\t<div class=\"elementor-widget-container\">\n\t\t\t\t\t\t\t<p style=\"text-align: justify;\">O laborat\u00f3rios Hertz Maker e Espa\u00e7o Labore possuem diversas ferramentas \u00fateis para o desenvolvimento de trabalhos pelos makers. Confira a nossa galeria de fotos e conhe\u00e7a um pouco mais de nossos recursos!<\/p><h2 style=\"text-align: center;\"><strong>Ferramentas<\/strong><\/h2><p><style> .cycloneslider-img-copy { background: none repeat scroll 0 0 #fff; bottom: 27%; color: #000; font-size: 80%; opacity: 0.7; padding: 0 5px; position: absolute; right: 10px; }<\/style> <div tabindex=\"0\" class=\"cycloneslider cycloneslider-template-standard cycloneslider-width-responsive\" id=\"cycloneslider-ferramentas-dos-laboratorios-1\" style=\"max-width:960px\" > <div class=\"cycloneslider-slides cycle-slideshow\" data-cycle-allow-wrap=\"true\" data-cycle-dynamic-height=\"off\" data-cycle-auto-height=\"960:480\" data-cycle-auto-height-easing=\"null\" data-cycle-auto-height-speed=\"250\" data-cycle-delay=\"0\" data-cycle-easing=\"\" data-cycle-fx=\"fade\" data-cycle-hide-non-active=\"true\" data-cycle-log=\"false\" data-cycle-next=\"#cycloneslider-ferramentas-dos-laboratorios-1 .cycloneslider-next\" data-cycle-pager=\"#cycloneslider-ferramentas-dos-laboratorios-1 .cycloneslider-pager\" data-cycle-pause-on-hover=\"true\" data-cycle-prev=\"#cycloneslider-ferramentas-dos-laboratorios-1 .cycloneslider-prev\" data-cycle-slides=\"&gt; div\" data-cycle-speed=\"1000\" data-cycle-swipe=\"false\" data-cycle-tile-count=\"7\" data-cycle-tile-delay=\"100\" data-cycle-tile-vertical=\"true\" data-cycle-timeout=\"6000\" > <div class=\"cycloneslider-slide cycloneslider-slide-image\" > <img decoding=\"async\" src=\"https:\/\/sites.usp.br\/labeel\/wp-content\/uploads\/sites\/785\/2020\/08\/Esmerilhadeira-GWS12-125CI-Bosch.png\" title=\"\" \/> <div class=\"cycloneslider-caption\"> <div class=\"cycloneslider-caption-title\"><\/div> <div class=\"cycloneslider-caption-description\">Esmerilhadeira GWS12 125CI Bosch<\/div> <\/div> <\/div> <div class=\"cycloneslider-slide cycloneslider-slide-image\" > <img decoding=\"async\" src=\"https:\/\/sites.usp.br\/labeel\/wp-content\/uploads\/sites\/785\/2020\/08\/Furadeira-GBM13-2-Bosch.png\" title=\"\" \/> <div class=\"cycloneslider-caption\"> <div class=\"cycloneslider-caption-title\"><\/div> <div class=\"cycloneslider-caption-description\">Furadeira GBM13-2 Bosch<\/div> <\/div> <\/div> <div class=\"cycloneslider-slide cycloneslider-slide-image\" > <img decoding=\"async\" src=\"https:\/\/sites.usp.br\/labeel\/wp-content\/uploads\/sites\/785\/2020\/08\/Furadeira-HP1630K-Makita.png\" title=\"\" \/> <div class=\"cycloneslider-caption\"> <div class=\"cycloneslider-caption-title\"><\/div> <div class=\"cycloneslider-caption-description\">Furadeira HP1630K Makita<\/div> <\/div> <\/div> <div class=\"cycloneslider-slide cycloneslider-slide-image\" > <img decoding=\"async\" src=\"https:\/\/sites.usp.br\/labeel\/wp-content\/uploads\/sites\/785\/2020\/08\/Kit-de-Ferramentas-102-pe\u00e7as-P-90342-Makita.png\" title=\"\" \/> <div class=\"cycloneslider-caption\"> <div class=\"cycloneslider-caption-title\"><\/div> <div class=\"cycloneslider-caption-description\">Kit de Ferramentas 102 pe\u00e7as P-90342 Makita<\/div> <\/div> <\/div> <div class=\"cycloneslider-slide cycloneslider-slide-image\" > <img decoding=\"async\" src=\"https:\/\/sites.usp.br\/labeel\/wp-content\/uploads\/sites\/785\/2020\/08\/Retificadeira-GD0800C-Makita.png\" title=\"\" \/> <div class=\"cycloneslider-caption\"> <div class=\"cycloneslider-caption-title\"><\/div> <div class=\"cycloneslider-caption-description\">Retificadeira GD0800C Makita<\/div> <\/div> <\/div> <div class=\"cycloneslider-slide cycloneslider-slide-image\" > <img decoding=\"async\" src=\"https:\/\/sites.usp.br\/labeel\/wp-content\/uploads\/sites\/785\/2020\/08\/Serra-M\u00e1rmore-4100NH2Z-Makita.png\" title=\"\" \/> <div class=\"cycloneslider-caption\"> <div class=\"cycloneslider-caption-title\"><\/div> <div class=\"cycloneslider-caption-description\">Serra M\u00e1rmore 4100NH2Z Makita<\/div> <\/div> <\/div> <div class=\"cycloneslider-slide cycloneslider-slide-image\" > <img decoding=\"async\" src=\"https:\/\/sites.usp.br\/labeel\/wp-content\/uploads\/sites\/785\/2020\/08\/Serra-Policorte-GCO2000-Bosch.png\" title=\"\" \/> <div class=\"cycloneslider-caption\"> <div class=\"cycloneslider-caption-title\"><\/div> <div class=\"cycloneslider-caption-description\">Serra Policorte GCO2000 Bosch<\/div> <\/div> <\/div> <div class=\"cycloneslider-slide cycloneslider-slide-image\" > <img decoding=\"async\" src=\"https:\/\/sites.usp.br\/labeel\/wp-content\/uploads\/sites\/785\/2020\/08\/Serra-Tico-Tico-GST65BE-Bosch.png\" title=\"\" \/> <div class=\"cycloneslider-caption\"> <div class=\"cycloneslider-caption-title\"><\/div> <div class=\"cycloneslider-caption-description\">Serra Tico-Tico GST65BE Bosch<\/div> <\/div> <\/div> <\/div> <div class=\"cycloneslider-pager\"><\/div> <a href=\"#\" class=\"cycloneslider-prev\"> <span class=\"arrow\"><\/span> <\/a> <a href=\"#\" class=\"cycloneslider-next\"> <span class=\"arrow\"><\/span> <\/a> <\/div><\/p><p>\u00a0<\/p>\t\t\t\t\t\t<\/div>\n\t\t\t\t<\/div>\n\t\t\t\t\t<\/div>\n\t\t<\/div>\n\t\t\t\t\t<\/div>\n\t\t<\/section>\n\t\t\t\t<\/div>\n\t\t","protected":false},"excerpt":{"rendered":"<p>O laborat\u00f3rios Hertz Maker e Espa\u00e7o Labore possuem diversas ferramentas \u00fateis para o desenvolvimento de trabalhos pelos makers. Confira a &hellip; <\/p>\n<p class=\"link-more\"><a href=\"https:\/\/sites.usp.br\/labeel\/laboratorios\/recursos\/\" class=\"more-link\">Continue lendo<span class=\"screen-reader-text\"> &#8220;Recursos&#8221;<\/span><\/a><\/p>\n","protected":false},"author":22017,"featured_media":0,"parent":1018,"menu_order":0,"comment_status":"closed","ping_status":"closed","template":"","meta":{"_monsterinsights_skip_tracking":false,"_monsterinsights_sitenote_active":false,"_monsterinsights_sitenote_note":"","_monsterinsights_sitenote_category":0,"footnotes":"","_links_to":"","_links_to_target":""},"class_list":["post-1015","page","type-page","status-publish","hentry"],"_links":{"self":[{"href":"https:\/\/sites.usp.br\/labeel\/wp-json\/wp\/v2\/pages\/1015","targetHints":{"allow":["GET"]}}],"collection":[{"href":"https:\/\/sites.usp.br\/labeel\/wp-json\/wp\/v2\/pages"}],"about":[{"href":"https:\/\/sites.usp.br\/labeel\/wp-json\/wp\/v2\/types\/page"}],"author":[{"embeddable":true,"href":"https:\/\/sites.usp.br\/labeel\/wp-json\/wp\/v2\/users\/22017"}],"replies":[{"embeddable":true,"href":"https:\/\/sites.usp.br\/labeel\/wp-json\/wp\/v2\/comments?post=1015"}],"version-history":[{"count":4,"href":"https:\/\/sites.usp.br\/labeel\/wp-json\/wp\/v2\/pages\/1015\/revisions"}],"predecessor-version":[{"id":2542,"href":"https:\/\/sites.usp.br\/labeel\/wp-json\/wp\/v2\/pages\/1015\/revisions\/2542"}],"up":[{"embeddable":true,"href":"https:\/\/sites.usp.br\/labeel\/wp-json\/wp\/v2\/pages\/1018"}],"wp:attachment":[{"href":"https:\/\/sites.usp.br\/labeel\/wp-json\/wp\/v2\/media?parent=1015"}],"curies":[{"name":"wp","href":"https:\/\/api.w.org\/{rel}","templated":true}]}}