{"id":26,"date":"2013-11-21T19:00:33","date_gmt":"2013-11-21T19:00:33","guid":{"rendered":"http:\/\/sites.usp.br\/labfisiorenal\/?page_id=26"},"modified":"2024-01-26T10:45:34","modified_gmt":"2024-01-26T12:45:34","slug":"contato","status":"publish","type":"page","link":"https:\/\/sites.usp.br\/labfisiorenal\/contato\/","title":{"rendered":"Contato"},"content":{"rendered":"<div id=\"pl-26\"  class=\"panel-layout\" ><div id=\"pg-26-0\"  class=\"panel-grid panel-no-style\" ><div id=\"pgc-26-0-0\"  class=\"panel-grid-cell\" ><div id=\"panel-26-0-0-0\" class=\"so-panel widget widget_sow-editor panel-first-child panel-last-child\" data-index=\"0\" ><div class=\"panel-widget-style panel-widget-style-for-26-0-0-0\" ><div\n\t\t\t\n\t\t\tclass=\"so-widget-sow-editor so-widget-sow-editor-base\"\n\t\t\t\n\t\t>\n<div class=\"siteorigin-widget-tinymce textwidget\">\n\t\n<div class=\"wpcf7 no-js\" id=\"wpcf7-f25-o1\" lang=\"pt-BR\" dir=\"ltr\" data-wpcf7-id=\"25\">\n<div class=\"screen-reader-response\"><p role=\"status\" aria-live=\"polite\" aria-atomic=\"true\"><\/p> <ul><\/ul><\/div>\n<form action=\"\/labfisiorenal\/wp-json\/wp\/v2\/pages\/26#wpcf7-f25-o1\" method=\"post\" class=\"wpcf7-form init\" aria-label=\"Formul\u00e1rios de contato\" novalidate=\"novalidate\" data-status=\"init\">\n<fieldset class=\"hidden-fields-container\"><input type=\"hidden\" name=\"_wpcf7\" value=\"25\" \/><input type=\"hidden\" name=\"_wpcf7_version\" value=\"6.1.5\" \/><input type=\"hidden\" name=\"_wpcf7_locale\" value=\"pt_BR\" \/><input type=\"hidden\" name=\"_wpcf7_unit_tag\" value=\"wpcf7-f25-o1\" \/><input type=\"hidden\" name=\"_wpcf7_container_post\" value=\"0\" \/><input type=\"hidden\" name=\"_wpcf7_posted_data_hash\" value=\"\" \/><input type=\"hidden\" name=\"_wpcf7_recaptcha_response\" value=\"\" \/>\n<\/fieldset>\n<p>Laborat\u00f3rio de Fisiologia Renal<br \/>\nSala 227 - Profa Dra Maria Oliveira de Souza<br \/>\nAv. Prof. Lineu Prestes, 1524<br \/>\nCidade Universit\u00e1ria - Butant\u00e3<br \/>\nS\u00e3o Paulo - SP<br \/>\nCEP 05508-000\n<\/p>\n<p><b>Envie uma mensagem:<\/b>\n<\/p>\n<p>Seu nome (obrigat\u00f3rio)\n<\/p>\n<p><span class=\"wpcf7-form-control-wrap\" data-name=\"your-name\"><input size=\"40\" maxlength=\"400\" class=\"wpcf7-form-control wpcf7-text wpcf7-validates-as-required\" aria-required=\"true\" aria-invalid=\"false\" value=\"\" type=\"text\" name=\"your-name\" \/><\/span>\n<\/p>\n<p>Seu e-mail (obrigat\u00f3rio)\n<\/p>\n<p><span class=\"wpcf7-form-control-wrap\" data-name=\"your-email\"><input size=\"40\" maxlength=\"400\" class=\"wpcf7-form-control wpcf7-email wpcf7-validates-as-required wpcf7-text wpcf7-validates-as-email\" aria-required=\"true\" aria-invalid=\"false\" value=\"\" type=\"email\" name=\"your-email\" \/><\/span>\n<\/p>\n<p>Assunto\n<\/p>\n<p><span class=\"wpcf7-form-control-wrap\" data-name=\"your-subject\"><input size=\"40\" maxlength=\"400\" class=\"wpcf7-form-control wpcf7-text\" aria-invalid=\"false\" value=\"\" type=\"text\" name=\"your-subject\" \/><\/span>\n<\/p>\n<p>Sua mensagem\n<\/p>\n<p><span class=\"wpcf7-form-control-wrap\" data-name=\"your-message\"><textarea cols=\"40\" rows=\"10\" maxlength=\"2000\" class=\"wpcf7-form-control wpcf7-textarea\" aria-invalid=\"false\" name=\"your-message\"><\/textarea><\/span>\n<\/p>\n<p><input class=\"wpcf7-form-control wpcf7-submit has-spinner\" type=\"submit\" value=\"Enviar\" \/>\n<\/p><div class=\"wpcf7-response-output\" aria-hidden=\"true\"><\/div>\n<\/form>\n<\/div>\n\n<\/div>\n<\/div><\/div><\/div><\/div><\/div><\/div>","protected":false},"excerpt":{"rendered":"<p>Laborat\u00f3rio de Fisiologia Renal Sala 227 &#8211; Profa Dra Maria Oliveira de Souza Av. Prof. Lineu Prestes, 1524 Cidade Universit\u00e1ria &#8211; Butant\u00e3 S\u00e3o Paulo &#8211; SP CEP 05508-000 Envie uma mensagem: Seu nome (obrigat\u00f3rio) Seu e-mail (obrigat\u00f3rio) Assunto Sua mensagem<\/p>\n","protected":false},"author":1,"featured_media":0,"parent":0,"menu_order":0,"comment_status":"closed","ping_status":"closed","template":"","meta":{"footnotes":"","_links_to":"","_links_to_target":""},"class_list":["post-26","page","type-page","status-publish","hentry"],"yoast_head":"<!-- This site is optimized with the Yoast SEO plugin v27.3 - https:\/\/yoast.com\/product\/yoast-seo-wordpress\/ -->\n<title>Contato - Laborat\u00f3rio de Fisiologia Renal<\/title>\n<meta name=\"robots\" content=\"index, follow, max-snippet:-1, max-image-preview:large, max-video-preview:-1\" \/>\n<link rel=\"canonical\" href=\"https:\/\/sites.usp.br\/labfisiorenal\/contato\/\" \/>\n<script type=\"application\/ld+json\" class=\"yoast-schema-graph\">{\"@context\":\"https:\\\/\\\/schema.org\",\"@graph\":[{\"@type\":\"WebPage\",\"@id\":\"https:\\\/\\\/sites.usp.br\\\/labfisiorenal\\\/contato\\\/\",\"url\":\"https:\\\/\\\/sites.usp.br\\\/labfisiorenal\\\/contato\\\/\",\"name\":\"Contato - Laborat\u00f3rio de Fisiologia Renal\",\"isPartOf\":{\"@id\":\"https:\\\/\\\/sites.usp.br\\\/labfisiorenal\\\/#website\"},\"datePublished\":\"2013-11-21T19:00:33+00:00\",\"dateModified\":\"2024-01-26T12:45:34+00:00\",\"inLanguage\":\"pt-BR\",\"potentialAction\":[{\"@type\":\"ReadAction\",\"target\":[\"https:\\\/\\\/sites.usp.br\\\/labfisiorenal\\\/contato\\\/\"]}]},{\"@type\":\"WebSite\",\"@id\":\"https:\\\/\\\/sites.usp.br\\\/labfisiorenal\\\/#website\",\"url\":\"https:\\\/\\\/sites.usp.br\\\/labfisiorenal\\\/\",\"name\":\"Laborat\u00f3rio de Fisiologia Renal\",\"description\":\"Universidade de S\u00e3o Paulo\",\"publisher\":{\"@id\":\"https:\\\/\\\/sites.usp.br\\\/labfisiorenal\\\/#organization\"},\"potentialAction\":[{\"@type\":\"SearchAction\",\"target\":{\"@type\":\"EntryPoint\",\"urlTemplate\":\"https:\\\/\\\/sites.usp.br\\\/labfisiorenal\\\/?s={search_term_string}\"},\"query-input\":{\"@type\":\"PropertyValueSpecification\",\"valueRequired\":true,\"valueName\":\"search_term_string\"}}],\"inLanguage\":\"pt-BR\"},{\"@type\":\"Organization\",\"@id\":\"https:\\\/\\\/sites.usp.br\\\/labfisiorenal\\\/#organization\",\"name\":\"Laborat\u00f3rio de Fisiologia Renal\",\"url\":\"https:\\\/\\\/sites.usp.br\\\/labfisiorenal\\\/\",\"logo\":{\"@type\":\"ImageObject\",\"inLanguage\":\"pt-BR\",\"@id\":\"https:\\\/\\\/sites.usp.br\\\/labfisiorenal\\\/#\\\/schema\\\/logo\\\/image\\\/\",\"url\":\"https:\\\/\\\/sites.usp.br\\\/labfisiorenal\\\/wp-content\\\/uploads\\\/sites\\\/1413\\\/2024\\\/01\\\/Laboratorio-1.png\",\"contentUrl\":\"https:\\\/\\\/sites.usp.br\\\/labfisiorenal\\\/wp-content\\\/uploads\\\/sites\\\/1413\\\/2024\\\/01\\\/Laboratorio-1.png\",\"width\":580,\"height\":523,\"caption\":\"Laborat\u00f3rio de Fisiologia Renal\"},\"image\":{\"@id\":\"https:\\\/\\\/sites.usp.br\\\/labfisiorenal\\\/#\\\/schema\\\/logo\\\/image\\\/\"},\"sameAs\":[\"https:\\\/\\\/www.instagram.com\\\/fisiorenal.icbusp\\\/\"]}]}<\/script>\n<!-- \/ Yoast SEO plugin. -->","yoast_head_json":{"title":"Contato - Laborat\u00f3rio de Fisiologia Renal","robots":{"index":"index","follow":"follow","max-snippet":"max-snippet:-1","max-image-preview":"max-image-preview:large","max-video-preview":"max-video-preview:-1"},"canonical":"https:\/\/sites.usp.br\/labfisiorenal\/contato\/","schema":{"@context":"https:\/\/schema.org","@graph":[{"@type":"WebPage","@id":"https:\/\/sites.usp.br\/labfisiorenal\/contato\/","url":"https:\/\/sites.usp.br\/labfisiorenal\/contato\/","name":"Contato - Laborat\u00f3rio de Fisiologia Renal","isPartOf":{"@id":"https:\/\/sites.usp.br\/labfisiorenal\/#website"},"datePublished":"2013-11-21T19:00:33+00:00","dateModified":"2024-01-26T12:45:34+00:00","inLanguage":"pt-BR","potentialAction":[{"@type":"ReadAction","target":["https:\/\/sites.usp.br\/labfisiorenal\/contato\/"]}]},{"@type":"WebSite","@id":"https:\/\/sites.usp.br\/labfisiorenal\/#website","url":"https:\/\/sites.usp.br\/labfisiorenal\/","name":"Laborat\u00f3rio de Fisiologia Renal","description":"Universidade de S\u00e3o Paulo","publisher":{"@id":"https:\/\/sites.usp.br\/labfisiorenal\/#organization"},"potentialAction":[{"@type":"SearchAction","target":{"@type":"EntryPoint","urlTemplate":"https:\/\/sites.usp.br\/labfisiorenal\/?s={search_term_string}"},"query-input":{"@type":"PropertyValueSpecification","valueRequired":true,"valueName":"search_term_string"}}],"inLanguage":"pt-BR"},{"@type":"Organization","@id":"https:\/\/sites.usp.br\/labfisiorenal\/#organization","name":"Laborat\u00f3rio de Fisiologia Renal","url":"https:\/\/sites.usp.br\/labfisiorenal\/","logo":{"@type":"ImageObject","inLanguage":"pt-BR","@id":"https:\/\/sites.usp.br\/labfisiorenal\/#\/schema\/logo\/image\/","url":"https:\/\/sites.usp.br\/labfisiorenal\/wp-content\/uploads\/sites\/1413\/2024\/01\/Laboratorio-1.png","contentUrl":"https:\/\/sites.usp.br\/labfisiorenal\/wp-content\/uploads\/sites\/1413\/2024\/01\/Laboratorio-1.png","width":580,"height":523,"caption":"Laborat\u00f3rio de Fisiologia Renal"},"image":{"@id":"https:\/\/sites.usp.br\/labfisiorenal\/#\/schema\/logo\/image\/"},"sameAs":["https:\/\/www.instagram.com\/fisiorenal.icbusp\/"]}]}},"_links":{"self":[{"href":"https:\/\/sites.usp.br\/labfisiorenal\/wp-json\/wp\/v2\/pages\/26","targetHints":{"allow":["GET"]}}],"collection":[{"href":"https:\/\/sites.usp.br\/labfisiorenal\/wp-json\/wp\/v2\/pages"}],"about":[{"href":"https:\/\/sites.usp.br\/labfisiorenal\/wp-json\/wp\/v2\/types\/page"}],"author":[{"embeddable":true,"href":"https:\/\/sites.usp.br\/labfisiorenal\/wp-json\/wp\/v2\/users\/1"}],"replies":[{"embeddable":true,"href":"https:\/\/sites.usp.br\/labfisiorenal\/wp-json\/wp\/v2\/comments?post=26"}],"version-history":[{"count":4,"href":"https:\/\/sites.usp.br\/labfisiorenal\/wp-json\/wp\/v2\/pages\/26\/revisions"}],"predecessor-version":[{"id":305,"href":"https:\/\/sites.usp.br\/labfisiorenal\/wp-json\/wp\/v2\/pages\/26\/revisions\/305"}],"wp:attachment":[{"href":"https:\/\/sites.usp.br\/labfisiorenal\/wp-json\/wp\/v2\/media?parent=26"}],"curies":[{"name":"wp","href":"https:\/\/api.w.org\/{rel}","templated":true}]}}