{"id":370,"date":"2024-01-27T16:03:39","date_gmt":"2024-01-27T18:03:39","guid":{"rendered":"https:\/\/sites.usp.br\/labfisiorenal\/?page_id=370"},"modified":"2024-02-01T10:12:40","modified_gmt":"2024-02-01T12:12:40","slug":"draft","status":"publish","type":"page","link":"https:\/\/sites.usp.br\/labfisiorenal\/draft\/","title":{"rendered":"Modelos"},"content":{"rendered":"<div id=\"pl-370\"  class=\"panel-layout\" ><div id=\"pg-370-0\"  class=\"panel-grid panel-no-style\" ><div id=\"pgc-370-0-0\"  class=\"panel-grid-cell\" ><div id=\"panel-370-0-0-0\" class=\"so-panel widget widget_sow-image panel-first-child\" data-index=\"0\" ><div\n\t\t\t\n\t\t\tclass=\"so-widget-sow-image so-widget-sow-image-default-c67d20f9f743-370\"\n\t\t\t\n\t\t>\n<div class=\"sow-image-container\">\n\t\t<img fetchpriority=\"high\" \n\tsrc=\"https:\/\/sites.usp.br\/labfisiorenal\/wp-content\/uploads\/sites\/1413\/2024\/01\/Laboratorio-1-300x271.png\" width=\"300\" height=\"271\" srcset=\"https:\/\/sites.usp.br\/labfisiorenal\/wp-content\/uploads\/sites\/1413\/2024\/01\/Laboratorio-1-300x271.png 300w, https:\/\/sites.usp.br\/labfisiorenal\/wp-content\/uploads\/sites\/1413\/2024\/01\/Laboratorio-1-400x361.png 400w, https:\/\/sites.usp.br\/labfisiorenal\/wp-content\/uploads\/sites\/1413\/2024\/01\/Laboratorio-1.png 580w\" sizes=\"(max-width: 300px) 100vw, 300px\" title=\"Laborat\u00f3rio\" alt=\"\" \t\tclass=\"so-widget-image\"\/>\n\t<\/div>\n\n<\/div><\/div><div id=\"panel-370-0-0-1\" class=\"so-panel widget widget_sow-headline\" data-index=\"1\" ><div\n\t\t\t\n\t\t\tclass=\"so-widget-sow-headline so-widget-sow-headline-default-810ebc123de1-370\"\n\t\t\t\n\t\t><div class=\"sow-headline-container \">\n\t\t\t\t\t\t\t<h2 class=\"sow-headline\">\n\t\t\t\t\t\tMODELOS EXPERIMENTAIS\t\t\t\t\t\t<\/h2>\n\t\t\t\t\t\t\t\t\t\t\t<div class=\"decoration\">\n\t\t\t\t\t\t<div class=\"decoration-inside\"><\/div>\n\t\t\t\t\t<\/div>\n\t\t\t\t\t<\/div>\n<\/div><\/div><div id=\"panel-370-0-0-2\" class=\"so-panel widget widget_sow-editor panel-last-child\" data-index=\"2\" ><div class=\"panel-widget-style panel-widget-style-for-370-0-0-2\" ><div\n\t\t\t\n\t\t\tclass=\"so-widget-sow-editor so-widget-sow-editor-base\"\n\t\t\t\n\t\t>\n<div class=\"siteorigin-widget-tinymce textwidget\">\n\t<h2 style=\"text-align: center;\"><\/h2>\n<h3 style=\"text-align: center;\"><span style=\"color: #3ea775;\">1) Isquemia renal seguida de reperfus\u00e3o<\/span><br \/>\n<span style=\"color: #3ea775;\">2) Nefropatia cristalina e a atividade da prote\u00edna Tamm Horsfall<\/span><br \/>\n<span style=\"color: #3ea775;\">3) Nefrectomia unilateral associada \u00e0 nefropatia cristalina<\/span><br \/>\n<span style=\"color: #3ea775;\">4) Glomeruloesclerose segmentar e focal (GESF)<\/span><br \/>\n<span style=\"color: #3ea775;\">5) Efeito da Cisplatina na inj\u00faria renal<\/span><br \/>\n<span style=\"color: #3ea775;\">6) Obstru\u00e7\u00e3o ureteral unilateral<\/span><\/h3>\n<\/div>\n<\/div><\/div><\/div><\/div><\/div><\/div>","protected":false},"excerpt":{"rendered":"<p>1) Isquemia renal seguida de reperfus\u00e3o 2) Nefropatia cristalina e a atividade da prote\u00edna Tamm Horsfall 3) Nefrectomia unilateral associada \u00e0 nefropatia cristalina 4) Glomeruloesclerose segmentar e focal (GESF) 5) Efeito da Cisplatina na inj\u00faria renal 6) Obstru\u00e7\u00e3o ureteral unilateral<\/p>\n","protected":false},"author":23908,"featured_media":0,"parent":0,"menu_order":0,"comment_status":"closed","ping_status":"closed","template":"template-fullwidth.php","meta":{"footnotes":"","_links_to":"","_links_to_target":""},"class_list":["post-370","page","type-page","status-publish","hentry"],"yoast_head":"<!-- This site is optimized with the Yoast SEO plugin v27.2 - https:\/\/yoast.com\/product\/yoast-seo-wordpress\/ -->\n<title>Modelos - Laborat\u00f3rio de Fisiologia Renal<\/title>\n<meta name=\"robots\" content=\"index, follow, max-snippet:-1, max-image-preview:large, max-video-preview:-1\" \/>\n<link rel=\"canonical\" href=\"https:\/\/sites.usp.br\/labfisiorenal\/draft\/\" \/>\n<script type=\"application\/ld+json\" class=\"yoast-schema-graph\">{\"@context\":\"https:\/\/schema.org\",\"@graph\":[{\"@type\":\"WebPage\",\"@id\":\"https:\/\/sites.usp.br\/labfisiorenal\/draft\/\",\"url\":\"https:\/\/sites.usp.br\/labfisiorenal\/draft\/\",\"name\":\"Modelos - Laborat\u00f3rio de Fisiologia Renal\",\"isPartOf\":{\"@id\":\"https:\/\/sites.usp.br\/labfisiorenal\/#website\"},\"datePublished\":\"2024-01-27T18:03:39+00:00\",\"dateModified\":\"2024-02-01T12:12:40+00:00\",\"inLanguage\":\"pt-BR\",\"potentialAction\":[{\"@type\":\"ReadAction\",\"target\":[\"https:\/\/sites.usp.br\/labfisiorenal\/draft\/\"]}]},{\"@type\":\"WebSite\",\"@id\":\"https:\/\/sites.usp.br\/labfisiorenal\/#website\",\"url\":\"https:\/\/sites.usp.br\/labfisiorenal\/\",\"name\":\"Laborat\u00f3rio de Fisiologia Renal\",\"description\":\"Universidade de S\u00e3o Paulo\",\"publisher\":{\"@id\":\"https:\/\/sites.usp.br\/labfisiorenal\/#organization\"},\"potentialAction\":[{\"@type\":\"SearchAction\",\"target\":{\"@type\":\"EntryPoint\",\"urlTemplate\":\"https:\/\/sites.usp.br\/labfisiorenal\/?s={search_term_string}\"},\"query-input\":{\"@type\":\"PropertyValueSpecification\",\"valueRequired\":true,\"valueName\":\"search_term_string\"}}],\"inLanguage\":\"pt-BR\"},{\"@type\":\"Organization\",\"@id\":\"https:\/\/sites.usp.br\/labfisiorenal\/#organization\",\"name\":\"Laborat\u00f3rio de Fisiologia Renal\",\"url\":\"https:\/\/sites.usp.br\/labfisiorenal\/\",\"logo\":{\"@type\":\"ImageObject\",\"inLanguage\":\"pt-BR\",\"@id\":\"https:\/\/sites.usp.br\/labfisiorenal\/#\/schema\/logo\/image\/\",\"url\":\"https:\/\/sites.usp.br\/labfisiorenal\/wp-content\/uploads\/sites\/1413\/2024\/01\/Laboratorio-1.png\",\"contentUrl\":\"https:\/\/sites.usp.br\/labfisiorenal\/wp-content\/uploads\/sites\/1413\/2024\/01\/Laboratorio-1.png\",\"width\":580,\"height\":523,\"caption\":\"Laborat\u00f3rio de Fisiologia Renal\"},\"image\":{\"@id\":\"https:\/\/sites.usp.br\/labfisiorenal\/#\/schema\/logo\/image\/\"},\"sameAs\":[\"https:\/\/www.instagram.com\/fisiorenal.icbusp\/\"]}]}<\/script>\n<!-- \/ Yoast SEO plugin. -->","yoast_head_json":{"title":"Modelos - Laborat\u00f3rio de Fisiologia Renal","robots":{"index":"index","follow":"follow","max-snippet":"max-snippet:-1","max-image-preview":"max-image-preview:large","max-video-preview":"max-video-preview:-1"},"canonical":"https:\/\/sites.usp.br\/labfisiorenal\/draft\/","schema":{"@context":"https:\/\/schema.org","@graph":[{"@type":"WebPage","@id":"https:\/\/sites.usp.br\/labfisiorenal\/draft\/","url":"https:\/\/sites.usp.br\/labfisiorenal\/draft\/","name":"Modelos - Laborat\u00f3rio de Fisiologia Renal","isPartOf":{"@id":"https:\/\/sites.usp.br\/labfisiorenal\/#website"},"datePublished":"2024-01-27T18:03:39+00:00","dateModified":"2024-02-01T12:12:40+00:00","inLanguage":"pt-BR","potentialAction":[{"@type":"ReadAction","target":["https:\/\/sites.usp.br\/labfisiorenal\/draft\/"]}]},{"@type":"WebSite","@id":"https:\/\/sites.usp.br\/labfisiorenal\/#website","url":"https:\/\/sites.usp.br\/labfisiorenal\/","name":"Laborat\u00f3rio de Fisiologia Renal","description":"Universidade de S\u00e3o Paulo","publisher":{"@id":"https:\/\/sites.usp.br\/labfisiorenal\/#organization"},"potentialAction":[{"@type":"SearchAction","target":{"@type":"EntryPoint","urlTemplate":"https:\/\/sites.usp.br\/labfisiorenal\/?s={search_term_string}"},"query-input":{"@type":"PropertyValueSpecification","valueRequired":true,"valueName":"search_term_string"}}],"inLanguage":"pt-BR"},{"@type":"Organization","@id":"https:\/\/sites.usp.br\/labfisiorenal\/#organization","name":"Laborat\u00f3rio de Fisiologia Renal","url":"https:\/\/sites.usp.br\/labfisiorenal\/","logo":{"@type":"ImageObject","inLanguage":"pt-BR","@id":"https:\/\/sites.usp.br\/labfisiorenal\/#\/schema\/logo\/image\/","url":"https:\/\/sites.usp.br\/labfisiorenal\/wp-content\/uploads\/sites\/1413\/2024\/01\/Laboratorio-1.png","contentUrl":"https:\/\/sites.usp.br\/labfisiorenal\/wp-content\/uploads\/sites\/1413\/2024\/01\/Laboratorio-1.png","width":580,"height":523,"caption":"Laborat\u00f3rio de Fisiologia Renal"},"image":{"@id":"https:\/\/sites.usp.br\/labfisiorenal\/#\/schema\/logo\/image\/"},"sameAs":["https:\/\/www.instagram.com\/fisiorenal.icbusp\/"]}]}},"_links":{"self":[{"href":"https:\/\/sites.usp.br\/labfisiorenal\/wp-json\/wp\/v2\/pages\/370","targetHints":{"allow":["GET"]}}],"collection":[{"href":"https:\/\/sites.usp.br\/labfisiorenal\/wp-json\/wp\/v2\/pages"}],"about":[{"href":"https:\/\/sites.usp.br\/labfisiorenal\/wp-json\/wp\/v2\/types\/page"}],"author":[{"embeddable":true,"href":"https:\/\/sites.usp.br\/labfisiorenal\/wp-json\/wp\/v2\/users\/23908"}],"replies":[{"embeddable":true,"href":"https:\/\/sites.usp.br\/labfisiorenal\/wp-json\/wp\/v2\/comments?post=370"}],"version-history":[{"count":5,"href":"https:\/\/sites.usp.br\/labfisiorenal\/wp-json\/wp\/v2\/pages\/370\/revisions"}],"predecessor-version":[{"id":410,"href":"https:\/\/sites.usp.br\/labfisiorenal\/wp-json\/wp\/v2\/pages\/370\/revisions\/410"}],"wp:attachment":[{"href":"https:\/\/sites.usp.br\/labfisiorenal\/wp-json\/wp\/v2\/media?parent=370"}],"curies":[{"name":"wp","href":"https:\/\/api.w.org\/{rel}","templated":true}]}}