{"id":387,"date":"2024-01-27T16:29:03","date_gmt":"2024-01-27T18:29:03","guid":{"rendered":"https:\/\/sites.usp.br\/labfisiorenal\/?page_id=387"},"modified":"2024-02-01T10:09:03","modified_gmt":"2024-02-01T12:09:03","slug":"linhas","status":"publish","type":"page","link":"https:\/\/sites.usp.br\/labfisiorenal\/linhas\/","title":{"rendered":"Linhas"},"content":{"rendered":"<div id=\"pl-387\"  class=\"panel-layout\" ><div id=\"pg-387-0\"  class=\"panel-grid panel-has-style\" ><div class=\"siteorigin-panels-stretch panel-row-style panel-row-style-for-387-0\" data-stretch-type=\"full-width-stretch\" ><div id=\"pgc-387-0-0\"  class=\"panel-grid-cell\" ><div id=\"panel-387-0-0-0\" class=\"so-panel widget widget_sow-hero panel-first-child panel-last-child\" data-index=\"0\" ><div\n\t\t\t\n\t\t\tclass=\"so-widget-sow-hero so-widget-sow-hero-default-a9f735d1b9ef-387 so-widget-fittext-wrapper\"\n\t\t\t data-fit-text-compressor=\"0.85\"\n\t\t>\t\t\t\t<div class=\"sow-slider-base\" style=\"display: none\" tabindex=\"0\">\n\t\t\t\t\t<ul\n\t\t\t\t\tclass=\"sow-slider-images\"\n\t\t\t\t\tdata-settings=\"{&quot;pagination&quot;:true,&quot;speed&quot;:800,&quot;timeout&quot;:8000,&quot;paused&quot;:false,&quot;pause_on_hover&quot;:false,&quot;swipe&quot;:true,&quot;nav_always_show_desktop&quot;:&quot;&quot;,&quot;nav_always_show_mobile&quot;:&quot;&quot;,&quot;breakpoint&quot;:&quot;780px&quot;,&quot;unmute&quot;:false,&quot;anchor&quot;:null}\"\n\t\t\t\t\tstyle=\"min-height: 535px\"\t\t\t\t\tdata-anchor-id=\"\"\n\t\t\t\t>\t\t<li class=\"sow-slider-image\" style=\"visibility: visible;;background-color: #ffffff\" >\n\t\t\t\t\t<div class=\"sow-slider-image-container\">\n\t\t\t<div class=\"sow-slider-image-wrapper\">\n\t\t\t\t<p style=\"text-align: center\"><a href=\"https:\/\/sites.usp.br\/labfisiorenal\/wp-content\/uploads\/sites\/1413\/2024\/01\/Laboratorio-1.png\"><img fetchpriority=\"high\" decoding=\"async\" class=\"alignnone  wp-image-371\" src=\"https:\/\/sites.usp.br\/labfisiorenal\/wp-content\/uploads\/sites\/1413\/2024\/01\/Laboratorio-1-300x271.png\" alt=\"\" width=\"382\" height=\"345\" srcset=\"https:\/\/sites.usp.br\/labfisiorenal\/wp-content\/uploads\/sites\/1413\/2024\/01\/Laboratorio-1-300x271.png 300w, https:\/\/sites.usp.br\/labfisiorenal\/wp-content\/uploads\/sites\/1413\/2024\/01\/Laboratorio-1-400x361.png 400w, https:\/\/sites.usp.br\/labfisiorenal\/wp-content\/uploads\/sites\/1413\/2024\/01\/Laboratorio-1.png 580w\" sizes=\"(max-width: 382px) 100vw, 382px\" \/><\/a><\/p>\n\t\t\t<\/div>\n\t\t<\/div>\n\t\t\t\t<\/li>\n\t\t<\/ul>\t\t\t\t<ol class=\"sow-slider-pagination\">\n\t\t\t\t\t\t\t\t\t\t\t<li><a href=\"#\" data-goto=\"0\" aria-label=\"Display slide 1\"><\/a><\/li>\n\t\t\t\t\t\t\t\t\t<\/ol>\n\n\t\t\t\t<div class=\"sow-slide-nav sow-slide-nav-next\">\n\t\t\t\t\t<a href=\"#\" data-goto=\"next\" aria-label=\"Next slide\" data-action=\"next\">\n\t\t\t\t\t\t<em class=\"sow-sld-icon-thin-right\"><\/em>\n\t\t\t\t\t<\/a>\n\t\t\t\t<\/div>\n\n\t\t\t\t<div class=\"sow-slide-nav sow-slide-nav-prev\">\n\t\t\t\t\t<a href=\"#\" data-goto=\"previous\" aria-label=\"Previous slide\" data-action=\"prev\">\n\t\t\t\t\t\t<em class=\"sow-sld-icon-thin-left\"><\/em>\n\t\t\t\t\t<\/a>\n\t\t\t\t<\/div>\n\t\t\t\t<\/div><\/div><\/div><\/div><\/div><\/div><div id=\"pg-387-1\"  class=\"panel-grid panel-has-style\" ><div class=\"siteorigin-panels-stretch panel-row-style panel-row-style-for-387-1\" data-stretch-type=\"full\" ><div id=\"pgc-387-1-0\"  class=\"panel-grid-cell\" ><div id=\"panel-387-1-0-0\" class=\"so-panel widget widget_sow-editor panel-first-child panel-last-child\" data-index=\"1\" ><div class=\"panel-widget-style panel-widget-style-for-387-1-0-0\" ><div\n\t\t\t\n\t\t\tclass=\"so-widget-sow-editor so-widget-sow-editor-base\"\n\t\t\t\n\t\t>\n<div class=\"siteorigin-widget-tinymce textwidget\">\n\t<h2 style=\"text-align: left;\"><span style=\"color: #d34f7b;\">Implica\u00e7\u00f5es da sinaliza\u00e7\u00e3o apelin\u00e9rgica sobre o transporte renal de s\u00f3dio e \u00e1gua: papel da isquemia\/reperfus\u00e3o.<\/span><\/h2>\n<\/div>\n<\/div><\/div><\/div><\/div><\/div><\/div><div id=\"pg-387-2\"  class=\"panel-grid panel-has-style\" ><div class=\"siteorigin-panels-stretch panel-row-style panel-row-style-for-387-2\" data-stretch-type=\"full\" ><div id=\"pgc-387-2-0\"  class=\"panel-grid-cell\" ><div id=\"panel-387-2-0-0\" class=\"so-panel widget widget_sow-editor panel-first-child panel-last-child\" data-index=\"2\" ><div\n\t\t\t\n\t\t\tclass=\"so-widget-sow-editor so-widget-sow-editor-base\"\n\t\t\t\n\t\t>\n<div class=\"siteorigin-widget-tinymce textwidget\">\n\t<h4><span style=\"color: #ffc781;\">Objetivo:<\/span><\/h4>\n<p><strong>Investigar os efeitos da via de sinaliza\u00e7\u00e3o ativada por apelina-13 sobre<\/strong><br \/>\n<strong>as prote\u00ednas transportadoras de s\u00f3dio ao longo do n\u00e9fron, utilizando camundongos<\/strong><br \/>\n<strong>da linhagem C57BL\/6 e diferentes linhagens de c\u00e9lulas tubulares. Nesse contexto,<\/strong><br \/>\n<strong>ainda ser\u00e1 analisada a via de reabsor\u00e7\u00e3o distal de \u00e1gua por AQP2.<\/strong><\/p>\n<\/div>\n<\/div><\/div><\/div><\/div><\/div><div id=\"pg-387-3\"  class=\"panel-grid panel-has-style\" ><div class=\"siteorigin-panels-stretch panel-row-style panel-row-style-for-387-3\" data-stretch-type=\"full\" ><div id=\"pgc-387-3-0\"  class=\"panel-grid-cell\" ><div id=\"panel-387-3-0-0\" class=\"so-panel widget widget_sow-editor panel-first-child panel-last-child\" data-index=\"3\" ><div class=\"panel-widget-style panel-widget-style-for-387-3-0-0\" ><div\n\t\t\t\n\t\t\tclass=\"so-widget-sow-editor so-widget-sow-editor-base\"\n\t\t\t\n\t\t>\n<div class=\"siteorigin-widget-tinymce textwidget\">\n\t<h2 style=\"text-align: left;\"><span style=\"color: #d34f7b;\">Nefropatia cristalina em camundongos: papel da prote\u00edna <em>Tamm-Horsfall<\/em> (THP) na les\u00e3o renal aguda e sua progress\u00e3o para doen\u00e7a renal cr\u00f4nica.<\/span><\/h2>\n<\/div>\n<\/div><\/div><\/div><\/div><\/div><\/div><div id=\"pg-387-4\"  class=\"panel-grid panel-has-style\" ><div class=\"siteorigin-panels-stretch panel-row-style panel-row-style-for-387-4\" data-stretch-type=\"full\" ><div id=\"pgc-387-4-0\"  class=\"panel-grid-cell\" ><div id=\"panel-387-4-0-0\" class=\"so-panel widget widget_sow-editor panel-first-child panel-last-child\" data-index=\"4\" ><div\n\t\t\t\n\t\t\tclass=\"so-widget-sow-editor so-widget-sow-editor-base\"\n\t\t\t\n\t\t>\n<div class=\"siteorigin-widget-tinymce textwidget\">\n\t<h4><span style=\"color: #ffc781;\">Objetivo:<\/span><\/h4>\n<p><strong>Investigar a fun\u00e7\u00e3o da THP na les\u00e3o renal aguda, na progress\u00e3o desta<\/strong><br \/>\n<strong>para doen\u00e7a renal cr\u00f4nica e na recidiva, induzidas por nefropatia cristalina. Para<\/strong><br \/>\n<strong>tal, ser\u00e3o utilizados modelos in vivo e in vitro.<\/strong><\/p>\n<\/div>\n<\/div><\/div><\/div><\/div><\/div><div id=\"pg-387-5\"  class=\"panel-grid panel-has-style\" ><div class=\"siteorigin-panels-stretch panel-row-style panel-row-style-for-387-5\" data-stretch-type=\"full\" ><div id=\"pgc-387-5-0\"  class=\"panel-grid-cell\" ><div id=\"panel-387-5-0-0\" class=\"so-panel widget widget_sow-editor panel-first-child panel-last-child\" data-index=\"5\" ><div class=\"panel-widget-style panel-widget-style-for-387-5-0-0\" ><div\n\t\t\t\n\t\t\tclass=\"so-widget-sow-editor so-widget-sow-editor-base\"\n\t\t\t\n\t\t>\n<div class=\"siteorigin-widget-tinymce textwidget\">\n\t<h2 style=\"text-align: left;\"><span style=\"color: #d34f7b;\">Estudo da vulnerabilidade do rim remanescente em decorr\u00eancia de nefrectomia unilateral, quando submetido \u00e0 nefropatia cristalina.<\/span><\/h2>\n<\/div>\n<\/div><\/div><\/div><\/div><\/div><\/div><div id=\"pg-387-6\"  class=\"panel-grid panel-has-style\" ><div class=\"siteorigin-panels-stretch panel-row-style panel-row-style-for-387-6\" data-stretch-type=\"full\" ><div id=\"pgc-387-6-0\"  class=\"panel-grid-cell\" ><div id=\"panel-387-6-0-0\" class=\"so-panel widget widget_sow-editor panel-first-child panel-last-child\" data-index=\"6\" ><div\n\t\t\t\n\t\t\tclass=\"so-widget-sow-editor so-widget-sow-editor-base\"\n\t\t\t\n\t\t>\n<div class=\"siteorigin-widget-tinymce textwidget\">\n\t<h4><span style=\"color: #ffc781;\">Objetivo:<\/span><\/h4>\n<p><strong>Investigar a fun\u00e7\u00e3o do rim remanescente ap\u00f3s a nefrectomia unilateral<\/strong><br \/>\n<strong>associada ou n\u00e3o \u00e0 nefropatia cristalina, bem como os poss\u00edveis fatores e<\/strong><br \/>\n<strong>mecanismos envolvidos na vulnerabilidade para a progress\u00e3o de doen\u00e7a renal,<\/strong><br \/>\n<strong>associados ou n\u00e3o \u00e0 a\u00e7\u00e3o da metaloproteinase 10.<\/strong><\/p>\n<\/div>\n<\/div><\/div><\/div><\/div><\/div><div id=\"pg-387-7\"  class=\"panel-grid panel-has-style\" ><div class=\"siteorigin-panels-stretch panel-row-style panel-row-style-for-387-7\" data-stretch-type=\"full\" ><div id=\"pgc-387-7-0\"  class=\"panel-grid-cell\" ><div id=\"panel-387-7-0-0\" class=\"so-panel widget widget_sow-editor panel-first-child panel-last-child\" data-index=\"7\" ><div class=\"panel-widget-style panel-widget-style-for-387-7-0-0\" ><div\n\t\t\t\n\t\t\tclass=\"so-widget-sow-editor so-widget-sow-editor-base\"\n\t\t\t\n\t\t>\n<div class=\"siteorigin-widget-tinymce textwidget\">\n\t<h2 style=\"text-align: left;\"><span style=\"color: #d34f7b;\">Participa\u00e7\u00e3o da via de sinaliza\u00e7\u00e3o MAPK e do fator de transcri\u00e7\u00e3o Egr-1 na glomeruloesclerose.<\/span><\/h2>\n<\/div>\n<\/div><\/div><\/div><\/div><\/div><\/div><div id=\"pg-387-8\"  class=\"panel-grid panel-has-style\" ><div class=\"siteorigin-panels-stretch panel-row-style panel-row-style-for-387-8\" data-stretch-type=\"full\" ><div id=\"pgc-387-8-0\"  class=\"panel-grid-cell\" ><div id=\"panel-387-8-0-0\" class=\"so-panel widget widget_sow-editor panel-first-child panel-last-child\" data-index=\"8\" ><div\n\t\t\t\n\t\t\tclass=\"so-widget-sow-editor so-widget-sow-editor-base\"\n\t\t\t\n\t\t>\n<div class=\"siteorigin-widget-tinymce textwidget\">\n\t<h4><span style=\"color: #ffc781;\">Objetivo:<\/span><\/h4>\n<p><strong>Avaliar a contribui\u00e7\u00e3o da via de sinaliza\u00e7\u00e3o MAPK (ERK 1\/2 e<\/strong><br \/>\n<strong>p38MAPK) na ativa\u00e7\u00e3o do fator de transcri\u00e7\u00e3o Egr-1 e respostas fibr\u00f3ticas no<\/strong><br \/>\n<strong>contexto da glomeruloesclerose<\/strong>.<\/p>\n<\/div>\n<\/div><\/div><\/div><\/div><\/div><div id=\"pg-387-9\"  class=\"panel-grid panel-has-style\" ><div class=\"siteorigin-panels-stretch panel-row-style panel-row-style-for-387-9\" data-stretch-type=\"full\" ><div id=\"pgc-387-9-0\"  class=\"panel-grid-cell\" ><div id=\"panel-387-9-0-0\" class=\"so-panel widget widget_sow-editor panel-first-child panel-last-child\" data-index=\"9\" ><div class=\"panel-widget-style panel-widget-style-for-387-9-0-0\" ><div\n\t\t\t\n\t\t\tclass=\"so-widget-sow-editor so-widget-sow-editor-base\"\n\t\t\t\n\t\t>\n<div class=\"siteorigin-widget-tinymce textwidget\">\n\t<h2 style=\"text-align: left;\"><span style=\"color: #d34f7b;\">Mecanismos de sinaliza\u00e7\u00e3o celular para respostas fibr\u00f3ticas comparando machos e f\u00eameas em modelo experimental de cisplatina.<\/span><\/h2>\n<\/div>\n<\/div><\/div><\/div><\/div><\/div><\/div><div id=\"pg-387-10\"  class=\"panel-grid panel-has-style\" ><div class=\"siteorigin-panels-stretch panel-row-style panel-row-style-for-387-10\" data-stretch-type=\"full\" ><div id=\"pgc-387-10-0\"  class=\"panel-grid-cell\" ><div id=\"panel-387-10-0-0\" class=\"so-panel widget widget_sow-editor panel-first-child panel-last-child\" data-index=\"10\" ><div\n\t\t\t\n\t\t\tclass=\"so-widget-sow-editor so-widget-sow-editor-base\"\n\t\t\t\n\t\t>\n<div class=\"siteorigin-widget-tinymce textwidget\">\n\t<h4><span style=\"color: #ffc781;\">Objetivo:<\/span><\/h4>\n<p><strong>Apontar os fatores respons\u00e1veis pela fibrose renal induzida por<\/strong><br \/>\n<strong>cisplatina em modelo in vivo (camundongos BALBc machos e f\u00eameas) e in vitro<\/strong><br \/>\n<strong>(c\u00e9lulas tubulares tratadas com cisplatina).<\/strong><\/p>\n<\/div>\n<\/div><\/div><\/div><\/div><\/div><div id=\"pg-387-11\"  class=\"panel-grid panel-has-style\" ><div class=\"siteorigin-panels-stretch panel-row-style panel-row-style-for-387-11\" data-stretch-type=\"full\" ><div id=\"pgc-387-11-0\"  class=\"panel-grid-cell\" ><div id=\"panel-387-11-0-0\" class=\"so-panel widget widget_sow-editor panel-first-child panel-last-child\" data-index=\"11\" ><div class=\"panel-widget-style panel-widget-style-for-387-11-0-0\" ><div\n\t\t\t\n\t\t\tclass=\"so-widget-sow-editor so-widget-sow-editor-base\"\n\t\t\t\n\t\t>\n<div class=\"siteorigin-widget-tinymce textwidget\">\n\t<h2 style=\"text-align: left;\"><span style=\"color: #d34f7b;\">Participa\u00e7\u00e3o da via ERK\/p38MAPK no reparo ou apoptose de c\u00e9lulas do t\u00fabulo proximal ap\u00f3s o insulto de isquemia e reperfus\u00e3o.<\/span><\/h2>\n<\/div>\n<\/div><\/div><\/div><\/div><\/div><\/div><div id=\"pg-387-12\"  class=\"panel-grid panel-has-style\" ><div class=\"siteorigin-panels-stretch panel-row-style panel-row-style-for-387-12\" data-stretch-type=\"full\" ><div id=\"pgc-387-12-0\"  class=\"panel-grid-cell\" ><div id=\"panel-387-12-0-0\" class=\"so-panel widget widget_sow-editor panel-first-child panel-last-child\" data-index=\"12\" ><div\n\t\t\t\n\t\t\tclass=\"so-widget-sow-editor so-widget-sow-editor-base\"\n\t\t\t\n\t\t>\n<div class=\"siteorigin-widget-tinymce textwidget\">\n\t<h4><span style=\"color: #ffc781;\">Objetivo:<\/span><\/h4>\n<p><strong>Avaliar a contribui\u00e7\u00e3o da via ERK1\/2\/P38MAPK no reparo ou apoptose<\/strong><br \/>\n<strong>de c\u00e9lulas do t\u00fabulo proximal ap\u00f3s o insulto de isquemia e reperfus\u00e3o.<\/strong><\/p>\n<\/div>\n<\/div><\/div><\/div><\/div><\/div><\/div>","protected":false},"excerpt":{"rendered":"<p>Implica\u00e7\u00f5es da sinaliza\u00e7\u00e3o apelin\u00e9rgica sobre o transporte renal de s\u00f3dio e \u00e1gua: papel da isquemia\/reperfus\u00e3o.<\/p>\n","protected":false},"author":23908,"featured_media":0,"parent":0,"menu_order":0,"comment_status":"closed","ping_status":"closed","template":"","meta":{"footnotes":"","_links_to":"","_links_to_target":""},"class_list":["post-387","page","type-page","status-publish","hentry"],"yoast_head":"<!-- This site is optimized with the Yoast SEO plugin v27.3 - https:\/\/yoast.com\/product\/yoast-seo-wordpress\/ -->\n<title>Linhas - Laborat\u00f3rio de Fisiologia Renal<\/title>\n<meta name=\"robots\" content=\"index, follow, max-snippet:-1, max-image-preview:large, max-video-preview:-1\" \/>\n<link rel=\"canonical\" href=\"https:\/\/sites.usp.br\/labfisiorenal\/linhas\/\" \/>\n<meta name=\"twitter:label1\" content=\"Est. tempo de leitura\" \/>\n\t<meta name=\"twitter:data1\" content=\"2 minutos\" \/>\n<script type=\"application\/ld+json\" class=\"yoast-schema-graph\">{\"@context\":\"https:\\\/\\\/schema.org\",\"@graph\":[{\"@type\":\"WebPage\",\"@id\":\"https:\\\/\\\/sites.usp.br\\\/labfisiorenal\\\/linhas\\\/\",\"url\":\"https:\\\/\\\/sites.usp.br\\\/labfisiorenal\\\/linhas\\\/\",\"name\":\"Linhas - Laborat\u00f3rio de Fisiologia Renal\",\"isPartOf\":{\"@id\":\"https:\\\/\\\/sites.usp.br\\\/labfisiorenal\\\/#website\"},\"datePublished\":\"2024-01-27T18:29:03+00:00\",\"dateModified\":\"2024-02-01T12:09:03+00:00\",\"inLanguage\":\"pt-BR\",\"potentialAction\":[{\"@type\":\"ReadAction\",\"target\":[\"https:\\\/\\\/sites.usp.br\\\/labfisiorenal\\\/linhas\\\/\"]}]},{\"@type\":\"WebSite\",\"@id\":\"https:\\\/\\\/sites.usp.br\\\/labfisiorenal\\\/#website\",\"url\":\"https:\\\/\\\/sites.usp.br\\\/labfisiorenal\\\/\",\"name\":\"Laborat\u00f3rio de Fisiologia Renal\",\"description\":\"Universidade de S\u00e3o Paulo\",\"publisher\":{\"@id\":\"https:\\\/\\\/sites.usp.br\\\/labfisiorenal\\\/#organization\"},\"potentialAction\":[{\"@type\":\"SearchAction\",\"target\":{\"@type\":\"EntryPoint\",\"urlTemplate\":\"https:\\\/\\\/sites.usp.br\\\/labfisiorenal\\\/?s={search_term_string}\"},\"query-input\":{\"@type\":\"PropertyValueSpecification\",\"valueRequired\":true,\"valueName\":\"search_term_string\"}}],\"inLanguage\":\"pt-BR\"},{\"@type\":\"Organization\",\"@id\":\"https:\\\/\\\/sites.usp.br\\\/labfisiorenal\\\/#organization\",\"name\":\"Laborat\u00f3rio de Fisiologia Renal\",\"url\":\"https:\\\/\\\/sites.usp.br\\\/labfisiorenal\\\/\",\"logo\":{\"@type\":\"ImageObject\",\"inLanguage\":\"pt-BR\",\"@id\":\"https:\\\/\\\/sites.usp.br\\\/labfisiorenal\\\/#\\\/schema\\\/logo\\\/image\\\/\",\"url\":\"https:\\\/\\\/sites.usp.br\\\/labfisiorenal\\\/wp-content\\\/uploads\\\/sites\\\/1413\\\/2024\\\/01\\\/Laboratorio-1.png\",\"contentUrl\":\"https:\\\/\\\/sites.usp.br\\\/labfisiorenal\\\/wp-content\\\/uploads\\\/sites\\\/1413\\\/2024\\\/01\\\/Laboratorio-1.png\",\"width\":580,\"height\":523,\"caption\":\"Laborat\u00f3rio de Fisiologia Renal\"},\"image\":{\"@id\":\"https:\\\/\\\/sites.usp.br\\\/labfisiorenal\\\/#\\\/schema\\\/logo\\\/image\\\/\"},\"sameAs\":[\"https:\\\/\\\/www.instagram.com\\\/fisiorenal.icbusp\\\/\"]}]}<\/script>\n<!-- \/ Yoast SEO plugin. -->","yoast_head_json":{"title":"Linhas - Laborat\u00f3rio de Fisiologia Renal","robots":{"index":"index","follow":"follow","max-snippet":"max-snippet:-1","max-image-preview":"max-image-preview:large","max-video-preview":"max-video-preview:-1"},"canonical":"https:\/\/sites.usp.br\/labfisiorenal\/linhas\/","twitter_misc":{"Est. tempo de leitura":"2 minutos"},"schema":{"@context":"https:\/\/schema.org","@graph":[{"@type":"WebPage","@id":"https:\/\/sites.usp.br\/labfisiorenal\/linhas\/","url":"https:\/\/sites.usp.br\/labfisiorenal\/linhas\/","name":"Linhas - Laborat\u00f3rio de Fisiologia Renal","isPartOf":{"@id":"https:\/\/sites.usp.br\/labfisiorenal\/#website"},"datePublished":"2024-01-27T18:29:03+00:00","dateModified":"2024-02-01T12:09:03+00:00","inLanguage":"pt-BR","potentialAction":[{"@type":"ReadAction","target":["https:\/\/sites.usp.br\/labfisiorenal\/linhas\/"]}]},{"@type":"WebSite","@id":"https:\/\/sites.usp.br\/labfisiorenal\/#website","url":"https:\/\/sites.usp.br\/labfisiorenal\/","name":"Laborat\u00f3rio de Fisiologia Renal","description":"Universidade de S\u00e3o Paulo","publisher":{"@id":"https:\/\/sites.usp.br\/labfisiorenal\/#organization"},"potentialAction":[{"@type":"SearchAction","target":{"@type":"EntryPoint","urlTemplate":"https:\/\/sites.usp.br\/labfisiorenal\/?s={search_term_string}"},"query-input":{"@type":"PropertyValueSpecification","valueRequired":true,"valueName":"search_term_string"}}],"inLanguage":"pt-BR"},{"@type":"Organization","@id":"https:\/\/sites.usp.br\/labfisiorenal\/#organization","name":"Laborat\u00f3rio de Fisiologia Renal","url":"https:\/\/sites.usp.br\/labfisiorenal\/","logo":{"@type":"ImageObject","inLanguage":"pt-BR","@id":"https:\/\/sites.usp.br\/labfisiorenal\/#\/schema\/logo\/image\/","url":"https:\/\/sites.usp.br\/labfisiorenal\/wp-content\/uploads\/sites\/1413\/2024\/01\/Laboratorio-1.png","contentUrl":"https:\/\/sites.usp.br\/labfisiorenal\/wp-content\/uploads\/sites\/1413\/2024\/01\/Laboratorio-1.png","width":580,"height":523,"caption":"Laborat\u00f3rio de Fisiologia Renal"},"image":{"@id":"https:\/\/sites.usp.br\/labfisiorenal\/#\/schema\/logo\/image\/"},"sameAs":["https:\/\/www.instagram.com\/fisiorenal.icbusp\/"]}]}},"_links":{"self":[{"href":"https:\/\/sites.usp.br\/labfisiorenal\/wp-json\/wp\/v2\/pages\/387","targetHints":{"allow":["GET"]}}],"collection":[{"href":"https:\/\/sites.usp.br\/labfisiorenal\/wp-json\/wp\/v2\/pages"}],"about":[{"href":"https:\/\/sites.usp.br\/labfisiorenal\/wp-json\/wp\/v2\/types\/page"}],"author":[{"embeddable":true,"href":"https:\/\/sites.usp.br\/labfisiorenal\/wp-json\/wp\/v2\/users\/23908"}],"replies":[{"embeddable":true,"href":"https:\/\/sites.usp.br\/labfisiorenal\/wp-json\/wp\/v2\/comments?post=387"}],"version-history":[{"count":5,"href":"https:\/\/sites.usp.br\/labfisiorenal\/wp-json\/wp\/v2\/pages\/387\/revisions"}],"predecessor-version":[{"id":409,"href":"https:\/\/sites.usp.br\/labfisiorenal\/wp-json\/wp\/v2\/pages\/387\/revisions\/409"}],"wp:attachment":[{"href":"https:\/\/sites.usp.br\/labfisiorenal\/wp-json\/wp\/v2\/media?parent=387"}],"curies":[{"name":"wp","href":"https:\/\/api.w.org\/{rel}","templated":true}]}}