{"id":375,"date":"2023-03-30T16:15:07","date_gmt":"2023-03-30T18:15:07","guid":{"rendered":"https:\/\/sites.usp.br\/labfqsupcol\/?page_id=375"},"modified":"2023-07-08T07:16:27","modified_gmt":"2023-07-08T10:16:27","slug":"events","status":"publish","type":"page","link":"https:\/\/sites.usp.br\/labfqsupcol\/events\/","title":{"rendered":"Events"},"content":{"rendered":"\t\t<div data-elementor-type=\"wp-page\" data-elementor-id=\"375\" class=\"elementor elementor-375\">\n\t\t\t\t\t\t<section class=\"elementor-section elementor-top-section elementor-element elementor-element-cb7868a elementor-section-boxed elementor-section-height-default elementor-section-height-default\" data-id=\"cb7868a\" data-element_type=\"section\">\n\t\t\t\t\t\t<div class=\"elementor-container elementor-column-gap-default\">\n\t\t\t\t\t<div class=\"elementor-column elementor-col-100 elementor-top-column elementor-element elementor-element-bec0929\" data-id=\"bec0929\" data-element_type=\"column\">\n\t\t\t<div class=\"elementor-widget-wrap elementor-element-populated\">\n\t\t\t\t\t\t<div class=\"elementor-element elementor-element-6273028 elementor-widget elementor-widget-heading\" data-id=\"6273028\" data-element_type=\"widget\" data-widget_type=\"heading.default\">\n\t\t\t\t<div class=\"elementor-widget-container\">\n\t\t\t<h2 class=\"elementor-heading-title elementor-size-default\">5th International Conference on Matrix Vesicles: From Biochemistry to Clinics\n<\/h2>\t\t<\/div>\n\t\t\t\t<\/div>\n\t\t\t\t\t<\/div>\n\t\t<\/div>\n\t\t\t\t\t<\/div>\n\t\t<\/section>\n\t\t\t\t<section class=\"elementor-section elementor-top-section elementor-element elementor-element-3c76b04 elementor-section-boxed elementor-section-height-default elementor-section-height-default\" data-id=\"3c76b04\" data-element_type=\"section\">\n\t\t\t\t\t\t<div class=\"elementor-container elementor-column-gap-default\">\n\t\t\t\t\t<div class=\"elementor-column elementor-col-100 elementor-top-column elementor-element elementor-element-43f4bea\" data-id=\"43f4bea\" data-element_type=\"column\">\n\t\t\t<div class=\"elementor-widget-wrap elementor-element-populated\">\n\t\t\t\t\t\t<div class=\"elementor-element elementor-element-646024f elementor-widget__width-initial elementor-widget elementor-widget-text-editor\" data-id=\"646024f\" data-element_type=\"widget\" data-widget_type=\"text-editor.default\">\n\t\t\t\t<div class=\"elementor-widget-container\">\n\t\t\t\t\t\t\t<p><i><span style=\"font-weight: 400;\">July 8<\/span><\/i><i><span style=\"font-weight: 400;\">th<\/span><\/i><i><span style=\"font-weight: 400;\">, 2023- University of S\u00e3o Paulo, Campus Ribeir\u00e3o Preto<\/span><\/i><\/p><p><span style=\"color: rgb(34, 34, 34); font-family: Arial, Helvetica, sans-serif; font-size: small; font-style: normal; font-weight: 400; word-spacing: 0px;\">&nbsp;<\/span><b style=\"color: rgb(34, 34, 34); font-family: Arial, Helvetica, sans-serif; font-size: small; word-spacing: 0px;\">Department of Chemistry, Faculty of Philosophy, Sciences, and Letters at Ribeir\u00e3o Preto, USP. Build 4, Room 11 (Exatas Auditorium).<\/b><i><span style=\"font-weight: 400;\"><br><\/span><\/i><\/p>\n<p><a href=\"https:\/\/sites.usp.br\/labfqsupcol\/congress-program\/\"><strong>Check the Congress Program Here<\/strong><\/a><\/p>\n<p><b>Topics<\/b><\/p>\n<p><span style=\"font-weight: 400;\">The conference will cover topics on (but not limited to):<\/span><\/p>\n<ul>\n<li style=\"font-weight: 400;\" aria-level=\"1\"><span style=\"font-weight: 400;\">mineralizing extracellular vesicles,&nbsp;<\/span><\/li>\n<li style=\"font-weight: 400;\" aria-level=\"1\"><span style=\"font-weight: 400;\">nanomaterials for bone tissue regeneration,<\/span><\/li>\n<li style=\"font-weight: 400;\" aria-level=\"1\"><span style=\"font-weight: 400;\">bone-related diseases,<\/span><\/li>\n<li style=\"font-weight: 400;\" aria-level=\"1\"><span style=\"font-weight: 400;\">arthritis nanomedicine,<\/span><\/li>\n<li style=\"font-weight: 400;\" aria-level=\"1\"><span style=\"font-weight: 400;\">extracellular vesicles,<\/span><\/li>\n<li style=\"font-weight: 400;\" aria-level=\"1\"><span style=\"font-weight: 400;\">lipidomics and proteomics of extracellular vesicles,<\/span><\/li>\n<li style=\"font-weight: 400;\" aria-level=\"1\"><span style=\"font-weight: 400;\">protein corona,<\/span><\/li>\n<li style=\"font-weight: 400;\" aria-level=\"1\"><span style=\"font-weight: 400;\">etc.<\/span><\/li>\n<\/ul>\n<p><b>The aims of the congress are:<\/b><\/p>\n<ol>\n<li style=\"font-weight: 400;\" aria-level=\"1\"><span style=\"font-weight: 400;\">To provide a platform to discuss about the state-of-the-art on matrix vesicles and related topics;<\/span><\/li>\n<li style=\"font-weight: 400;\" aria-level=\"1\"><span style=\"font-weight: 400;\">To provide an opportunity to young researchers at all levels (post-docs, graduate students, and undergraduate students) to exchange their ideas and share the results of their research projects;<\/span><\/li>\n<li style=\"font-weight: 400;\" aria-level=\"1\"><span style=\"font-weight: 400;\">To contribute <\/span><span style=\"font-weight: 400;\">to boost the internationalization of the graduate programs at the USP;<\/span><\/li>\n<li style=\"font-weight: 400;\" aria-level=\"1\"><span style=\"font-weight: 400;\">To boost the scientific cooperation between the researchers and further strengthening currently ongoing collaborations.<\/span><\/li>\n<\/ol>\n<p><b>The Best Poster Presentation Awards (Students)<\/b><\/p>\n<p><span style=\"font-weight: 400;\">The best poster will be selected by a panel of judges, consisting of the Keynote Speakers. Two awards will be conferred during the closing ceremony of the Symposium.&nbsp;<\/span><\/p>\n<p><b>Venue<\/b><\/p>\n<p><span style=\"font-weight: 400;\">The conference will be held at the Department of Chemistry (USP-Ribeir\u00e3o Preto\/SP-Brazil). (<\/span><a href=\"https:\/\/en.wikipedia.org\/wiki\/Ribeir%C3%A3o_Preto\"><span style=\"font-weight: 400;\">https:\/\/en.wikipedia.org\/wiki\/Ribeir%C3%A3o_Preto<\/span><\/a><span style=\"font-weight: 400;\">)&nbsp;<\/span><\/p>\n<p><strong>Registration closed!<br><\/strong><\/p>\n<p>Contact for questions: <span style=\"text-decoration: underline;\">labfqsuperficies@ffclrp.usp.br<\/span><\/p>\n<p><strong>The registrations were open from May 19, 2023, until June 25, 2023.<\/strong><\/p>\n<p>Abstracts for oral (invited) and poster presentations are highly recommended for presentation at this symposium.<\/p>\n<p><strong>For undergraduate and graduate students, the submission of abstracts and poster presentation are strongly recommended.<\/strong><\/p>\n<p>Official language is English.<\/p>\n<p><strong>Poster format: portrait, 70 width x 100 height. We kindly ask that they come with a string already attached for easy hanging.<\/strong><\/p>\n<p><strong>Abstract submission<\/strong><\/p>\n<p><span style=\"word-spacing: var( --e-global-typography-text-word-spacing );\">The abstract should be attached to the&nbsp;<\/span><a style=\"background-color: #ffffff; font-family: Roboto, sans-serif; font-style: normal; font-weight: 400;\" href=\"https:\/\/docs.google.com\/forms\/d\/e\/1FAIpQLSdvZZOgqugK2G8N-ErrBQIfy3TjwzPHK1vljo0yuaex-dK3PA\/viewform?usp=sf_link\">Google form<\/a><span style=\"word-spacing: var( --e-global-typography-text-word-spacing );\">&nbsp;at the moment of registration.<\/span><\/p>\n<p>Deadline: 25<sup>th <\/sup>June, 2023<\/p>\n<p>With the following information:<\/p>\n<p>First Name:<br>Last Name:<br>Title:<br>Organization:<br>Address:<br>Email address:<\/p>\n<p>An&nbsp;abstract shall be attached for oral communication (invited speaker)&nbsp;or poster presentation.&nbsp;A conference booklet will be emailed to all the registered participants.<\/p>\n<p><strong>Instructions for abstract submission&nbsp;<\/strong><a href=\"https:\/\/matrix-vesicles.sciencesconf.org\/data\/pages\/ABSTRACT.docx\"><strong>(Word)<\/strong><\/a><\/p>\n<ol>\n<li>Font: Arial, 12 pt.<\/li>\n<li>Abstract size is 8.5&#8243; x 5.5&#8243; (19 cm x 14 cm) with 1.27 cm margins.<\/li>\n<li>Title should be in bold letters, capitalized and centered across the page<\/li>\n<li>Author names are centered and identified with numerical superscripts with the presenting author&#8217;s name underlined.<\/li>\n<li>Author affiliations are centered and identified with numerical superscripts that correspond to the respective author&#8217;s names; include the email address for the presenting author.<\/li>\n<li>The main text should contain up to 200 words.<\/li>\n<\/ol>\n<p><strong>Organizers:<\/strong> &nbsp;&nbsp;<\/p>\n<p>Profa. Dra. Ana Paula Ramos- DQ\/FFCLRP-USP<\/p>\n<p>Prof. Dr. Pietro Ciancaglini- DQ\/FFCLRP-USP<\/p>\n<p>Prof.&nbsp; Dr. Carlos A. Sorgi &#8211; DQ\/FFCLRP-USP<\/p>\n<p>Prof. Dr. Massimo Bottini- University of Rome Tor Vergata- Italy<\/p>\n<p><strong>Local committee:<\/strong><\/p>\n<p>Profa. Dra. Sandra Fukada (FCFRP)<\/p>\n<p>Prof. Dr. M\u00e1rcio Belotti (FORP)<\/p>\n<p>Prof. Dr. Adalberto Rosa (FORP)<\/p>\n<p>Prof. Dr. Vitor Fa\u00e7a (FMRP)<\/p>\n<p>Dr. Karina Bezerra Salom\u00e3o (FFCLRP)<\/p>\n<p>Dr. Ju\u00e7ara Gastaldi Cominal (FFCLRP)<\/p>\n<p>Dr. Mayte Bolean Correia (FFCLRP)<\/p>\n<p>Dr. Lucas Fabricio B. Nogueira (FFCLRP)<\/p>\n<p>Ms. Luiz Henrique Andrilli (FFCLRP)<\/p>\n<p><span style=\"font-weight: 400;\">&nbsp;<\/span><\/p>\t\t\t\t\t\t<\/div>\n\t\t\t\t<\/div>\n\t\t\t\t\t<\/div>\n\t\t<\/div>\n\t\t\t\t\t<\/div>\n\t\t<\/section>\n\t\t\t\t<section class=\"elementor-section elementor-top-section elementor-element elementor-element-33af8a7 elementor-section-boxed elementor-section-height-default elementor-section-height-default\" data-id=\"33af8a7\" data-element_type=\"section\">\n\t\t\t\t\t\t<div class=\"elementor-container elementor-column-gap-default\">\n\t\t\t\t\t<div class=\"elementor-column elementor-col-100 elementor-top-column elementor-element elementor-element-10d1ad9\" data-id=\"10d1ad9\" data-element_type=\"column\">\n\t\t\t<div class=\"elementor-widget-wrap elementor-element-populated\">\n\t\t\t\t\t\t<div class=\"elementor-element elementor-element-39a14e5 elementor-widget elementor-widget-image\" data-id=\"39a14e5\" data-element_type=\"widget\" data-widget_type=\"image.default\">\n\t\t\t\t<div class=\"elementor-widget-container\">\n\t\t\t\t\t\t\t\t\t\t\t\t\t<img fetchpriority=\"high\" decoding=\"async\" width=\"640\" height=\"480\" src=\"https:\/\/sites.usp.br\/labfqsupcol\/wp-content\/uploads\/sites\/1281\/2023\/04\/logo-ICMV-2023.jpg\" class=\"attachment-large size-large wp-image-520\" alt=\"\" srcset=\"https:\/\/sites.usp.br\/labfqsupcol\/wp-content\/uploads\/sites\/1281\/2023\/04\/logo-ICMV-2023.jpg 960w, https:\/\/sites.usp.br\/labfqsupcol\/wp-content\/uploads\/sites\/1281\/2023\/04\/logo-ICMV-2023-300x225.jpg 300w, https:\/\/sites.usp.br\/labfqsupcol\/wp-content\/uploads\/sites\/1281\/2023\/04\/logo-ICMV-2023-768x576.jpg 768w, https:\/\/sites.usp.br\/labfqsupcol\/wp-content\/uploads\/sites\/1281\/2023\/04\/logo-ICMV-2023-285x214.jpg 285w, https:\/\/sites.usp.br\/labfqsupcol\/wp-content\/uploads\/sites\/1281\/2023\/04\/logo-ICMV-2023-80x60.jpg 80w, https:\/\/sites.usp.br\/labfqsupcol\/wp-content\/uploads\/sites\/1281\/2023\/04\/logo-ICMV-2023-400x300.jpg 400w\" sizes=\"(max-width: 640px) 100vw, 640px\" \/>\t\t\t\t\t\t\t\t\t\t\t\t\t<\/div>\n\t\t\t\t<\/div>\n\t\t\t\t\t<\/div>\n\t\t<\/div>\n\t\t\t\t\t<\/div>\n\t\t<\/section>\n\t\t\t\t<section class=\"elementor-section elementor-top-section elementor-element elementor-element-c6e87d5 elementor-section-boxed elementor-section-height-default elementor-section-height-default\" data-id=\"c6e87d5\" data-element_type=\"section\">\n\t\t\t\t\t\t<div class=\"elementor-container elementor-column-gap-default\">\n\t\t\t\t\t<div class=\"elementor-column elementor-col-100 elementor-top-column elementor-element elementor-element-add589a\" data-id=\"add589a\" data-element_type=\"column\">\n\t\t\t<div class=\"elementor-widget-wrap elementor-element-populated\">\n\t\t\t\t\t\t<div class=\"elementor-element elementor-element-36103b1 elementor-widget elementor-widget-heading\" data-id=\"36103b1\" data-element_type=\"widget\" data-widget_type=\"heading.default\">\n\t\t\t\t<div class=\"elementor-widget-container\">\n\t\t\t<h2 class=\"elementor-heading-title elementor-size-default\">SPONSORS<\/h2>\t\t<\/div>\n\t\t\t\t<\/div>\n\t\t\t\t\t<\/div>\n\t\t<\/div>\n\t\t\t\t\t<\/div>\n\t\t<\/section>\n\t\t\t\t<section class=\"elementor-section elementor-top-section elementor-element elementor-element-b12ab23 elementor-section-boxed elementor-section-height-default elementor-section-height-default\" data-id=\"b12ab23\" data-element_type=\"section\">\n\t\t\t\t\t\t<div class=\"elementor-container elementor-column-gap-default\">\n\t\t\t\t\t<div class=\"elementor-column elementor-col-50 elementor-top-column elementor-element elementor-element-ef20d8b\" data-id=\"ef20d8b\" data-element_type=\"column\">\n\t\t\t<div class=\"elementor-widget-wrap elementor-element-populated\">\n\t\t\t\t\t\t<div class=\"elementor-element elementor-element-a5464af elementor-widget elementor-widget-image\" data-id=\"a5464af\" data-element_type=\"widget\" data-widget_type=\"image.default\">\n\t\t\t\t<div class=\"elementor-widget-container\">\n\t\t\t\t\t\t\t\t\t\t\t\t\t<img decoding=\"async\" width=\"300\" height=\"187\" src=\"https:\/\/sites.usp.br\/labfqsupcol\/wp-content\/uploads\/sites\/1281\/2023\/05\/BCLS_logo_Vertical-300x187.png\" class=\"attachment-medium size-medium wp-image-920\" alt=\"\" srcset=\"https:\/\/sites.usp.br\/labfqsupcol\/wp-content\/uploads\/sites\/1281\/2023\/05\/BCLS_logo_Vertical-300x187.png 300w, https:\/\/sites.usp.br\/labfqsupcol\/wp-content\/uploads\/sites\/1281\/2023\/05\/BCLS_logo_Vertical-1024x637.png 1024w, https:\/\/sites.usp.br\/labfqsupcol\/wp-content\/uploads\/sites\/1281\/2023\/05\/BCLS_logo_Vertical-768x478.png 768w, https:\/\/sites.usp.br\/labfqsupcol\/wp-content\/uploads\/sites\/1281\/2023\/05\/BCLS_logo_Vertical-1536x956.png 1536w, https:\/\/sites.usp.br\/labfqsupcol\/wp-content\/uploads\/sites\/1281\/2023\/05\/BCLS_logo_Vertical-2048x1274.png 2048w, https:\/\/sites.usp.br\/labfqsupcol\/wp-content\/uploads\/sites\/1281\/2023\/05\/BCLS_logo_Vertical-400x249.png 400w\" sizes=\"(max-width: 300px) 100vw, 300px\" \/>\t\t\t\t\t\t\t\t\t\t\t\t\t<\/div>\n\t\t\t\t<\/div>\n\t\t\t\t\t<\/div>\n\t\t<\/div>\n\t\t\t\t<div class=\"elementor-column elementor-col-50 elementor-top-column elementor-element elementor-element-988a617\" data-id=\"988a617\" data-element_type=\"column\">\n\t\t\t<div class=\"elementor-widget-wrap elementor-element-populated\">\n\t\t\t\t\t\t<div class=\"elementor-element elementor-element-b304b7a elementor-widget elementor-widget-image\" data-id=\"b304b7a\" data-element_type=\"widget\" data-widget_type=\"image.default\">\n\t\t\t\t<div class=\"elementor-widget-container\">\n\t\t\t\t\t\t\t\t\t\t\t\t\t<img decoding=\"async\" width=\"300\" height=\"160\" src=\"https:\/\/sites.usp.br\/labfqsupcol\/wp-content\/uploads\/sites\/1281\/2023\/05\/GNTLab_Logotipo-09-scaled-e1683822737823-300x160.jpg\" class=\"attachment-medium size-medium wp-image-921\" alt=\"\" srcset=\"https:\/\/sites.usp.br\/labfqsupcol\/wp-content\/uploads\/sites\/1281\/2023\/05\/GNTLab_Logotipo-09-scaled-e1683822737823-300x160.jpg 300w, https:\/\/sites.usp.br\/labfqsupcol\/wp-content\/uploads\/sites\/1281\/2023\/05\/GNTLab_Logotipo-09-scaled-e1683822737823-1024x546.jpg 1024w, https:\/\/sites.usp.br\/labfqsupcol\/wp-content\/uploads\/sites\/1281\/2023\/05\/GNTLab_Logotipo-09-scaled-e1683822737823-768x410.jpg 768w, https:\/\/sites.usp.br\/labfqsupcol\/wp-content\/uploads\/sites\/1281\/2023\/05\/GNTLab_Logotipo-09-scaled-e1683822737823-1536x819.jpg 1536w, https:\/\/sites.usp.br\/labfqsupcol\/wp-content\/uploads\/sites\/1281\/2023\/05\/GNTLab_Logotipo-09-scaled-e1683822737823-400x213.jpg 400w, https:\/\/sites.usp.br\/labfqsupcol\/wp-content\/uploads\/sites\/1281\/2023\/05\/GNTLab_Logotipo-09-scaled-e1683822737823.jpg 1907w\" sizes=\"(max-width: 300px) 100vw, 300px\" \/>\t\t\t\t\t\t\t\t\t\t\t\t\t<\/div>\n\t\t\t\t<\/div>\n\t\t\t\t\t<\/div>\n\t\t<\/div>\n\t\t\t\t\t<\/div>\n\t\t<\/section>\n\t\t\t\t<section class=\"elementor-section elementor-top-section elementor-element elementor-element-acacd9a elementor-section-boxed elementor-section-height-default elementor-section-height-default\" data-id=\"acacd9a\" data-element_type=\"section\">\n\t\t\t\t\t\t<div class=\"elementor-container elementor-column-gap-default\">\n\t\t\t\t\t<div class=\"elementor-column elementor-col-100 elementor-top-column elementor-element elementor-element-5dc86c3\" data-id=\"5dc86c3\" data-element_type=\"column\">\n\t\t\t<div class=\"elementor-widget-wrap elementor-element-populated\">\n\t\t\t\t\t\t<div class=\"elementor-element elementor-element-eab51a1 elementor-widget elementor-widget-image\" data-id=\"eab51a1\" data-element_type=\"widget\" data-widget_type=\"image.default\">\n\t\t\t\t<div class=\"elementor-widget-container\">\n\t\t\t\t\t\t\t\t\t\t\t\t\t<img loading=\"lazy\" decoding=\"async\" width=\"640\" height=\"126\" src=\"https:\/\/sites.usp.br\/labfqsupcol\/wp-content\/uploads\/sites\/1281\/2023\/05\/Logo-IT-30-Anos-1024x201.png\" class=\"attachment-large size-large wp-image-939\" alt=\"\" srcset=\"https:\/\/sites.usp.br\/labfqsupcol\/wp-content\/uploads\/sites\/1281\/2023\/05\/Logo-IT-30-Anos-1024x201.png 1024w, https:\/\/sites.usp.br\/labfqsupcol\/wp-content\/uploads\/sites\/1281\/2023\/05\/Logo-IT-30-Anos-300x59.png 300w, https:\/\/sites.usp.br\/labfqsupcol\/wp-content\/uploads\/sites\/1281\/2023\/05\/Logo-IT-30-Anos-768x151.png 768w, https:\/\/sites.usp.br\/labfqsupcol\/wp-content\/uploads\/sites\/1281\/2023\/05\/Logo-IT-30-Anos-400x79.png 400w, https:\/\/sites.usp.br\/labfqsupcol\/wp-content\/uploads\/sites\/1281\/2023\/05\/Logo-IT-30-Anos.png 1080w\" sizes=\"(max-width: 640px) 100vw, 640px\" \/>\t\t\t\t\t\t\t\t\t\t\t\t\t<\/div>\n\t\t\t\t<\/div>\n\t\t\t\t\t<\/div>\n\t\t<\/div>\n\t\t\t\t\t<\/div>\n\t\t<\/section>\n\t\t\t\t<section class=\"elementor-section elementor-top-section elementor-element elementor-element-fddcc9d elementor-section-boxed elementor-section-height-default elementor-section-height-default\" data-id=\"fddcc9d\" data-element_type=\"section\">\n\t\t\t\t\t\t<div class=\"elementor-container elementor-column-gap-default\">\n\t\t\t\t\t<div class=\"elementor-column elementor-col-100 elementor-top-column elementor-element elementor-element-7e97201\" data-id=\"7e97201\" data-element_type=\"column\">\n\t\t\t<div class=\"elementor-widget-wrap\">\n\t\t\t\t\t\t\t<\/div>\n\t\t<\/div>\n\t\t\t\t\t<\/div>\n\t\t<\/section>\n\t\t\t\t<section class=\"elementor-section elementor-top-section elementor-element elementor-element-4d0b119 elementor-section-boxed elementor-section-height-default elementor-section-height-default\" data-id=\"4d0b119\" data-element_type=\"section\">\n\t\t\t\t\t\t<div class=\"elementor-container elementor-column-gap-default\">\n\t\t\t\t\t<div class=\"elementor-column elementor-col-100 elementor-top-column elementor-element elementor-element-06edb13\" data-id=\"06edb13\" data-element_type=\"column\">\n\t\t\t<div class=\"elementor-widget-wrap elementor-element-populated\">\n\t\t\t\t\t\t<div class=\"elementor-element elementor-element-b4f624a elementor-widget elementor-widget-heading\" data-id=\"b4f624a\" data-element_type=\"widget\" data-widget_type=\"heading.default\">\n\t\t\t\t<div class=\"elementor-widget-container\">\n\t\t\t<h2 class=\"elementor-heading-title elementor-size-default\">SUPPORT<\/h2>\t\t<\/div>\n\t\t\t\t<\/div>\n\t\t\t\t\t<\/div>\n\t\t<\/div>\n\t\t\t\t\t<\/div>\n\t\t<\/section>\n\t\t\t\t<section class=\"elementor-section elementor-top-section elementor-element elementor-element-d1819fc elementor-section-boxed elementor-section-height-default elementor-section-height-default\" data-id=\"d1819fc\" data-element_type=\"section\">\n\t\t\t\t\t\t<div class=\"elementor-container elementor-column-gap-default\">\n\t\t\t\t\t<div class=\"elementor-column elementor-col-33 elementor-top-column elementor-element elementor-element-a928bcd\" data-id=\"a928bcd\" data-element_type=\"column\">\n\t\t\t<div class=\"elementor-widget-wrap elementor-element-populated\">\n\t\t\t\t\t\t<div class=\"elementor-element elementor-element-f94a2b0 elementor-widget__width-initial elementor-widget elementor-widget-image\" data-id=\"f94a2b0\" data-element_type=\"widget\" data-widget_type=\"image.default\">\n\t\t\t\t<div class=\"elementor-widget-container\">\n\t\t\t\t\t\t\t\t\t\t\t\t\t<img loading=\"lazy\" decoding=\"async\" width=\"217\" height=\"201\" src=\"https:\/\/sites.usp.br\/labfqsupcol\/wp-content\/uploads\/sites\/1281\/2023\/05\/image-3.png\" class=\"attachment-medium size-medium wp-image-922\" alt=\"\" \/>\t\t\t\t\t\t\t\t\t\t\t\t\t<\/div>\n\t\t\t\t<\/div>\n\t\t\t\t\t<\/div>\n\t\t<\/div>\n\t\t\t\t<div class=\"elementor-column elementor-col-33 elementor-top-column elementor-element elementor-element-008a850\" data-id=\"008a850\" data-element_type=\"column\">\n\t\t\t<div class=\"elementor-widget-wrap elementor-element-populated\">\n\t\t\t\t\t\t<div class=\"elementor-element elementor-element-d69a6b1 elementor-widget elementor-widget-image\" data-id=\"d69a6b1\" data-element_type=\"widget\" data-widget_type=\"image.default\">\n\t\t\t\t<div class=\"elementor-widget-container\">\n\t\t\t\t\t\t\t\t\t\t\t\t\t<img loading=\"lazy\" decoding=\"async\" width=\"640\" height=\"274\" src=\"https:\/\/sites.usp.br\/labfqsupcol\/wp-content\/uploads\/sites\/1281\/2023\/05\/image-2-1024x439.png\" class=\"attachment-large size-large wp-image-923\" alt=\"\" srcset=\"https:\/\/sites.usp.br\/labfqsupcol\/wp-content\/uploads\/sites\/1281\/2023\/05\/image-2-1024x439.png 1024w, https:\/\/sites.usp.br\/labfqsupcol\/wp-content\/uploads\/sites\/1281\/2023\/05\/image-2-300x129.png 300w, https:\/\/sites.usp.br\/labfqsupcol\/wp-content\/uploads\/sites\/1281\/2023\/05\/image-2-768x329.png 768w, https:\/\/sites.usp.br\/labfqsupcol\/wp-content\/uploads\/sites\/1281\/2023\/05\/image-2-1536x658.png 1536w, https:\/\/sites.usp.br\/labfqsupcol\/wp-content\/uploads\/sites\/1281\/2023\/05\/image-2-2048x878.png 2048w, https:\/\/sites.usp.br\/labfqsupcol\/wp-content\/uploads\/sites\/1281\/2023\/05\/image-2-400x171.png 400w\" sizes=\"(max-width: 640px) 100vw, 640px\" \/>\t\t\t\t\t\t\t\t\t\t\t\t\t<\/div>\n\t\t\t\t<\/div>\n\t\t\t\t\t<\/div>\n\t\t<\/div>\n\t\t\t\t<div class=\"elementor-column elementor-col-33 elementor-top-column elementor-element elementor-element-99276a4\" data-id=\"99276a4\" data-element_type=\"column\">\n\t\t\t<div class=\"elementor-widget-wrap elementor-element-populated\">\n\t\t\t\t\t\t<div class=\"elementor-element elementor-element-51dc844 elementor-widget elementor-widget-image\" data-id=\"51dc844\" data-element_type=\"widget\" data-widget_type=\"image.default\">\n\t\t\t\t<div class=\"elementor-widget-container\">\n\t\t\t\t\t\t\t\t\t\t\t\t\t<img loading=\"lazy\" decoding=\"async\" width=\"229\" height=\"123\" src=\"https:\/\/sites.usp.br\/labfqsupcol\/wp-content\/uploads\/sites\/1281\/2023\/05\/image-1.png\" class=\"attachment-large size-large wp-image-924\" alt=\"\" \/>\t\t\t\t\t\t\t\t\t\t\t\t\t<\/div>\n\t\t\t\t<\/div>\n\t\t\t\t\t<\/div>\n\t\t<\/div>\n\t\t\t\t\t<\/div>\n\t\t<\/section>\n\t\t\t\t<\/div>\n\t\t","protected":false},"excerpt":{"rendered":"<p>5th International Conference on Matrix Vesicles: From Biochemistry to Clinics July 8th, 2023- University of S\u00e3o Paulo, Campus Ribeir\u00e3o Preto &nbsp;Department of Chemistry, Faculty of Philosophy, Sciences, and Letters at Ribeir\u00e3o Preto, USP. Build 4, Room 11 (Exatas Auditorium). Check the Congress Program Here Topics The conference will cover topics on (but not limited to):<a href=\"https:\/\/sites.usp.br\/labfqsupcol\/events\/\">[&#8230;]<\/a><\/p>\n","protected":false},"author":23550,"featured_media":0,"parent":0,"menu_order":0,"comment_status":"closed","ping_status":"closed","template":"template-fullwidth.php","meta":{"footnotes":"","_links_to":"","_links_to_target":""},"class_list":["post-375","page","type-page","status-publish","hentry"],"_links":{"self":[{"href":"https:\/\/sites.usp.br\/labfqsupcol\/wp-json\/wp\/v2\/pages\/375","targetHints":{"allow":["GET"]}}],"collection":[{"href":"https:\/\/sites.usp.br\/labfqsupcol\/wp-json\/wp\/v2\/pages"}],"about":[{"href":"https:\/\/sites.usp.br\/labfqsupcol\/wp-json\/wp\/v2\/types\/page"}],"author":[{"embeddable":true,"href":"https:\/\/sites.usp.br\/labfqsupcol\/wp-json\/wp\/v2\/users\/23550"}],"replies":[{"embeddable":true,"href":"https:\/\/sites.usp.br\/labfqsupcol\/wp-json\/wp\/v2\/comments?post=375"}],"version-history":[{"count":4,"href":"https:\/\/sites.usp.br\/labfqsupcol\/wp-json\/wp\/v2\/pages\/375\/revisions"}],"predecessor-version":[{"id":1004,"href":"https:\/\/sites.usp.br\/labfqsupcol\/wp-json\/wp\/v2\/pages\/375\/revisions\/1004"}],"wp:attachment":[{"href":"https:\/\/sites.usp.br\/labfqsupcol\/wp-json\/wp\/v2\/media?parent=375"}],"curies":[{"name":"wp","href":"https:\/\/api.w.org\/{rel}","templated":true}]}}