{"id":256,"date":"2019-09-09T11:56:17","date_gmt":"2019-09-09T13:56:17","guid":{"rendered":"https:\/\/sites.usp.br\/labi-ipusp\/?page_id=256"},"modified":"2019-09-09T11:56:17","modified_gmt":"2019-09-09T13:56:17","slug":"contato","status":"publish","type":"page","link":"https:\/\/sites.usp.br\/labi-ipusp\/contato\/","title":{"rendered":"Contato"},"content":{"rendered":"<div class=\"entry-content\">\n<h4><span style=\"color: #003366;\">Laborat\u00f3rio de Estudos do Imagin\u00e1rio (LABI)<\/span><br \/>\n<span style=\"color: #003366;\">Instituto de Psicologia da USP (IPUSP)<\/span><\/h4>\n<h4><span style=\"color: #003366;\">Hor\u00e1rio de atendimento: 10:00 \u2013 19:00h<\/span><\/h4>\n<h4><span style=\"color: #003366;\">Av. Prof. Mello Moraes, 1721- Bloco G \u2013 1o. andar \u2013 sala 19 E<\/span><br \/>\n<span style=\"color: #003366;\">Cidade Universit\u00e1ria \u2013 S\u00e3o Paulo \u2013 SP \u2013 Brasil<\/span><br \/>\n<span style=\"color: #003366;\">CEP 05508-030<\/span><\/h4>\n<h4>E-mail<br \/>\n<a href=\"mailto:labi@usp.br\">labi@usp.br<\/a><\/h4>\n<\/div>\n","protected":false},"excerpt":{"rendered":"<p>Laborat\u00f3rio de Estudos do Imagin\u00e1rio (LABI) Instituto de Psicologia da USP (IPUSP) Hor\u00e1rio de atendimento: 10:00 \u2013 19:00h Av. Prof. Mello Moraes, 1721- Bloco G \u2013 1o. andar \u2013 sala 19 E Cidade Universit\u00e1ria \u2013 S\u00e3o Paulo \u2013 SP \u2013 Brasil CEP 05508-030 E-mail labi@usp.br<\/p>\n","protected":false},"author":1112,"featured_media":0,"parent":0,"menu_order":0,"comment_status":"closed","ping_status":"closed","template":"","meta":{"footnotes":"","_links_to":"","_links_to_target":""},"class_list":["post-256","page","type-page","status-publish","hentry"],"_links":{"self":[{"href":"https:\/\/sites.usp.br\/labi-ipusp\/wp-json\/wp\/v2\/pages\/256","targetHints":{"allow":["GET"]}}],"collection":[{"href":"https:\/\/sites.usp.br\/labi-ipusp\/wp-json\/wp\/v2\/pages"}],"about":[{"href":"https:\/\/sites.usp.br\/labi-ipusp\/wp-json\/wp\/v2\/types\/page"}],"author":[{"embeddable":true,"href":"https:\/\/sites.usp.br\/labi-ipusp\/wp-json\/wp\/v2\/users\/1112"}],"replies":[{"embeddable":true,"href":"https:\/\/sites.usp.br\/labi-ipusp\/wp-json\/wp\/v2\/comments?post=256"}],"version-history":[{"count":1,"href":"https:\/\/sites.usp.br\/labi-ipusp\/wp-json\/wp\/v2\/pages\/256\/revisions"}],"predecessor-version":[{"id":257,"href":"https:\/\/sites.usp.br\/labi-ipusp\/wp-json\/wp\/v2\/pages\/256\/revisions\/257"}],"wp:attachment":[{"href":"https:\/\/sites.usp.br\/labi-ipusp\/wp-json\/wp\/v2\/media?parent=256"}],"curies":[{"name":"wp","href":"https:\/\/api.w.org\/{rel}","templated":true}]}}